{"id":1267,"date":"2024-10-27T11:53:52","date_gmt":"2024-10-27T08:53:52","guid":{"rendered":"https:\/\/wristbandfactory.eu\/toode\/bamboo-lanyards\/"},"modified":"2026-04-01T21:52:36","modified_gmt":"2026-04-01T18:52:36","slug":"printed-bamboo-lanyards","status":"publish","type":"product","link":"https:\/\/displayproducts.eu\/lv\/p\/printed-bamboo-lanyards\/","title":{"rendered":"Bambusa kakla lentas ar apdruku"},"content":{"rendered":"<div class=\"mx-12 md:mx-24 lg:mx-48\">\n<div class=\"container my-8 svelte-zlsknf\">\n<div class=\"my-24 rounded-lg border-0 border-gray-700 bg-gray-100 px-16 py-24\">\n<div class=\"mt-11 !text-gray-500\">\n<p data-path-to-node=\"11\">Izv\u0113lies ilgtsp\u0113j\u012bgu risin\u0101jumu savam n\u0101kamajam pas\u0101kumam vai korporat\u012bvajai san\u0101ksmei, izv\u0113loties m\u016bsu produktus <b>Apdruk\u0101tas bambusa virves<\/b>. T\u0101 k\u0101 organiz\u0101cijas arvien vair\u0101k virz\u0101s uz risin\u0101jumiem bez plastmasas, bambuss izce\u013cas ne tikai ar savu saudz\u012bgumu videi, bet ar\u012b ar savu izcilo kvalit\u0101ti un saj\u016btu.<\/p>\n<p data-path-to-node=\"12\">\u0160\u012bs kakla lentas ir izgatavotas no dab\u012bg\u0101m, biolo\u0123iski no\u0101rd\u0101m\u0101m bambusa \u0161\u0137iedr\u0101m, un t\u0101s pied\u0101v\u0101 unik\u0101lu taustes pieredzi. At\u0161\u0137ir\u012bb\u0101 no da\u017eiem p\u0101rstr\u0101d\u0101tiem materi\u0101liem, kas var \u0161\u0137ist raupji, bambuss ir dabiski gluds, elpojo\u0161s un antibakteri\u0101ls, padarot to par \u0113rt\u0101ko variantu darbiniekiem un apmekl\u0113t\u0101jiem, kuri visu dienu n\u0113s\u0101 savas personas apliec\u012bbas. T\u0101s pie\u0161\u0137ir at\u0161\u0137ir\u012bgu \u201cpremium eco\u201d izskatu, kas uzlabo j\u016bsu z\u012bmola uztveri.<\/p>\n<p data-path-to-node=\"13\">M\u0113s pied\u0101v\u0101jam <b>piel\u0101gota sietspiede<\/b> uz bambusa virsmas, nodro\u0161inot asu un skaidru logotipa reproduc\u0113\u0161anu tie\u0161i j\u016bsu v\u0113lm\u0113m atbilsto\u0161\u0101 veid\u0101 <b>Pantone z\u012bmola kr\u0101sas<\/b>. Neatkar\u012bgi no t\u0101, vai nepiecie\u0161ams vienpus\u0113js z\u012bmola apdruka vai divpus\u0113ja redzam\u012bba, rezult\u0101ts ir profesion\u0101ls rezult\u0101ts uz dab\u012bgas pamatnes. Aptuveni 90 cm garum\u0101 tie atbilst nozares standartam profesion\u0101lai lieto\u0161anai.<\/p>\n<p data-path-to-node=\"14\">Piel\u0101gojiet savu pas\u016bt\u012bjumu, lai tas atbilstu dro\u0161\u012bbas un funkcion\u0101laj\u0101m pras\u012bb\u0101m: lai gan iztur\u012bgs <b>met\u0101la karab\u012bne<\/b> ir standarta apr\u012bkojum\u0101, m\u0113s varam apr\u012bkot \u0161\u012bs aukli\u0146as ar <b>dro\u0161\u012bbas atvienojamie klip\u0161i<\/b> (b\u016btiski skol\u0101m un slimn\u012bc\u0101m) vai citus specializ\u0113tus stiprin\u0101jumus p\u0113c piepras\u012bjuma.<\/p>\n<p data-path-to-node=\"15\"><b>Galven\u0101s iez\u012bmes:<\/b><\/p>\n<ul data-path-to-node=\"16\">\n<li>\n<p data-path-to-node=\"16,0,0\"><b>Materi\u0101ls:<\/b> 100% ilgtsp\u0113j\u012bga bambusa \u0161\u0137iedra (biolo\u0123iski no\u0101rd\u0101ma).<\/p>\n<\/li>\n<li>\n<p data-path-to-node=\"16,1,0\"><b>Taktil\u0101 saj\u016bta:<\/b> \u012apa\u0161i m\u012bksts, gluds un hipoaler\u0123isks.<\/p>\n<\/li>\n<li>\n<p data-path-to-node=\"16,2,0\"><b>Druk\u0101\u0161ana:<\/b> Sietspiede ar Pantone kr\u0101su saska\u0146o\u0161anu.<\/p>\n<\/li>\n<li>\n<p data-path-to-node=\"16,3,0\"><b>Ekosertifik\u0101ts:<\/b> ieg\u016bts no \u0101tri atjaunojama, pestic\u012bdus nesaturo\u0161a avota.<\/p>\n<\/li>\n<li>\n<p data-path-to-node=\"16,4,0\"><b>Aparat\u016bra:<\/b> Iek\u013cauta iztur\u012bga met\u0101la karab\u012bne; dro\u0161\u012bbas atvieno\u0161an\u0101s ir papildu iesp\u0113ja.<\/p>\n<\/li>\n<li>\n<p data-path-to-node=\"16,5,0\"><b>Iztur\u012bba:<\/b> Sp\u0113c\u012bgas dabisk\u0101s \u0161\u0137iedras ir iztur\u012bgas pret nodilumu vair\u0101ku dienu pas\u0101kumu laik\u0101.<\/p>\n<\/li>\n<\/ul>\n<\/div>\n<\/div>\n<\/div>\n<\/div>","protected":false},"excerpt":{"rendered":"<ul>\n<li>\n<p data-path-to-node=\"9,0,0\"><b>\u0100tri atjaunojams:<\/b> Izgatavots no ilgtsp\u0113j\u012bg\u0101m bambusa \u0161\u0137iedr\u0101m, kas ir viens no visstrauj\u0101k augo\u0161ajiem augiem uz Zemes, un rada zemu oglek\u013ca p\u0113das nospiedumu.<\/p>\n<\/li>\n<li>\n<p data-path-to-node=\"9,1,0\"><b>Augst\u0101k\u0101s kvalit\u0101tes maigums:<\/b> Bambusa audums ir dabiski hipoaler\u0123isks un glud\u0101ks par kokvilnu vai poliesteru, nodro\u0161inot maksim\u0101lu komfortu.<\/p>\n<\/li>\n<li>\n<p data-path-to-node=\"9,2,0\"><b>Piel\u0101gots z\u012bmols:<\/b> J\u016bsu logotips tiek sietspied\u0113 prec\u012bz\u0101s Pantone kr\u0101s\u0101s vien\u0101 vai ab\u0101s pus\u0113s.<\/p>\n<\/li>\n<li>\n<p data-path-to-node=\"9,3,0\"><b>Daudzpus\u012bga aparat\u016bra:<\/b> Standarta apr\u012bkojum\u0101 ietilpst met\u0101la karab\u012bne; atbilst\u012bbas nodro\u0161in\u0101\u0161anai ir pieejamas papildu dro\u0161\u012bbas atdal\u0101m\u0101s skavas.<\/p>\n<\/li>\n<\/ul>","protected":false},"featured_media":6725,"comment_status":"closed","ping_status":"closed","template":"","meta":[],"product_brand":[],"product_cat":[104,106,107],"product_tag":[],"class_list":{"0":"post-1267","1":"product","2":"type-product","3":"status-publish","4":"has-post-thumbnail","6":"product_cat-custom-printed-lanyards","7":"product_cat-breakaway-lanyards","8":"product_cat-eco-friendly-lanyards","10":"first","11":"instock","12":"shipping-taxable","13":"purchasable","14":"product-type-simple"},"_links":{"self":[{"href":"https:\/\/displayproducts.eu\/lv\/wp-json\/wp\/v2\/product\/1267","targetHints":{"allow":["GET"]}}],"collection":[{"href":"https:\/\/displayproducts.eu\/lv\/wp-json\/wp\/v2\/product"}],"about":[{"href":"https:\/\/displayproducts.eu\/lv\/wp-json\/wp\/v2\/types\/product"}],"replies":[{"embeddable":true,"href":"https:\/\/displayproducts.eu\/lv\/wp-json\/wp\/v2\/comments?post=1267"}],"wp:featuredmedia":[{"embeddable":true,"href":"https:\/\/displayproducts.eu\/lv\/wp-json\/wp\/v2\/media\/6725"}],"wp:attachment":[{"href":"https:\/\/displayproducts.eu\/lv\/wp-json\/wp\/v2\/media?parent=1267"}],"wp:term":[{"taxonomy":"product_brand","embeddable":true,"href":"https:\/\/displayproducts.eu\/lv\/wp-json\/wp\/v2\/product_brand?post=1267"},{"taxonomy":"product_cat","embeddable":true,"href":"https:\/\/displayproducts.eu\/lv\/wp-json\/wp\/v2\/product_cat?post=1267"},{"taxonomy":"product_tag","embeddable":true,"href":"https:\/\/displayproducts.eu\/lv\/wp-json\/wp\/v2\/product_tag?post=1267"}],"curies":[{"name":"wp","href":"https:\/\/api.w.org\/{rel}","templated":true}]}}