{"id":1264,"date":"2024-10-27T11:53:52","date_gmt":"2024-10-27T08:53:52","guid":{"rendered":"https:\/\/wristbandfactory.eu\/toode\/satin-lanyards-with-1-sided-sublimated-logo-design\/"},"modified":"2026-04-01T21:52:36","modified_gmt":"2026-04-01T18:52:36","slug":"sublimation-satin-lanyards","status":"publish","type":"product","link":"https:\/\/displayproducts.eu\/lv\/p\/sublimation-satin-lanyards\/","title":{"rendered":"Sat\u012bna kakla lentas ar sublim\u0101cijas apdruku"},"content":{"rendered":"<p data-path-to-node=\"11\">Prezent\u0113jiet savu z\u012bmolu neierobe\u017eot\u0101 kr\u0101su gamm\u0101 un fotore\u0101listisk\u0101 deta\u013c\u0101 ar m\u016bsu pal\u012bdz\u012bbu <b>Sublim\u0101cijas sat\u012bna kakla lentass<\/b>. \u0160is produkts apvieno grezn\u012bbu un tehnolo\u0123ijas, pied\u0101v\u0101jot perfektu izv\u0113li organiz\u0101cij\u0101m ar sare\u017e\u0123\u012btiem logotipiem, spilgtiem gradientiem vai detaliz\u0113tiem att\u0113liem, kam nepiecie\u0161ama augst\u0101k\u0101s klases prezent\u0101cija.<\/p>\n<p data-path-to-node=\"12\">Izgatavots no smalkas <b>balta sat\u012bna lente<\/b> (aptuveni 90 cm garas), \u0161\u012bs kakla lentas nodro\u0161ina gludu, sp\u012bd\u012bgu audeklu, kas piesk\u0101rienam \u0161\u0137iet \u012bpa\u0161i pat\u012bkams. At\u0161\u0137ir\u012bb\u0101 no standarta rievot\u0101 poliestera, sat\u012bna virsma atstaro gaismu, pie\u0161\u0137irot j\u016bsu z\u012bmolam izsmalcin\u0101tu sp\u012bdumu. Izmantojot modernu <b>sublim\u0101cijas druka<\/b>, j\u016bsu m\u0101kslas darbs tiek iekr\u0101sots tie\u0161i audum\u0101 no vienas puses. \u0160is process nodro\u0161ina izcilu, pret izbal\u0113\u0161anu iztur\u012bgu apdari, kas neplais\u0101s un nelob\u012bsies, padarot to par stabilu risin\u0101jumu vair\u0101ku dienu korporat\u012bvajiem pas\u0101kumiem, VIP caurlaid\u0113m un tirdzniec\u012bbas izst\u0101d\u0113m.<\/p>\n<p data-path-to-node=\"13\"><i>Ra\u017eo\u0161anas piez\u012bme:<\/i> \u0160\u012bs kaklarotas ir apdruk\u0101tas ar vienpus\u0113ju sublim\u0101cijas tehniku. Procesa un materi\u0101la \u012bpatn\u012bbu d\u0113\u013c dizains b\u016bs nedaudz redzams otr\u0101 pus\u0113.<\/p>\n<p data-path-to-node=\"14\">Katrai aukl\u012btei standarta komplekt\u0101cij\u0101 ir iztur\u012bga <b>met\u0101la karab\u012bne<\/b>, pie\u0161\u0137irot augstas kvalit\u0101tes saj\u016btu. Ir pieejamas ar\u012b citas klip\u0161u iesp\u0113jas, lai t\u0101s atbilstu j\u016bsu \u012bpa\u0161aj\u0101m ID kartes vai piek\u013cuves kartes vajadz\u012bb\u0101m.<\/p>\n<p data-path-to-node=\"15\"><b>Galven\u0101s iez\u012bmes:<\/b><\/p>\n<ul data-path-to-node=\"16\">\n<li>\n<p data-path-to-node=\"16,0,0\"><b>Pilnkr\u0101su sublim\u0101cija:<\/b> Nodro\u0161ina fotore\u0101listiskas deta\u013cas sare\u017e\u0123\u012btiem logotipiem, gradientiem un att\u0113liem.<\/p>\n<\/li>\n<li>\n<p data-path-to-node=\"16,1,0\"><b>Augst\u0101k\u0101s kvalit\u0101tes sat\u012bna materi\u0101ls:<\/b> Gluda, \u013coti sp\u012bd\u012bga virsma greznam izskatam un saj\u016btai.<\/p>\n<\/li>\n<li>\n<p data-path-to-node=\"16,2,0\"><b>Izbal\u0113\u0161anas iztur\u012bgs:<\/b> Kr\u0101su inf\u016bzijas tehnolo\u0123ija nodro\u0161ina, ka izdruka saglab\u0101jas spilgta, bez plais\u0101\u0161anas.<\/p>\n<\/li>\n<li>\n<p data-path-to-node=\"16,3,0\"><b>Komforts:<\/b> M\u012bksta sat\u012bna tekst\u016bra ir ide\u0101li piem\u0113rota valk\u0101\u0161anai visas dienas garum\u0101, neradot kairin\u0101jumu.<\/p>\n<\/li>\n<li>\n<p data-path-to-node=\"16,4,0\"><b>Aparat\u016bra:<\/b> Iek\u013cauta iztur\u012bga met\u0101la karab\u012bne; piel\u0101goti stiprin\u0101jumi pieejami p\u0113c piepras\u012bjuma.<\/p>\n<\/li>\n<li>\n<p data-path-to-node=\"16,5,0\"><b>Ra\u017eo\u0161ana:<\/b> \u0100tra ra\u017eo\u0161ana ES, pieejama vairumtirdzniec\u012bbas pas\u016bt\u012bjumiem (minim\u0101lais pas\u016bt\u012bjuma daudzums 100)<\/p>\n<\/li>\n<\/ul>","protected":false},"excerpt":{"rendered":"<ul>\n<li>\n<p data-path-to-node=\"9,0,0\"><b>Augst\u0101k\u0101s kvalit\u0101tes tekst\u016bra:<\/b> Glud\u0101, \u013coti sp\u012bd\u012bg\u0101 sat\u012bna lente pied\u0101v\u0101 grezn\u0101ku saj\u016btu, kas ir p\u0101r\u0101ka par standarta poliestera lenti.<\/p>\n<\/li>\n<li>\n<p data-path-to-node=\"9,1,0\"><b>Fotore\u0101listiska druk\u0101\u0161ana:<\/b> Uzlabota kr\u0101su sublim\u0101cija nodro\u0161ina neierobe\u017eotas kr\u0101sas, gradientus un sare\u017e\u0123\u012btu att\u0113lu reproduc\u0113\u0161anu.<\/p>\n<\/li>\n<li>\n<p data-path-to-node=\"9,2,0\"><b>Iztur\u012bga apdare:<\/b> Tinte tiek iekr\u0101sota tie\u0161i auduma \u0161\u0137iedr\u0101s, nodro\u0161inot, ka dizains neplais\u0101s, nelob\u012bsies un neizbal\u0113s.<\/p>\n<\/li>\n<li>\n<p data-path-to-node=\"9,3,0\"><b>VIP gatavs:<\/b> Ide\u0101la komforta un vizu\u0101l\u0101s pievilc\u012bbas kombin\u0101cija augstas klases korporat\u012bvajiem pas\u0101kumiem un ekskluz\u012bv\u0101m caurlaid\u0113m.<\/p>\n<\/li>\n<\/ul>","protected":false},"featured_media":6797,"comment_status":"closed","ping_status":"closed","template":"","meta":[],"product_brand":[],"product_cat":[104,106],"product_tag":[],"class_list":{"0":"post-1264","1":"product","2":"type-product","3":"status-publish","4":"has-post-thumbnail","6":"product_cat-custom-printed-lanyards","7":"product_cat-breakaway-lanyards","9":"first","10":"instock","11":"shipping-taxable","12":"purchasable","13":"product-type-simple"},"_links":{"self":[{"href":"https:\/\/displayproducts.eu\/lv\/wp-json\/wp\/v2\/product\/1264","targetHints":{"allow":["GET"]}}],"collection":[{"href":"https:\/\/displayproducts.eu\/lv\/wp-json\/wp\/v2\/product"}],"about":[{"href":"https:\/\/displayproducts.eu\/lv\/wp-json\/wp\/v2\/types\/product"}],"replies":[{"embeddable":true,"href":"https:\/\/displayproducts.eu\/lv\/wp-json\/wp\/v2\/comments?post=1264"}],"wp:featuredmedia":[{"embeddable":true,"href":"https:\/\/displayproducts.eu\/lv\/wp-json\/wp\/v2\/media\/6797"}],"wp:attachment":[{"href":"https:\/\/displayproducts.eu\/lv\/wp-json\/wp\/v2\/media?parent=1264"}],"wp:term":[{"taxonomy":"product_brand","embeddable":true,"href":"https:\/\/displayproducts.eu\/lv\/wp-json\/wp\/v2\/product_brand?post=1264"},{"taxonomy":"product_cat","embeddable":true,"href":"https:\/\/displayproducts.eu\/lv\/wp-json\/wp\/v2\/product_cat?post=1264"},{"taxonomy":"product_tag","embeddable":true,"href":"https:\/\/displayproducts.eu\/lv\/wp-json\/wp\/v2\/product_tag?post=1264"}],"curies":[{"name":"wp","href":"https:\/\/api.w.org\/{rel}","templated":true}]}}