{"id":1263,"date":"2024-10-27T11:53:52","date_gmt":"2024-10-27T08:53:52","guid":{"rendered":"https:\/\/wristbandfactory.eu\/toode\/3d-printed-lanyards\/"},"modified":"2026-04-01T21:52:36","modified_gmt":"2026-04-01T18:52:36","slug":"3d-printed-lanyards-raised-silicone-logo","status":"publish","type":"product","link":"https:\/\/displayproducts.eu\/lv\/p\/3d-printed-lanyards-raised-silicone-logo\/","title":{"rendered":"3D apdrukas kakla lentas (reljefs logo)"},"content":{"rendered":"<div class=\"mx-12 md:mx-24 lg:mx-48\">\n<div class=\"container my-8 svelte-zlsknf\">\n<div class=\"my-24 rounded-lg border-0 border-gray-700 bg-gray-100 px-16 py-24\">\n<div class=\"mt-11 !text-gray-500\">\n<p data-path-to-node=\"11\">Paaugstiniet sava uz\u0146\u0113muma t\u0113lu ar m\u016bsu pal\u012bdz\u012bbu <b>3D druk\u0101tas kakla lentas<\/b>, augst\u0101k\u0101s kvalit\u0101tes identifik\u0101cijas risin\u0101jums, kas rad\u012bts, lai rad\u012btu palieko\u0161u iespaidu. \u0160\u012b inovat\u012bv\u0101 kakla siksni\u0146a, kas p\u0101rsniedz standarta plakan\u0101s drukas metodes, uzliek j\u016bsu logotipu k\u0101... <b>pacelts, augsta bl\u012bvuma silikona sl\u0101nis<\/b>. Tas rada at\u0161\u0137ir\u012bgu, taust\u0101mu apdari, kas pie\u0161\u0137ir j\u016bsu z\u012bmolam dzi\u013cumu un ekskluzivit\u0101tes saj\u016btu, padarot to par ide\u0101lu izv\u0113li VIP pas\u0101kumiem, tehnolo\u0123iju konferenc\u0113m un augsta l\u012bme\u0146a korporat\u012bvai lieto\u0161anai.<\/p>\n<p data-path-to-node=\"12\">90 cm gar\u0101 kakla siksni\u0146a ir izgatavota no iztur\u012bga, augstas kvalit\u0101tes poliestera, kas nodro\u0161ina iztur\u012bbu ikdienas darbinieku valk\u0101\u0161anai. M\u0113s uzdruk\u0101jam j\u016bsu piel\u0101goto dizainu uz vienas lentes puses, pied\u0101v\u0101jot prec\u012bzu... <b>Pantone kr\u0101su saska\u0146o\u0161ana<\/b> vai pilnkr\u0101su iesp\u0113jas, lai nodro\u0161in\u0101tu, ka j\u016bsu logotips izce\u013cas ar modernu, arhitektonisku efektu. At\u0161\u0137ir\u012bb\u0101 no tradicion\u0101laj\u0101m apdruk\u0101m, kas var nolietoties, reljef\u0101 silikona tekst\u016bra ir iztur\u012bga un laika gait\u0101 saglab\u0101 savu izcilo izskatu.<\/p>\n<p data-path-to-node=\"13\">Katra iek\u0101rta ir apr\u012bkota ar iztur\u012bgu <b>met\u0101la karab\u012bne<\/b> Standarta komplekt\u0101cij\u0101, kas pastiprina produkta augstas kvalit\u0101tes saj\u016btu. Neatkar\u012bgi no t\u0101, vai to izmanto dro\u0161u piek\u013cuves kar\u0161u vai iztur\u012bgu atsl\u0113gu komplektu glab\u0101\u0161anai, \u0161\u012b kakla lentas apvieno funkcion\u0101lu iztur\u012bbu ar unik\u0101lu vizu\u0101lu un taustes pievilc\u012bbu, kas piesaista j\u016bsu z\u012bmola uzman\u012bbu.<\/p>\n<p data-path-to-node=\"14\"><b>Galven\u0101s iez\u012bmes:<\/b><\/p>\n<ul data-path-to-node=\"15\">\n<li>\n<p data-path-to-node=\"15,0,0\"><b>Paaugstin\u0101ta 3D tehnolo\u0123ija:<\/b> Logotipi ir druk\u0101ti augsta bl\u012bvuma silikon\u0101, lai rad\u012btu taust\u0101mu, \u201creljefa\u201d efektu.<\/p>\n<\/li>\n<li>\n<p data-path-to-node=\"15,1,0\"><b>Premium vizu\u0101lie materi\u0101li:<\/b> Pie\u0161\u0137ir dzi\u013cumu un grezn\u012bbas saj\u016btu, ide\u0101li piem\u0113rots VIP personu vai darbinieku izcel\u0161anai.<\/p>\n<\/li>\n<li>\n<p data-path-to-node=\"15,2,0\"><b>Piel\u0101go\u0161ana:<\/b> Piln\u012bga Pantone saska\u0146o\u0161ana pieejama reljefajam drukas sl\u0101nim.<\/p>\n<\/li>\n<li>\n<p data-path-to-node=\"15,3,0\"><b>Iztur\u012bba:<\/b> Poliestera siksni\u0146a un silikona apdruka ir paredz\u0113tas ilgsto\u0161ai ikdienas lieto\u0161anai.<\/p>\n<\/li>\n<li>\n<p data-path-to-node=\"15,4,0\"><b>Aparat\u016bra:<\/b> Komplekt\u0101 iek\u013cauta iztur\u012bga met\u0101la karab\u012bne; citi stiprin\u0101jumi pieejami p\u0113c piepras\u012bjuma.<\/p>\n<\/li>\n<\/ul>\n<\/div>\n<\/div>\n<\/div>\n<\/div>","protected":false},"excerpt":{"rendered":"<ul>\n<li>\n<p data-path-to-node=\"9,0,0\"><b>Taktil\u0101 z\u012bmola veido\u0161ana:<\/b> Inovat\u012bva augsta bl\u012bvuma druka rada reljefa 3D logotipa efektu, ko var just.<\/p>\n<\/li>\n<li>\n<p data-path-to-node=\"9,1,0\"><b>Augst\u0101k\u0101s kvalit\u0101tes est\u0113tika:<\/b> Pied\u0101v\u0101 izsmalcin\u0101tu, modernu izskatu, kas ir p\u0101r\u0101ks par standarta plakan\u0101 sietspiedes druku.<\/p>\n<\/li>\n<li>\n<p data-path-to-node=\"9,2,0\"><b>Iztur\u012bga apdare:<\/b> Uz silikona b\u0101zes izgatavotais 3D druk\u0101jums ir \u013coti iztur\u012bgs pret nodilumu, mazg\u0101\u0161anu un izbal\u0113\u0161anu.<\/p>\n<\/li>\n<li>\n<p data-path-to-node=\"9,3,0\"><b>Korporat\u012bv\u0101 identit\u0101te:<\/b> Pieejams Pantone kr\u0101su to\u0146iem atbilsto\u0161\u0101s kr\u0101s\u0101s uz iztur\u012bgas 90 cm poliestera lentass.<\/p>\n<\/li>\n<li><\/li>\n<\/ul>","protected":false},"featured_media":6826,"comment_status":"closed","ping_status":"closed","template":"","meta":[],"product_brand":[],"product_cat":[104],"product_tag":[],"class_list":{"0":"post-1263","1":"product","2":"type-product","3":"status-publish","4":"has-post-thumbnail","6":"product_cat-custom-printed-lanyards","8":"first","9":"instock","10":"shipping-taxable","11":"purchasable","12":"product-type-simple"},"_links":{"self":[{"href":"https:\/\/displayproducts.eu\/lv\/wp-json\/wp\/v2\/product\/1263","targetHints":{"allow":["GET"]}}],"collection":[{"href":"https:\/\/displayproducts.eu\/lv\/wp-json\/wp\/v2\/product"}],"about":[{"href":"https:\/\/displayproducts.eu\/lv\/wp-json\/wp\/v2\/types\/product"}],"replies":[{"embeddable":true,"href":"https:\/\/displayproducts.eu\/lv\/wp-json\/wp\/v2\/comments?post=1263"}],"wp:featuredmedia":[{"embeddable":true,"href":"https:\/\/displayproducts.eu\/lv\/wp-json\/wp\/v2\/media\/6826"}],"wp:attachment":[{"href":"https:\/\/displayproducts.eu\/lv\/wp-json\/wp\/v2\/media?parent=1263"}],"wp:term":[{"taxonomy":"product_brand","embeddable":true,"href":"https:\/\/displayproducts.eu\/lv\/wp-json\/wp\/v2\/product_brand?post=1263"},{"taxonomy":"product_cat","embeddable":true,"href":"https:\/\/displayproducts.eu\/lv\/wp-json\/wp\/v2\/product_cat?post=1263"},{"taxonomy":"product_tag","embeddable":true,"href":"https:\/\/displayproducts.eu\/lv\/wp-json\/wp\/v2\/product_tag?post=1263"}],"curies":[{"name":"wp","href":"https:\/\/api.w.org\/{rel}","templated":true}]}}