{"id":1259,"date":"2024-10-27T11:54:13","date_gmt":"2024-10-27T08:54:13","guid":{"rendered":"https:\/\/wristbandfactory.eu\/toode\/recycled-pet-sublimation-lanyards\/"},"modified":"2026-04-01T21:52:36","modified_gmt":"2026-04-01T18:52:36","slug":"eco-friendly-rpet-lanyards-full-color-sublimation","status":"publish","type":"product","link":"https:\/\/displayproducts.eu\/lv\/p\/eco-friendly-rpet-lanyards-full-color-sublimation\/","title":{"rendered":"P\u0101rstr\u0101d\u0101ta rPET kakla lentas (sublim\u0101cijas druka)"},"content":{"rendered":"<div class=\"mx-12 md:mx-24 lg:mx-48\">\n<div class=\"container my-8 svelte-zlsknf\">\n<div class=\"my-24 rounded-lg border-0 border-gray-700 bg-gray-100 px-16 py-24\">\n<div class=\"mt-11 !text-gray-500\">\n<p data-path-to-node=\"11\">Demonstr\u0113jiet sava z\u012bmola ap\u0146em\u0161anos nodro\u0161in\u0101t ilgtsp\u0113j\u012bbu, neupur\u0113jot iespaid\u012bgu vizu\u0101lo identit\u0101ti. M\u016bsu <b>Videi draudz\u012bgas rPET sublim\u0101cijas aukli\u0146as<\/b> ir lab\u0101k\u0101 izv\u0113le videi draudz\u012bg\u0101m organiz\u0101cij\u0101m, za\u013caj\u0101m konferenc\u0113m un festiv\u0101liem, kas v\u0113las samazin\u0101t savu oglek\u013ca p\u0113das nospiedumu.<\/p>\n<p data-path-to-node=\"12\"><span data-path-to-node=\"12,1\"><span class=\"citation-171\">Izgatavotas no p\u0101rstr\u0101d\u0101ta PET (rPET) 100% materi\u0101la, \u0161\u012bs kakla lentas p\u0101rstr\u0101d\u0101 p\u0113clieto\u0161anas plastmasas atkritumus augstas kvalit\u0101tes, iztur\u012bg\u0101 tekstila lent\u0113.<\/span><\/span><span data-path-to-node=\"12,3\">. Neskatoties uz p\u0101rstr\u0101di, materi\u0101lam ir iev\u0113rojami smalks pinums, kas nodro\u0161ina gludu, augst\u0101k\u0101s kvalit\u0101tes audeklu. \u0160\u012b virsma ir \u012bpa\u0161i izstr\u0101d\u0101ta <b>sublim\u0101cijas druka<\/b>, \u013caujot rad\u012bt satrieco\u0161us, fotore\u0101listiskus dizainus vien\u0101 vai ab\u0101s pus\u0113s. At\u0161\u0137ir\u012bb\u0101 no sietspiedes, sublim\u0101cija auduma \u0161\u0137iedras kr\u0101so tie\u0161i, nodro\u0161inot, ka sare\u017e\u0123\u012bti logotipi, detaliz\u0113ti att\u0113li un spilgti gradienti laika gait\u0101 neplais\u0101s, neizbal\u0113s un nelob\u012bsies.<\/span><\/p>\n<p data-path-to-node=\"13\"><span data-path-to-node=\"13,1\"><span class=\"citation-170\">Katra aukli\u0146a ir apr\u012bkota ar iztur\u012bgu <\/span><b><span class=\"citation-170\">met\u0101la karab\u012bne<\/span><\/b><span class=\"citation-170\"> standarta komplekt\u0101cij\u0101, nodro\u0161inot dro\u0161u piestiprin\u0101jumu ID kart\u0113m un caurlaid\u0113m<\/span><\/span><span data-path-to-node=\"13,3\">. <\/span><span data-path-to-node=\"13,5\"><span class=\"citation-169\">Korporat\u012bv\u0101 vid\u0113 vai liela m\u0113roga pas\u0101kumos, kur atbilst\u012bba vesel\u012bbas un dro\u0161\u012bbas pras\u012bb\u0101m ir priorit\u0101te, m\u0113s stingri iesak\u0101m pievienot papildu <\/span><b><span class=\"citation-169\">dro\u0161\u012bbas atvieno\u0161an\u0101s klipsis<\/span><\/b><\/span><span data-path-to-node=\"13,7\">, kas atbr\u012bvo aukli\u0146u, ja to sp\u0113c\u012bgi pavelk.<\/span><\/p>\n<p data-path-to-node=\"14\"><b>Galven\u0101s iez\u012bmes:<\/b><\/p>\n<ul data-path-to-node=\"15\">\n<li>\n<p data-path-to-node=\"15,0,0\"><b>Videi draudz\u012bgs materi\u0101ls:<\/b> Ra\u017eots no p\u0101rstr\u0101d\u0101ta PET (rPET) 100% materi\u0101la, kas ieg\u016bts no pat\u0113r\u0113t\u0101ju plastmasas.<\/p>\n<\/li>\n<li>\n<p data-path-to-node=\"15,1,0\"><b>Pilnkr\u0101su sublim\u0101cija:<\/b> Nodro\u0161ina spilgtu, pret izbal\u0113\u0161anu iztur\u012bgu un fotore\u0101listisku grafiku vien\u0101 vai div\u0101s pus\u0113s.<\/p>\n<\/li>\n<li>\n<p data-path-to-node=\"15,2,0\"><b>\u0112rta piegul\u0113\u0161ana:<\/b> 90 cm gara siksni\u0146a ar m\u012bkstu apdari \u0113rtai valk\u0101\u0161anai visas dienas garum\u0101.<\/p>\n<\/li>\n<li>\n<p data-path-to-node=\"15,3,0\"><b>Dro\u0161\u012bbas iesp\u0113jas:<\/b> Papildu atdal\u0101ms klipsis ir pieejams uzlabotai lietot\u0101ja dro\u0161\u012bbai akt\u012bv\u0101 vid\u0113.<\/p>\n<\/li>\n<li>\n<p data-path-to-node=\"15,4,0\"><b>Daudzpus\u012bga aparat\u016bra:<\/b> Komplekt\u0101 iek\u013cauta iztur\u012bga met\u0101la karab\u012bne; citi klip\u0161u stili pieejami p\u0113c piepras\u012bjuma.<\/p>\n<\/li>\n<\/ul>\n<\/div>\n<\/div>\n<\/div>\n<\/div>","protected":false},"excerpt":{"rendered":"<ul>\n<li>\n<p data-path-to-node=\"9,0,0\"><b>Sertific\u0113ta ilgtsp\u0113j\u012bba:<\/b> Izgatavots no 100% p\u0101rstr\u0101d\u0101t\u0101m plastmasas pudel\u0113m (rPET), samazinot ietekmi uz vidi.<\/p>\n<\/li>\n<li>\n<p data-path-to-node=\"9,1,0\"><b>Augstas iz\u0161\u0137irtsp\u0113jas z\u012bmola veido\u0161ana:<\/b> Gluda virsma \u013cauj veikt pilnkr\u0101su sublim\u0101cijas druk\u0101\u0161anu no malas l\u012bdz malai.<\/p>\n<\/li>\n<li>\n<p data-path-to-node=\"9,2,0\"><b>Sare\u017e\u0123\u012bti dizaini:<\/b> Lieliski piem\u0113rots sare\u017e\u0123\u012btiem logotipiem, gradientiem un fotoatt\u0113liem.<\/p>\n<\/li>\n<li>\n<p data-path-to-node=\"9,3,0\"><b>Dro\u0161\u012bba un lietder\u012bba:<\/b> Iek\u013cauta standarta met\u0101la karab\u012bne; atbilst\u012bbas nodro\u0161in\u0101\u0161anai pieejama papildu dro\u0161\u012bbas atvieno\u0161an\u0101s.<\/p>\n<\/li>\n<li><\/li>\n<\/ul>","protected":false},"featured_media":6833,"comment_status":"closed","ping_status":"closed","template":"","meta":[],"product_brand":[],"product_cat":[43,104,106],"product_tag":[],"class_list":{"0":"post-1259","1":"product","2":"type-product","3":"status-publish","4":"has-post-thumbnail","6":"product_cat-lanyards","7":"product_cat-custom-printed-lanyards","8":"product_cat-breakaway-lanyards","10":"first","11":"instock","12":"shipping-taxable","13":"purchasable","14":"product-type-simple"},"_links":{"self":[{"href":"https:\/\/displayproducts.eu\/lv\/wp-json\/wp\/v2\/product\/1259","targetHints":{"allow":["GET"]}}],"collection":[{"href":"https:\/\/displayproducts.eu\/lv\/wp-json\/wp\/v2\/product"}],"about":[{"href":"https:\/\/displayproducts.eu\/lv\/wp-json\/wp\/v2\/types\/product"}],"replies":[{"embeddable":true,"href":"https:\/\/displayproducts.eu\/lv\/wp-json\/wp\/v2\/comments?post=1259"}],"wp:featuredmedia":[{"embeddable":true,"href":"https:\/\/displayproducts.eu\/lv\/wp-json\/wp\/v2\/media\/6833"}],"wp:attachment":[{"href":"https:\/\/displayproducts.eu\/lv\/wp-json\/wp\/v2\/media?parent=1259"}],"wp:term":[{"taxonomy":"product_brand","embeddable":true,"href":"https:\/\/displayproducts.eu\/lv\/wp-json\/wp\/v2\/product_brand?post=1259"},{"taxonomy":"product_cat","embeddable":true,"href":"https:\/\/displayproducts.eu\/lv\/wp-json\/wp\/v2\/product_cat?post=1259"},{"taxonomy":"product_tag","embeddable":true,"href":"https:\/\/displayproducts.eu\/lv\/wp-json\/wp\/v2\/product_tag?post=1259"}],"curies":[{"name":"wp","href":"https:\/\/api.w.org\/{rel}","templated":true}]}}