{"id":1256,"date":"2024-10-27T11:54:13","date_gmt":"2024-10-27T08:54:13","guid":{"rendered":"https:\/\/wristbandfactory.eu\/toode\/cork-lanyards\/"},"modified":"2026-04-01T21:52:36","modified_gmt":"2026-04-01T18:52:36","slug":"printed-cork-lanyards","status":"publish","type":"product","link":"https:\/\/displayproducts.eu\/lv\/p\/printed-cork-lanyards\/","title":{"rendered":"Kor\u0137a kakla lentas ar apdruku"},"content":{"rendered":"<div class=\"mx-12 md:mx-24 lg:mx-48\">\n<div class=\"container my-8 svelte-zlsknf\">\n<div class=\"my-24 rounded-lg border-0 border-gray-700 bg-gray-100 px-16 py-24\">\n<div class=\"mt-11 !text-gray-500\">\n<p data-path-to-node=\"11\">Radiet atbild\u012bgu un stil\u012bgu iespaidu sav\u0101 n\u0101kamaj\u0101 konferenc\u0113 vai tirdzniec\u012bbas izst\u0101d\u0113 kop\u0101 ar m\u016bsu <b>Apdruk\u0101tas kor\u0137a kakla lentas<\/b>. \u0160\u012b kakla siksni\u0146a ir ide\u0101ls risin\u0101jums videi draudz\u012bg\u0101m organiz\u0101cij\u0101m, kas v\u0113las apvienot ilgtsp\u0113j\u012bgus materi\u0101lus ar profesion\u0101lu z\u012bmolu, pied\u0101v\u0101jot izsmalcin\u0101tu alternat\u012bvu sint\u0113tiskaj\u0101m \u0161\u0137iedr\u0101m.<\/p>\n<p data-path-to-node=\"12\">Izgatavots no <b>\u012bsts, dab\u012bgs kor\u0137is<\/b>, \u0160\u012b 90 cm gar\u0101 kakla siksni\u0146a pied\u0101v\u0101 unik\u0101lu, augstas kvalit\u0101tes saj\u016btu, kas ir uzreiz atpaz\u012bstama. Materi\u0101ls tiek ieg\u016bts no kor\u0137ozolu mizas, nekait\u0113jot pa\u0161am kokam, padarot to par patiesi atjaunojamu resursu. Papildus ekolo\u0123iskaj\u0101m \u012bpa\u0161\u012bb\u0101m kor\u0137is ir dabiski iztur\u012bgs, \u016bdensnecaurlaid\u012bgs un hipoaler\u0123isks, nodro\u0161inot komfortu ikdienas valk\u0101\u0161an\u0101.<\/p>\n<p data-path-to-node=\"13\">M\u0113s varam <b>piel\u0101gota logotipa druk\u0101\u0161ana<\/b> vien\u0101 vai div\u0101s lentass pus\u0113s. Lai gan kor\u0137im ir dabiska tekst\u016bra, m\u016bsu uzlabotais sietspiedes process nodro\u0161ina, ka j\u016bsu dizains paliek salas\u0101ms un kr\u0101su prec\u012bzs (izmantojot <b>Pantone saska\u0146o\u0161ana<\/b>). Kor\u0137a dab\u012bg\u0101 dzeltenbr\u016bn\u0101 kr\u0101sa nodro\u0161ina skaistu, neitr\u0101lu fonu, kas izce\u013c tum\u0161us logotipus. Katra kakla siksni\u0146a standarta komplekt\u0101cij\u0101 ir apr\u012bkota ar uzticamu <b>met\u0101la karab\u012bne<\/b>, nodro\u0161inot dro\u0161u pielikumu pas\u0101kumu caurlaid\u0113m vai identifik\u0101cijas kart\u0113m.<\/p>\n<p data-path-to-node=\"14\"><b>Galven\u0101s iez\u012bmes:<\/b><\/p>\n<ul data-path-to-node=\"15\">\n<li>\n<p data-path-to-node=\"15,0,0\"><b>Materi\u0101ls:<\/b> \u012asts dab\u012bgais kor\u0137is (atjaunojams un biolo\u0123iski no\u0101rd\u0101ms).<\/p>\n<\/li>\n<li>\n<p data-path-to-node=\"15,1,0\"><b>Vizu\u0101l\u0101 ietekme:<\/b> Unik\u0101la koksnes imit\u0101cijas tekst\u016bra simboliz\u0113 \u201cPremium Eco\u201d.<\/p>\n<\/li>\n<li>\n<p data-path-to-node=\"15,2,0\"><b>Druk\u0101\u0161ana:<\/b> Sietspiede ar Pantone precizit\u0101ti vien\u0101 vai ab\u0101s pus\u0113s.<\/p>\n<\/li>\n<li>\n<p data-path-to-node=\"15,3,0\"><b>Iztur\u012bba:<\/b> Dabiski \u016bdensiztur\u012bgs un pietiekami iztur\u012bgs ilgsto\u0161ai lieto\u0161anai.<\/p>\n<\/li>\n<li>\n<p data-path-to-node=\"15,4,0\"><b>Aparat\u016bra:<\/b> Iek\u013cauta iztur\u012bga met\u0101la karab\u012bne; pieejamas ar\u012b citas klip\u0161u iesp\u0113jas.<\/p>\n<\/li>\n<li>\n<p data-path-to-node=\"15,5,0\"><b>Komforts:<\/b> Viegls un m\u012bksts pret \u0101du.<\/p>\n<\/li>\n<\/ul>\n<\/div>\n<\/div>\n<\/div>\n<\/div>","protected":false},"excerpt":{"rendered":"<ul>\n<li>\n<p data-path-to-node=\"9,0,0\"><b>At\u0161\u0137ir\u012bga est\u0113tika:<\/b> Kor\u0137a dabisk\u0101, koksnei l\u012bdz\u012bg\u0101 tekst\u016bra rada unik\u0101lu, augst\u0101k\u0101s klases izskatu, kas izce\u013cas starp standarta kakla siksni\u0146\u0101m.<\/p>\n<\/li>\n<li>\n<p data-path-to-node=\"9,1,0\"><b>Sertific\u0113ts ilgtsp\u0113j\u012bgs:<\/b> Izgatavots no \u012bsta atjaunojama kor\u0137a, kas apliecina stingru ap\u0146em\u0161anos iev\u0113rot vides aizsardz\u012bbas pras\u012bbas.<\/p>\n<\/li>\n<li>\n<p data-path-to-node=\"9,2,0\"><b>Piel\u0101gots z\u012bmols:<\/b> Neskatoties uz tekstur\u0113to virsmu, m\u0113s pied\u0101v\u0101jam caursp\u012bd\u012bgu sietspiedi ar Pantone kr\u0101su saska\u0146o\u0161anu vien\u0101 vai ab\u0101s pus\u0113s.<\/p>\n<\/li>\n<li>\n<p data-path-to-node=\"9,3,0\"><b>Iztur\u012bgs un \u016bdensiztur\u012bgs:<\/b> Kor\u0137is ir dabiski iztur\u012bgs un mitrumiztur\u012bgs, t\u0101p\u0113c tas ir ide\u0101li piem\u0113rots vair\u0101ku dienu pas\u0101kumiem.<\/p>\n<\/li>\n<\/ul>","protected":false},"featured_media":6730,"comment_status":"closed","ping_status":"closed","template":"","meta":[],"product_brand":[],"product_cat":[43,107],"product_tag":[],"class_list":{"0":"post-1256","1":"product","2":"type-product","3":"status-publish","4":"has-post-thumbnail","6":"product_cat-lanyards","7":"product_cat-eco-friendly-lanyards","9":"first","10":"instock","11":"shipping-taxable","12":"purchasable","13":"product-type-simple"},"_links":{"self":[{"href":"https:\/\/displayproducts.eu\/lv\/wp-json\/wp\/v2\/product\/1256","targetHints":{"allow":["GET"]}}],"collection":[{"href":"https:\/\/displayproducts.eu\/lv\/wp-json\/wp\/v2\/product"}],"about":[{"href":"https:\/\/displayproducts.eu\/lv\/wp-json\/wp\/v2\/types\/product"}],"replies":[{"embeddable":true,"href":"https:\/\/displayproducts.eu\/lv\/wp-json\/wp\/v2\/comments?post=1256"}],"wp:featuredmedia":[{"embeddable":true,"href":"https:\/\/displayproducts.eu\/lv\/wp-json\/wp\/v2\/media\/6730"}],"wp:attachment":[{"href":"https:\/\/displayproducts.eu\/lv\/wp-json\/wp\/v2\/media?parent=1256"}],"wp:term":[{"taxonomy":"product_brand","embeddable":true,"href":"https:\/\/displayproducts.eu\/lv\/wp-json\/wp\/v2\/product_brand?post=1256"},{"taxonomy":"product_cat","embeddable":true,"href":"https:\/\/displayproducts.eu\/lv\/wp-json\/wp\/v2\/product_cat?post=1256"},{"taxonomy":"product_tag","embeddable":true,"href":"https:\/\/displayproducts.eu\/lv\/wp-json\/wp\/v2\/product_tag?post=1256"}],"curies":[{"name":"wp","href":"https:\/\/api.w.org\/{rel}","templated":true}]}}