{"id":1254,"date":"2024-10-27T11:54:13","date_gmt":"2024-10-27T08:54:13","guid":{"rendered":"https:\/\/wristbandfactory.eu\/toode\/organic-cotton-lanyards\/"},"modified":"2026-04-01T21:52:36","modified_gmt":"2026-04-01T18:52:36","slug":"printed-organic-cotton-lanyards-sustainable-branding","status":"publish","type":"product","link":"https:\/\/displayproducts.eu\/lv\/p\/printed-organic-cotton-lanyards-sustainable-branding\/","title":{"rendered":"Organisk\u0101s kokvilnas kakla lentas ar apdruku"},"content":{"rendered":"<div class=\"mx-12 md:mx-24 lg:mx-48\">\n<div class=\"container my-8 svelte-zlsknf\">\n<div class=\"my-24 rounded-lg border-0 border-gray-700 bg-gray-100 px-16 py-24\">\n<div class=\"mt-11 !text-gray-500\">\n<p data-path-to-node=\"11\">Aplieciniet savas organiz\u0101cijas ap\u0146em\u0161anos nodro\u0161in\u0101t ilgtsp\u0113j\u012bbu, neapdraudot kvalit\u0101ti. M\u016bsu <b>Apdruk\u0101tas organisk\u0101s kokvilnas kakla lentas<\/b> ir augst\u0101k\u0101s klases izv\u0113le videi draudz\u012bg\u0101m konferenc\u0113m, tirdzniec\u012bbas izst\u0101d\u0113m un korporat\u012bv\u0101m vid\u0113m, kur plastmasas atkritumu samazin\u0101\u0161ana ir priorit\u0101te.<\/p>\n<p data-path-to-node=\"12\">Izgatavots no <b>100% organisk\u0101 kokvilna<\/b>, \u0160ai kakla siksni\u0146ai ir iev\u0113rojama priek\u0161roc\u012bba sal\u012bdzin\u0101jum\u0101 ar standarta poliesteru: patiesi m\u012bksta, dabiska saj\u016bta, kas ilgsto\u0161i ir \u0113rta pret \u0101du. Lentes dabisk\u0101 mat\u0113t\u0101 tekst\u016bra j\u016bsu apmekl\u0113t\u0101jiem un klientiem nekav\u0113joties nodod v\u0113st\u012bjumu par atbild\u012bbu pret vidi.<\/p>\n<p data-path-to-node=\"13\">Lai gan materi\u0101ls ir dab\u012bga \u0161\u0137iedra, tas nodro\u0161ina iztur\u012bgu virsmu z\u012bmola veido\u0161anai. M\u0113s izmantojam <b>Pantone saska\u0146ota sietspiede<\/b> lai nodro\u0161in\u0101tu, ka j\u016bsu logotips tiek prec\u012bzi atveidots vien\u0101 vai ab\u0101s lentass pus\u0113s. Tas \u013cauj iev\u0113rot stingras z\u012bmola vadl\u012bnijas, vienlaikus izmantojot atjaunojamus resursus. Katrai siksni\u0146ai standarta komplekt\u0101cij\u0101 ir uzticams <b>met\u0101la karab\u012bne<\/b>, nodro\u0161inot dro\u0161u noz\u012bm\u012b\u0161u un caurlai\u017eu fiks\u0101ciju.<\/p>\n<p data-path-to-node=\"14\"><b>Galven\u0101s iez\u012bmes:<\/b><\/p>\n<ul data-path-to-node=\"15\">\n<li>\n<p data-path-to-node=\"15,0,0\"><b>Videi draudz\u012bgs materi\u0101ls:<\/b> 100% organisk\u0101 kokvilna samazina ietekmi uz vidi un atbalsta korporat\u012bv\u0101s soci\u0101l\u0101s atbild\u012bbas (KSA) m\u0113r\u0137us.<\/p>\n<\/li>\n<li>\n<p data-path-to-node=\"15,1,0\"><b>Augst\u0101ks komforts:<\/b> Izcili m\u012bksta, dab\u012bga tekst\u016bra nov\u0113r\u0161 kairin\u0101jumu visas dienas garum\u0101.<\/p>\n<\/li>\n<li>\n<p data-path-to-node=\"15,2,0\"><b>Piel\u0101gots z\u012bmols:<\/b> Augstas kvalit\u0101tes sietspiede ar Pantone kr\u0101su saska\u0146o\u0161anu.<\/p>\n<\/li>\n<li>\n<p data-path-to-node=\"15,3,0\"><b>Standarta izm\u0113rs:<\/b> 90 cm garums x 20 mm platums (standarta) \u0113rti piem\u0113rots visiem dal\u012bbniekiem.<\/p>\n<\/li>\n<li>\n<p data-path-to-node=\"15,4,0\"><b>Aparat\u016bra:<\/b> Komplekt\u0101 iek\u013cauta iztur\u012bga met\u0101la karab\u012bne; sader\u012bga ar m\u016bsu videi draudz\u012bgajiem ID maci\u0146iem.<\/p>\n<\/li>\n<\/ul>\n<\/div>\n<\/div>\n<\/div>\n<\/div>","protected":false},"excerpt":{"rendered":"<ul>\n<li>\n<p data-path-to-node=\"9,0,0\"><b>Sertific\u0113ta ilgtsp\u0113j\u012bba:<\/b> Izgatavots no dab\u012bgas organisk\u0101s kokvilnas 100%, ide\u0101li piem\u0113rots videi draudz\u012bgiem pas\u0101kumiem un uz korporat\u012bvo soci\u0101lo atbild\u012bbu orient\u0113tiem z\u012bmoliem.<\/p>\n<\/li>\n<li>\n<p data-path-to-node=\"9,1,0\"><b>Augst\u0101k\u0101s kvalit\u0101tes maigums:<\/b> Dab\u012bg\u0101s \u0161\u0137iedras pied\u0101v\u0101 lab\u0101ku, \u0101dai draudz\u012bgu tekst\u016bru sal\u012bdzin\u0101jum\u0101 ar sint\u0113tiskaj\u0101m alternat\u012bv\u0101m.<\/p>\n<\/li>\n<li>\n<p data-path-to-node=\"9,2,0\"><b>Prec\u012bza z\u012bmola veido\u0161ana:<\/b> Sietspiede ar j\u016bsu Pantone atbilsto\u0161u logotipu vien\u0101 vai ab\u0101s pus\u0113s, lai ieg\u016btu t\u012bru un profesion\u0101lu izskatu.<\/p>\n<\/li>\n<li>\n<p data-path-to-node=\"9,3,0\"><b>Iztur\u012bga aparat\u016bra:<\/b> Iek\u013cauta augstas kvalit\u0101tes met\u0101la karab\u012bne biolo\u0123iski no\u0101rd\u0101mu vai standarta ID tur\u0113t\u0101ju dro\u0161ai piestiprin\u0101\u0161anai.<\/p>\n<\/li>\n<li><\/li>\n<\/ul>","protected":false},"featured_media":6745,"comment_status":"closed","ping_status":"closed","template":"","meta":[],"product_brand":[],"product_cat":[104,107],"product_tag":[],"class_list":{"0":"post-1254","1":"product","2":"type-product","3":"status-publish","4":"has-post-thumbnail","6":"product_cat-custom-printed-lanyards","7":"product_cat-eco-friendly-lanyards","9":"first","10":"instock","11":"shipping-taxable","12":"purchasable","13":"product-type-simple"},"_links":{"self":[{"href":"https:\/\/displayproducts.eu\/lv\/wp-json\/wp\/v2\/product\/1254","targetHints":{"allow":["GET"]}}],"collection":[{"href":"https:\/\/displayproducts.eu\/lv\/wp-json\/wp\/v2\/product"}],"about":[{"href":"https:\/\/displayproducts.eu\/lv\/wp-json\/wp\/v2\/types\/product"}],"replies":[{"embeddable":true,"href":"https:\/\/displayproducts.eu\/lv\/wp-json\/wp\/v2\/comments?post=1254"}],"wp:featuredmedia":[{"embeddable":true,"href":"https:\/\/displayproducts.eu\/lv\/wp-json\/wp\/v2\/media\/6745"}],"wp:attachment":[{"href":"https:\/\/displayproducts.eu\/lv\/wp-json\/wp\/v2\/media?parent=1254"}],"wp:term":[{"taxonomy":"product_brand","embeddable":true,"href":"https:\/\/displayproducts.eu\/lv\/wp-json\/wp\/v2\/product_brand?post=1254"},{"taxonomy":"product_cat","embeddable":true,"href":"https:\/\/displayproducts.eu\/lv\/wp-json\/wp\/v2\/product_cat?post=1254"},{"taxonomy":"product_tag","embeddable":true,"href":"https:\/\/displayproducts.eu\/lv\/wp-json\/wp\/v2\/product_tag?post=1254"}],"curies":[{"name":"wp","href":"https:\/\/api.w.org\/{rel}","templated":true}]}}