{"id":1253,"date":"2024-10-27T11:54:13","date_gmt":"2024-10-27T08:54:13","guid":{"rendered":"https:\/\/wristbandfactory.eu\/toode\/sublimation-lanyards-with-2-metal-hooks\/"},"modified":"2026-04-01T21:52:36","modified_gmt":"2026-04-01T18:52:36","slug":"dual-hook-sublimation-lanyards","status":"publish","type":"product","link":"https:\/\/displayproducts.eu\/lv\/p\/dual-hook-sublimation-lanyards\/","title":{"rendered":"Divk\u0101r\u0161\u0101 \u0101\u0137a sublim\u0101cijas virves"},"content":{"rendered":"<div class=\"mx-12 md:mx-24 lg:mx-48\">\n<div class=\"container my-8 svelte-zlsknf\">\n<div class=\"my-24 rounded-lg border-0 border-gray-700 bg-gray-100 px-16 py-24\">\n<div class=\"mt-11 !text-gray-500\">\n<p>Nodro\u0161iniet, lai j\u016bsu z\u012bmols un pas\u0101kuma reput\u0101cija vienm\u0113r b\u016btu priek\u0161pl\u0101n\u0101 ar m\u016bsu pal\u012bdz\u012bbu <b>Divk\u0101r\u0161\u0101 \u0101\u0137a sublim\u0101cijas virves<\/b>. \u0160\u012b augst\u0101k\u0101s kvalit\u0101tes kakla siksni\u0146a ir profesion\u0101ls risin\u0101jums liel\u0101ku pas\u0101kumu noz\u012bm\u012b\u0161u vai ID tur\u0113t\u0101ju p\u0101rvald\u012b\u0161anai, izmantojot divus stiprin\u0101juma punktus, lai nov\u0113rstu to grie\u0161anos vai apgrie\u0161anos.<\/p>\n<p>Izgatavota no smalkas, 90 cm garas poliestera lentes, \u0161\u012b kaklarota nodro\u0161ina gludu pamatni m\u016bsu uzlabotajai sublim\u0101cijas druk\u0101\u0161anai. \u0160is process \u013cauj izveidot neierobe\u017eotu skaitu fotore\u0101listisku dizainu, tostarp sare\u017e\u0123\u012btus logotipus, gradientus un pilnkr\u0101su att\u0113lus vien\u0101 vai ab\u0101s pus\u0113s. Rezult\u0101ts ir spilgts, pret izbal\u0113\u0161anu iztur\u012bgs p\u0101rkl\u0101jums, kas neplais\u0101s un nelob\u012bsies.<\/p>\n<p>Divk\u0101r\u0161\u0101s met\u0101la karab\u012bnes, kas ir ide\u0101li piem\u0113rotas konferenc\u0113m, tirdzniec\u012bbas izst\u0101d\u0113m un korporat\u012bvajiem pas\u0101kumiem, nodro\u0161ina stabilu un dro\u0161u fiks\u0101ciju jebkuram personas apliec\u012bbas tur\u0113t\u0101jam ar div\u0101m spraug\u0101m. K\u0101 nor\u0101d\u012bts kategorij\u0101s, \u0161\u012b kakla lentas ir pieejama ar dro\u0161\u012bbas atdal\u0101mu klipsi, lai uzlabotu lietot\u0101ja dro\u0161\u012bbu ros\u012bg\u0101 vid\u0113.<\/p>\n<p><b>Galven\u0101s iez\u012bmes:<\/b><\/p>\n<ul>\n<li><b>Divk\u0101r\u0161\u0101 \u0101\u0137a dizains:<\/b> Apr\u012bkots ar div\u0101m met\u0101la karab\u012bn\u0113m lielu personas apliec\u012bbu vai pas\u0101kumu caurlai\u017eu dro\u0161\u012bbai un v\u0113r\u0161anai uz priek\u0161u.<\/li>\n<li><b>Pilnkr\u0101su sublim\u0101cija:<\/b> Pied\u0101v\u0101 spilgtu, fotore\u0101listisku druku sare\u017e\u0123\u012btiem logotipiem un gradientiem vien\u0101 vai div\u0101s pus\u0113s.<\/li>\n<li><b>Iztur\u012bgs 90 cm poliesters:<\/b> \u0112rta, smalka poliestera siksni\u0146a, kas paredz\u0113ta valk\u0101\u0161anai visas dienas garum\u0101 vair\u0101ku dienu pas\u0101kumos.<\/li>\n<li><b>Dro\u0161\u012bbas atvieno\u0161anas iesp\u0113ja:<\/b> Pieejams ar atdal\u0101mu klipsi, kas ir b\u016btiska dro\u0161\u012bbas funkcija korporat\u012bvaj\u0101 vid\u0113.<\/li>\n<li><b>Daudzpus\u012bgi stiprin\u0101jumi:<\/b> Standarta apr\u012bkojum\u0101 ietilpst divas met\u0101la karab\u012bnes, ta\u010du pieejamas ar\u012b citas klip\u0161u iesp\u0113jas.<\/li>\n<\/ul>\n<\/div>\n<\/div>\n<\/div>\n<\/div>","protected":false},"excerpt":{"rendered":"<ul>\n<li>Nov\u0113rsiet noz\u012bm\u012btes grie\u0161anos ar dro\u0161u divu \u0101\u0137u (2x met\u0101la karab\u012bnes) dizainu.<\/li>\n<li>Izceliet savu z\u012bmolu spilgt\u0101, pilnkr\u0101su sublim\u0101cij\u0101 (vien\u0101 vai ab\u0101s pus\u0113s).<\/li>\n<li>Iztur\u012bga 90 cm gara smalka poliestera lentas, kas ir ide\u0101li piem\u0113rota vair\u0101ku dienu konferenc\u0113m.<\/li>\n<li>Pieejams ar papildu dro\u0161\u012bbas atvienojamu klipsi uzlabotai lietot\u0101ja dro\u0161\u012bbai.<\/li>\n<\/ul>","protected":false},"featured_media":6694,"comment_status":"closed","ping_status":"closed","template":"","meta":[],"product_brand":[],"product_cat":[43,106],"product_tag":[],"class_list":{"0":"post-1253","1":"product","2":"type-product","3":"status-publish","4":"has-post-thumbnail","6":"product_cat-lanyards","7":"product_cat-breakaway-lanyards","9":"first","10":"instock","11":"shipping-taxable","12":"purchasable","13":"product-type-simple"},"_links":{"self":[{"href":"https:\/\/displayproducts.eu\/lv\/wp-json\/wp\/v2\/product\/1253","targetHints":{"allow":["GET"]}}],"collection":[{"href":"https:\/\/displayproducts.eu\/lv\/wp-json\/wp\/v2\/product"}],"about":[{"href":"https:\/\/displayproducts.eu\/lv\/wp-json\/wp\/v2\/types\/product"}],"replies":[{"embeddable":true,"href":"https:\/\/displayproducts.eu\/lv\/wp-json\/wp\/v2\/comments?post=1253"}],"wp:featuredmedia":[{"embeddable":true,"href":"https:\/\/displayproducts.eu\/lv\/wp-json\/wp\/v2\/media\/6694"}],"wp:attachment":[{"href":"https:\/\/displayproducts.eu\/lv\/wp-json\/wp\/v2\/media?parent=1253"}],"wp:term":[{"taxonomy":"product_brand","embeddable":true,"href":"https:\/\/displayproducts.eu\/lv\/wp-json\/wp\/v2\/product_brand?post=1253"},{"taxonomy":"product_cat","embeddable":true,"href":"https:\/\/displayproducts.eu\/lv\/wp-json\/wp\/v2\/product_cat?post=1253"},{"taxonomy":"product_tag","embeddable":true,"href":"https:\/\/displayproducts.eu\/lv\/wp-json\/wp\/v2\/product_tag?post=1253"}],"curies":[{"name":"wp","href":"https:\/\/api.w.org\/{rel}","templated":true}]}}