{"id":1250,"date":"2024-10-27T11:54:13","date_gmt":"2024-10-27T08:54:13","guid":{"rendered":"https:\/\/wristbandfactory.eu\/toode\/sublimation-lanyards-with-metal-carabiner\/"},"modified":"2026-04-01T21:52:36","modified_gmt":"2026-04-01T18:52:36","slug":"full-color-sublimation-lanyards-safety-breakaway","status":"publish","type":"product","link":"https:\/\/displayproducts.eu\/lv\/p\/full-color-sublimation-lanyards-safety-breakaway\/","title":{"rendered":"Sublim\u0101cijas kakla lentas ar dro\u0161\u012bbas spr\u00e4dzi"},"content":{"rendered":"<p data-path-to-node=\"11\">Sniedziet iespaid\u012bgu pazi\u0146ojumu, vienlaikus pie\u0161\u0137irot priorit\u0101ti apmekl\u0113t\u0101ju dro\u0161\u012bbai, izmantojot m\u016bsu <b>Pilnkr\u0101su sublim\u0101cijas kakla lentas ar atdal\u0101mu meh\u0101nismu<\/b>. \u0160is produkts ir lab\u0101k\u0101 izv\u0113le organiz\u0101cij\u0101m, kur\u0101m nepiecie\u0161ams sare\u017e\u0123\u012bts z\u012bmola dizains, piem\u0113ram, daudzkr\u0101saini logotipi, gradienti vai fotore\u0101listiski att\u0113li, neapdraudot atbilst\u012bbu vesel\u012bbas un dro\u0161\u012bbas pras\u012bb\u0101m.<\/p>\n<p data-path-to-node=\"12\">\u0160\u012bs kakla lentas rakstur\u012bg\u0101 iez\u012bme ir integr\u0113t\u0101 <b>dro\u0161\u012bbas atvieno\u0161an\u0101s klipsis<\/b> novietots kakla aizmugur\u0113. \u0160is meh\u0101nisms ir paredz\u0113ts autom\u0101tiskai atbr\u012bvo\u0161anai, ja aukla tiek p\u0101r\u0101k sp\u0113c\u012bgi pavilkta vai ie\u0137eras meh\u0101nismos\/durv\u012bs, t\u0101d\u0113j\u0101di nov\u0113r\u0161ot traumas. Tas padara to par b\u016btisku pras\u012bbu skol\u0101m, slimn\u012bc\u0101m, r\u016bpnieciskai videi un liela m\u0113roga publiskiem pas\u0101kumiem.<\/p>\n<p data-path-to-node=\"13\">Vizu\u0101li kakla siksni\u0146a izmanto uzlabotu <b>sublim\u0101cijas druka<\/b>. J\u016bsu dizains tiek tie\u0161i iestr\u0101d\u0101ts 90 cm gar\u0101s smalk\u0101s poliestera lentes \u0161\u0137iedr\u0101s, nevis atrodas uz t\u0101s. Tas nodro\u0161ina p\u0101rkl\u0101jumu no malas l\u012bdz malai un apdari, kas ir piln\u012bb\u0101 iztur\u012bga pret plais\u0101\u0161anu, lob\u012b\u0161anos vai izbal\u0113\u0161anu. Gludais poliestera materi\u0101ls ir \u0101rk\u0101rt\u012bgi m\u012bksts, nodro\u0161inot darbiniekiem un viesiem komfortu visas dienas garum\u0101. Katra kakla siksni\u0146a standarta komplekt\u0101cij\u0101 ir apr\u012bkota ar uzticamu... <b>met\u0101la karab\u012bne<\/b> ID kar\u0161u vai piek\u013cuves kar\u0161u dro\u0161ai piestiprin\u0101\u0161anai.<\/p>\n<p data-path-to-node=\"14\"><b>Galven\u0101s iez\u012bmes:<\/b><\/p>\n<ul data-path-to-node=\"15\">\n<li>\n<p data-path-to-node=\"15,0,0\"><b>Dro\u0161\u012bbas atvieno\u0161an\u0101s klipsis:<\/b> B\u016btiska dro\u0161\u012bbas funkcija, kas atbr\u012bvojas spiediena ietekm\u0113; ide\u0101li piem\u0113rota korporat\u012bvai, medic\u012bniskai un r\u016bpnieciskai lieto\u0161anai.<\/p>\n<\/li>\n<li>\n<p data-path-to-node=\"15,1,0\"><b>Pilnkr\u0101su sublim\u0101cija:<\/b> \u013bauj veidot fotore\u0101listiskus, sare\u017e\u0123\u012btus dizainus un gradientus pa visu virsmu.<\/p>\n<\/li>\n<li>\n<p data-path-to-node=\"15,2,0\"><b>Iztur\u012bgs smalks poliesters:<\/b> Gluda 90 cm lente nov\u0113r\u0161 \u0101das kairin\u0101jumu un iztur ikdienas valk\u0101\u0161anu.<\/p>\n<\/li>\n<li>\n<p data-path-to-node=\"15,3,0\"><b>Divpus\u0113ja druk\u0101\u0161ana:<\/b> Pieejams ar z\u012bmola apdruku vien\u0101 vai ab\u0101s pus\u0113s, lai maksim\u0101li palielin\u0101tu redzam\u012bbu.<\/p>\n<\/li>\n<li>\n<p data-path-to-node=\"15,4,0\"><b>Dro\u0161a piestiprin\u0101\u0161ana:<\/b> Iek\u013cauta iztur\u012bga met\u0101la karab\u012bne (citas klip\u0161a iesp\u0113jas pieejamas p\u0113c piepras\u012bjuma).<\/p>\n<\/li>\n<\/ul>","protected":false},"excerpt":{"rendered":"<ul>\n<li>\n<p data-path-to-node=\"9,0,0\"><b>Oblig\u0101t\u0101 dro\u0161\u012bba:<\/b> Apr\u012bkots ar dro\u0161\u012bbas atvieno\u0161an\u0101s klipsi, kas atbr\u012bvojas nospriegojuma ietekm\u0113, atbilstot standarta korporat\u012bvajiem un pas\u0101kumu dro\u0161\u012bbas noteikumiem.<\/p>\n<\/li>\n<li>\n<p data-path-to-node=\"9,1,0\"><b>Neierobe\u017eots dizains:<\/b> Kr\u0101su sublim\u0101cijas tehnolo\u0123ija \u013cauj druk\u0101t sare\u017e\u0123\u012btus logotipus, fotoatt\u0113lus un gradientus pilnkr\u0101su re\u017e\u012bm\u0101 no malas l\u012bdz malai.<\/p>\n<\/li>\n<li>\n<p data-path-to-node=\"9,2,0\"><b>Past\u0101v\u012bga apdare:<\/b> Tinte tiek iestr\u0101d\u0101ta audum\u0101, nodro\u0161inot, ka dizains nekad neplais\u0101s, nelob\u012bsies un neizbal\u0113s.<\/p>\n<\/li>\n<li>\n<p data-path-to-node=\"9,3,0\"><b>Komforts un iztur\u012bba:<\/b> Izgatavots no m\u012bksta, smalki austa poliestera (90 cm), kas ir \u0113rts ilgsto\u0161ai valk\u0101\u0161anai.<\/p>\n<\/li>\n<\/ul>","protected":false},"featured_media":6712,"comment_status":"closed","ping_status":"closed","template":"","meta":[],"product_brand":[],"product_cat":[43,104,106],"product_tag":[],"class_list":{"0":"post-1250","1":"product","2":"type-product","3":"status-publish","4":"has-post-thumbnail","6":"product_cat-lanyards","7":"product_cat-custom-printed-lanyards","8":"product_cat-breakaway-lanyards","10":"first","11":"instock","12":"shipping-taxable","13":"purchasable","14":"product-type-simple"},"_links":{"self":[{"href":"https:\/\/displayproducts.eu\/lv\/wp-json\/wp\/v2\/product\/1250","targetHints":{"allow":["GET"]}}],"collection":[{"href":"https:\/\/displayproducts.eu\/lv\/wp-json\/wp\/v2\/product"}],"about":[{"href":"https:\/\/displayproducts.eu\/lv\/wp-json\/wp\/v2\/types\/product"}],"replies":[{"embeddable":true,"href":"https:\/\/displayproducts.eu\/lv\/wp-json\/wp\/v2\/comments?post=1250"}],"wp:featuredmedia":[{"embeddable":true,"href":"https:\/\/displayproducts.eu\/lv\/wp-json\/wp\/v2\/media\/6712"}],"wp:attachment":[{"href":"https:\/\/displayproducts.eu\/lv\/wp-json\/wp\/v2\/media?parent=1250"}],"wp:term":[{"taxonomy":"product_brand","embeddable":true,"href":"https:\/\/displayproducts.eu\/lv\/wp-json\/wp\/v2\/product_brand?post=1250"},{"taxonomy":"product_cat","embeddable":true,"href":"https:\/\/displayproducts.eu\/lv\/wp-json\/wp\/v2\/product_cat?post=1250"},{"taxonomy":"product_tag","embeddable":true,"href":"https:\/\/displayproducts.eu\/lv\/wp-json\/wp\/v2\/product_tag?post=1250"}],"curies":[{"name":"wp","href":"https:\/\/api.w.org\/{rel}","templated":true}]}}