{"id":1246,"date":"2024-10-27T11:54:13","date_gmt":"2024-10-27T08:54:13","guid":{"rendered":"https:\/\/wristbandfactory.eu\/toode\/flat-polyester-lanyards\/"},"modified":"2026-04-01T21:52:04","modified_gmt":"2026-04-01T18:52:04","slug":"custom-printed-polyester-lanyards-corporate-branding","status":"publish","type":"product","link":"https:\/\/displayproducts.eu\/lv\/p\/custom-printed-polyester-lanyards-corporate-branding\/","title":{"rendered":"P\u0113c pas\u016bt\u012bjuma apdruk\u0101tas poliestera kakla lentas \u2013 korporat\u012bv\u0101 z\u012bmola veido\u0161ana"},"content":{"rendered":"<div class=\"mx-12 md:mx-24 lg:mx-48\">\n<div class=\"container my-8 svelte-zlsknf\">\n<div class=\"my-24 rounded-lg border-0 border-gray-700 bg-gray-100 px-16 py-24\">\n<div class=\"mt-11 !text-gray-500\">\n<p data-path-to-node=\"12\">Nodro\u0161iniet sava pas\u0101kuma dro\u0161\u012bbu un apvienojiet savu komandu ar m\u016bsu pal\u012bdz\u012bbu <b>Piel\u0101gotas druk\u0101tas poliestera virves<\/b>, nozares standarta risin\u0101jums efekt\u012bvai z\u012bmola atpaz\u012bstam\u012bbai. \u0160\u012bs kakla lentass, kas izstr\u0101d\u0101tas liela apjoma pras\u012bb\u0101m, piem\u0113ram, starptautisk\u0101m konferenc\u0113m, tirdzniec\u012bbas izst\u0101d\u0113m un liela m\u0113roga festiv\u0101liem, pied\u0101v\u0101 optim\u0101lu l\u012bdzsvaru starp iztur\u012bbu, drukas kvalit\u0101ti un izmaksu efektivit\u0101ti.<\/p>\n<p data-path-to-node=\"13\">Izgatavots no augstas kvalit\u0101tes plakana poliestera, materi\u0101ls nodro\u0161ina gludu audeklu, kas ir b\u016btisks skaidram un salas\u0101mam z\u012bmola att\u0113lojumam. At\u0161\u0137ir\u012bb\u0101 no tekstur\u0113t\u0101m alternat\u012bv\u0101m, \u0161\u012b plakan\u0101 virsma \u013cauj prec\u012bzi reproduc\u0113t logotipu, nodro\u0161inot, ka j\u016bsu korporat\u012bv\u0101 identit\u0101te tiek att\u0113lota bez krop\u013cojumiem. M\u0113s pied\u0101v\u0101jam <b>Pantone kr\u0101su saska\u0146o\u0161ana<\/b>, kas \u013cauj mums nokr\u0101sot audumu un apdruk\u0101t j\u016bsu m\u0101kslas darbu j\u016bsu z\u012bmola kr\u0101s\u0101s no vienas vai ab\u0101m pus\u0113m.<\/p>\n<p data-path-to-node=\"14\">Katra kakla siksni\u0146a ir paredz\u0113ta komfortam un funkcionalit\u0101tei, un t\u0101s garums ir aptuveni 90 cm, t\u0101p\u0113c t\u0101 ir piem\u0113rota visiem dal\u012bbniekiem. Ier\u012bce tiek pieg\u0101d\u0101ta iepriek\u0161 salikta ar iztur\u012bgu <b>met\u0101la karab\u012bne<\/b>, nodro\u0161inot, ka personas apliec\u012bbas, apmekl\u0113t\u0101ju caurlaides un piek\u013cuves piekari\u0146i paliek dro\u0161i piestiprin\u0101ti visa pas\u0101kuma laik\u0101. Organiz\u0101cij\u0101m ar \u012bpa\u0161\u0101m dro\u0161\u012bbas vai funkcion\u0101l\u0101m vajadz\u012bb\u0101m p\u0113c piepras\u012bjuma ir pieejami alternat\u012bvi stiprin\u0101jumi (piem\u0113ram, dro\u0161\u012bbas atvienojamie elementi vai da\u017e\u0101das skavas).<\/p>\n<p data-path-to-node=\"15\"><b>Galven\u0101s iez\u012bmes:<\/b><\/p>\n<ul data-path-to-node=\"16\">\n<li>\n<p data-path-to-node=\"16,0,0\"><b>Materi\u0101ls:<\/b> Iztur\u012bgs, plakans poliesters, kas paredz\u0113ts augstas iz\u0161\u0137irtsp\u0113jas druk\u0101\u0161anai.<\/p>\n<\/li>\n<li>\n<p data-path-to-node=\"16,1,0\"><b>Piel\u0101go\u0161ana:<\/b> Piln\u012bga Pantone kr\u0101su saska\u0146o\u0161ana gan audumam, gan apdrukai.<\/p>\n<\/li>\n<li>\n<p data-path-to-node=\"16,2,0\"><b>Druk\u0101\u0161anas opcijas:<\/b> Pieejams ar vienpus\u0113ju vai divpus\u0113ju logotipa izvietojumu maksim\u0101lai redzam\u012bbai.<\/p>\n<\/li>\n<li>\n<p data-path-to-node=\"16,3,0\"><b>Standarta izm\u0113ri:<\/b> 90 cm garums x 20 mm platums (standarta) univers\u0101lai piegul\u0113\u0161anai.<\/p>\n<\/li>\n<li>\n<p data-path-to-node=\"16,4,0\"><b>Aparat\u016bra:<\/b> Iek\u013cauta iztur\u012bga met\u0101la karab\u012bne; pieejami piel\u0101goti stiprin\u0101jumi.<\/p>\n<\/li>\n<li>\n<p data-path-to-node=\"16,5,0\"><b>Lieto\u0161anas gad\u012bjums:<\/b> Lieliski piem\u0113rots korporat\u012bvaj\u0101m identifik\u0101cij\u0101m, darbinieku noz\u012bm\u012bt\u0113m un rekl\u0101mas pas\u0101kumu d\u0101van\u0101m.<\/p>\n<\/li>\n<\/ul>\n<\/div>\n<\/div>\n<\/div>\n<\/div>","protected":false},"excerpt":{"rendered":"<ul data-path-to-node=\"10\">\n<li>\n<p data-path-to-node=\"10,0,0\"><b>Augstas ietekmes z\u012bmola veido\u0161ana:<\/b> Gluda, plakana poliestera virsma nodro\u0161ina asu, augsta kontrasta logotipa reprodukciju.<\/p>\n<\/li>\n<li>\n<p data-path-to-node=\"10,1,0\"><b>Pantone precizit\u0101te:<\/b> Piln\u012bb\u0101 piel\u0101gojama druk\u0101\u0161ana no vienas vai ab\u0101m pus\u0113m, lai t\u0101 prec\u012bzi atbilstu j\u016bsu korporat\u012bvaj\u0101m kr\u0101s\u0101m.<\/p>\n<\/li>\n<li>\n<p data-path-to-node=\"10,2,0\"><b>Izmaksu zi\u0146\u0101 efekt\u012bvs vairumtirdzniec\u012bbas risin\u0101jums:<\/b> Nozares standarts liela m\u0113roga konferenc\u0113m, festiv\u0101liem un tirdzniec\u012bbas izst\u0101d\u0113m.<\/p>\n<\/li>\n<li>\n<p data-path-to-node=\"10,3,0\"><b>Uzticama aparat\u016bra:<\/b> Standarta komplekt\u0101cij\u0101 iek\u013cauta iztur\u012bga met\u0101la karab\u012bne dro\u0161ai personas apliec\u012bbas un \u017eetona piestiprin\u0101\u0161anai.<\/p>\n<\/li>\n<\/ul>","protected":false},"featured_media":6815,"comment_status":"closed","ping_status":"closed","template":"","meta":[],"product_brand":[],"product_cat":[104],"product_tag":[],"class_list":{"0":"post-1246","1":"product","2":"type-product","3":"status-publish","4":"has-post-thumbnail","6":"product_cat-custom-printed-lanyards","8":"first","9":"instock","10":"shipping-taxable","11":"purchasable","12":"product-type-simple"},"_links":{"self":[{"href":"https:\/\/displayproducts.eu\/lv\/wp-json\/wp\/v2\/product\/1246","targetHints":{"allow":["GET"]}}],"collection":[{"href":"https:\/\/displayproducts.eu\/lv\/wp-json\/wp\/v2\/product"}],"about":[{"href":"https:\/\/displayproducts.eu\/lv\/wp-json\/wp\/v2\/types\/product"}],"replies":[{"embeddable":true,"href":"https:\/\/displayproducts.eu\/lv\/wp-json\/wp\/v2\/comments?post=1246"}],"wp:featuredmedia":[{"embeddable":true,"href":"https:\/\/displayproducts.eu\/lv\/wp-json\/wp\/v2\/media\/6815"}],"wp:attachment":[{"href":"https:\/\/displayproducts.eu\/lv\/wp-json\/wp\/v2\/media?parent=1246"}],"wp:term":[{"taxonomy":"product_brand","embeddable":true,"href":"https:\/\/displayproducts.eu\/lv\/wp-json\/wp\/v2\/product_brand?post=1246"},{"taxonomy":"product_cat","embeddable":true,"href":"https:\/\/displayproducts.eu\/lv\/wp-json\/wp\/v2\/product_cat?post=1246"},{"taxonomy":"product_tag","embeddable":true,"href":"https:\/\/displayproducts.eu\/lv\/wp-json\/wp\/v2\/product_tag?post=1246"}],"curies":[{"name":"wp","href":"https:\/\/api.w.org\/{rel}","templated":true}]}}