{"id":1243,"date":"2024-10-27T11:54:13","date_gmt":"2024-10-27T08:54:13","guid":{"rendered":"https:\/\/wristbandfactory.eu\/toode\/seed-paper-lanyard\/"},"modified":"2026-04-01T21:52:36","modified_gmt":"2026-04-01T18:52:36","slug":"seed-paper-lanyards","status":"publish","type":"product","link":"https:\/\/displayproducts.eu\/lv\/p\/seed-paper-lanyards\/","title":{"rendered":"S\u0113klu pap\u012bra kakla lentas (St\u0101d\u0101mas)"},"content":{"rendered":"<p data-path-to-node=\"11\">Radiet palieko\u0161u vides deklar\u0101ciju sav\u0101 n\u0101kamaj\u0101 pas\u0101kum\u0101, izst\u0101d\u0113 vai festiv\u0101l\u0101 ar m\u016bsu inovat\u012bvo <b>S\u0113klu pap\u012bra virves<\/b>. \u0160\u012bs kakla lentas, kas paredz\u0113tas, lai tradicion\u0101li vienreizlietojamam produktam pie\u0161\u0137irtu jaunu, videi draudz\u012bgu m\u0113r\u0137i, pied\u0101v\u0101 unik\u0101lu veidu, k\u0101 par\u0101d\u012bt j\u016bsu organiz\u0101cijas ap\u0146em\u0161anos atjaunotnes un ilgtsp\u0113j\u012bbas jom\u0101.<\/p>\n<p data-path-to-node=\"12\">T\u0101 viet\u0101, lai p\u0113c pas\u0101kuma izmestu kakla siksni\u0146u, dal\u012bbnieki tiek aicin\u0101ti to iest\u0101d\u012bt tie\u0161i augsn\u0113. Laika gait\u0101 biolo\u0123iski no\u0101rd\u0101mais pap\u012brs sadal\u0101s, un iestr\u0101d\u0101t\u0101s s\u0113klas uzzied, veidojot skaistu augu mais\u012bjumu. <b>savva\u013cas pu\u0137es<\/b>. Tas rada pozit\u012bvu, dz\u012bvu atg\u0101din\u0101jumu par j\u016bsu z\u012bmolu un v\u0113st\u012bjumu ilgi p\u0113c tam, kad konferences durvis ir aizv\u0113rtas.<\/p>\n<p data-path-to-node=\"13\">Katra kakla siksni\u0146a ir izgatavota Eirop\u0101 no <b>80 g\/m\u00b2 s\u0113klu pap\u012brs<\/b>. Lai gan tas ir smalks, tas ir lieliski piem\u0113rots vienas dienas pas\u0101kumiem, VIP caurlaid\u0113m vai ekskluz\u012bviem iel\u016bgumiem. J\u016bsu pilnkr\u0101su dizainu var apdruk\u0101t vien\u0101 pus\u0113. Lai atbalst\u012btu produkta videi draudz\u012bgo raksturu un nodro\u0161in\u0101tu vislab\u0101ko d\u012bgtsp\u0113ju, m\u0113s iesak\u0101m dizainus, kas nosedz maz\u0101k nek\u0101 50% no virsmas laukuma (kas ar\u012b pied\u0101v\u0101 izmaksu priek\u0161roc\u012bbas).<\/p>\n<p data-path-to-node=\"14\"><b>Galven\u0101s iez\u012bmes:<\/b><\/p>\n<ul data-path-to-node=\"15\">\n<li>\n<p data-path-to-node=\"15,0,0\"><b>Materi\u0101ls:<\/b> 80 g\/m\u00b2 biolo\u0123iski no\u0101rd\u0101ms pap\u012brs ar savva\u013cas ziedu s\u0113klu mais\u012bjumu.<\/p>\n<\/li>\n<li>\n<p data-path-to-node=\"15,1,0\"><b>Lieto\u0161ana p\u0113c pas\u0101kuma:<\/b> Piln\u012bb\u0101 st\u0101d\u0101ms; p\u0101rv\u0113r\u0161 atkritumus savva\u013cas ziedu d\u0101rz\u0101.<\/p>\n<\/li>\n<li>\n<p data-path-to-node=\"15,2,0\"><b>Druk\u0101\u0161ana:<\/b> Vienpus\u0113ja pilnkr\u0101su druka (ieteicams videi draudz\u012bgs zems tintes p\u0101rkl\u0101jums).<\/p>\n<\/li>\n<li>\n<p data-path-to-node=\"15,3,0\"><b>Izm\u0113ri:<\/b> Standarta izm\u0113rs 90 x 20 mm (aptuveni).<\/p>\n<\/li>\n<li>\n<p data-path-to-node=\"15,4,0\"><b>Izcelsme:<\/b> Ra\u017eots Eirop\u0101, lai samazin\u0101tu oglek\u013ca p\u0113das nospiedumu.<\/p>\n<\/li>\n<li>\n<p data-path-to-node=\"15,5,0\"><b>Lieto\u0161anas gad\u012bjums:<\/b> Ide\u0101li piem\u0113rots \u012bstermi\u0146a pas\u0101kumiem, produktu prezent\u0101cij\u0101m un za\u013c\u0101m k\u0101z\u0101m.<\/p>\n<\/li>\n<\/ul>","protected":false},"excerpt":{"rendered":"<ul data-path-to-node=\"9\">\n<li>\n<p data-path-to-node=\"9,0,0\"><b>Plantable z\u012bmola veido\u0161ana:<\/b> \u0160\u0146\u0101t\u012bte satur savva\u013cas ziedu s\u0113klu mais\u012bjumu, kas zied, kad p\u0113c pas\u0101kuma t\u0101s tiek ies\u0113tas augsn\u0113.<\/p>\n<\/li>\n<li>\n<p data-path-to-node=\"9,1,0\"><b>Nulles atkritumu cikls:<\/b> Piln\u012bb\u0101 biolo\u0123iski no\u0101rd\u0101ms produkts, kas neatst\u0101j aiz sevis atkritumus, tikai ziedus.<\/p>\n<\/li>\n<li>\n<p data-path-to-node=\"9,2,0\"><b>Ekodizains:<\/b> Druk\u0101\u0161ana ir optimiz\u0113ta minim\u0101lam tintes pat\u0113ri\u0146am (ieteicams &lt;50% p\u0101rkl\u0101jums), lai nodro\u0161in\u0101tu s\u0113klu dz\u012bvotsp\u0113ju.<\/p>\n<\/li>\n<li>\n<p data-path-to-node=\"9,3,0\"><b>Ra\u017eots Eirop\u0101:<\/b> Ra\u017eots lok\u0101li, izmantojot 80 g\/m\u00b2 pap\u012bru, lai samazin\u0101tu transporta rad\u012bt\u0101s emisijas.<\/p>\n<\/li>\n<\/ul>","protected":false},"featured_media":6780,"comment_status":"closed","ping_status":"closed","template":"","meta":[],"product_brand":[],"product_cat":[43,107],"product_tag":[],"class_list":{"0":"post-1243","1":"product","2":"type-product","3":"status-publish","4":"has-post-thumbnail","6":"product_cat-lanyards","7":"product_cat-eco-friendly-lanyards","9":"first","10":"instock","11":"shipping-taxable","12":"purchasable","13":"product-type-simple"},"_links":{"self":[{"href":"https:\/\/displayproducts.eu\/lv\/wp-json\/wp\/v2\/product\/1243","targetHints":{"allow":["GET"]}}],"collection":[{"href":"https:\/\/displayproducts.eu\/lv\/wp-json\/wp\/v2\/product"}],"about":[{"href":"https:\/\/displayproducts.eu\/lv\/wp-json\/wp\/v2\/types\/product"}],"replies":[{"embeddable":true,"href":"https:\/\/displayproducts.eu\/lv\/wp-json\/wp\/v2\/comments?post=1243"}],"wp:featuredmedia":[{"embeddable":true,"href":"https:\/\/displayproducts.eu\/lv\/wp-json\/wp\/v2\/media\/6780"}],"wp:attachment":[{"href":"https:\/\/displayproducts.eu\/lv\/wp-json\/wp\/v2\/media?parent=1243"}],"wp:term":[{"taxonomy":"product_brand","embeddable":true,"href":"https:\/\/displayproducts.eu\/lv\/wp-json\/wp\/v2\/product_brand?post=1243"},{"taxonomy":"product_cat","embeddable":true,"href":"https:\/\/displayproducts.eu\/lv\/wp-json\/wp\/v2\/product_cat?post=1243"},{"taxonomy":"product_tag","embeddable":true,"href":"https:\/\/displayproducts.eu\/lv\/wp-json\/wp\/v2\/product_tag?post=1243"}],"curies":[{"name":"wp","href":"https:\/\/api.w.org\/{rel}","templated":true}]}}