{"id":1242,"date":"2024-10-27T11:54:14","date_gmt":"2024-10-27T08:54:14","guid":{"rendered":"https:\/\/wristbandfactory.eu\/toode\/corn-lanyards\/"},"modified":"2026-04-01T21:52:36","modified_gmt":"2026-04-01T18:52:36","slug":"printed-eco-corn-lanyards","status":"publish","type":"product","link":"https:\/\/displayproducts.eu\/lv\/p\/printed-eco-corn-lanyards\/","title":{"rendered":"Kukur\u016bzas cietes kakla lentas (PLA)"},"content":{"rendered":"<div class=\"mx-12 md:mx-24 lg:mx-48\">\n<div class=\"container my-8 svelte-zlsknf\">\n<div class=\"my-24 rounded-lg border-0 border-gray-700 bg-gray-100 px-16 py-24\">\n<div class=\"mt-11 !text-gray-500\">\n<p data-path-to-node=\"11\">Aplieciniet patiesu vides l\u012bder\u012bbu ar m\u016bsu <b>Apdruk\u0101tas eko kukur\u016bzas kakla lentas<\/b>. At\u0161\u0137ir\u012bb\u0101 no tradicion\u0101laj\u0101m sint\u0113tiskaj\u0101m kakla siksni\u0146\u0101m, kas ieg\u016btas no naftas, \u0161\u012bs inovat\u012bv\u0101s identifik\u0101cijas lentass ir izgatavotas no <b>100% kukur\u016bzas ciete (PLA)<\/b> \u0161\u0137iedras. Tas padara tos par piln\u012bb\u0101 biolo\u0123iski no\u0101rd\u0101mu un uz augu b\u0101zes veidotu risin\u0101jumu, kas ir ide\u0101li piem\u0113rots t\u0101lredz\u012bg\u0101m organiz\u0101cij\u0101m un ilgtsp\u0113j\u012bgiem pas\u0101kumiem.<\/p>\n<p data-path-to-node=\"12\">\u0160\u012b produkta unikalit\u0101ti sl\u0113pjas t\u0101 \u201cbezkompromisa\u201d \u012bpa\u0161\u012bb\u0101. Lai gan tas ir izgatavots no kukur\u016bzas, ieg\u016bt\u0101 PLA \u0161\u0137iedra atdarina standarta poliestera iztur\u012bbu, tekst\u016bru un stipr\u012bbu. Tas noz\u012bm\u0113, ka j\u016bs ieg\u016bstat iztur\u012bgu, augstas kvalit\u0101tes kakla siksnu, kas var iztur\u0113t vair\u0101ku dienu konferences, ta\u010du t\u0101s dz\u012bves cikla beig\u0101s t\u0101 ir kompost\u0113jama.<\/p>\n<p data-path-to-node=\"13\">M\u0113s pied\u0101v\u0101jam profesion\u0101lu <b>sietspiede<\/b> uz gludas PLA virsmas, nodro\u0161inot, ka j\u016bsu logotips tiek atveidots prec\u012bzi j\u016bsu v\u0113lamaj\u0101 veid\u0101 <b>Pantone z\u012bmola kr\u0101sas<\/b>. Neatkar\u012bgi no t\u0101, vai nepiecie\u0161ama vienpus\u0113ja vai divpus\u0113ja druk\u0101\u0161ana, rezult\u0101ts ir skaidrs un ko\u0161s. Katra ier\u012bce ir apr\u012bkota ar standarta <b>met\u0101la karab\u012bne<\/b>, apvienojot r\u016bpniecisko iztur\u012bbu ar vides jut\u012bgumu.<\/p>\n<p data-path-to-node=\"14\"><b>Galven\u0101s iez\u012bmes:<\/b><\/p>\n<ul data-path-to-node=\"15\">\n<li>\n<p data-path-to-node=\"15,0,0\"><b>Materi\u0101ls:<\/b> 100% kukur\u016bzas cietes \u0161\u0137iedra (PLA) \u2013 augu izcelsmes un biolo\u0123iski no\u0101rd\u0101ma.<\/p>\n<\/li>\n<li>\n<p data-path-to-node=\"15,1,0\"><b>Veiktsp\u0113ja:<\/b> Iztur\u012bga un gluda tekst\u016bra, l\u012bdz\u012bga tradicion\u0101lajam poliesteram.<\/p>\n<\/li>\n<li>\n<p data-path-to-node=\"15,2,0\"><b>Ilgtsp\u0113j\u012bba:<\/b> Iev\u0113rojami maz\u0101ka oglek\u013ca p\u0113da sal\u012bdzin\u0101jum\u0101 ar uz naftas b\u0101zes izgatavotu plastmasu.<\/p>\n<\/li>\n<li>\n<p data-path-to-node=\"15,3,0\"><b>Druk\u0101\u0161ana:<\/b> Augstas kvalit\u0101tes sietspiede ar Pantone kr\u0101su saska\u0146o\u0161anu.<\/p>\n<\/li>\n<li>\n<p data-path-to-node=\"15,4,0\"><b>Aparat\u016bra:<\/b> Iek\u013cauta uzticama met\u0101la karab\u012bne dro\u0161ai noz\u012bm\u012b\u0161u piestiprin\u0101\u0161anai.<\/p>\n<\/li>\n<li>\n<p data-path-to-node=\"15,5,0\"><b>Lieto\u0161anas gad\u012bjums:<\/b> Lieliski piem\u0113rots \u201cza\u013caj\u0101m\u201d konferenc\u0113m, ekofestiv\u0101liem un korporat\u012bv\u0101s soci\u0101l\u0101s atbild\u012bbas iniciat\u012bv\u0101m.<\/p>\n<\/li>\n<\/ul>\n<\/div>\n<\/div>\n<\/div>\n<\/div>","protected":false},"excerpt":{"rendered":"<ul>\n<li>\n<p data-path-to-node=\"9,0,0\"><b>Augu izcelsmes inov\u0101cijas:<\/b> Ra\u017eots no 100% kukur\u016bzas cietes \u0161\u0137iedras (PLA), kas pied\u0101v\u0101 piln\u012bb\u0101 biolo\u0123iski no\u0101rd\u0101mu alternat\u012bvu uz e\u013c\u013cas b\u0101zes veidotai plastmasai.<\/p>\n<\/li>\n<li>\n<p data-path-to-node=\"9,1,0\"><b>Poliestera tipa veiktsp\u0113ja:<\/b> J\u016btas un darbojas tie\u0161i t\u0101pat k\u0101 sint\u0113tiskais audums \u2014 iztur\u012bgs un gluds \u2014, bet ir piln\u012bb\u0101 ieg\u016bts no augiem.<\/p>\n<\/li>\n<li>\n<p data-path-to-node=\"9,2,0\"><b>Korporat\u012bv\u0101 atbild\u012bba:<\/b> Ide\u0101la izv\u0113le uz\u0146\u0113mumiem ar stingru bezatkritumu vai oglek\u013ca neitr\u0101lu politiku.<\/p>\n<\/li>\n<li>\n<p data-path-to-node=\"9,3,0\"><b>Piel\u0101gots z\u012bmols:<\/b> Gluda virsma \u013cauj uz vienas vai div\u0101m pus\u0113m veikt asu, Pantone kr\u0101su to\u0146iem atbilsto\u0161u sietspiedi.<\/p>\n<\/li>\n<\/ul>","protected":false},"featured_media":6736,"comment_status":"closed","ping_status":"closed","template":"","meta":[],"product_brand":[],"product_cat":[104,107],"product_tag":[],"class_list":{"0":"post-1242","1":"product","2":"type-product","3":"status-publish","4":"has-post-thumbnail","6":"product_cat-custom-printed-lanyards","7":"product_cat-eco-friendly-lanyards","9":"first","10":"instock","11":"shipping-taxable","12":"purchasable","13":"product-type-simple"},"_links":{"self":[{"href":"https:\/\/displayproducts.eu\/lv\/wp-json\/wp\/v2\/product\/1242","targetHints":{"allow":["GET"]}}],"collection":[{"href":"https:\/\/displayproducts.eu\/lv\/wp-json\/wp\/v2\/product"}],"about":[{"href":"https:\/\/displayproducts.eu\/lv\/wp-json\/wp\/v2\/types\/product"}],"replies":[{"embeddable":true,"href":"https:\/\/displayproducts.eu\/lv\/wp-json\/wp\/v2\/comments?post=1242"}],"wp:featuredmedia":[{"embeddable":true,"href":"https:\/\/displayproducts.eu\/lv\/wp-json\/wp\/v2\/media\/6736"}],"wp:attachment":[{"href":"https:\/\/displayproducts.eu\/lv\/wp-json\/wp\/v2\/media?parent=1242"}],"wp:term":[{"taxonomy":"product_brand","embeddable":true,"href":"https:\/\/displayproducts.eu\/lv\/wp-json\/wp\/v2\/product_brand?post=1242"},{"taxonomy":"product_cat","embeddable":true,"href":"https:\/\/displayproducts.eu\/lv\/wp-json\/wp\/v2\/product_cat?post=1242"},{"taxonomy":"product_tag","embeddable":true,"href":"https:\/\/displayproducts.eu\/lv\/wp-json\/wp\/v2\/product_tag?post=1242"}],"curies":[{"name":"wp","href":"https:\/\/api.w.org\/{rel}","templated":true}]}}