{"id":1238,"date":"2024-10-27T11:54:14","date_gmt":"2024-10-27T08:54:14","guid":{"rendered":"https:\/\/wristbandfactory.eu\/toode\/standard-shoelace-lanyards\/"},"modified":"2026-04-01T21:52:36","modified_gmt":"2026-04-01T18:52:36","slug":"plain-shoelace-lanyards","status":"publish","type":"product","link":"https:\/\/displayproducts.eu\/lv\/p\/plain-shoelace-lanyards\/","title":{"rendered":"Bez apdrukas kurpju auklu aukli\u0146as"},"content":{"rendered":"<p>Nodro\u0161iniet savai komandai praktisku un profesion\u0101lu risin\u0101jumu ikdienas identifik\u0101cijai. M\u016bsu kurpju \u0161\u0146oru kakla lentas ir izmaksu zi\u0146\u0101 efekt\u012bva un stil\u012bga izv\u0113le uz\u0146\u0113mumiem un organiz\u0101cij\u0101m, kur\u0101m nepiecie\u0161ams uzticams veids, k\u0101 izvietot darbinieku apliec\u012bbas vai pas\u0101kumu piek\u013cuves kartes.<\/p>\n<p>\u0160\u012bm kakla siksni\u0146\u0101m ir popul\u0101rais kurpju \u0161\u0146oru dizains, kas paz\u012bstams ar savu \u0113rtu saj\u016btu un iztur\u012bbu, padarot t\u0101s ide\u0101li piem\u0113rotas valk\u0101\u0161anai visas dienas garum\u0101 konferenc\u0113s, tirdzniec\u012bbas izst\u0101d\u0113s vai biroj\u0101. Lai gan t\u0101s nav apdruk\u0101tas, t\u0101s ir pieejamas pla\u0161\u0101 kr\u0101su gamm\u0101, \u013caujot t\u0101s viegli pieska\u0146ot j\u016bsu korporat\u012bvajam z\u012bmolam vai pas\u0101kuma t\u0113mai. Katrai kakla siksni\u0146ai ir iztur\u012bgs met\u0101la tur\u0113t\u0101js, lai dro\u0161i piestiprin\u0101tu jebkuru ID tur\u0113t\u0101ju vai piek\u013cuves caurlaidi.<\/p>\n<p><b>Galven\u0101s iez\u012bmes:<\/b><\/p>\n<ul>\n<li><b>Klasisks kurpju \u0161\u0146oru dizains:<\/b> Pied\u0101v\u0101 \u0113rtu, vieglu un iztur\u012bgu risin\u0101jumu valk\u0101\u0161anai visas dienas garum\u0101.<\/li>\n<li><b>Izmaksu zi\u0146\u0101 efekt\u012bvs identifik\u0101cijas risin\u0101jums:<\/b> Ide\u0101li piem\u0113rots vairumtirdzniec\u012bbas pas\u016bt\u012bjumiem liela m\u0113roga pas\u0101kumiem, konferenc\u0113m vai ikdienas darbinieku identifik\u0101cijai.<\/li>\n<li><b>Vair\u0101kas kr\u0101su opcijas:<\/b> Pieejams pla\u0161\u0101 vienkr\u0101sainu kr\u0101su gamm\u0101, lai atbilstu korporat\u012bvajam z\u012bmolam vai kategoriz\u0113tu apmekl\u0113t\u0101jus.<\/li>\n<li><b>Standarta met\u0101la klipsis:<\/b> Iek\u013cauts uzticams met\u0101la klipsis ID tur\u0113t\u0101ju vai pas\u0101kumu caurlai\u017eu dro\u0161ai piestiprin\u0101\u0161anai.<\/li>\n<\/ul>\n<p>&nbsp;<\/p>","protected":false},"excerpt":{"rendered":"<ul>\n<li>Izmaksu zi\u0146\u0101 efekt\u012bvs risin\u0101jums ikdienas darbinieku identifik\u0101cijai un piek\u013cuvei pas\u0101kumiem.<\/li>\n<li>Klasisks, iztur\u012bgs kurpju \u0161\u0146oru auklas dizains komfortam visas dienas garum\u0101.<\/li>\n<li>Pieejams pla\u0161\u0101 vienkr\u0101sainu kr\u0101su gamm\u0101, lai atbilstu j\u016bsu korporat\u012bvajai identit\u0101tei.<\/li>\n<li>Iek\u013cauts standarta met\u0101la klipsis ID kart\u0113m un piek\u013cuves kart\u0113m.<\/li>\n<li><\/li>\n<\/ul>","protected":false},"featured_media":6723,"comment_status":"closed","ping_status":"closed","template":"","meta":[],"product_brand":[],"product_cat":[43,113],"product_tag":[],"class_list":{"0":"post-1238","1":"product","2":"type-product","3":"status-publish","4":"has-post-thumbnail","6":"product_cat-lanyards","7":"product_cat-plain-lanyards","9":"first","10":"instock","11":"shipping-taxable","12":"purchasable","13":"product-type-simple"},"_links":{"self":[{"href":"https:\/\/displayproducts.eu\/lv\/wp-json\/wp\/v2\/product\/1238","targetHints":{"allow":["GET"]}}],"collection":[{"href":"https:\/\/displayproducts.eu\/lv\/wp-json\/wp\/v2\/product"}],"about":[{"href":"https:\/\/displayproducts.eu\/lv\/wp-json\/wp\/v2\/types\/product"}],"replies":[{"embeddable":true,"href":"https:\/\/displayproducts.eu\/lv\/wp-json\/wp\/v2\/comments?post=1238"}],"wp:featuredmedia":[{"embeddable":true,"href":"https:\/\/displayproducts.eu\/lv\/wp-json\/wp\/v2\/media\/6723"}],"wp:attachment":[{"href":"https:\/\/displayproducts.eu\/lv\/wp-json\/wp\/v2\/media?parent=1238"}],"wp:term":[{"taxonomy":"product_brand","embeddable":true,"href":"https:\/\/displayproducts.eu\/lv\/wp-json\/wp\/v2\/product_brand?post=1238"},{"taxonomy":"product_cat","embeddable":true,"href":"https:\/\/displayproducts.eu\/lv\/wp-json\/wp\/v2\/product_cat?post=1238"},{"taxonomy":"product_tag","embeddable":true,"href":"https:\/\/displayproducts.eu\/lv\/wp-json\/wp\/v2\/product_tag?post=1238"}],"curies":[{"name":"wp","href":"https:\/\/api.w.org\/{rel}","templated":true}]}}