{"id":1235,"date":"2024-10-27T11:54:14","date_gmt":"2024-10-27T08:54:14","guid":{"rendered":"https:\/\/wristbandfactory.eu\/toode\/fluorescent-lanyards\/"},"modified":"2026-04-01T21:52:04","modified_gmt":"2026-04-01T18:52:04","slug":"fluorescent-lanyards","status":"publish","type":"product","link":"https:\/\/displayproducts.eu\/lv\/p\/fluorescent-lanyards\/","title":{"rendered":"Fluoresc\u0113jo\u0161as kakla lentas"},"content":{"rendered":"<p>Uzlabojiet redzam\u012bbu un dro\u0161\u012bbu sav\u0101 n\u0101kamaj\u0101 pas\u0101kum\u0101 ar m\u016bsu fluoresc\u0113jo\u0161aj\u0101m kakla siksni\u0146\u0101m. \u0160\u012bs kakla lentas ir b\u016btisks instruments pas\u0101kumu vad\u012bt\u0101jiem, kuriem nepiecie\u0161ams viegli identific\u0113t darbiniekus, VIP personas vai viesus visos apgaismojuma apst\u0101k\u013cos.<\/p>\n<p>Izgatavotas no augstas kvalit\u0101tes, iztur\u012bgiem materi\u0101liem, \u0161\u012bs kakla lentas ir paredz\u0113tas vair\u0101ku dienu lieto\u0161anai. Spilgti fluoresc\u0113jo\u0161ais materi\u0101ls ir labi redzams dienasgaism\u0101 un <b>spilgti sp\u012bd UV gaism\u0101 (meln\u0101 gaism\u0101)<\/b>, padarot tos par ide\u0101lu risin\u0101jumu naktsklubiem, koncertiem, festiv\u0101liem un vakara korporat\u012bvajiem pas\u0101kumiem.<\/p>\n<p>\u0160\u012b labi redzam\u0101 iez\u012bme nodro\u0161ina papildu dro\u0161\u012bbas l\u012bmeni un \u013cauj \u0101tri vizu\u0101li identific\u0113t pilnvarot\u0101s personas. Pieejami da\u017e\u0101d\u0101s ko\u0161\u0101s kr\u0101s\u0101s, tie nodro\u0161ina lielisku pamatu j\u016bsu piel\u0101gotajam logotipam, p\u0101rv\u0113r\u0161ot dro\u0161\u012bbas priek\u0161metu par rekl\u0101mas r\u012bku. Pas\u016btiet vairum\u0101, lai nodro\u0161in\u0101tu izmaksu zi\u0146\u0101 efekt\u012bvu veidu, k\u0101 p\u0101rvald\u012bt savu pas\u0101kumu un reklam\u0113t savu z\u012bmolu.<\/p>\n<p><b>Galven\u0101s iez\u012bmes:<\/b><\/p>\n<ul>\n<li><b>Augstas redzam\u012bbas materi\u0101ls:<\/b> Nodro\u0161ina lielisku redzam\u012bbu dienasgaism\u0101 un spilgti sp\u012bd UV\/meln\u0101 gaism\u0101.<\/li>\n<li><b>Iztur\u012bga konstrukcija:<\/b> Izgatavots no augstas kvalit\u0101tes, iztur\u012bgiem materi\u0101liem, kas piem\u0113roti vair\u0101ku dienu pas\u0101kumiem.<\/li>\n<li><b>Uzlabota pas\u0101kumu dro\u0161\u012bba:<\/b> \u013bauj viegli un \u0101tri vizu\u0101li identific\u0113t darbiniekus vai viesus v\u0101ja apgaismojuma apst\u0101k\u013cos.<\/li>\n<li><b>Izmaksu zi\u0146\u0101 efekt\u012bva z\u012bmola veido\u0161ana:<\/b> Pieejams risin\u0101jums j\u016bsu z\u012bmola vai v\u0113st\u012bjuma masveida reklam\u0113\u0161anai liela m\u0113roga pas\u0101kumos.<\/li>\n<li><b>Vair\u0101kas kr\u0101su opcijas:<\/b> Pieejams da\u017e\u0101d\u0101s spilgt\u0101s, fluoresc\u0113jo\u0161\u0101s kr\u0101s\u0101s, lai atbilstu j\u016bsu pas\u0101kuma t\u0113mai.<\/li>\n<\/ul>","protected":false},"excerpt":{"rendered":"<ul>\n<li>Uzlabojiet darbinieku un viesu redzam\u012bbu v\u0101ja apgaismojuma apst\u0101k\u013cos.<\/li>\n<li>Spilgts fluoresc\u0113jo\u0161s materi\u0101ls spilgti mirdz UV\/meln\u0101 gaism\u0101.<\/li>\n<li>Iztur\u012bgs, augstas kvalit\u0101tes materi\u0101ls vair\u0101ku dienu pas\u0101kumam.<\/li>\n<li>Ide\u0101li piem\u0113rots festiv\u0101lu, koncertu un korporat\u012bvo pas\u0101kumu darbinieku identifik\u0101cijai.<\/li>\n<\/ul>","protected":false},"featured_media":6706,"comment_status":"closed","ping_status":"closed","template":"","meta":[],"product_brand":[],"product_cat":[43,109],"product_tag":[],"class_list":{"0":"post-1235","1":"product","2":"type-product","3":"status-publish","4":"has-post-thumbnail","6":"product_cat-lanyards","7":"product_cat-reflective-lanyards","9":"first","10":"instock","11":"shipping-taxable","12":"purchasable","13":"product-type-simple"},"_links":{"self":[{"href":"https:\/\/displayproducts.eu\/lv\/wp-json\/wp\/v2\/product\/1235","targetHints":{"allow":["GET"]}}],"collection":[{"href":"https:\/\/displayproducts.eu\/lv\/wp-json\/wp\/v2\/product"}],"about":[{"href":"https:\/\/displayproducts.eu\/lv\/wp-json\/wp\/v2\/types\/product"}],"replies":[{"embeddable":true,"href":"https:\/\/displayproducts.eu\/lv\/wp-json\/wp\/v2\/comments?post=1235"}],"wp:featuredmedia":[{"embeddable":true,"href":"https:\/\/displayproducts.eu\/lv\/wp-json\/wp\/v2\/media\/6706"}],"wp:attachment":[{"href":"https:\/\/displayproducts.eu\/lv\/wp-json\/wp\/v2\/media?parent=1235"}],"wp:term":[{"taxonomy":"product_brand","embeddable":true,"href":"https:\/\/displayproducts.eu\/lv\/wp-json\/wp\/v2\/product_brand?post=1235"},{"taxonomy":"product_cat","embeddable":true,"href":"https:\/\/displayproducts.eu\/lv\/wp-json\/wp\/v2\/product_cat?post=1235"},{"taxonomy":"product_tag","embeddable":true,"href":"https:\/\/displayproducts.eu\/lv\/wp-json\/wp\/v2\/product_tag?post=1235"}],"curies":[{"name":"wp","href":"https:\/\/api.w.org\/{rel}","templated":true}]}}