{"id":1233,"date":"2024-10-27T11:54:14","date_gmt":"2024-10-27T08:54:14","guid":{"rendered":"https:\/\/wristbandfactory.eu\/toode\/rpet-eco-lanyards\/"},"modified":"2026-04-01T21:52:36","modified_gmt":"2026-04-01T18:52:36","slug":"printed-rpet-lanyards","status":"publish","type":"product","link":"https:\/\/displayproducts.eu\/lv\/p\/printed-rpet-lanyards\/","title":{"rendered":"P\u0101rstr\u0101d\u0101ta rPET kakla lentas (Siidspiede)"},"content":{"rendered":"<p data-path-to-node=\"11\">Pievienojieties ilgtsp\u0113j\u012bbas kust\u012bbai un atbild\u012bgi reklam\u0113jiet savu z\u012bmolu ar m\u016bsu pal\u012bdz\u012bbu <b>Apdruk\u0101tas rPET aukli\u0146as<\/b>. \u0160is produkts ir lieliska izv\u0113le organiz\u0101cij\u0101m, kur\u0101m nepiecie\u0161ama izmaksu zi\u0146\u0101 efekt\u012bva, liela apjoma kakla lentas, kas atbilst korporat\u012bvaj\u0101m vides v\u0113rt\u012bb\u0101m, nep\u0101rsniedzot bud\u017eetu.<\/p>\n<p data-path-to-node=\"12\">\u0160\u012bs kakla lentas ir austas no <b>100% rPET poliesters<\/b>, iztur\u012bga \u0161\u0137iedra, kas piln\u012bb\u0101 ieg\u016bta no p\u0101rstr\u0101d\u0101t\u0101m plastmasas pudel\u0113m. Izv\u0113loties rPET, j\u016bs akt\u012bvi novirz\u0101t plastmasas atkritumus no poligoniem un samazin\u0101t sava pas\u0101kuma oglek\u013ca p\u0113das nospiedumu. At\u0161\u0137ir\u012bb\u0101 no m\u016bsu sublim\u0101cijas versijas, \u0161is konkr\u0113tais modelis izmanto <b>sietspiede<\/b>. \u0160\u012b metode ir ide\u0101li piem\u0113rota logotipiem ar vienkr\u0101sainiem to\u0146iem, nodro\u0161inot izteiksm\u012bgu, spilgtu apdari, kas izce\u013cas uz rievot\u0101 auduma.<\/p>\n<p data-path-to-node=\"13\">M\u0113s pied\u0101v\u0101jam <b>prec\u012bza Pantone kr\u0101su saska\u0146o\u0161ana<\/b> j\u016bsu logotipa apdrukai, nodro\u0161inot j\u016bsu korporat\u012bv\u0101s identit\u0101tes perfektu saglab\u0101\u0161anu. Pats materi\u0101ls ir iztur\u012bgs un ilgm\u016b\u017e\u012bgs, t\u0101 iztur\u012bba neat\u0161\u0137iras no neapstr\u0101d\u0101ta poliestera, padarot to par uzticamu darba zirgu konferenc\u0113m, festiv\u0101liem un ikdienas lieto\u0161anai biroj\u0101. Katra kakla lentas standarta apr\u012bkojum\u0101 ir apr\u012bkota ar met\u0101la karab\u012bni, kas nodro\u0161ina funkcion\u0101lu un videi draudz\u012bgu risin\u0101jumu j\u016bsu dal\u012bbniekiem.<\/p>\n<p data-path-to-node=\"14\"><b>Galven\u0101s iez\u012bmes:<\/b><\/p>\n<ul data-path-to-node=\"15\">\n<li>\n<p data-path-to-node=\"15,0,0\"><b>Materi\u0101ls:<\/b> 100% rPET (p\u0101rstr\u0101d\u0101ts polietil\u0113ntereftal\u0101ts).<\/p>\n<\/li>\n<li>\n<p data-path-to-node=\"15,1,0\"><b>Drukas tehnolo\u0123ija:<\/b> Sietspiede (vislab\u0101k 1\u20134 kr\u0101su traipiem).<\/p>\n<\/li>\n<li>\n<p data-path-to-node=\"15,2,0\"><b>Ekonomika:<\/b> Bud\u017eetam draudz\u012bga ilgtsp\u0113j\u012bga alternat\u012bva neapstr\u0101d\u0101tam poliesteram.<\/p>\n<\/li>\n<li>\n<p data-path-to-node=\"15,3,0\"><b>Kr\u0101su precizit\u0101te:<\/b> Druk\u0101tajam logotipam pieejama Pantone saska\u0146o\u0161ana.<\/p>\n<\/li>\n<li>\n<p data-path-to-node=\"15,4,0\"><b>Iztur\u012bba:<\/b> Augsta stiepes iztur\u012bba, kas piem\u0113rota smag\u0101m noz\u012bm\u012bt\u0113m un atsl\u0113g\u0101m.<\/p>\n<\/li>\n<li>\n<p data-path-to-node=\"15,5,0\"><b>Aparat\u016bra:<\/b> Iek\u013cauta standarta met\u0101la karab\u012bne (pieejami piel\u0101goti klip\u0161i).<\/p>\n<\/li>\n<\/ul>","protected":false},"excerpt":{"rendered":"<ul>\n<li>\n<p data-path-to-node=\"9,0,0\"><b>Ilgtsp\u0113j\u012bga izv\u0113le:<\/b> Ra\u017eots no 100% p\u0101rstr\u0101d\u0101ta PET (rPET), kas ieg\u016bts no izlietot\u0101m plastmasas pudel\u0113m.<\/p>\n<\/li>\n<li>\n<p data-path-to-node=\"9,1,0\"><b>Izmaksu zi\u0146\u0101 efekt\u012bvs ekolo\u0123isks:<\/b> Vispieejam\u0101kais s\u0101kumpunkts z\u012bmoliem, kas v\u0113las p\u0101riet uz ilgtsp\u0113j\u012bgiem identifik\u0101cijas risin\u0101jumiem.<\/p>\n<\/li>\n<li>\n<p data-path-to-node=\"9,2,0\"><b>Krauk\u0161\u0137\u012bgs z\u012bmols:<\/b> Augstas kvalit\u0101tes sietspiede, izmantojot prec\u012bzu Pantone kr\u0101su saska\u0146o\u0161anu, lai ieg\u016btu izteiksm\u012bgus, asus logotipus.<\/p>\n<\/li>\n<li>\n<p data-path-to-node=\"9,3,0\"><b>Iztur\u012bgs un sp\u0113c\u012bgs:<\/b> Saglab\u0101 standarta poliestera iztur\u012bbu, padarot to piem\u0113rotu vair\u0101ku dienu pas\u0101kumiem un darbinieku lieto\u0161anai.<\/p>\n<\/li>\n<\/ul>","protected":false},"featured_media":6754,"comment_status":"closed","ping_status":"closed","template":"","meta":[],"product_brand":[],"product_cat":[104,107],"product_tag":[],"class_list":{"0":"post-1233","1":"product","2":"type-product","3":"status-publish","4":"has-post-thumbnail","6":"product_cat-custom-printed-lanyards","7":"product_cat-eco-friendly-lanyards","9":"first","10":"instock","11":"shipping-taxable","12":"purchasable","13":"product-type-simple"},"_links":{"self":[{"href":"https:\/\/displayproducts.eu\/lv\/wp-json\/wp\/v2\/product\/1233","targetHints":{"allow":["GET"]}}],"collection":[{"href":"https:\/\/displayproducts.eu\/lv\/wp-json\/wp\/v2\/product"}],"about":[{"href":"https:\/\/displayproducts.eu\/lv\/wp-json\/wp\/v2\/types\/product"}],"replies":[{"embeddable":true,"href":"https:\/\/displayproducts.eu\/lv\/wp-json\/wp\/v2\/comments?post=1233"}],"wp:featuredmedia":[{"embeddable":true,"href":"https:\/\/displayproducts.eu\/lv\/wp-json\/wp\/v2\/media\/6754"}],"wp:attachment":[{"href":"https:\/\/displayproducts.eu\/lv\/wp-json\/wp\/v2\/media?parent=1233"}],"wp:term":[{"taxonomy":"product_brand","embeddable":true,"href":"https:\/\/displayproducts.eu\/lv\/wp-json\/wp\/v2\/product_brand?post=1233"},{"taxonomy":"product_cat","embeddable":true,"href":"https:\/\/displayproducts.eu\/lv\/wp-json\/wp\/v2\/product_cat?post=1233"},{"taxonomy":"product_tag","embeddable":true,"href":"https:\/\/displayproducts.eu\/lv\/wp-json\/wp\/v2\/product_tag?post=1233"}],"curies":[{"name":"wp","href":"https:\/\/api.w.org\/{rel}","templated":true}]}}