{"id":1229,"date":"2024-10-27T11:54:14","date_gmt":"2024-10-27T08:54:14","guid":{"rendered":"https:\/\/wristbandfactory.eu\/toode\/glitter-wristbands\/"},"modified":"2026-04-01T21:52:36","modified_gmt":"2026-04-01T18:52:36","slug":"glitter-vinyl-wristbands","status":"publish","type":"product","link":"https:\/\/displayproducts.eu\/lv\/p\/glitter-vinyl-wristbands\/","title":{"rendered":"Mirdzo\u0161as vinila aproces"},"content":{"rendered":"<p data-path-to-node=\"8\">Pie\u0161\u0137iriet savam n\u0101kamajam augst\u0101k\u0101s klases pas\u0101kumam ekskluzivit\u0101tes piesk\u0101rienu ar m\u016bsu mirdzo\u0161aj\u0101m vinila aproc\u0113m. \u0160is ir augst\u0101k\u0101s klases risin\u0101jums svin\u012bg\u0101m ball\u0113m, VIP zon\u0101m un ekskluz\u012bv\u0101m ball\u012bt\u0113m, kur iespaid\u012bgs, augst\u0101k\u0101s kvalit\u0101tes apdares dizains ir b\u016btisks j\u016bsu z\u012bmola t\u0113lam.<\/p>\n<p data-path-to-node=\"9\">\u0160\u012bs lentas apvieno m\u016bsu standarta vinila aproc\u0113m rakstur\u012bgo daudzu dienu iztur\u012bbu un \u016bdensnecaurlaid\u012bbu ar mirdzo\u0161u apdari.<\/p>\n<h3>Pas\u016bt\u012bt no noliktavas vai p\u0113c pas\u016bt\u012bjuma apdruk\u0101t<\/h3>\n<p data-path-to-node=\"11\">Lai iev\u0113rotu j\u016bsu termi\u0146us, m\u0113s pied\u0101v\u0101jam divas iesp\u0113jas:<\/p>\n<ol start=\"1\" data-path-to-node=\"12\">\n<li>\n<p data-path-to-node=\"12,0,0\"><b>Neapdruk\u0101ts (no noliktavas):<\/b> Nekav\u0113joties nos\u016bt\u0101m m\u016bsu neapdruk\u0101t\u0101s mirdzo\u0161\u0101s aproces ir pieejamas noliktav\u0101 6 ko\u0161\u0101s kr\u0101s\u0101s: zelta, sudraba, za\u013c\u0101, zil\u0101, roz\u0101 vai sarkan\u0101.<\/p>\n<\/li>\n<li>\n<p data-path-to-node=\"12,1,0\"><b>Piel\u0101gota druk\u0101\u0161ana:<\/b> Z\u012bmola veido\u0161anai m\u0113s varam pievienot j\u016bsu logotipu vai tekstu iztur\u012bg\u0101, vienkr\u0101sain\u0101 druk\u0101, izmantojot jebkuru j\u016bsu izv\u0113l\u0113tu tintes kr\u0101su.<\/p>\n<\/li>\n<\/ol>\n<h3>Iek\u013cauts dro\u0161\u012bbas nodro\u0161in\u0101jums<\/h3>\n<p data-path-to-node=\"14\">Katra aproce ir nostiprin\u0101ta ar vienreizlietojamu plastmasas spiedpogu. \u0160\u012b nenododam\u0101 sl\u0113dzene nodro\u0161ina j\u016bsu pas\u0101kuma dro\u0161\u012bbu un nov\u0113r\u0161 neat\u013cautu iek\u013c\u016b\u0161anu.<\/p>\n<p data-path-to-node=\"15\"><i>L\u016bdzu, \u0146emiet v\u0113r\u0101: uz mirdzo\u0161\u0101m virsm\u0101m veidot\u0101 apdruka ir jut\u012bga pret losjoniem, smilt\u012bm un s\u0101ls\u016bdeni. \u0160\u012bs lentes iesak\u0101m iek\u0161telpu pas\u0101kumiem vai festiv\u0101liem ar sausu vidi, lai nodro\u0161in\u0101tu maksim\u0101lu apdrukas notur\u012bbu.<\/i><\/p>\n<p data-path-to-node=\"16\"><b>Galven\u0101s iez\u012bmes:<\/b><\/p>\n<ul data-path-to-node=\"17\">\n<li>\n<p data-path-to-node=\"17,0,0\"><b>Augst\u0101k\u0101s kvalit\u0101tes mirdzo\u0161a apdare:<\/b> Mirdzo\u0161s materi\u0101ls, ide\u0101li piem\u0113rots VIP viesiem, svin\u012bg\u0101m ball\u012bt\u0113m un ekskluz\u012bv\u0101m ball\u012bt\u0113m.<\/p>\n<\/li>\n<li>\n<p data-path-to-node=\"17,1,0\"><b>Augstas dro\u0161\u012bbas sl\u0113g\u0161ana:<\/b> Apr\u012bkots ar vienreizlietojamu plastmasas spiedpogu, lai nov\u0113rstu p\u0101rvieto\u0161anu.<\/p>\n<\/li>\n<li>\n<p data-path-to-node=\"17,2,0\"><b>Piel\u0101gots z\u012bmols:<\/b> Pieejams ar iztur\u012bgu vienkr\u0101sainu logotipu vai teksta apdruku.<\/p>\n<\/li>\n<li>\n<p data-path-to-node=\"17,3,0\"><b>6 spilgtas kr\u0101sas:<\/b> Izv\u0113lieties no standarta variantiem zelta, sudraba, za\u013c\u0101, zil\u0101, sarkan\u0101 vai roz\u0101 kr\u0101s\u0101.<\/p>\n<\/li>\n<li>\n<p data-path-to-node=\"17,4,0\"><b>Noliktavas pieejam\u012bba:<\/b> Neapdruk\u0101tas lentes ir pieejamas noliktav\u0101 t\u016bl\u012bt\u0113jai nos\u016bt\u012b\u0161anai.<\/p>\n<\/li>\n<\/ul>","protected":false},"excerpt":{"rendered":"<ul>\n<li>\n<p data-path-to-node=\"7,0,0\"><b>Premium VIP apdare:<\/b> Izteiksm\u012bgs mirdzo\u0161s p\u0101rkl\u0101jums, kas lieliski piem\u0113rots svin\u012bg\u0101m ball\u0113m, VIP klientiem un ekskluz\u012bv\u0101m ball\u012bt\u0113m.<\/p>\n<\/li>\n<li>\n<p data-path-to-node=\"7,1,0\"><b>Augstas dro\u0161\u012bbas sl\u0113g\u0161ana:<\/b> Apr\u012bkots ar dro\u0161u, vienreiz lietojamu plastmasas spraudsl\u0113dzeni, lai nov\u0113rstu p\u0101rvieto\u0161anu.<\/p>\n<\/li>\n<li>\n<p data-path-to-node=\"7,2,0\"><b>Elast\u012bga pas\u016bt\u012b\u0161ana:<\/b> Pieejams neapdruk\u0101ts no noliktavas (\u0101trai pieg\u0101dei) vai ar vienkr\u0101sainu piel\u0101gotu logotipa apdruku.<\/p>\n<\/li>\n<li>\n<p data-path-to-node=\"7,3,0\"><b>6 pamatkr\u0101sas:<\/b> Izv\u0113lieties zelta, sudraba, za\u013cas, zilas, sarkanas vai roz\u0101 kr\u0101sas.<\/p>\n<\/li>\n<\/ul>","protected":false},"featured_media":6032,"comment_status":"closed","ping_status":"closed","template":"","meta":[],"product_brand":[],"product_cat":[66,51,68],"product_tag":[],"class_list":{"0":"post-1229","1":"product","2":"type-product","3":"status-publish","4":"has-post-thumbnail","6":"product_cat-wristbands","7":"product_cat-vinyl","8":"product_cat-event-supplies","10":"first","11":"instock","12":"shipping-taxable","13":"purchasable","14":"product-type-simple"},"_links":{"self":[{"href":"https:\/\/displayproducts.eu\/lv\/wp-json\/wp\/v2\/product\/1229","targetHints":{"allow":["GET"]}}],"collection":[{"href":"https:\/\/displayproducts.eu\/lv\/wp-json\/wp\/v2\/product"}],"about":[{"href":"https:\/\/displayproducts.eu\/lv\/wp-json\/wp\/v2\/types\/product"}],"replies":[{"embeddable":true,"href":"https:\/\/displayproducts.eu\/lv\/wp-json\/wp\/v2\/comments?post=1229"}],"wp:featuredmedia":[{"embeddable":true,"href":"https:\/\/displayproducts.eu\/lv\/wp-json\/wp\/v2\/media\/6032"}],"wp:attachment":[{"href":"https:\/\/displayproducts.eu\/lv\/wp-json\/wp\/v2\/media?parent=1229"}],"wp:term":[{"taxonomy":"product_brand","embeddable":true,"href":"https:\/\/displayproducts.eu\/lv\/wp-json\/wp\/v2\/product_brand?post=1229"},{"taxonomy":"product_cat","embeddable":true,"href":"https:\/\/displayproducts.eu\/lv\/wp-json\/wp\/v2\/product_cat?post=1229"},{"taxonomy":"product_tag","embeddable":true,"href":"https:\/\/displayproducts.eu\/lv\/wp-json\/wp\/v2\/product_tag?post=1229"}],"curies":[{"name":"wp","href":"https:\/\/api.w.org\/{rel}","templated":true}]}}