{"id":1228,"date":"2024-10-27T11:54:14","date_gmt":"2024-10-27T08:54:14","guid":{"rendered":"https:\/\/wristbandfactory.eu\/toode\/medical-wristbands\/"},"modified":"2026-04-01T21:52:36","modified_gmt":"2026-04-01T18:52:36","slug":"medical-wristbands","status":"publish","type":"product","link":"https:\/\/displayproducts.eu\/lv\/p\/medical-wristbands\/","title":{"rendered":"Medic\u012bnisk\u0101s aproces"},"content":{"rendered":"<div class=\"mx-12 md:mx-24 lg:mx-48\">\n<div class=\"container my-8 svelte-zlsknf\">\n<div class=\"my-24 rounded-lg border-0 border-gray-700 bg-gray-100 px-16 py-24\">\n<div class=\"mt-11 !text-gray-500\">\n<p data-path-to-node=\"12\">Nodro\u0161iniet pacientu dro\u0161\u012bbu un prec\u012bzu identifik\u0101ciju ar m\u016bsu pal\u012bdz\u012bbu <b data-path-to-node=\"12\" data-index-in-node=\"84\">Medic\u012bnisk\u0101s identifik\u0101cijas aproces<\/b>. \u0160\u012bs aproces, kas \u012bpa\u0161i izstr\u0101d\u0101tas slimn\u012bc\u0101m, pansion\u0101tiem un vesel\u012bbas apr\u016bpes iest\u0101d\u0113m, nodro\u0161ina uzticamu un efekt\u012bvu veidu, k\u0101 att\u0113lot svar\u012bgus pacientu datus.<\/p>\n<p data-path-to-node=\"13\"><span data-path-to-node=\"13,0\">Aproces ir izgatavotas no m\u012bksta, hipoaler\u0123iska vinila, kas nodro\u0161ina to \u0113rtu lieto\u0161anu ilgsto\u0161i un dro\u0161\u012bbu jut\u012bgai \u0101dai. <\/span><span data-path-to-node=\"13,2\"><span class=\"citation-59\">Materi\u0101ls ir iztur\u012bgs un \u016bdensnecaurlaid\u012bgs, t\u0101p\u0113c tas ir piem\u0113rots du\u0161ai un slimn\u012bcas videi, neizsm\u0113r\u0113joties un neboj\u0101joties.<\/span><\/span><span data-path-to-node=\"13,4\">.<\/span><\/p>\n<h2 data-path-to-node=\"14\">Galven\u0101s iez\u012bmes<\/h2>\n<ul data-path-to-node=\"15\">\n<li>\n<p data-path-to-node=\"15,0,0\"><b data-path-to-node=\"15,0,0\" data-index-in-node=\"0\">Ievieto\u0161anas kar\u0161u sist\u0113ma:<\/b> Apr\u012bkots ar dro\u0161u kabatu ar pap\u012bra ievieto\u0161anas karti, kas \u013cauj darbiniekiem \u0101tri pierakst\u012bt v\u0101rdus, dzim\u0161anas datumus vai medic\u012bnisk\u0101s identifik\u0101cijas numurus bez \u012bpa\u0161iem printeriem.<\/p>\n<\/li>\n<li>\n<p data-path-to-node=\"15,1,0\"><b data-path-to-node=\"15,1,0\" data-index-in-node=\"0\">Nep\u0101rvedams v\u0113rtspap\u012brs:<\/b> Apr\u012bkots ar vienreizlietojamu plastmasas spiedpogu (klipsi), kas j\u0101nogrie\u017e, lai to no\u0146emtu, nov\u0113r\u0161ot neat\u013cautu p\u0101rvieto\u0161anu starp pacientiem.<\/p>\n<\/li>\n<li>\n<p data-path-to-node=\"15,2,0\"><b data-path-to-node=\"15,2,0\" data-index-in-node=\"0\">Pacientu dro\u0161\u012bba pirmaj\u0101 viet\u0101:<\/b> Izgatavots no hipoaler\u0123iskiem materi\u0101liem bez as\u0101m mal\u0101m, lai nov\u0113rstu \u0101das kairin\u0101jumu vai traumas.<\/p>\n<\/li>\n<li>\n<p data-path-to-node=\"15,3,0\"><b data-path-to-node=\"15,3,0\" data-index-in-node=\"0\">Vizu\u0101l\u0101 identifik\u0101cija:<\/b> Pieejams standarta balt\u0101 kr\u0101s\u0101 (pieaugu\u0161ajiem), p\u0113c piepras\u012bjuma pieejamas ar\u012b citas kr\u0101sas, lai pal\u012bdz\u0113tu kategoriz\u0113t pacientu grupas (piem\u0113ram, aler\u0123ijas, kritienu risks).<\/p>\n<\/li>\n<\/ul>\n<h2 data-path-to-node=\"16\">Specifik\u0101cijas<\/h2>\n<ul data-path-to-node=\"17\">\n<li>\n<p data-path-to-node=\"17,0,0\"><b data-path-to-node=\"17,0,0\" data-index-in-node=\"0\">Materi\u0101ls:<\/b> M\u012bksts PVC\/vinils (hipoaler\u0123isks).<\/p>\n<\/li>\n<li>\n<p data-path-to-node=\"17,1,0\"><b data-path-to-node=\"17,1,0\" data-index-in-node=\"0\">Sl\u0113g\u0161anas veids:<\/b> Vienreizlietojama plastmasas spiedpogas\/klipsis.<\/p>\n<\/li>\n<li>\n<p data-path-to-node=\"17,2,0\"><b data-path-to-node=\"17,2,0\" data-index-in-node=\"0\">Rakst\u0101mvieta:<\/b> Ievieto\u0161anas karte iek\u013cauta komplekt\u0101.<\/p>\n<\/li>\n<li>\n<p data-path-to-node=\"17,3,0\"><b data-path-to-node=\"17,3,0\" data-index-in-node=\"0\">Izm\u0113ri:<\/b> Pieejamas vari\u0101cijas pieaugu\u0161ajiem un b\u0113rniem.<\/p>\n<\/li>\n<li>\n<p data-path-to-node=\"17,4,0\"><b data-path-to-node=\"17,4,0\" data-index-in-node=\"0\">Iztur\u012bba:<\/b> \u016adensiztur\u012bgs un pl\u012bsumiztur\u012bgs.<\/p>\n<\/li>\n<li>\n<p data-path-to-node=\"17,5,0\"><b data-path-to-node=\"17,5,0\" data-index-in-node=\"0\">Minim\u0101lais pas\u016bt\u012bjuma daudzums:<\/b> 100 vien\u012bbas.<\/p>\n<\/li>\n<\/ul>\n<h2 data-path-to-node=\"18\">Lieto\u0161anas gad\u012bjumi<\/h2>\n<ul data-path-to-node=\"19\">\n<li>\n<p data-path-to-node=\"19,0,0\"><b data-path-to-node=\"19,0,0\" data-index-in-node=\"0\">Uz\u0146em\u0161ana slimn\u012bc\u0101:<\/b> \u0100tra ien\u0101ko\u0161o pacientu identifik\u0101cija neatliekam\u0101s pal\u012bdz\u012bbas noda\u013c\u0101 vai noda\u013c\u0101s.<\/p>\n<\/li>\n<li>\n<p data-path-to-node=\"19,1,0\"><b data-path-to-node=\"19,1,0\" data-index-in-node=\"0\">Pansion\u0101ti:<\/b> Iztur\u012bga identifik\u0101cija ilgtermi\u0146a iedz\u012bvot\u0101jiem.<\/p>\n<\/li>\n<li>\n<p data-path-to-node=\"19,2,0\"><b data-path-to-node=\"19,2,0\" data-index-in-node=\"0\">Kl\u012bnikas ambulatorie pacienti:<\/b> Vienk\u0101r\u0161a mar\u0137\u0113\u0161ana dienas proced\u016br\u0101m.<\/p>\n<\/li>\n<li>\n<p data-path-to-node=\"19,3,0\"><b data-path-to-node=\"19,3,0\" data-index-in-node=\"0\">Medic\u012bnisk\u0101 tri\u0101\u017ea:<\/b> \u0100tra pacientu kategoriz\u0101cija neatliekam\u0101s pal\u012bdz\u012bbas laik\u0101.<\/p>\n<\/li>\n<\/ul>\n<\/div>\n<\/div>\n<\/div>\n<\/div>","protected":false},"excerpt":{"rendered":"<ul>\n<li>\n<p data-path-to-node=\"11,0,1\"><span data-path-to-node=\"11,0,1,0\"><b data-path-to-node=\"11,0,1,0\" data-index-in-node=\"0\"><span class=\"citation-60\">Materi\u0101ls:<\/span><\/b><span class=\"citation-60\"> M\u012bksts, hipoaler\u0123isks vinils (\u016bdensiztur\u012bgs)<\/span><\/span><span data-path-to-node=\"11,0,1,2\">.<\/span><\/p>\n<\/li>\n<li>\n<p data-path-to-node=\"11,1,0\"><b data-path-to-node=\"11,1,0\" data-index-in-node=\"0\">Datu ievade:<\/b> Caursp\u012bd\u012bga kabata ar ieb\u012bd\u0101mu pap\u012bra karti pacienta datu ievieto\u0161anai.<\/p>\n<\/li>\n<li>\n<p data-path-to-node=\"11,2,0\"><b data-path-to-node=\"11,2,0\" data-index-in-node=\"0\">Dro\u0161\u012bba:<\/b> Vienreizlietojamais plastmasas spiedpogas aizdare nov\u0113r\u0161 p\u0101rne\u0161anu.<\/p>\n<\/li>\n<li>\n<p data-path-to-node=\"11,3,0\"><b data-path-to-node=\"11,3,0\" data-index-in-node=\"0\">Izm\u0113rs:<\/b> Pieejams pieaugu\u0161o un b\u0113rnu izm\u0113ros.<\/p>\n<\/li>\n<\/ul>","protected":false},"featured_media":6413,"comment_status":"closed","ping_status":"closed","template":"","meta":[],"product_brand":[],"product_cat":[66,51,72],"product_tag":[],"class_list":{"0":"post-1228","1":"product","2":"type-product","3":"status-publish","4":"has-post-thumbnail","6":"product_cat-wristbands","7":"product_cat-vinyl","8":"product_cat-medical-and-hospital","10":"first","11":"instock","12":"shipping-taxable","13":"purchasable","14":"product-type-simple"},"_links":{"self":[{"href":"https:\/\/displayproducts.eu\/lv\/wp-json\/wp\/v2\/product\/1228","targetHints":{"allow":["GET"]}}],"collection":[{"href":"https:\/\/displayproducts.eu\/lv\/wp-json\/wp\/v2\/product"}],"about":[{"href":"https:\/\/displayproducts.eu\/lv\/wp-json\/wp\/v2\/types\/product"}],"replies":[{"embeddable":true,"href":"https:\/\/displayproducts.eu\/lv\/wp-json\/wp\/v2\/comments?post=1228"}],"wp:featuredmedia":[{"embeddable":true,"href":"https:\/\/displayproducts.eu\/lv\/wp-json\/wp\/v2\/media\/6413"}],"wp:attachment":[{"href":"https:\/\/displayproducts.eu\/lv\/wp-json\/wp\/v2\/media?parent=1228"}],"wp:term":[{"taxonomy":"product_brand","embeddable":true,"href":"https:\/\/displayproducts.eu\/lv\/wp-json\/wp\/v2\/product_brand?post=1228"},{"taxonomy":"product_cat","embeddable":true,"href":"https:\/\/displayproducts.eu\/lv\/wp-json\/wp\/v2\/product_cat?post=1228"},{"taxonomy":"product_tag","embeddable":true,"href":"https:\/\/displayproducts.eu\/lv\/wp-json\/wp\/v2\/product_tag?post=1228"}],"curies":[{"name":"wp","href":"https:\/\/api.w.org\/{rel}","templated":true}]}}