{"id":1217,"date":"2024-10-27T11:54:36","date_gmt":"2024-10-27T08:54:36","guid":{"rendered":"https:\/\/wristbandfactory.eu\/toode\/polyester-wristbands-with-woven-logo\/"},"modified":"2026-04-01T21:52:36","modified_gmt":"2026-04-01T18:52:36","slug":"woven-fabric-wristbands-up-to-4-colours","status":"publish","type":"product","link":"https:\/\/displayproducts.eu\/lv\/p\/woven-fabric-wristbands-up-to-4-colours\/","title":{"rendered":"Austas auduma aproces (l\u012bdz 4 kr\u0101s\u0101m)"},"content":{"rendered":"<div class=\"mx-12 md:mx-24 lg:mx-48\">\n<div class=\"container my-8 svelte-zlsknf\">\n<div class=\"my-24 rounded-lg border-0 border-gray-700 bg-gray-100 px-16 py-24\">\n<div class=\"mt-11 !text-gray-500\">\n<p data-path-to-node=\"8\">Paaugstiniet sava pas\u0101kuma z\u012bmola atpaz\u012bstam\u012bbu ar m\u016bsu augst\u0101k\u0101s kvalit\u0101tes austa auduma aproc\u0113m. At\u0161\u0137ir\u012bb\u0101 no druk\u0101t\u0101m alternat\u012bv\u0101m, \u0161aj\u0101 dizain\u0101 j\u016bsu logotips un v\u0113st\u012bjums (izmantojot l\u012bdz pat 4 at\u0161\u0137ir\u012bg\u0101m kr\u0101s\u0101m) ir integr\u0113ts tie\u0161i iztur\u012bgaj\u0101 poliestera audum\u0101. \u0160\u012b au\u0161anas metode rada iztur\u012bgu, augstas kvalit\u0101tes, tekstur\u0113tu apdari, kas ir iztur\u012bga pret izbal\u0113\u0161anu un nodilumu, padarot to par lab\u0101ko izv\u0113li vair\u0101ku dienu festiv\u0101liem un korporat\u012bvajiem pas\u0101kumiem, kur z\u012bmola presti\u017es ir \u0101rk\u0101rt\u012bgi svar\u012bgs.<\/p>\n<h3 data-path-to-node=\"9\"><b>Konfigur\u0113jiet savu perfekto austo aproci<\/b><\/h3>\n<ol start=\"1\" data-path-to-node=\"10\">\n<li>\n<p data-path-to-node=\"10,0,0\"><b>Izv\u0113lieties savu sl\u0113dzeni:<\/b> Izv\u0113lieties aizdari, kas atbilst j\u016bsu pas\u0101kuma dro\u0161\u012bbas vajadz\u012bb\u0101m. \u0160\u012b aproce ir sader\u012bga ar visu m\u016bsu sl\u0113dze\u0146u kl\u0101stu, tostarp:<\/p>\n<ul data-path-to-node=\"10,0,1\">\n<li>\n<p data-path-to-node=\"10,0,1,0,0\"><b>Augstas dro\u0161\u012bbas sl\u0113dzenes:<\/b> Vienreizlietojams aizdares meh\u0101nisms, kas nov\u0113r\u0161 p\u0101rvieto\u0161anu un nodro\u0161ina stabilu piek\u013cuves kontroli.<\/p>\n<\/li>\n<li>\n<p data-path-to-node=\"10,0,1,1,0\"><b>Atk\u0101rtoti lietojamas sl\u0113dzenes:<\/b> Regul\u0113jama p\u0113rl\u012bte vair\u0101ku dienu, elast\u012bgai lieto\u0161anai.<\/p>\n<\/li>\n<li>\n<p data-path-to-node=\"10,0,1,2,0\"><b>Videi draudz\u012bgas sl\u0113dzenes:<\/b> M\u016bsu ilgtsp\u0113j\u012bg\u0101, vienreizlietojam\u0101 bambusa sl\u0113dzene.<\/p>\n<\/li>\n<\/ul>\n<\/li>\n<li>\n<p data-path-to-node=\"10,1,0\"><b>Pievienot papildu antibakteri\u0101lu apstr\u0101di:<\/b> Pas\u0101kumiem, kuros nepiecie\u0161ami visaugst\u0101kie higi\u0113nas standarti, \u0161\u012bs aproces ir pieejamas ar papildu <b>antibakteri\u0101la apstr\u0101de, kas sertific\u0113ta atbilsto\u0161i ISO 20743 standartiem<\/b>. Tas nodro\u0161ina b\u016btisku dro\u0161\u012bbas l\u012bmeni vesel\u012bbas apr\u016bpes konferen\u010du, p\u0101rtikas festiv\u0101lu vai lielu publisku pas\u0101kumu dal\u012bbniekiem.<\/p>\n<\/li>\n<\/ol>\n<h3 data-path-to-node=\"11\"><b>Galven\u0101s iez\u012bmes:<\/b><\/h3>\n<ul data-path-to-node=\"12\">\n<li>\n<p data-path-to-node=\"12,0,0\"><b>Augst\u0101k\u0101s kvalit\u0101tes austs logotips:<\/b> J\u016bsu dizains ir ieausts audum\u0101 (l\u012bdz 4 kr\u0101s\u0101m), lai ieg\u016btu iztur\u012bgu un augstas klases apdari.<\/p>\n<\/li>\n<li>\n<p data-path-to-node=\"12,1,0\"><b>Dro\u0161\u012bbas sl\u0113dzenes opcijas:<\/b> Izv\u0113lieties no augstas dro\u0161\u012bbas (vienreiz\u0113jas lieto\u0161anas), atk\u0101rtoti lietojam\u0101 vai videi draudz\u012bg\u0101 bambusa.<\/p>\n<\/li>\n<li>\n<p data-path-to-node=\"12,2,0\"><b>Papildus antibakteri\u0101la apstr\u0101de:<\/b> ISO 20743 sertific\u0113ts uzlabotai higi\u0113nai.<\/p>\n<\/li>\n<li>\n<p data-path-to-node=\"12,3,0\"><b>Iztur\u012bgs poliesters:<\/b> Iztur\u012bgs materi\u0101ls, kas ide\u0101li piem\u0113rots ilgsto\u0161ai lieto\u0161anai.<\/p>\n<\/li>\n<li>\n<p data-path-to-node=\"12,4,0\"><b>Minim\u0101lais pas\u016bt\u012bjums:<\/b> 100 gabali.<\/p>\n<\/li>\n<\/ul>\n<p data-path-to-node=\"13\">\n<\/div>\n<\/div>\n<\/div>\n<\/div>","protected":false},"excerpt":{"rendered":"<ul>\n<li>\n<p data-path-to-node=\"7,0,0\">Augst\u0101k\u0101s kvalit\u0101tes austs dizains: J\u016bsu logotips ir ieausts tie\u0161i audum\u0101, izmantojot l\u012bdz pat 4 kr\u0101s\u0101m, lai ieg\u016btu iztur\u012bgu un neizbalo\u0161u apdari.<\/p>\n<\/li>\n<li>\n<p data-path-to-node=\"7,1,0\">Sl\u0113dzenes iesp\u0113jas: izv\u0113lieties augstas dro\u0161\u012bbas (vienreiz\u0113jas lieto\u0161anas), atk\u0101rtoti lietojamu vai videi draudz\u012bgu bambusa sl\u0113dzeni.<\/p>\n<\/li>\n<li>\n<p data-path-to-node=\"7,2,0\">Papildus pieejama antibakteri\u0101la apstr\u0101de: ISO 20743 sertific\u0113ta apstr\u0101de uzlabotai higi\u0113nai un apmekl\u0113t\u0101ju dro\u0161\u012bbai.<\/p>\n<\/li>\n<li>\n<p data-path-to-node=\"7,3,0\">Iztur\u012bgs poliestera materi\u0101ls, ide\u0101li piem\u0113rots vair\u0101ku dienu festiv\u0101liem.<\/p>\n<\/li>\n<\/ul>","protected":false},"featured_media":6385,"comment_status":"closed","ping_status":"closed","template":"","meta":[],"product_brand":[],"product_cat":[66,47],"product_tag":[],"class_list":{"0":"post-1217","1":"product","2":"type-product","3":"status-publish","4":"has-post-thumbnail","6":"product_cat-wristbands","7":"product_cat-fabric-wristbands","9":"first","10":"instock","11":"shipping-taxable","12":"purchasable","13":"product-type-simple"},"_links":{"self":[{"href":"https:\/\/displayproducts.eu\/lv\/wp-json\/wp\/v2\/product\/1217","targetHints":{"allow":["GET"]}}],"collection":[{"href":"https:\/\/displayproducts.eu\/lv\/wp-json\/wp\/v2\/product"}],"about":[{"href":"https:\/\/displayproducts.eu\/lv\/wp-json\/wp\/v2\/types\/product"}],"replies":[{"embeddable":true,"href":"https:\/\/displayproducts.eu\/lv\/wp-json\/wp\/v2\/comments?post=1217"}],"wp:featuredmedia":[{"embeddable":true,"href":"https:\/\/displayproducts.eu\/lv\/wp-json\/wp\/v2\/media\/6385"}],"wp:attachment":[{"href":"https:\/\/displayproducts.eu\/lv\/wp-json\/wp\/v2\/media?parent=1217"}],"wp:term":[{"taxonomy":"product_brand","embeddable":true,"href":"https:\/\/displayproducts.eu\/lv\/wp-json\/wp\/v2\/product_brand?post=1217"},{"taxonomy":"product_cat","embeddable":true,"href":"https:\/\/displayproducts.eu\/lv\/wp-json\/wp\/v2\/product_cat?post=1217"},{"taxonomy":"product_tag","embeddable":true,"href":"https:\/\/displayproducts.eu\/lv\/wp-json\/wp\/v2\/product_tag?post=1217"}],"curies":[{"name":"wp","href":"https:\/\/api.w.org\/{rel}","templated":true}]}}