{"id":1216,"date":"2024-10-27T11:54:36","date_gmt":"2024-10-27T08:54:36","guid":{"rendered":"https:\/\/wristbandfactory.eu\/toode\/adjustable-cord-wristbands\/"},"modified":"2026-04-01T21:52:04","modified_gmt":"2026-04-01T18:52:04","slug":"adjustable-rope-wristbands-custom-printed-cord-with-logo","status":"publish","type":"product","link":"https:\/\/displayproducts.eu\/lv\/p\/adjustable-rope-wristbands-custom-printed-cord-with-logo\/","title":{"rendered":"Paracord aproces \u2013 Ar logo"},"content":{"rendered":"<div class=\"mx-12 md:mx-24 lg:mx-48\">\n<div class=\"container my-8 svelte-zlsknf\">\n<div class=\"my-24 rounded-lg border-0 border-gray-700 bg-gray-100 px-16 py-24\">\n<div class=\"mt-11 !text-gray-500\">\n<p data-path-to-node=\"9\"><b>Stil\u012bgs un daudzpus\u012bgs z\u012bmola dizains: Piel\u0101gojamas, regul\u0113jamas virvju aproces<\/b><\/p>\n<p data-path-to-node=\"10\">Padariet savas rekl\u0101mas preces v\u0113l pievilc\u012bg\u0101kas ar m\u016bsu piel\u0101gojam\u0101m virvju aproc\u0113m. \u0160\u012bs aproces ir paredz\u0113tas iztur\u012bbai un ilgsto\u0161ai valk\u0101\u0161anai, t\u0101m ir iztur\u012bga apa\u013ca poliestera aukla un piel\u0101gojama gumijas caurule, kas pied\u0101v\u0101 modernu alternat\u012bvu tradicion\u0101laj\u0101m plakan\u0101m aproc\u0113m. T\u0101s ir ide\u0101ls risin\u0101jums z\u012bmola atpaz\u012bstam\u012bbas kampa\u0146\u0101m, labdar\u012bbas pas\u0101kumiem un VIP prec\u0113m.<\/p>\n<p data-path-to-node=\"11\"><b>\u0112rt\u012bbas visiem<\/b> Viedais b\u012bd\u0101m\u0101s auklas meh\u0101nisms \u013cauj aproci viegli piel\u0101got jebkuram plaukstas loc\u012btavas izm\u0113ram, s\u0101kot no b\u0113rniem l\u012bdz pieaugu\u0161ajiem. \u0160\u012b \u201cviena izm\u0113ra\u201d daudzpus\u012bba vienk\u0101r\u0161o pas\u016bt\u012b\u0161anas procesu, nov\u0113r\u0161ot nepiecie\u0161am\u012bbu min\u0113t izm\u0113ru attiec\u012bbas j\u016bsu auditorijai.<\/p>\n<p data-path-to-node=\"12\"><b>Fokus\u0113ta z\u012bmola veido\u0161ana<\/b> At\u0161\u0137ir\u012bb\u0101 no piln\u012bb\u0101 apdruk\u0101t\u0101m aproc\u0113m, \u0161\u012bs aproces piev\u0113r\u0161 uzman\u012bbu j\u016bsu logotipam vai zi\u0146ojumam, kas ir skaidri uzdruk\u0101ts uz centr\u0101l\u0101s gumijas caurul\u012btes. Augstas kontrasta, vienkr\u0101sainais apdruka nodro\u0161ina, ka j\u016bsu z\u012bmols paliek uzman\u012bbas centr\u0101 uz stil\u012bg\u0101 divto\u0146u aukli\u0146as fona.<\/p>\n<p data-path-to-node=\"13\"><b>Higi\u0113nas un dro\u0161\u012bbas iesp\u0113jas<\/b> Pas\u0101kumiem, kuros nepiecie\u0161ami augst\u0101ki vesel\u012bbas standarti, m\u0113s pied\u0101v\u0101jam papildu ISO 20743 sertific\u0113tu antibakteri\u0101lu apstr\u0101di poliestera auklai. \u0160\u012b funkcija sniedz papildu sirdsmieru valk\u0101t\u0101jiem un pozicion\u0113 j\u016bsu z\u012bmolu k\u0101 atbild\u012bgu nozares l\u012bderi.<\/p>\n<p data-path-to-node=\"14\"><b>Galven\u0101s iez\u012bmes:<\/b><\/p>\n<ul data-path-to-node=\"15\">\n<li>\n<p data-path-to-node=\"15,0,0\"><b>Augstas kvalit\u0101tes vads:<\/b> Iztur\u012bgs austs poliesters saglab\u0101 savu formu un kr\u0101su.<\/p>\n<\/li>\n<li>\n<p data-path-to-node=\"15,1,0\"><b>At\u0161\u0137ir\u012bgs dizains:<\/b> Pieejams divu to\u0146u kr\u0101su kombin\u0101cij\u0101s, lai atbilstu z\u012bmola t\u0113m\u0101m.<\/p>\n<\/li>\n<li>\n<p data-path-to-node=\"15,2,0\"><b>Regul\u0113jams sl\u012bdnis:<\/b> Dro\u0161s un viegli lietojams b\u012bd\u0101m\u0101s caurules meh\u0101nisms.<\/p>\n<\/li>\n<li>\n<p data-path-to-node=\"15,3,0\"><b>Ilgsto\u0161s:<\/b> Rad\u012bts ilgsto\u0161ai valk\u0101\u0161anai, maksim\u0101li palielinot z\u012bmola iespaidu.<\/p>\n<\/li>\n<li>\n<p data-path-to-node=\"15,4,0\"><b>Vairumtirdzniec\u012bbas gatav\u012bba:<\/b> Optimiz\u0113ts vairumtirdzniec\u012bbas pas\u016bt\u012bjumiem ar past\u0101v\u012bgu kvalit\u0101tes kontroli.<\/p>\n<\/li>\n<\/ul>\n<\/div>\n<\/div>\n<\/div>\n<\/div>","protected":false},"excerpt":{"rendered":"<ul>\n<li>\n<p data-path-to-node=\"6,0,0\"><b>Materi\u0101ls:<\/b> Apa\u013ca divkr\u0101su poliestera aukla ar b\u012bd\u0101mu gumijas caurul\u012bti.<\/p>\n<\/li>\n<li>\n<p data-path-to-node=\"6,1,0\"><b>Piel\u0101go\u0161ana:<\/b> Krauk\u0161\u0137\u012bga vienkr\u0101saina logotipa apdruka uz centr\u0101l\u0101s caurules.<\/p>\n<\/li>\n<li>\n<p data-path-to-node=\"6,2,0\"><b>Piem\u0113rots:<\/b> Piln\u012bb\u0101 regul\u0113jams b\u012bd\u0101m\u0101 mezgla meh\u0101nisms (viens izm\u0113rs der visiem).<\/p>\n<\/li>\n<li>\n<p data-path-to-node=\"6,3,0\"><b>Dro\u0161\u012bba:<\/b> Pieejama papildu ISO 20743 antibakteri\u0101la apstr\u0101de.<\/p>\n<\/li>\n<\/ul>","protected":false},"featured_media":6400,"comment_status":"closed","ping_status":"closed","template":"","meta":[],"product_brand":[],"product_cat":[66,112],"product_tag":[],"class_list":{"0":"post-1216","1":"product","2":"type-product","3":"status-publish","4":"has-post-thumbnail","6":"product_cat-wristbands","7":"product_cat-paracord-wristbands","9":"first","10":"instock","11":"shipping-taxable","12":"purchasable","13":"product-type-simple"},"_links":{"self":[{"href":"https:\/\/displayproducts.eu\/lv\/wp-json\/wp\/v2\/product\/1216","targetHints":{"allow":["GET"]}}],"collection":[{"href":"https:\/\/displayproducts.eu\/lv\/wp-json\/wp\/v2\/product"}],"about":[{"href":"https:\/\/displayproducts.eu\/lv\/wp-json\/wp\/v2\/types\/product"}],"replies":[{"embeddable":true,"href":"https:\/\/displayproducts.eu\/lv\/wp-json\/wp\/v2\/comments?post=1216"}],"wp:featuredmedia":[{"embeddable":true,"href":"https:\/\/displayproducts.eu\/lv\/wp-json\/wp\/v2\/media\/6400"}],"wp:attachment":[{"href":"https:\/\/displayproducts.eu\/lv\/wp-json\/wp\/v2\/media?parent=1216"}],"wp:term":[{"taxonomy":"product_brand","embeddable":true,"href":"https:\/\/displayproducts.eu\/lv\/wp-json\/wp\/v2\/product_brand?post=1216"},{"taxonomy":"product_cat","embeddable":true,"href":"https:\/\/displayproducts.eu\/lv\/wp-json\/wp\/v2\/product_cat?post=1216"},{"taxonomy":"product_tag","embeddable":true,"href":"https:\/\/displayproducts.eu\/lv\/wp-json\/wp\/v2\/product_tag?post=1216"}],"curies":[{"name":"wp","href":"https:\/\/api.w.org\/{rel}","templated":true}]}}