{"id":1212,"date":"2024-10-27T11:54:36","date_gmt":"2024-10-27T08:54:36","guid":{"rendered":"https:\/\/wristbandfactory.eu\/toode\/safety-wristbands-for-children\/"},"modified":"2026-04-01T21:52:36","modified_gmt":"2026-04-01T18:52:36","slug":"safety-wristbands-for-children","status":"publish","type":"product","link":"https:\/\/displayproducts.eu\/lv\/p\/safety-wristbands-for-children\/","title":{"rendered":"Dro\u0161\u012bbas aproces b\u0113rniem"},"content":{"rendered":"<div class=\"wpb_text_column wpb_content_element\">\n<div class=\"wpb_wrapper\">\n<p>Aproces ir piln\u012bgi dro\u0161as b\u0113rna vesel\u012bbai un \u0101dai, ko apliecina atbilsto\u0161i sertifik\u0101ti. M\u0113s sadarbojamies ar pieredz\u0113ju\u0161\u0101kajiem materi\u0101lu ra\u017eot\u0101jiem, lai nodro\u0161in\u0101tu, ka m\u016bsu Klienti sa\u0146ems absol\u016bti dro\u0161u produktu.<\/p>\n<\/div>\n<\/div>\n<p>sertific\u0113ts<br \/>\napstiprin\u0101jis Polijas Nacion\u0101lais higi\u0113nas instit\u016bts<\/p>\n<p>materi\u0101ls<br \/>\n\u012bpa\u0161s materi\u0101ls, kas ir maigs b\u0113rna \u0101dai<\/p>\n<p>hipoaler\u0123isks<br \/>\nbez alerg\u0113niem savienojumiem<\/p>\n<p>hipoaler\u0123isks<br \/>\nIzdev\u012bgi partner\u012bbas nosac\u012bjumi<\/p>\n<p>vair\u0101k nek\u0101 300 gab.<br \/>\niesp\u0113jami nelieli ra\u017eo\u0161anas apjomi<\/p>\n<p>laiks<br \/>\n\u012bss ra\u017eo\u0161anas laiks<br \/>\niztur\u012bba<br \/>\nmateri\u0101ls ir elast\u012bgs, maigs un vienlaikus iztur\u012bgs<\/p>\n<p>atk\u0101rtoti lietojams<br \/>\nlentas aizdares, kas paredz\u0113tas lentas vair\u0101kk\u0101rt\u0113jai lieto\u0161anai<\/p>\n<p>kr\u0101sa<br \/>\naizdare maina kr\u0101su, ja t\u0101 ir pak\u013cauta sp\u0113c\u012bgiem UV stariem<\/p>","protected":false},"excerpt":{"rendered":"<div>\n<p class=\"text-gray-500\">Pla\u0161s kr\u0101sainu, unik\u0101lu rakstu kl\u0101sts, ko veidojis ilustrators un pedagogs. Turkl\u0101t jebkuru dizainu var izveidot klients un izvietot uz aproces. Tas ir ide\u0101ls risin\u0101jums uz\u0146\u0113mumiem, kas mekl\u0113 unik\u0101lu rekl\u0101mas l\u012bdzekli, inovat\u012bvu un izt\u0113les bag\u0101tu ier\u012bci vai noder\u012bgu d\u0101vanu saviem darbiniekiem un klientiem. Rekl\u0101mas grafika var nosegt visu aproces virsmu (iz\u0146emot aizdari).<\/p>\n<\/div>","protected":false},"featured_media":6439,"comment_status":"closed","ping_status":"closed","template":"","meta":[],"product_brand":[],"product_cat":[66,68],"product_tag":[],"class_list":{"0":"post-1212","1":"product","2":"type-product","3":"status-publish","4":"has-post-thumbnail","6":"product_cat-wristbands","7":"product_cat-event-supplies","9":"first","10":"instock","11":"shipping-taxable","12":"purchasable","13":"product-type-simple"},"_links":{"self":[{"href":"https:\/\/displayproducts.eu\/lv\/wp-json\/wp\/v2\/product\/1212","targetHints":{"allow":["GET"]}}],"collection":[{"href":"https:\/\/displayproducts.eu\/lv\/wp-json\/wp\/v2\/product"}],"about":[{"href":"https:\/\/displayproducts.eu\/lv\/wp-json\/wp\/v2\/types\/product"}],"replies":[{"embeddable":true,"href":"https:\/\/displayproducts.eu\/lv\/wp-json\/wp\/v2\/comments?post=1212"}],"wp:featuredmedia":[{"embeddable":true,"href":"https:\/\/displayproducts.eu\/lv\/wp-json\/wp\/v2\/media\/6439"}],"wp:attachment":[{"href":"https:\/\/displayproducts.eu\/lv\/wp-json\/wp\/v2\/media?parent=1212"}],"wp:term":[{"taxonomy":"product_brand","embeddable":true,"href":"https:\/\/displayproducts.eu\/lv\/wp-json\/wp\/v2\/product_brand?post=1212"},{"taxonomy":"product_cat","embeddable":true,"href":"https:\/\/displayproducts.eu\/lv\/wp-json\/wp\/v2\/product_cat?post=1212"},{"taxonomy":"product_tag","embeddable":true,"href":"https:\/\/displayproducts.eu\/lv\/wp-json\/wp\/v2\/product_tag?post=1212"}],"curies":[{"name":"wp","href":"https:\/\/api.w.org\/{rel}","templated":true}]}}