{"id":1209,"date":"2024-07-16T17:57:25","date_gmt":"2024-07-16T14:57:25","guid":{"rendered":"https:\/\/wristbandfactory.eu\/toode\/seed-paper-bracelet\/"},"modified":"2026-04-01T21:52:36","modified_gmt":"2026-04-01T18:52:36","slug":"seed-paper-wristbands","status":"publish","type":"product","link":"https:\/\/displayproducts.eu\/lv\/p\/seed-paper-wristbands\/","title":{"rendered":"S\u0113klu pap\u012bra aproces"},"content":{"rendered":"<p data-path-to-node=\"12\">Radiet ilgsto\u0161u, pozit\u012bvu ietekmi uz saviem apmekl\u0113t\u0101jiem un vidi ar m\u016bsu pal\u012bdz\u012bbu <b data-path-to-node=\"12\" data-index-in-node=\"104\">S\u0113klu pap\u012bra aproces<\/b>. \u0160is inovat\u012bvais produkts pied\u0101v\u0101 unik\u0101lu, bezatkritumu risin\u0101jumu videi draudz\u012bgiem pas\u0101kumu organizatoriem, p\u0101rveidojot parasti vienreizlietojamu priek\u0161metu par neaizmirstamu \u201cotro dz\u012bvi\u201d savva\u013cas ziedu veid\u0101. \u0160\u012bs aproces, kas paredz\u0113tas festiv\u0101liem, korporat\u012bvajiem ilgtsp\u0113j\u012bbas pas\u0101kumiem un za\u013caj\u0101m konferenc\u0113m, kalpo gan k\u0101 dro\u0161a piek\u013cuves caurlaide, gan k\u0101 j\u016bsu vides v\u0113rt\u012bbu apliecin\u0101jums.<\/p>\n<h2 data-path-to-node=\"13\">Galven\u0101s iez\u012bmes<\/h2>\n<ul data-path-to-node=\"14\">\n<li>\n<p data-path-to-node=\"14,0,0\"><b data-path-to-node=\"14,0,0\" data-index-in-node=\"0\">St\u0101d\u012b\u0161anas tehnolo\u0123ija:<\/b> Izgatavota no 80 g\/m\u00b2 pap\u012bra, kur\u0101 iestr\u0101d\u0101tas savva\u013cas ziedu s\u0113klas. P\u0113c pas\u0101kuma aproci var iest\u0101d\u012bt augsn\u0113, lai audz\u0113tu ziedus.<\/p>\n<\/li>\n<li>\n<p data-path-to-node=\"14,1,0\"><b data-path-to-node=\"14,1,0\" data-index-in-node=\"0\">Pilnkr\u0101su z\u012bmols:<\/b> Atbalsta druk\u0101\u0161anas iesp\u0113jas no malas l\u012bdz malai, \u013caujot spilgti par\u0101d\u012bt savu logotipu, sponsorus vai ekov\u0113st\u012bjumu.<\/p>\n<\/li>\n<li>\n<p data-path-to-node=\"14,2,0\"><b data-path-to-node=\"14,2,0\" data-index-in-node=\"0\">Dro\u0161a piek\u013cuves kontrole:<\/b> Apr\u012bkots ar uzticamu l\u012bmlenti, kas ir vienreiz lietojama un nav nododama, nodro\u0161inot dro\u0161\u012bbu j\u016bsu norises viet\u0101.<\/p>\n<\/li>\n<li>\n<p data-path-to-node=\"14,3,0\"><b data-path-to-node=\"14,3,0\" data-index-in-node=\"0\">Tekst\u016bra un saj\u016bta:<\/b> S\u0113klu pap\u012bra dabisk\u0101, nedaudz nel\u012bdzen\u0101 tekst\u016bra pie\u0161\u0137ir taust\u0101mu, organisku kvalit\u0101ti, kas pastiprina ilgtsp\u0113j\u012bbas v\u0113st\u012bjumu.<\/p>\n<\/li>\n<\/ul>\n<h2 data-path-to-node=\"15\">Specifik\u0101cijas<\/h2>\n<ul data-path-to-node=\"16\">\n<li>\n<p data-path-to-node=\"16,0,0\"><b data-path-to-node=\"16,0,0\" data-index-in-node=\"0\">Izm\u0113ri:<\/b> Aptuveni 240 x 20 mm (standarta regul\u0113jams izm\u0113rs).<\/p>\n<\/li>\n<li>\n<p data-path-to-node=\"16,1,0\"><b data-path-to-node=\"16,1,0\" data-index-in-node=\"0\">Materi\u0101la svars:<\/b> 80 g\/m\u00b2 s\u0113klu pap\u012brs.<\/p>\n<\/li>\n<li>\n<p data-path-to-node=\"16,2,0\"><b data-path-to-node=\"16,2,0\" data-index-in-node=\"0\">Druk\u0101\u0161anas metode:<\/b> Pilnkr\u0101su digit\u0101l\u0101 druka (CMYK).<\/p>\n<\/li>\n<li>\n<p data-path-to-node=\"16,3,0\"><b data-path-to-node=\"16,3,0\" data-index-in-node=\"0\">Lieto\u0161anas ilgums:<\/b> Ieteicams vienas dienas pas\u0101kumiem (ne ilg\u0101k k\u0101 1\u20132 dienas) biolo\u0123isk\u0101s no\u0101rd\u012b\u0161an\u0101s d\u0113\u013c.<\/p>\n<\/li>\n<li>\n<p data-path-to-node=\"16,4,0\"><b data-path-to-node=\"16,4,0\" data-index-in-node=\"0\">Minim\u0101lais pas\u016bt\u012bjuma daudzums:<\/b> 100 vien\u012bbas.<\/p>\n<\/li>\n<\/ul>\n<h2 data-path-to-node=\"17\">Lieto\u0161anas gad\u012bjumi<\/h2>\n<ul data-path-to-node=\"18\">\n<li>\n<p data-path-to-node=\"18,0,0\"><b data-path-to-node=\"18,0,0\" data-index-in-node=\"0\">Za\u013cie festiv\u0101li:<\/b> Lieliski piem\u0113rots m\u016bzikas un m\u0101kslas festiv\u0101liem br\u012bv\u0101 dab\u0101, kuros priorit\u0101te ir \u201cNeatst\u0101t p\u0113das\u201d princips.<\/p>\n<\/li>\n<li>\n<p data-path-to-node=\"18,1,0\"><b data-path-to-node=\"18,1,0\" data-index-in-node=\"0\">Korporat\u012bvie KSA pas\u0101kumi:<\/b> Ide\u0101li piem\u0113rots uz\u0146\u0113mumu pas\u0101kumiem, kas koncentr\u0113jas uz ilgtsp\u0113j\u012bbu un atbild\u012bbu pret vidi.<\/p>\n<\/li>\n<li>\n<p data-path-to-node=\"18,2,0\"><b data-path-to-node=\"18,2,0\" data-index-in-node=\"0\">Labdar\u012bbas l\u012bdzek\u013cu v\u0101k\u0161anas pas\u0101kumi:<\/b> Simboliska d\u0101vana ziedot\u0101jiem, kas izaug ziedos, simboliz\u0113jot izaugsmi un pateic\u012bbu.<\/p>\n<\/li>\n<li>\n<p data-path-to-node=\"18,3,0\"><b data-path-to-node=\"18,3,0\" data-index-in-node=\"0\">VIP piek\u013cuve:<\/b> Unik\u0101ls, augst\u0101k\u0101s klases diferenci\u0101lis \u012bpa\u0161iem viesiem ekolo\u0123iskaj\u0101s konferenc\u0113s.<\/p>\n<\/li>\n<\/ul>","protected":false},"excerpt":{"rendered":"<ul>\n<li>\n<p data-path-to-node=\"11,0,0\"><b data-path-to-node=\"11,0,0\" data-index-in-node=\"0\">Materi\u0101ls:<\/b> 80 g\/m\u00b2 biolo\u0123iski no\u0101rd\u0101ms pap\u012brs ar savva\u013cas ziedu s\u0113kl\u0101m.<\/p>\n<\/li>\n<li>\n<p data-path-to-node=\"11,1,0\"><b data-path-to-node=\"11,1,0\" data-index-in-node=\"0\">Piel\u0101go\u0161ana:<\/b> Pilnkr\u0101su druka no malas l\u012bdz malai iespaid\u012bgai z\u012bmola veido\u0161anai.<\/p>\n<\/li>\n<li>\n<p data-path-to-node=\"11,2,0\"><b data-path-to-node=\"11,2,0\" data-index-in-node=\"0\">Sl\u0113g\u0161ana:<\/b> Dro\u0161a, vienreiz lietojama l\u012bmlente nov\u0113r\u0161 p\u0101rne\u0161anu.<\/p>\n<\/li>\n<li>\n<p data-path-to-node=\"11,3,0\"><b data-path-to-node=\"11,3,0\" data-index-in-node=\"0\">Eko-fokuss:<\/b> 100% p\u0113c lieto\u0161anas apst\u0101d\u0101ms, lai nodro\u0161in\u0101tu pas\u0101kumu bezatkritumu risin\u0101jumu.<\/p>\n<\/li>\n<\/ul>","protected":false},"featured_media":6394,"comment_status":"closed","ping_status":"closed","template":"","meta":[],"product_brand":[],"product_cat":[133,66],"product_tag":[],"class_list":{"0":"post-1209","1":"product","2":"type-product","3":"status-publish","4":"has-post-thumbnail","6":"product_cat-eco-friendly-wristbands","7":"product_cat-wristbands","9":"first","10":"instock","11":"shipping-taxable","12":"purchasable","13":"product-type-simple"},"_links":{"self":[{"href":"https:\/\/displayproducts.eu\/lv\/wp-json\/wp\/v2\/product\/1209","targetHints":{"allow":["GET"]}}],"collection":[{"href":"https:\/\/displayproducts.eu\/lv\/wp-json\/wp\/v2\/product"}],"about":[{"href":"https:\/\/displayproducts.eu\/lv\/wp-json\/wp\/v2\/types\/product"}],"replies":[{"embeddable":true,"href":"https:\/\/displayproducts.eu\/lv\/wp-json\/wp\/v2\/comments?post=1209"}],"wp:featuredmedia":[{"embeddable":true,"href":"https:\/\/displayproducts.eu\/lv\/wp-json\/wp\/v2\/media\/6394"}],"wp:attachment":[{"href":"https:\/\/displayproducts.eu\/lv\/wp-json\/wp\/v2\/media?parent=1209"}],"wp:term":[{"taxonomy":"product_brand","embeddable":true,"href":"https:\/\/displayproducts.eu\/lv\/wp-json\/wp\/v2\/product_brand?post=1209"},{"taxonomy":"product_cat","embeddable":true,"href":"https:\/\/displayproducts.eu\/lv\/wp-json\/wp\/v2\/product_cat?post=1209"},{"taxonomy":"product_tag","embeddable":true,"href":"https:\/\/displayproducts.eu\/lv\/wp-json\/wp\/v2\/product_tag?post=1209"}],"curies":[{"name":"wp","href":"https:\/\/api.w.org\/{rel}","templated":true}]}}