{"id":1208,"date":"2024-10-27T11:54:37","date_gmt":"2024-10-27T08:54:37","guid":{"rendered":"https:\/\/wristbandfactory.eu\/toode\/faux-leather-wristbands\/"},"modified":"2026-04-01T21:52:36","modified_gmt":"2026-04-01T18:52:36","slug":"faux-leather-wristbands","status":"publish","type":"product","link":"https:\/\/displayproducts.eu\/lv\/p\/faux-leather-wristbands\/","title":{"rendered":"M\u0101ksl\u012bg\u0101s \u0101das aproces"},"content":{"rendered":"<p>Izv\u0113lies autentisku izskatu ar iegrav\u0113t\u0101m \u0101das aproc\u0113m. Tavs teksts ir iegrav\u0113ts aproc\u0113, t\u0101pat k\u0101 to dara autentiski \u0101das apstr\u0101d\u0101t\u0101ji. T\u0101d\u0101 veid\u0101 tekstam ir t\u0101da pati kr\u0101sa k\u0101 aprocei.<\/p>\n<p>M\u0113s pied\u0101v\u0101jam divu veidu aizdares: plastmasas klipsi un met\u0101la aizdari.<\/p>\n<p>Plastmasas klip\u0161a aizdare ir l\u012bdz\u012bga vinila aproc\u0113m paredz\u0113tajai aizdarei. Aproc\u0113 ir caurumi, kas \u013cauj to piel\u0101got individu\u0101li. P\u0113c aizv\u0113r\u0161anas aizdari nevar atv\u0113rt, to nesaboj\u0101jot, jo var rasties vilto\u0161anas paz\u012bmes. Tas nov\u0113r\u0161 kr\u0101p\u0161anu.<\/p>\n<p>Met\u0101la aizdare ir ar\u012b standarta aizdare auduma festiv\u0101lu aproc\u0113m. Lai to aizv\u0113rtu, nepiecie\u0161ams gofr\u0113\u0161anas instruments. P\u0113c aizdares gofr\u0113\u0161anas aproci nevar no\u0146emt, nepar\u0101dot vilto\u0161anas paz\u012bmes, kas nov\u0113r\u0161 kr\u0101p\u0161anu.<\/p>","protected":false},"excerpt":{"rendered":"<div>\n<p class=\"text-gray-500\">Ar m\u0101ksl\u012bg\u0101s \u0101das vai \u0101das imit\u0101cijas aproc\u0113m j\u016bs izv\u0113laties dro\u0161u piek\u013cuves kontroli savam pas\u0101kumam ar unik\u0101lu izskatu. J\u016bs varat izv\u0113l\u0113ties no 4 da\u017e\u0101d\u0101m m\u0101ksl\u012bg\u0101s \u0101das kr\u0101s\u0101m druk\u0101\u0161anai 1 vai 2 kr\u0101s\u0101s vai grav\u0113\u0161anai. Apro\u010du nostiprin\u0101\u0161anai pied\u0101v\u0101jam divas iesp\u0113jas: met\u0101la aizdari vai plastmasas spiedpogu aizdari.<\/p>\n<\/div>","protected":false},"featured_media":6410,"comment_status":"closed","ping_status":"closed","template":"","meta":[],"product_brand":[],"product_cat":[66,117],"product_tag":[],"class_list":{"0":"post-1208","1":"product","2":"type-product","3":"status-publish","4":"has-post-thumbnail","6":"product_cat-wristbands","7":"product_cat-leather-wristbands","9":"first","10":"instock","11":"shipping-taxable","12":"purchasable","13":"product-type-simple"},"_links":{"self":[{"href":"https:\/\/displayproducts.eu\/lv\/wp-json\/wp\/v2\/product\/1208","targetHints":{"allow":["GET"]}}],"collection":[{"href":"https:\/\/displayproducts.eu\/lv\/wp-json\/wp\/v2\/product"}],"about":[{"href":"https:\/\/displayproducts.eu\/lv\/wp-json\/wp\/v2\/types\/product"}],"replies":[{"embeddable":true,"href":"https:\/\/displayproducts.eu\/lv\/wp-json\/wp\/v2\/comments?post=1208"}],"wp:featuredmedia":[{"embeddable":true,"href":"https:\/\/displayproducts.eu\/lv\/wp-json\/wp\/v2\/media\/6410"}],"wp:attachment":[{"href":"https:\/\/displayproducts.eu\/lv\/wp-json\/wp\/v2\/media?parent=1208"}],"wp:term":[{"taxonomy":"product_brand","embeddable":true,"href":"https:\/\/displayproducts.eu\/lv\/wp-json\/wp\/v2\/product_brand?post=1208"},{"taxonomy":"product_cat","embeddable":true,"href":"https:\/\/displayproducts.eu\/lv\/wp-json\/wp\/v2\/product_cat?post=1208"},{"taxonomy":"product_tag","embeddable":true,"href":"https:\/\/displayproducts.eu\/lv\/wp-json\/wp\/v2\/product_tag?post=1208"}],"curies":[{"name":"wp","href":"https:\/\/api.w.org\/{rel}","templated":true}]}}