{"id":1205,"date":"2024-10-27T11:54:37","date_gmt":"2024-10-27T08:54:37","guid":{"rendered":"https:\/\/wristbandfactory.eu\/toode\/custom-rfid-leather-wristband\/"},"modified":"2026-04-01T21:52:36","modified_gmt":"2026-04-01T18:52:36","slug":"custom-rfid-leather-wristband","status":"publish","type":"product","link":"https:\/\/displayproducts.eu\/lv\/p\/custom-rfid-leather-wristband\/","title":{"rendered":"\u0100das RFID aproces"},"content":{"rendered":"<p data-path-to-node=\"12\">Uzlabojiet savu viesu pieredzi ar m\u016bsu <b data-path-to-node=\"12\" data-index-in-node=\"64\">Piel\u0101gotas \u0101das RFID aproces<\/b>. \u0160\u012bs aproces, kas rad\u012btas vid\u0113m, kur stils ir tikpat svar\u012bgs k\u0101 dro\u0161\u012bba, apvieno modernu RFID tehnolo\u0123iju ar klasisku \u0101das eleganci. At\u0161\u0137ir\u012bb\u0101 no standarta silikona vai auduma aproc\u0113m, \u0161\u012bs aproces kalpo k\u0101 augst\u0101k\u0101s klases aksesu\u0101rs, padarot t\u0101s ide\u0101li piem\u0113rotas VIP zon\u0101m, luksusa k\u016brortiem, lauku klubiem un augstas klases korporat\u012bvajiem pas\u0101kumiem.<\/p>\n<p data-path-to-node=\"13\">Izgatavotas no iztur\u012bgas PU \u0101das (pieejamas ar\u012b \u012bstas \u0101das opcijas), t\u0101s nodro\u0161ina \u0113rtu piegul\u0161anu ilgsto\u0161ai valk\u0101\u0161anai. Integr\u0113t\u0101 mikrosh\u0113ma ir neman\u0101mi iestr\u0101d\u0101ta, nodro\u0161inot uzticamu datu p\u0101rraidi piek\u013cuves kontrolei, bezskaidras naudas maks\u0101jumiem vai soci\u0101lo mediju integr\u0101cijai, neapdraudot aproces est\u0113tisko pievilc\u012bbu.<\/p>\n<h2 data-path-to-node=\"14\">Galven\u0101s iez\u012bmes<\/h2>\n<ul data-path-to-node=\"15\">\n<li>\n<p data-path-to-node=\"15,0,1\"><span data-path-to-node=\"15,0,1,0\"><b data-path-to-node=\"15,0,1,0\" data-index-in-node=\"0\"><span class=\"citation-43\">Uzlabota mikrosh\u0113mu sader\u012bba:<\/span><\/b><span class=\"citation-43\"> Pieejams ar pla\u0161u RFID mikrosh\u0113mu kl\u0101stu, tostarp LF (125 kHz), HF (13,56 MHz NTAG\u00ae\/Mifare) un UHF (860\u2013960 MHz), lai atbilstu jebkurai sist\u0113mai<\/span><\/span><span data-path-to-node=\"15,0,1,2\">.<\/span><\/p>\n<\/li>\n<li>\n<p data-path-to-node=\"15,1,1\"><span data-path-to-node=\"15,1,1,0\"><b data-path-to-node=\"15,1,1,0\" data-index-in-node=\"0\"><span class=\"citation-42\">Augst\u0101k\u0101s kvalit\u0101tes est\u0113tika:<\/span><\/b><span class=\"citation-42\"> \u0100das apdare pied\u0101v\u0101 izsmalcin\u0101tu alternat\u012bvu plastmasai, uzlabojot j\u016bsu pas\u0101kuma vai norises vietas uztveramo v\u0113rt\u012bbu.<\/span><\/span><span data-path-to-node=\"15,1,1,2\">.<\/span><\/p>\n<\/li>\n<li>\n<p data-path-to-node=\"15,2,0\"><b data-path-to-node=\"15,2,0\" data-index-in-node=\"0\">Piel\u0101gots z\u012bmols:<\/b> Piel\u0101gojiet savu logotipu, izmantojot augst\u0101k\u0101s kvalit\u0101tes tehnikas, piem\u0113ram, reljefspiedi, iespiedumu vai sietspiedi.<\/p>\n<\/li>\n<li>\n<p data-path-to-node=\"15,3,0\"><b data-path-to-node=\"15,3,0\" data-index-in-node=\"0\">Regul\u0113jama piegriezne:<\/b> Izstr\u0101d\u0101ts ar klasisku spr\u0101dzes aizdari (standarta izm\u0113rs 250 x 22 x 3 mm), lai \u0113rti atbilstu liel\u0101kajai da\u013cai plaukstas loc\u012btavu izm\u0113ru.<\/p>\n<\/li>\n<\/ul>\n<h2 data-path-to-node=\"16\">Specifik\u0101cijas<\/h2>\n<ul data-path-to-node=\"17\">\n<li>\n<p data-path-to-node=\"17,0,0\"><b data-path-to-node=\"17,0,0\" data-index-in-node=\"0\">Izm\u0113ri:<\/b> 250 mm x 22 mm x 3 mm.<\/p>\n<\/li>\n<li>\n<p data-path-to-node=\"17,1,0\"><b data-path-to-node=\"17,1,0\" data-index-in-node=\"0\">Materi\u0101ls:<\/b> PU \u0101da (standarta) vai \u012bsta \u0101da (jaunin\u0101ta).<\/p>\n<\/li>\n<li>\n<p data-path-to-node=\"17,2,0\"><b data-path-to-node=\"17,2,0\" data-index-in-node=\"0\">Frekvences opcijas:<\/b> ZF (125 kHz), HF (13,56 MHz), UHF (860\u2013960 MHz).<\/p>\n<\/li>\n<li>\n<p data-path-to-node=\"17,3,0\"><b data-path-to-node=\"17,3,0\" data-index-in-node=\"0\">\u010cipu veidi:<\/b> TK4100, F08, NTAG213\/215\/216, Alien H3 un citi.<\/p>\n<\/li>\n<li>\n<p data-path-to-node=\"17,4,0\"><b data-path-to-node=\"17,4,0\" data-index-in-node=\"0\">Las\u012b\u0161anas att\u0101lums:<\/b> 1\u201310 cm (LF\/HF), l\u012bdz pat vair\u0101kiem metriem (UHF, atkar\u012bgs no las\u012bt\u0101ja).<\/p>\n<\/li>\n<li>\n<p data-path-to-node=\"17,5,0\"><b data-path-to-node=\"17,5,0\" data-index-in-node=\"0\">Minim\u0101lais pas\u016bt\u012bjuma daudzums:<\/b> 100 vien\u012bbas.<\/p>\n<\/li>\n<\/ul>\n<h2 data-path-to-node=\"18\">Lieto\u0161anas gad\u012bjumi<\/h2>\n<ul data-path-to-node=\"19\">\n<li>\n<p data-path-to-node=\"19,0,0\"><b data-path-to-node=\"19,0,0\" data-index-in-node=\"0\">Luksusa viesn\u012bcas un k\u016brorti:<\/b> Ieeja numur\u0101 bez atsl\u0113gas un bezskaidras naudas maks\u0101jumi par k\u016brorta pakalpojumiem.<\/p>\n<\/li>\n<li>\n<p data-path-to-node=\"19,1,0\"><b data-path-to-node=\"19,1,0\" data-index-in-node=\"0\">VIP pas\u0101kuma ieeja:<\/b> Ekskluz\u012bvas piek\u013cuves ties\u012bbas aizkuli\u0161u zon\u0101m, priv\u0101t\u0101m atp\u016btas telp\u0101m un svin\u012bgiem pas\u0101kumiem.<\/p>\n<\/li>\n<li>\n<p data-path-to-node=\"19,2,0\"><b data-path-to-node=\"19,2,0\" data-index-in-node=\"0\">Fitnesa un lauku klubi:<\/b> Iztur\u012bgas, stil\u012bgas biedru identifik\u0101cijas kartes piek\u013cuvei iest\u0101d\u0113m.<\/p>\n<\/li>\n<li>\n<p data-path-to-node=\"19,3,0\"><b data-path-to-node=\"19,3,0\" data-index-in-node=\"0\">Biroja dro\u0161\u012bba:<\/b> Eleganta darbinieku identifik\u0101cija korporat\u012bvaj\u0101 vid\u0113.<\/p>\n<\/li>\n<\/ul>","protected":false},"excerpt":{"rendered":"<ul>\n<li>\n<p data-path-to-node=\"11,0,0\"><b data-path-to-node=\"11,0,0\" data-index-in-node=\"0\">Materi\u0101ls:<\/b> Augstas kvalit\u0101tes PU vai \u012bstas \u0101das iesp\u0113jas izsmalcin\u0101tam izskatam.<\/p>\n<\/li>\n<li>\n<p data-path-to-node=\"11,1,0\"><b data-path-to-node=\"11,1,0\" data-index-in-node=\"0\">Tehnolo\u0123ija:<\/b> Integr\u0113tas LF (TK4100), HF (NTAG\u00ae) vai UHF (Alien H3) mikrosh\u0113mas.<\/p>\n<\/li>\n<li>\n<p data-path-to-node=\"11,2,0\"><b data-path-to-node=\"11,2,0\" data-index-in-node=\"0\">Piel\u0101go\u0161ana:<\/b> Reljefs, reljefs vai apdruka diskr\u0113tai z\u012bmola veido\u0161anai.<\/p>\n<\/li>\n<li>\n<p data-path-to-node=\"11,3,0\"><b data-path-to-node=\"11,3,0\" data-index-in-node=\"0\">Pielietojums:<\/b> Ide\u0101li piem\u0113rots VIP piek\u013cuves kontrolei, bezskaidras naudas maks\u0101jumiem un luksusa viesn\u012bc\u0101m.<\/p>\n<\/li>\n<\/ul>","protected":false},"featured_media":6037,"comment_status":"closed","ping_status":"closed","template":"","meta":[],"product_brand":[],"product_cat":[66,117,81],"product_tag":[],"class_list":{"0":"post-1205","1":"product","2":"type-product","3":"status-publish","4":"has-post-thumbnail","6":"product_cat-wristbands","7":"product_cat-leather-wristbands","8":"product_cat-rfid","10":"first","11":"instock","12":"shipping-taxable","13":"purchasable","14":"product-type-simple"},"_links":{"self":[{"href":"https:\/\/displayproducts.eu\/lv\/wp-json\/wp\/v2\/product\/1205","targetHints":{"allow":["GET"]}}],"collection":[{"href":"https:\/\/displayproducts.eu\/lv\/wp-json\/wp\/v2\/product"}],"about":[{"href":"https:\/\/displayproducts.eu\/lv\/wp-json\/wp\/v2\/types\/product"}],"replies":[{"embeddable":true,"href":"https:\/\/displayproducts.eu\/lv\/wp-json\/wp\/v2\/comments?post=1205"}],"wp:featuredmedia":[{"embeddable":true,"href":"https:\/\/displayproducts.eu\/lv\/wp-json\/wp\/v2\/media\/6037"}],"wp:attachment":[{"href":"https:\/\/displayproducts.eu\/lv\/wp-json\/wp\/v2\/media?parent=1205"}],"wp:term":[{"taxonomy":"product_brand","embeddable":true,"href":"https:\/\/displayproducts.eu\/lv\/wp-json\/wp\/v2\/product_brand?post=1205"},{"taxonomy":"product_cat","embeddable":true,"href":"https:\/\/displayproducts.eu\/lv\/wp-json\/wp\/v2\/product_cat?post=1205"},{"taxonomy":"product_tag","embeddable":true,"href":"https:\/\/displayproducts.eu\/lv\/wp-json\/wp\/v2\/product_tag?post=1205"}],"curies":[{"name":"wp","href":"https:\/\/api.w.org\/{rel}","templated":true}]}}