{"id":1203,"date":"2024-10-27T11:54:37","date_gmt":"2024-10-27T08:54:37","guid":{"rendered":"https:\/\/wristbandfactory.eu\/toode\/fabric-wristbands\/"},"modified":"2026-04-01T21:52:36","modified_gmt":"2026-04-01T18:52:36","slug":"full-colour-printed-fabric-wristbands","status":"publish","type":"product","link":"https:\/\/displayproducts.eu\/lv\/p\/full-colour-printed-fabric-wristbands\/","title":{"rendered":"Pilnkr\u0101su apdruk\u0101tas auduma aproces"},"content":{"rendered":"<div class=\"mx-12 md:mx-24 lg:mx-48\">\n<div class=\"container my-8 svelte-zlsknf\">\n<div class=\"my-24 rounded-lg border-0 border-gray-700 bg-gray-100 px-16 py-24\">\n<div class=\"mt-11 !text-gray-500\">\n<p data-path-to-node=\"8\">Padariet sava pas\u0101kuma pieredzi v\u0113l \u012bpa\u0161\u0101ku ar m\u016bsu pilnkr\u0101su apdruk\u0101taj\u0101m auduma aproc\u0113m. \u0160is ir m\u016bsu popul\u0101r\u0101kais risin\u0101jums pas\u0101kumu piek\u013cuves kontrolei, kas izstr\u0101d\u0101ts k\u0101 sp\u0113c\u012bgs m\u0101rketinga r\u012bks, kas vienlaikus kalpo ar\u012b k\u0101 v\u0113rt\u012bgs suven\u012brs apmekl\u0113t\u0101jiem.<\/p>\n<p data-path-to-node=\"9\"><b>Viena aproce, piln\u012bb\u0101 piel\u0101gojama j\u016bsu sp\u0113kiem<\/b><\/p>\n<p data-path-to-node=\"10\">\u0160aj\u0101 vienotaj\u0101 produktu lap\u0101 ir apkopotas visas m\u016bsu apdruk\u0101t\u0101 auduma iesp\u0113jas. Vienk\u0101r\u0161i izv\u0113lieties materi\u0101lu un aiztaisiet, lai izveidotu perfektu aproci savam pas\u0101kumam.<\/p>\n<ol start=\"1\" data-path-to-node=\"11\">\n<li>\n<p data-path-to-node=\"11,0,0\"><b>Izv\u0113lieties savu apdruku un materi\u0101lu:<\/b> Izmantojot modern\u0101ko sublim\u0101cijas druku, m\u0113s atveidojam j\u016bsu dizainu spilgtos, pret izbal\u0113\u0161anu iztur\u012bgos CMYK vai prec\u012bzos Pantone (PMS) to\u0146os. Izv\u0113lieties vienu no div\u0101m materi\u0101lu apdar\u0113m:<\/p>\n<ul data-path-to-node=\"11,0,1\">\n<li>\n<p data-path-to-node=\"11,0,1,0,0\"><b>Iztur\u012bgs poliesters:<\/b> M\u016bsu augstas kvalit\u0101tes, \u016bdensnecaurlaid\u012bgais un \u0101dai draudz\u012bgais standarts visiem pas\u0101kumiem.<\/p>\n<\/li>\n<li>\n<p data-path-to-node=\"11,0,1,1,0\"><b>Augst\u0101k\u0101s kvalit\u0101tes sat\u012bns:<\/b> Glud\u0101ka, sp\u012bd\u012bg\u0101ka apdare, kas rada augst\u0101k\u0101s klases saj\u016btu (absorb\u0113 \u201cSat\u012bna aproces\u201d produktu).<\/p>\n<\/li>\n<\/ul>\n<\/li>\n<li>\n<p data-path-to-node=\"11,1,0\"><b>Izv\u0113lieties savu sl\u0113dzeni:<\/b> Dro\u0161\u012bba ir vissvar\u012bg\u0101k\u0101. Konfigur\u0113jiet savas aproces ar prec\u012bzu sl\u0113dzeni atbilsto\u0161i j\u016bsu vajadz\u012bb\u0101m. M\u0113s pied\u0101v\u0101jam pilnu iesp\u0113ju kl\u0101stu:<\/p>\n<ul data-path-to-node=\"11,1,1\">\n<li>\n<p data-path-to-node=\"11,1,1,0,0\"><b>Augstas dro\u0161\u012bbas sl\u0113dzenes:<\/b> Vienreizlietojamas plastmasas pa\u0161nosl\u0113dzo\u0161as skavas vai iztur\u012bgas met\u0101la sl\u0113dzenes, lai nov\u0113rstu p\u0101rvieto\u0161anu.<\/p>\n<\/li>\n<li>\n<p data-path-to-node=\"11,1,1,1,0\"><b>Atk\u0101rtoti lietojamas sl\u0113dzenes:<\/b> Regul\u0113jama p\u0113rl\u012bte, kas \u013cauj no\u0146emt un p\u0101rtin aproces.<\/p>\n<\/li>\n<li>\n<p data-path-to-node=\"11,1,1,2,0\"><b>Videi draudz\u012bgas sl\u0113dzenes:<\/b> M\u016bsu ilgtsp\u0113j\u012bg\u0101, vienreizlietojam\u0101 bambusa sl\u0113dzene.<\/p>\n<\/li>\n<\/ul>\n<\/li>\n<\/ol>\n<p data-path-to-node=\"12\">\u0160\u012bs aproces ir ide\u0101ls dro\u0161s risin\u0101jums piek\u013cuves kontrolei koncertos, festiv\u0101los, ball\u012bt\u0113s, viesn\u012bc\u0101s un akvaparkos.<\/p>\n<p data-path-to-node=\"13\"><i>(Piez\u012bme: Ra\u017eo\u0161anas procesa d\u0113\u013c optim\u0101lam rezult\u0101tam iesak\u0101m aproces aizmugur\u0113 izmantot atk\u0101rtotus rakstus.)<\/i><\/p>\n<p data-path-to-node=\"14\"><b>Galven\u0101s iez\u012bmes:<\/b><\/p>\n<ul data-path-to-node=\"15\">\n<li>\n<p data-path-to-node=\"15,0,0\"><b>Druk\u0101\u0161ana:<\/b> Pilnkr\u0101su CMYK vai PMS sublim\u0101cijas druka.<\/p>\n<\/li>\n<li>\n<p data-path-to-node=\"15,1,0\"><b>Materi\u0101ls:<\/b> Augstas kvalit\u0101tes poliesters (pieejama ar\u012b Premium Satin apdare).<\/p>\n<\/li>\n<li>\n<p data-path-to-node=\"15,2,0\"><b>Dro\u0161\u012bbas sl\u0113dzenes opcijas:<\/b> Augstas dro\u0161\u012bbas (plastmasas\/met\u0101la), atk\u0101rtoti lietojamas lod\u012btes vai videi draudz\u012bgs bambuss.<\/p>\n<\/li>\n<li>\n<p data-path-to-node=\"15,3,0\"><b>Iztur\u012bgs un \u016bdensnecaurlaid\u012bgs:<\/b> Ide\u0101li piem\u0113rots vair\u0101ku dienu pas\u0101kumiem.<\/p>\n<\/li>\n<li>\n<p data-path-to-node=\"15,4,0\"><b>Komforts:<\/b> Viegls un m\u012bksts \u0113rtai, ilgsto\u0161ai valk\u0101\u0161anai.<\/p>\n<\/li>\n<li>\n<p data-path-to-node=\"15,5,0\"><b>Minim\u0101lais pas\u016bt\u012bjums:<\/b> 100 gabali.<\/p>\n<\/li>\n<\/ul>\n<p data-path-to-node=\"16\">\n<\/div>\n<\/div>\n<\/div>\n<\/div>","protected":false},"excerpt":{"rendered":"<ul data-path-to-node=\"7\">\n<li>\n<p data-path-to-node=\"7,0,0\">Spilgta, pilnkr\u0101su CMYK vai Pantone sublim\u0101cijas druka.<\/p>\n<\/li>\n<li>\n<p data-path-to-node=\"7,1,0\"><b>Materi\u0101lu opcijas:<\/b> Izv\u0113lieties iztur\u012bgu, \u016bdensnecaurlaid\u012bgu poliesteru vai augst\u0101k\u0101s kvalit\u0101tes sat\u012bnu.<\/p>\n<\/li>\n<li>\n<p data-path-to-node=\"7,2,0\"><b>Blo\u0137\u0113\u0161anas opcijas:<\/b> Augstas dro\u0161\u012bbas (vienreiz\u0113jas lieto\u0161anas plastmasa\/met\u0101ls), atk\u0101rtoti lietojams (regul\u0113jama lod\u012bte) vai videi draudz\u012bgs bambuss.<\/p>\n<\/li>\n<li>\n<p data-path-to-node=\"7,3,0\">\u0112rts, iztur\u012bgs un \u0101dai draudz\u012bgs vair\u0101ku dienu pas\u0101kumiem.<\/p>\n<\/li>\n<\/ul>","protected":false},"featured_media":6388,"comment_status":"closed","ping_status":"closed","template":"","meta":[],"product_brand":[],"product_cat":[47],"product_tag":[],"class_list":{"0":"post-1203","1":"product","2":"type-product","3":"status-publish","4":"has-post-thumbnail","6":"product_cat-fabric-wristbands","8":"first","9":"instock","10":"shipping-taxable","11":"purchasable","12":"product-type-simple"},"_links":{"self":[{"href":"https:\/\/displayproducts.eu\/lv\/wp-json\/wp\/v2\/product\/1203","targetHints":{"allow":["GET"]}}],"collection":[{"href":"https:\/\/displayproducts.eu\/lv\/wp-json\/wp\/v2\/product"}],"about":[{"href":"https:\/\/displayproducts.eu\/lv\/wp-json\/wp\/v2\/types\/product"}],"replies":[{"embeddable":true,"href":"https:\/\/displayproducts.eu\/lv\/wp-json\/wp\/v2\/comments?post=1203"}],"wp:featuredmedia":[{"embeddable":true,"href":"https:\/\/displayproducts.eu\/lv\/wp-json\/wp\/v2\/media\/6388"}],"wp:attachment":[{"href":"https:\/\/displayproducts.eu\/lv\/wp-json\/wp\/v2\/media?parent=1203"}],"wp:term":[{"taxonomy":"product_brand","embeddable":true,"href":"https:\/\/displayproducts.eu\/lv\/wp-json\/wp\/v2\/product_brand?post=1203"},{"taxonomy":"product_cat","embeddable":true,"href":"https:\/\/displayproducts.eu\/lv\/wp-json\/wp\/v2\/product_cat?post=1203"},{"taxonomy":"product_tag","embeddable":true,"href":"https:\/\/displayproducts.eu\/lv\/wp-json\/wp\/v2\/product_tag?post=1203"}],"curies":[{"name":"wp","href":"https:\/\/api.w.org\/{rel}","templated":true}]}}