{"id":6857,"date":"2026-01-15T16:48:49","date_gmt":"2026-01-15T13:48:49","guid":{"rendered":"https:\/\/wristbandfactory.eu\/?post_type=product&#038;p=6857"},"modified":"2026-04-01T21:52:34","modified_gmt":"2026-04-01T18:52:34","slug":"custom-lanyards-with-metal-bulldog-clip","status":"publish","type":"product","link":"https:\/\/displayproducts.eu\/lt\/p\/custom-lanyards-with-metal-bulldog-clip\/","title":{"rendered":"Kaklajuost\u0117s su spauda ir \u017enypliniu segtuku"},"content":{"rendered":"<p data-path-to-node=\"4\">Supaprastinkite savo renginio registracijos proces\u0105 su m\u016bs\u0173 <b data-path-to-node=\"4\" data-index-in-node=\"73\">Individual\u016bs kaklajuostel\u0117s su metaline buldogo formos sagtele<\/b>. Da\u017enai apib\u016bdinamas kaip \u201cskalbini\u0173 segtuko\u201d tipo tvirtinimo detal\u0117, \u0161i tvirtinimo detal\u0117 yra m\u0117gstama konferencijose ir prekybos parodose d\u0117l savo grei\u010dio ir universalumo. Spyruokliniai \u017eandikauliai lengvai atsidaro suspaudus, tod\u0117l galite akimirksniu pritvirtinti asmens tapatyb\u0117s korteles, leidimus ar plastikines pinigines \u2013 net ir tas, kurios neturi specialios skylut\u0117s.<\/p>\n<h2 data-path-to-node=\"5\">Pagrindin\u0117s savyb\u0117s<\/h2>\n<ul data-path-to-node=\"6\">\n<li>\n<p data-path-to-node=\"6,0,0\"><b data-path-to-node=\"6,0,0\" data-index-in-node=\"0\">Universalus u\u017espaudimas:<\/b> Skirtingai nuo kabliuk\u0173, kuriems reikalingas konkretus skyl\u0117s dydis, \u201eBulldog\u201c spaustuko \u017eandikauliai gali suimti beveik bet kokio \u017eenklelio laikiklio, laminato ar kortel\u0117s kra\u0161t\u0105.<\/p>\n<\/li>\n<li>\n<p data-path-to-node=\"6,1,0\"><b data-path-to-node=\"6,1,0\" data-index-in-node=\"0\">Apsauga nuo sukimosi:<\/b> Platus sukibimo pavir\u0161ius u\u017etikrina, kad asmens tapatyb\u0117s kortel\u0117s kab\u0117t\u0173 tiesiai ir b\u016bt\u0173 nukreiptos \u012f priek\u012f, tod\u0117l vardai ir logotipai visada b\u016bt\u0173 matomi.<\/p>\n<\/li>\n<li>\n<p data-path-to-node=\"6,2,0\"><b data-path-to-node=\"6,2,0\" data-index-in-node=\"0\">\u0160velnus med\u017eiagoms:<\/b> Nors rankena tvirta, lyg\u016bs metaliniai \u017eandikauliai sukurti taip, kad saugiai laikyt\u0173si nepa\u017eeisdami standartini\u0173 PVC mai\u0161eli\u0173.<\/p>\n<\/li>\n<li>\n<p data-path-to-node=\"6,3,0\"><b data-path-to-node=\"6,3,0\" data-index-in-node=\"0\">Pilna sublimacin\u0117 spauda:<\/b> Pats kaklajuost\u0117s dir\u017eelis yra atspausdintas nuo kra\u0161to iki kra\u0161to ry\u0161kiomis spalvomis, u\u017etikrinant, kad j\u016bs\u0173 prek\u0117s \u017eenklas atitikt\u0173 auk\u0161\u010diausios kokyb\u0117s segtuko funkcionalum\u0105.<\/p>\n<\/li>\n<\/ul>\n<h2 data-path-to-node=\"7\">Specifikacijos<\/h2>\n<ul data-path-to-node=\"8\">\n<li>\n<p data-path-to-node=\"8,0,0\"><b data-path-to-node=\"8,0,0\" data-index-in-node=\"0\">Med\u017eiaga:<\/b> 100% lygus poliesteris.<\/p>\n<\/li>\n<li>\n<p data-path-to-node=\"8,1,0\"><b data-path-to-node=\"8,1,0\" data-index-in-node=\"0\">Priedas:<\/b> Nikeliuotas metalinis buldogo formos segtukas (\u017eenklelio spaustukas).<\/p>\n<\/li>\n<li>\n<p data-path-to-node=\"8,2,0\"><b data-path-to-node=\"8,2,0\" data-index-in-node=\"0\">Spausdinimo b\u016bdas:<\/b> Pilnaspalv\u0117 da\u017e\u0173 sublimacija.<\/p>\n<\/li>\n<li>\n<p data-path-to-node=\"8,3,0\"><b data-path-to-node=\"8,3,0\" data-index-in-node=\"0\">Segtuko plotis:<\/b> Standartinis ~10 mm \u017eandikaulio plotis saugiam fiksavimui.<\/p>\n<\/li>\n<li>\n<p data-path-to-node=\"8,4,0\"><b data-path-to-node=\"8,4,0\" data-index-in-node=\"0\">Galimi plo\u010diai:<\/b> 15 mm, 20 mm, 25 mm.<\/p>\n<\/li>\n<\/ul>\n<h2 data-path-to-node=\"9\">Naudojimo atvejai<\/h2>\n<ul data-path-to-node=\"10\">\n<li>\n<p data-path-to-node=\"10,0,0\"><b data-path-to-node=\"10,0,0\" data-index-in-node=\"0\">Konferencijos ir prekybos parodos:<\/b> Grei\u010diausias b\u016bdas pritvirtinti \u017eenklelius prie dir\u017eeli\u0173 didelio masto registracijos metu.<\/p>\n<\/li>\n<li>\n<p data-path-to-node=\"10,1,0\"><b data-path-to-node=\"10,1,0\" data-index-in-node=\"0\">Lankytoj\u0173 leidimai:<\/b> Idealiai tinka laikiniems \u017eenkliukams, kuriuos reikia surinkti ir pakartotinai naudoti.<\/p>\n<\/li>\n<li>\n<p data-path-to-node=\"10,2,0\"><b data-path-to-node=\"10,2,0\" data-index-in-node=\"0\">Personalo uniformos:<\/b> Galima prisegti prie apykakl\u0117s ar ki\u0161eni\u0173, kai nepageidautina rai\u0161telio aplink kakl\u0105.<\/p>\n<\/li>\n<\/ul>","protected":false},"excerpt":{"rendered":"<ul>\n<li>\n<p data-path-to-node=\"3,0,0\"><b data-path-to-node=\"3,0,0\" data-index-in-node=\"0\">Drabu\u017ei\u0173 segtuko stiliaus veiksmas:<\/b> Lengvai atidaromas \u201cBuldogo\u201d mechanizmas tvirtai prisitvirtina prie \u017eenkleli\u0173 laikikli\u0173 ar drabu\u017ei\u0173, nereikia i\u0161gr\u0119\u017eti skyl\u0117s.<\/p>\n<\/li>\n<li>\n<p data-path-to-node=\"3,1,0\"><b data-path-to-node=\"3,1,0\" data-index-in-node=\"0\">Stabilus ekranas:<\/b> Plat\u016bs, plok\u0161ti \u017eandikauliai tvirtai suima \u017eenklel\u012f, neleisdami jam susisukti ar apvirsti.<\/p>\n<\/li>\n<li>\n<p data-path-to-node=\"3,2,0\"><b data-path-to-node=\"3,2,0\" data-index-in-node=\"0\">Dvigubas priedas:<\/b> Galima prisegti prie plastikinio asmens dokumento mai\u0161elio arba tiesiai ant mar\u0161kini\u0173 ki\u0161en\u0117s ar atlapo.<\/p>\n<\/li>\n<li>\n<p data-path-to-node=\"3,3,0\"><b data-path-to-node=\"3,3,0\" data-index-in-node=\"0\">Patvari metalin\u0117 konstrukcija:<\/b> Pagaminta i\u0161 nikeliu padengto plieno, kad spyruokl\u0117s ilgai i\u0161likt\u0173 tvirtos ir tvirtos.<\/p>\n<\/li>\n<\/ul>","protected":false},"featured_media":6858,"comment_status":"closed","ping_status":"closed","template":"","meta":[],"product_brand":[],"product_cat":[104],"product_tag":[],"class_list":{"0":"post-6857","1":"product","2":"type-product","3":"status-publish","4":"has-post-thumbnail","6":"product_cat-custom-printed-lanyards","8":"first","9":"instock","10":"shipping-taxable","11":"purchasable","12":"product-type-simple"},"_links":{"self":[{"href":"https:\/\/displayproducts.eu\/lt\/wp-json\/wp\/v2\/product\/6857","targetHints":{"allow":["GET"]}}],"collection":[{"href":"https:\/\/displayproducts.eu\/lt\/wp-json\/wp\/v2\/product"}],"about":[{"href":"https:\/\/displayproducts.eu\/lt\/wp-json\/wp\/v2\/types\/product"}],"replies":[{"embeddable":true,"href":"https:\/\/displayproducts.eu\/lt\/wp-json\/wp\/v2\/comments?post=6857"}],"wp:featuredmedia":[{"embeddable":true,"href":"https:\/\/displayproducts.eu\/lt\/wp-json\/wp\/v2\/media\/6858"}],"wp:attachment":[{"href":"https:\/\/displayproducts.eu\/lt\/wp-json\/wp\/v2\/media?parent=6857"}],"wp:term":[{"taxonomy":"product_brand","embeddable":true,"href":"https:\/\/displayproducts.eu\/lt\/wp-json\/wp\/v2\/product_brand?post=6857"},{"taxonomy":"product_cat","embeddable":true,"href":"https:\/\/displayproducts.eu\/lt\/wp-json\/wp\/v2\/product_cat?post=6857"},{"taxonomy":"product_tag","embeddable":true,"href":"https:\/\/displayproducts.eu\/lt\/wp-json\/wp\/v2\/product_tag?post=6857"}],"curies":[{"name":"wp","href":"https:\/\/api.w.org\/{rel}","templated":true}]}}