{"id":6855,"date":"2026-01-15T15:41:22","date_gmt":"2026-01-15T12:41:22","guid":{"rendered":"https:\/\/wristbandfactory.eu\/?post_type=product&#038;p=6855"},"modified":"2026-04-01T21:52:34","modified_gmt":"2026-04-01T18:52:34","slug":"custom-printed-event-badges-id-cards-pvc-laminated","status":"publish","type":"product","link":"https:\/\/displayproducts.eu\/lt\/p\/custom-printed-event-badges-id-cards-pvc-laminated\/","title":{"rendered":"Rengini\u0173 kortel\u0117s su kaklajuoste (PVC ir laminuotos)"},"content":{"rendered":"<p data-path-to-node=\"6\">Supaprastinkite akreditacijos proces\u0105 su m\u016bs\u0173 universaliu asortimentu <b data-path-to-node=\"6\" data-index-in-node=\"91\">Individualiai spausdinti rengini\u0173 \u017eenkleliai ir asmens tapatyb\u0117s kortel\u0117s<\/b>. Nesvarbu, ar organizuojate vienos dienos konferencij\u0105, ar r\u016bpinat\u0117s ilgalaikiu pastato saugumu, mes si\u016blome sprendim\u0105, atitinkant\u012f j\u016bs\u0173 biud\u017eet\u0105 ir patvarumo reikalavimus, vienu patogiu u\u017esakymu.<\/p>\n<p data-path-to-node=\"7\">U\u017euot pirk\u0119 atskirus laikiklius ir \u012fd\u0117klus, \u0161ie \u017eenkleliai yra pilnas \u201cviskas viename\u201d sprendimas \u2013 atspausdinti, u\u017ebaigti ir paruo\u0161ti pakabinti.<\/p>\n<h2 data-path-to-node=\"8\">Pasirinkite savo med\u017eiag\u0105<\/h2>\n<ul data-path-to-node=\"9\">\n<li>\n<p data-path-to-node=\"9,0,0\"><b data-path-to-node=\"9,0,0\" data-index-in-node=\"0\">A variantas: standus PVC (auk\u0161\u010diausios kokyb\u0117s):<\/b> Pagaminti i\u0161 tvirto polivinilchlorido (kaip banko kortel\u0117s). Jie yra atspar\u016bs vandeniui, nelankst\u016bs ir itin patvar\u016bs. Idealiai tinka darbuotoj\u0173 pa\u017eym\u0117jimams, VIP leidimams ir daugkartinio naudojimo spaudos \u017eenkliukams.<\/p>\n<\/li>\n<li>\n<p data-path-to-node=\"9,1,0\"><b data-path-to-node=\"9,1,0\" data-index-in-node=\"0\">B variantas: Laminuotas popierius (standartinis):<\/b> Auk\u0161tos kokyb\u0117s popierinis \u012fd\u0117klas, \u012fd\u0117tas \u012f tvirt\u0105 plastikin\u012f mai\u0161el\u012f, naudojant termin\u012f laminavim\u0105. Tai pramon\u0117s standartas prekybos parodose, festivaliuose ir konferencijose, kur biud\u017eetas ir greitis yra svarbiausi.<\/p>\n<\/li>\n<\/ul>\n<h2 data-path-to-node=\"10\">Galimi dyd\u017eiai ir formatai<\/h2>\n<ul data-path-to-node=\"11\">\n<li>\n<p data-path-to-node=\"11,0,0\"><b data-path-to-node=\"11,0,0\" data-index-in-node=\"0\">Standartinis CR80 (86 x 54 mm):<\/b> Klasikinis kreditin\u0117s kortel\u0117s dydis. Galimas horizontaliai arba vertikaliai.<\/p>\n<\/li>\n<li>\n<p data-path-to-node=\"11,1,0\"><b data-path-to-node=\"11,1,0\" data-index-in-node=\"0\">Vidutinio dyd\u017eio renginys (100 x 70 mm):<\/b> 30% suteikia didesn\u012f pavir\u0161iaus plot\u0105 darbotvark\u0117ms, \u017eem\u0117lapiams ar didesn\u0117ms nuotraukoms.<\/p>\n<\/li>\n<li>\n<p data-path-to-node=\"11,2,0\"><b data-path-to-node=\"11,2,0\" data-index-in-node=\"0\">Didelis \/ XL (120 x 80 mm):<\/b> Maksimalus matomumas. Puikiai tinka \u201cAccess All Areas\u201d leidimams ir festivali\u0173 dalyvi\u0173 tvarkara\u0161\u010diams.<\/p>\n<\/li>\n<\/ul>\n<h2 data-path-to-node=\"12\">Specifikacijos<\/h2>\n<ul data-path-to-node=\"13\">\n<li>\n<p data-path-to-node=\"13,0,0\"><b data-path-to-node=\"13,0,0\" data-index-in-node=\"0\">Spausdinimo technologija:<\/b> Spalvotas skaitmeninis arba ofsetinis<\/p>\n<\/li>\n<li>\n<p data-path-to-node=\"13,1,0\"><b data-path-to-node=\"13,1,0\" data-index-in-node=\"0\">PVC storis:<\/b> 0,76 mm (standartin\u0117 kreditin\u0117 kortel\u0117)<\/p>\n<\/li>\n<li>\n<p data-path-to-node=\"13,2,0\"><b data-path-to-node=\"13,2,0\" data-index-in-node=\"0\">Laminuoto storis:<\/b> Sunkusis popierius + 150\u2013250 mikron\u0173 laminatas<\/p>\n<\/li>\n<li>\n<p data-path-to-node=\"13,3,0\"><b data-path-to-node=\"13,3,0\" data-index-in-node=\"0\">Apdaila:<\/b> I\u0161pjauti u\u017eapvalinti kampai + skylamu\u0161is (apskritimas arba lizdas)<\/p>\n<\/li>\n<li>\n<p data-path-to-node=\"13,4,0\"><b data-path-to-node=\"13,4,0\" data-index-in-node=\"0\">Minimalus u\u017esakymas:<\/b> 50 vienet\u0173<\/p>\n<\/li>\n<\/ul>\n<h2 data-path-to-node=\"14\">Naudojimo atvejai<\/h2>\n<ul data-path-to-node=\"15\">\n<li>\n<p data-path-to-node=\"15,0,0\"><b data-path-to-node=\"15,0,0\" data-index-in-node=\"0\">Konferencijos ir prekybos parodos:<\/b> Ekonomi\u0161ki laminuoti \u017eenkleliai t\u016bkstan\u010diams dalyvi\u0173.<\/p>\n<\/li>\n<li>\n<p data-path-to-node=\"15,1,0\"><b data-path-to-node=\"15,1,0\" data-index-in-node=\"0\">Muzikos festivaliai:<\/b> Didelio formato XL leidimai menininkams ir k\u016brybinei grupei (lengva pasteb\u0117ti i\u0161 tolo).<\/p>\n<\/li>\n<li>\n<p data-path-to-node=\"15,2,0\"><b data-path-to-node=\"15,2,0\" data-index-in-node=\"0\">\u012emon\u0117s ID:<\/b> Patvarios PVC kortel\u0117s kasdienei prieigai prie biuro.<\/p>\n<\/li>\n<li>\n<p data-path-to-node=\"15,3,0\"><b data-path-to-node=\"15,3,0\" data-index-in-node=\"0\">Sporto renginiai:<\/b> Orui atspar\u016bs PVC \u017eenkleliai lauko darbuotojams ir \u017einiasklaidai.<\/p>\n<\/li>\n<\/ul>","protected":false},"excerpt":{"rendered":"<ul data-path-to-node=\"5\">\n<li>\n<p data-path-to-node=\"5,0,0\"><b data-path-to-node=\"5,0,0\" data-index-in-node=\"0\">Dvi med\u017eiag\u0173 parinktys:<\/b> Pasirinkite tarp standaus <b data-path-to-node=\"5,0,0\" data-index-in-node=\"43\">PVC plastikas<\/b> (patvarus, kreditin\u0117s kortel\u0117s poj\u016btis) arba ekonomi\u0161kas <b data-path-to-node=\"5,0,0\" data-index-in-node=\"101\">Laminuotas popierius<\/b> (lengvas, kapsul\u0117je).<\/p>\n<\/li>\n<li>\n<p data-path-to-node=\"5,1,0\"><b data-path-to-node=\"5,1,0\" data-index-in-node=\"0\">Universal\u016bs dyd\u017eiai:<\/b> Galima \u012fsigyti standartinio dyd\u017eio kreditini\u0173 korteli\u0173 (86 x 54 mm) ir dideli\u0173 rengini\u0173 format\u0173 (100 x 70 mm, 120 x 80 mm).<\/p>\n<\/li>\n<li>\n<p data-path-to-node=\"5,2,0\"><b data-path-to-node=\"5,2,0\" data-index-in-node=\"0\">Spausdinimas nuo kra\u0161to iki kra\u0161to:<\/b> Spalvota didel\u0117s rai\u0161kos spauda i\u0161 abiej\u0173 pusi\u0173 u\u017etikrina, kad j\u016bs\u0173 prek\u0117s \u017eenklo ar renginio grafika i\u0161siskirt\u0173.<\/p>\n<\/li>\n<li>\n<p data-path-to-node=\"5,3,0\"><b data-path-to-node=\"5,3,0\" data-index-in-node=\"0\">Paruo\u0161ta d\u0117v\u0117ti:<\/b> Visi \u017eenkleliai turi standartin\u012f skylamu\u0161io formos perforatori\u0173 (apval\u0173 arba ovali\u0173), kad juos b\u016bt\u0173 galima i\u0161 karto pritvirtinti prie virveli\u0173.<\/p>\n<\/li>\n<\/ul>","protected":false},"featured_media":6856,"comment_status":"closed","ping_status":"closed","template":"","meta":[],"product_brand":[],"product_cat":[90],"product_tag":[],"class_list":{"0":"post-6855","1":"product","2":"type-product","3":"status-publish","4":"has-post-thumbnail","6":"product_cat-laminated-cards","8":"first","9":"instock","10":"shipping-taxable","11":"purchasable","12":"product-type-simple"},"_links":{"self":[{"href":"https:\/\/displayproducts.eu\/lt\/wp-json\/wp\/v2\/product\/6855","targetHints":{"allow":["GET"]}}],"collection":[{"href":"https:\/\/displayproducts.eu\/lt\/wp-json\/wp\/v2\/product"}],"about":[{"href":"https:\/\/displayproducts.eu\/lt\/wp-json\/wp\/v2\/types\/product"}],"replies":[{"embeddable":true,"href":"https:\/\/displayproducts.eu\/lt\/wp-json\/wp\/v2\/comments?post=6855"}],"wp:featuredmedia":[{"embeddable":true,"href":"https:\/\/displayproducts.eu\/lt\/wp-json\/wp\/v2\/media\/6856"}],"wp:attachment":[{"href":"https:\/\/displayproducts.eu\/lt\/wp-json\/wp\/v2\/media?parent=6855"}],"wp:term":[{"taxonomy":"product_brand","embeddable":true,"href":"https:\/\/displayproducts.eu\/lt\/wp-json\/wp\/v2\/product_brand?post=6855"},{"taxonomy":"product_cat","embeddable":true,"href":"https:\/\/displayproducts.eu\/lt\/wp-json\/wp\/v2\/product_cat?post=6855"},{"taxonomy":"product_tag","embeddable":true,"href":"https:\/\/displayproducts.eu\/lt\/wp-json\/wp\/v2\/product_tag?post=6855"}],"curies":[{"name":"wp","href":"https:\/\/api.w.org\/{rel}","templated":true}]}}