{"id":6853,"date":"2026-01-15T15:29:17","date_gmt":"2026-01-15T12:29:17","guid":{"rendered":"https:\/\/wristbandfactory.eu\/?post_type=product&#038;p=6853"},"modified":"2026-04-01T21:52:34","modified_gmt":"2026-04-01T18:52:34","slug":"custom-printed-eco-friendly-yoga-mats-cork-microfiber-coconut","status":"publish","type":"product","link":"https:\/\/displayproducts.eu\/lt\/p\/custom-printed-eco-friendly-yoga-mats-cork-microfiber-coconut\/","title":{"rendered":"Jogos kilim\u0117liai su spauda (kam\u0161tiniai ir mikropluo\u0161to)"},"content":{"rendered":"<p data-path-to-node=\"6\">Pakeiskite savo studijos erdv\u0119 ar \u012fmon\u0117s sveikatingumo program\u0105 su m\u016bs\u0173 auk\u0161\u010diausios kokyb\u0117s produktais <b data-path-to-node=\"6\" data-index-in-node=\"109\">Ekologi\u0161ki jogos kilim\u0117liai su spausdinimo funkcija<\/b>. \u0160ie kilim\u0117liai, sukurti profesionaliam naudojimui ir auk\u0161tos klas\u0117s prek\u0117ms, derina tvarum\u0105 ir puik\u0173 na\u0161um\u0105. Skirtingai nuo standartini\u0173 PVC kilim\u0117li\u0173, m\u016bs\u0173 kolekcijoje naudojamas nat\u016bralios gumos pagrindas, u\u017etikrinantis neprilygstam\u0105 stabilum\u0105, ir si\u016blomos trys skirtingos pavir\u0161iaus med\u017eiagos, atitinkan\u010dios j\u016bs\u0173 konkre\u010dius prek\u0117s \u017eenklo ir funkcinius poreikius.<\/p>\n<p data-path-to-node=\"7\">Nesvarbu, ar jums reikia prakait\u0105 sugerian\u010dio pavir\u0161iaus kar\u0161tajai jogai, ar sukibim\u0105 u\u017etikrinan\u010dios tekst\u016bros tikslioms pozoms, m\u016bs\u0173 pritaikomi kilim\u0117liai yra tobula j\u016bs\u0173 prek\u0117s \u017eenklo drob\u0117.<\/p>\n<h2 data-path-to-node=\"8\">Med\u017eiag\u0173 parinktys<\/h2>\n<ul data-path-to-node=\"9\">\n<li>\n<p data-path-to-node=\"9,0,0\"><b data-path-to-node=\"9,0,0\" data-index-in-node=\"0\">A variantas: zom\u0161os tipo mikropluo\u0161tas:<\/b> Mink\u0161tas, aksominis pavir\u0161ius, kuris tampa neslidus prakaituojant. Idealiai tinka kar\u0161tajai jogai ir detalioms spalvotoms nuotrauk\u0173 spaudoms.<\/p>\n<\/li>\n<li>\n<p data-path-to-node=\"9,1,0\"><b data-path-to-node=\"9,1,0\" data-index-in-node=\"0\">B variantas: 100% nat\u016brali kam\u0161tiena:<\/b> Antimikrobinis ir ekologi\u0161kas. Suteikia nat\u016brali\u0105, organi\u0161k\u0105 i\u0161vaizd\u0105 ir puik\u0173 sukibim\u0105 su sausa danga.<\/p>\n<\/li>\n<li>\n<p data-path-to-node=\"9,2,0\"><b data-path-to-node=\"9,2,0\" data-index-in-node=\"0\">C variantas: kokoso PU pluo\u0161tas:<\/b> Geriausias pasirinkimas na\u0161umui. PU ir ma\u017eiausiai 10% kokoso pluo\u0161to mi\u0161inys u\u017etikrina puik\u0173 sukibim\u0105 ir unikali\u0105 tekst\u016br\u0105.<\/p>\n<\/li>\n<\/ul>\n<h2 data-path-to-node=\"10\">Specifikacijos<\/h2>\n<ul data-path-to-node=\"11\">\n<li>\n<p data-path-to-node=\"11,0,0\"><b data-path-to-node=\"11,0,0\" data-index-in-node=\"0\">Pagrindin\u0117 med\u017eiaga:<\/b> Nat\u016bralus kau\u010diukas (visi modeliai)<\/p>\n<\/li>\n<li>\n<p data-path-to-node=\"11,1,0\"><b data-path-to-node=\"11,1,0\" data-index-in-node=\"0\">Spausdinimas:<\/b> Pilnaspalvis CMYK (pastaba: d\u0117l med\u017eiagos sugerties gali atsirasti \u00b115% spalv\u0173 atspalvio skirtum\u0173)<\/p>\n<\/li>\n<li>\n<p data-path-to-node=\"11,2,0\"><b data-path-to-node=\"11,2,0\" data-index-in-node=\"0\">Minimalus u\u017esakymas:<\/b> 12 vienet\u0173 (u\u017esakymas galimas po 6)<\/p>\n<\/li>\n<li>\n<p data-path-to-node=\"11,3,0\"><b data-path-to-node=\"11,3,0\" data-index-in-node=\"0\">1 modelis (mikropluo\u0161tas):<\/b> 183 x 68 cm | Storis: 0,15 cm arba 0,4 cm | Svoris: ~1,5\u20133,0 kg<\/p>\n<\/li>\n<li>\n<p data-path-to-node=\"11,4,0\"><b data-path-to-node=\"11,4,0\" data-index-in-node=\"0\">2 modelis (kam\u0161tis):<\/b> 183 x 61 cm | Storis: 0,2 cm arba 0,4 cm | Svoris: ~1,4\u20132,8 kg<\/p>\n<\/li>\n<li>\n<p data-path-to-node=\"11,5,0\"><b data-path-to-node=\"11,5,0\" data-index-in-node=\"0\">3 modelis (kokoso PU):<\/b> 183 x 68 cm | Storis: 0,2 cm arba 0,45 cm | Svoris: ~1,5\u20133,0 kg | 100% Be latekso \/ PVC<\/p>\n<\/li>\n<\/ul>\n<h2 data-path-to-node=\"12\">Naudojimo atvejai<\/h2>\n<ul data-path-to-node=\"13\">\n<li>\n<p data-path-to-node=\"13,0,0\"><b data-path-to-node=\"13,0,0\" data-index-in-node=\"0\">Jogos studijos ir sporto sal\u0117s:<\/b> Firmin\u0117 \u012franga u\u017esi\u0117mimams arba ma\u017emenin\u0117 prekyba nariams.<\/p>\n<\/li>\n<li>\n<p data-path-to-node=\"13,1,0\"><b data-path-to-node=\"13,1,0\" data-index-in-node=\"0\">\u012emoni\u0173 gerov\u0117:<\/b> Auk\u0161\u010diausios kokyb\u0117s dovanos darbuotojams, skatinan\u010dioms sveikat\u0105 ir darbo bei asmeninio gyvenimo pusiausvyr\u0105.<\/p>\n<\/li>\n<li>\n<p data-path-to-node=\"13,2,0\"><b data-path-to-node=\"13,2,0\" data-index-in-node=\"0\">Rekolekcijos ir SPA centrai:<\/b> I\u0161skirtin\u0117s prek\u0117s prabangiems sveikatingumo rekolekcijoms.<\/p>\n<\/li>\n<li>\n<p data-path-to-node=\"13,3,0\"><b data-path-to-node=\"13,3,0\" data-index-in-node=\"0\">Nuomon\u0117s formuotoj\u0173 atributika:<\/b> Didel\u0117s vert\u0117s, pagal u\u017esakym\u0105 pagaminti produktai fitneso \u012ftakingiesiems ir treneriams.<\/p>\n<\/li>\n<\/ul>","protected":false},"excerpt":{"rendered":"<ul>\n<li>\n<p data-path-to-node=\"5,0,0\"><b data-path-to-node=\"5,0,0\" data-index-in-node=\"0\">Auk\u0161\u010diausios kokyb\u0117s ekologi\u0161kos med\u017eiagos:<\/b> Rinkit\u0117s i\u0161 mink\u0161tos zom\u0161os mikropluo\u0161to, nat\u016bralios antimikrobin\u0117s kam\u0161tin\u0117s med\u017eiagos arba didelio sukibimo kokoso ir poliuretano mi\u0161ini\u0173 \u2013 visi su nat\u016bralios gumos neslystan\u010diu pagrindu.<\/p>\n<\/li>\n<li>\n<p data-path-to-node=\"5,1,0\"><b data-path-to-node=\"5,1,0\" data-index-in-node=\"0\">Spalvotas prek\u0117s \u017eenklas:<\/b> CMYK spausdinimas nuo kra\u0161to iki kra\u0161to leid\u017eia kurti fotorealistinius dizainus, individualius ra\u0161tus ar ry\u0161kius \u012fmoni\u0173 logotipus.<\/p>\n<\/li>\n<li>\n<p data-path-to-node=\"5,2,0\"><b data-path-to-node=\"5,2,0\" data-index-in-node=\"0\">Komercinis patvarumas:<\/b> Tvirta konstrukcija, skirta sporto sal\u0117ms, jogos studijoms ir auk\u0161\u010diausios kokyb\u0117s \u012fmoni\u0173 sveikatingumo dovanoms.<\/p>\n<\/li>\n<li>\n<p data-path-to-node=\"5,3,0\"><b data-path-to-node=\"5,3,0\" data-index-in-node=\"0\">Neslystantis stabilumas:<\/b> Nat\u016bralaus kau\u010diuko dugnas u\u017etikrina, kad kilim\u0117lis tvirtai laikyt\u0173si vietoje intensyvi\u0173 treniruo\u010di\u0173 metu.<\/p>\n<\/li>\n<\/ul>","protected":false},"featured_media":6854,"comment_status":"closed","ping_status":"closed","template":"","meta":[],"product_brand":[],"product_cat":[118],"product_tag":[],"class_list":{"0":"post-6853","1":"product","2":"type-product","3":"status-publish","4":"has-post-thumbnail","6":"product_cat-sports-fitness","8":"first","9":"instock","10":"shipping-taxable","11":"purchasable","12":"product-type-simple"},"_links":{"self":[{"href":"https:\/\/displayproducts.eu\/lt\/wp-json\/wp\/v2\/product\/6853","targetHints":{"allow":["GET"]}}],"collection":[{"href":"https:\/\/displayproducts.eu\/lt\/wp-json\/wp\/v2\/product"}],"about":[{"href":"https:\/\/displayproducts.eu\/lt\/wp-json\/wp\/v2\/types\/product"}],"replies":[{"embeddable":true,"href":"https:\/\/displayproducts.eu\/lt\/wp-json\/wp\/v2\/comments?post=6853"}],"wp:featuredmedia":[{"embeddable":true,"href":"https:\/\/displayproducts.eu\/lt\/wp-json\/wp\/v2\/media\/6854"}],"wp:attachment":[{"href":"https:\/\/displayproducts.eu\/lt\/wp-json\/wp\/v2\/media?parent=6853"}],"wp:term":[{"taxonomy":"product_brand","embeddable":true,"href":"https:\/\/displayproducts.eu\/lt\/wp-json\/wp\/v2\/product_brand?post=6853"},{"taxonomy":"product_cat","embeddable":true,"href":"https:\/\/displayproducts.eu\/lt\/wp-json\/wp\/v2\/product_cat?post=6853"},{"taxonomy":"product_tag","embeddable":true,"href":"https:\/\/displayproducts.eu\/lt\/wp-json\/wp\/v2\/product_tag?post=6853"}],"curies":[{"name":"wp","href":"https:\/\/api.w.org\/{rel}","templated":true}]}}