{"id":6851,"date":"2026-01-15T15:18:22","date_gmt":"2026-01-15T12:18:22","guid":{"rendered":"https:\/\/wristbandfactory.eu\/?post_type=product&#038;p=6851"},"modified":"2026-04-01T21:52:03","modified_gmt":"2026-04-01T18:52:03","slug":"custom-printed-cotton-tea-towels-250gsm-45x70cm","status":"publish","type":"product","link":"https:\/\/displayproducts.eu\/lt\/p\/custom-printed-cotton-tea-towels-250gsm-45x70cm\/","title":{"rendered":"Medvilniniai virtuviniai rank\u0161luos\u010diai su spauda (250gsm)"},"content":{"rendered":"<p data-path-to-node=\"8\">I\u0161ry\u0161kinkite savo prek\u0117s \u017eenklo \u017einomum\u0105 nam\u0173 ar svetingumo aplinkoje su m\u016bs\u0173 <b data-path-to-node=\"8\" data-index-in-node=\"110\">Pagal u\u017esakym\u0105 spausdinti medvilniniai arbatos rank\u0161luos\u010diai<\/b>. Skirtingai nuo standartin\u0117s reklamin\u0117s tekstil\u0117s, \u0161ie rank\u0161luos\u010diai pagaminti i\u0161 auk\u0161tos kokyb\u0117s 250 g\/m\u00b2 medviln\u0117s, tod\u0117l atrodo tvirtai ir prabangiai, o tai puikiai atspindi j\u016bs\u0173 versl\u0105. Nesvarbu, ar naudojami judrioje profesionalioje virtuv\u0117je, ar kaip stilinga verslo dovana, jie sujungia kasdien\u012f naudingum\u0105 ir efektyv\u0173 prek\u0117s \u017eenklo matomum\u0105.<\/p>\n<p data-path-to-node=\"9\">\u0160ie virtuviniai rank\u0161luos\u010diai skirti B2B klientams, ie\u0161kantiems preki\u0173, kurios b\u016bt\u0173 naudojamos, o ne i\u0161metamos. Ry\u0161kus \u0161ilkografijos procesas leid\u017eia i\u0161gauti ry\u0161kius, ai\u0161kius logotipus ar meni\u0161kus ra\u0161tus, tod\u0117l jie puikiai tinka muziej\u0173 parduotuv\u0117ms, parduotuv\u0117l\u0117ms ir rengini\u0173 dovanoms.<\/p>\n<h2 data-path-to-node=\"10\">Pagrindin\u0117s savyb\u0117s<\/h2>\n<ul data-path-to-node=\"11\">\n<li>\n<p data-path-to-node=\"11,0,0\"><b data-path-to-node=\"11,0,0\" data-index-in-node=\"0\">Didelio tankio audinys:<\/b> \u0160i 250 g\/m\u00b2 medviln\u0117 yra storesn\u0117 ir patvaresn\u0117 nei standartiniai reklaminiai rank\u0161luos\u010diai, tod\u0117l tarnauja ilgai.<\/p>\n<\/li>\n<li>\n<p data-path-to-node=\"11,1,0\"><b data-path-to-node=\"11,1,0\" data-index-in-node=\"0\">Tra\u0161ki \u0161ilkografija:<\/b> Galime atspausdinti j\u016bs\u0173 konkret\u0173 dizain\u0105 naudodami iki 3 \u201ePantone\u201c spalvas, u\u017etikrindami, kad b\u016bt\u0173 i\u0161saugotas j\u016bs\u0173 prek\u0117s \u017eenklo identitetas.<\/p>\n<\/li>\n<li>\n<p data-path-to-node=\"11,2,0\"><b data-path-to-node=\"11,2,0\" data-index-in-node=\"0\">Funkcinis dydis:<\/b> 45 x 70 cm dydis yra virtuv\u0117s reikmen\u0173 pramon\u0117s standartas, suteikiantis daug pavir\u0161iaus ploto d\u017eiovinimui ir eksponavimui.<\/p>\n<\/li>\n<li>\n<p data-path-to-node=\"11,3,0\"><b data-path-to-node=\"11,3,0\" data-index-in-node=\"0\">Galima skalbti skalbimo ma\u0161inoje:<\/b> Sukurta atlaikyti reguliar\u0173 skalbim\u0105, i\u0161saugant audinio vientisum\u0105 (rekomenduojama skalbti \u017eemoje temperat\u016broje, kad spauda i\u0161likt\u0173 ilgaam\u017e\u0117).<\/p>\n<\/li>\n<\/ul>\n<h2 data-path-to-node=\"12\">Specifikacijos<\/h2>\n<ul data-path-to-node=\"13\">\n<li>\n<p data-path-to-node=\"13,0,0\"><b data-path-to-node=\"13,0,0\" data-index-in-node=\"0\">Med\u017eiaga:<\/b> 100% medviln\u0117<\/p>\n<\/li>\n<li>\n<p data-path-to-node=\"13,1,0\"><b data-path-to-node=\"13,1,0\" data-index-in-node=\"0\">Svoris:<\/b> 250 g\/m\u00b2 (gramai kvadratiniame metre)<\/p>\n<\/li>\n<li>\n<p data-path-to-node=\"13,2,0\"><b data-path-to-node=\"13,2,0\" data-index-in-node=\"0\">Matmenys:<\/b> 45 cm x 70 cm<\/p>\n<\/li>\n<li>\n<p data-path-to-node=\"13,3,0\"><b data-path-to-node=\"13,3,0\" data-index-in-node=\"0\">Spausdinimo b\u016bdas:<\/b> \u0160ilkografija (iki 3 spalv\u0173)<\/p>\n<\/li>\n<li>\n<p data-path-to-node=\"13,4,0\"><b data-path-to-node=\"13,4,0\" data-index-in-node=\"0\">Pakabinimo kilpa:<\/b> Integruota patogumui<\/p>\n<\/li>\n<li>\n<p data-path-to-node=\"13,5,0\"><b data-path-to-node=\"13,5,0\" data-index-in-node=\"0\">Gamybos nuokrypis:<\/b> Atkreipkite d\u0117mes\u012f, kad d\u0117l gamybos partij\u0173 skirtum\u0173 pasiliekame teis\u0119 pristatyti ir i\u0161ra\u0161yti s\u0105skait\u0105 fakt\u016br\u0105 su +\/- 5% u\u017esakyto kiekio.<\/p>\n<\/li>\n<\/ul>\n<h2 data-path-to-node=\"14\">Naudojimo atvejai<\/h2>\n<ul data-path-to-node=\"15\">\n<li>\n<p data-path-to-node=\"15,0,0\"><b data-path-to-node=\"15,0,0\" data-index-in-node=\"0\">Svetingumo prek\u0117s \u017eenklo k\u016brimas:<\/b> Uniformuotas aksesuaras padav\u0117jams, bar\u0173 darbuotojams ir vir\u0117jams vie\u0161bu\u010diuose ir restoranuose.<\/p>\n<\/li>\n<li>\n<p data-path-to-node=\"15,1,0\"><b data-path-to-node=\"15,1,0\" data-index-in-node=\"0\">Dovanos \u012fmon\u0117ms:<\/b> Prakti\u0161kas, ekologi\u0161kas \u0161ventini\u0173 dovan\u0173 krep\u0161eli\u0173 ar nam\u0173 tematikos vie\u0161\u0173j\u0173 ry\u0161i\u0173 paket\u0173 papildymas.<\/p>\n<\/li>\n<li>\n<p data-path-to-node=\"15,2,0\"><b data-path-to-node=\"15,2,0\" data-index-in-node=\"0\">Ma\u017emenin\u0117s prekybos prek\u0117s:<\/b> Didel\u0117s mar\u017eos perpardavimo prek\u0117s menininkams, suvenyr\u0173 parduotuv\u0117ms ir gyvenimo b\u016bdo preki\u0173 \u017eenklams.<\/p>\n<\/li>\n<li>\n<p data-path-to-node=\"15,3,0\"><b data-path-to-node=\"15,3,0\" data-index-in-node=\"0\">Renginio dovanos:<\/b> \u012fsimintin\u0173 prekybos parod\u0173 dalom\u0173j\u0173 leidini\u0173 maisto ir g\u0117rim\u0173 pramon\u0117s renginiams.<\/p>\n<\/li>\n<\/ul>","protected":false},"excerpt":{"rendered":"<ul>\n<li>\n<p data-path-to-node=\"7,0,0\"><b data-path-to-node=\"7,0,0\" data-index-in-node=\"0\">Auk\u0161\u010diausios kokyb\u0117s sunki medviln\u0117:<\/b> Pagaminta i\u0161 patvaraus 250 g\/m\u00b2 medvilninio audinio, u\u017etikrinan\u010dio puik\u0173 sugeriamum\u0105 ir auk\u0161tos kokyb\u0117s poj\u016bt\u012f.<\/p>\n<\/li>\n<li>\n<p data-path-to-node=\"7,1,0\"><b data-path-to-node=\"7,1,0\" data-index-in-node=\"0\">Didel\u0117 prek\u0117s \u017eenklo erdv\u0117:<\/b> Dideli 45 x 70 cm matmenys u\u017etikrina maksimal\u0173 j\u016bs\u0173 logotipo ar pasirinktinio meno k\u016brinio matomum\u0105.<\/p>\n<\/li>\n<li>\n<p data-path-to-node=\"7,2,0\"><b data-path-to-node=\"7,2,0\" data-index-in-node=\"0\">Universalus pritaikymas:<\/b> Palaiko \u0161ilkografij\u0105 iki 3 skirting\u0173 spalv\u0173 (\u012fskaitant balt\u0105), kad dizainas b\u016bt\u0173 ry\u0161kus ir ilgaam\u017eis.<\/p>\n<\/li>\n<li>\n<p data-path-to-node=\"7,3,0\"><b data-path-to-node=\"7,3,0\" data-index-in-node=\"0\">Idealiai tinka svetingumo ir ma\u017emenin\u0117s prekybos sektoriams:<\/b> Puikiai tinka restoranams, \u012fmoni\u0173 dovanoms, preki\u0173 kolekcijoms ir nam\u0173 dekoro reklamai.<\/p>\n<\/li>\n<\/ul>","protected":false},"featured_media":6852,"comment_status":"closed","ping_status":"closed","template":"","meta":[],"product_brand":[],"product_cat":[122],"product_tag":[],"class_list":{"0":"post-6851","1":"product","2":"type-product","3":"status-publish","4":"has-post-thumbnail","6":"product_cat-promotional-accessories","8":"first","9":"instock","10":"shipping-taxable","11":"purchasable","12":"product-type-simple"},"_links":{"self":[{"href":"https:\/\/displayproducts.eu\/lt\/wp-json\/wp\/v2\/product\/6851","targetHints":{"allow":["GET"]}}],"collection":[{"href":"https:\/\/displayproducts.eu\/lt\/wp-json\/wp\/v2\/product"}],"about":[{"href":"https:\/\/displayproducts.eu\/lt\/wp-json\/wp\/v2\/types\/product"}],"replies":[{"embeddable":true,"href":"https:\/\/displayproducts.eu\/lt\/wp-json\/wp\/v2\/comments?post=6851"}],"wp:featuredmedia":[{"embeddable":true,"href":"https:\/\/displayproducts.eu\/lt\/wp-json\/wp\/v2\/media\/6852"}],"wp:attachment":[{"href":"https:\/\/displayproducts.eu\/lt\/wp-json\/wp\/v2\/media?parent=6851"}],"wp:term":[{"taxonomy":"product_brand","embeddable":true,"href":"https:\/\/displayproducts.eu\/lt\/wp-json\/wp\/v2\/product_brand?post=6851"},{"taxonomy":"product_cat","embeddable":true,"href":"https:\/\/displayproducts.eu\/lt\/wp-json\/wp\/v2\/product_cat?post=6851"},{"taxonomy":"product_tag","embeddable":true,"href":"https:\/\/displayproducts.eu\/lt\/wp-json\/wp\/v2\/product_tag?post=6851"}],"curies":[{"name":"wp","href":"https:\/\/api.w.org\/{rel}","templated":true}]}}