{"id":6849,"date":"2026-01-15T15:09:32","date_gmt":"2026-01-15T12:09:32","guid":{"rendered":"https:\/\/wristbandfactory.eu\/?post_type=product&#038;p=6849"},"modified":"2026-04-01T21:52:34","modified_gmt":"2026-04-01T18:52:34","slug":"custom-printed-bike-seat-covers-waterproof-reflective-eco-options","status":"publish","type":"product","link":"https:\/\/displayproducts.eu\/lt\/p\/custom-printed-bike-seat-covers-waterproof-reflective-eco-options\/","title":{"rendered":"Dvira\u010di\u0173 s\u0117dyni\u0173 u\u017evalkalai su logotipu"},"content":{"rendered":"<p data-path-to-node=\"8\">Apsaugokite dvira\u010di\u0173 s\u0117dynes nuo lietaus ir purvo, tuo pa\u010diu maksimaliai padidindami savo prek\u0117s \u017eenklo matomum\u0105 miesto aplinkoje. M\u016bs\u0173 <b data-path-to-node=\"8\" data-index-in-node=\"133\">Pagal u\u017esakym\u0105 spausdinti dvira\u010di\u0173 s\u0117dyni\u0173 u\u017evalkalai<\/b> yra pagrindin\u0117 partizanin\u0117s rinkodaros priemon\u0117, u\u017etikrinanti didel\u012f matomum\u0105 perpildytose dvira\u010di\u0173 saugyklose ir miesto centruose.<\/p>\n<p data-path-to-node=\"9\">U\u017euot apsiriboj\u0119 vienu stiliumi, si\u016blome plat\u0173 med\u017eiag\u0173 asortiment\u0105, atitinkant\u012f j\u016bs\u0173 kampanijos tikslus ir biud\u017eet\u0105. Nesvarbu, ar jums reikia tvaraus sprendimo naudojant perdirbt\u0105 plastik\u0105, ar saugumui skirtos at\u0161vaitin\u0117s u\u017edangos \u017eiemos metu \u2013 gaminame pagal j\u016bs\u0173 tikslius reikalavimus.<\/p>\n<h3 data-path-to-node=\"10\">Pagrindin\u0117s savyb\u0117s ir med\u017eiag\u0173 parinktys<\/h3>\n<ul data-path-to-node=\"11\">\n<li>\n<p data-path-to-node=\"11,0,0\"><b data-path-to-node=\"11,0,0\" data-index-in-node=\"0\">Standartin\u0117 akcija (210D poliesteris):<\/b> Populiariausias pasirinkimas masiniam platinimui. Lengvas, atsparus vandeniui ir ekonomi\u0161kas.<\/p>\n<\/li>\n<li>\n<p data-path-to-node=\"11,1,0\"><b data-path-to-node=\"11,1,0\" data-index-in-node=\"0\">Ekologi\u0161kas (perdirbtas RPET):<\/b> Pagaminta i\u0161 perdirbt\u0173 plastikini\u0173 buteli\u0173. Puikiai tinka ekologi\u0161koms kampanijoms. Galima \u012fsigyti su baltu pagrindu arba pagal u\u017esakym\u0105 pritaikytu PMS.<\/p>\n<\/li>\n<li>\n<p data-path-to-node=\"11,2,0\"><b data-path-to-node=\"11,2,0\" data-index-in-node=\"0\">Saugumas pirmiausia (atspindintis):<\/b> Su \u0161vies\u0105 atspindin\u010diomis audinio \u0161onin\u0117mis panel\u0117mis, u\u017etikrinan\u010diomis, kad dviratininkai b\u016bt\u0173 matomi nakt\u012f. Funkcin\u0117 saugumo dovana, kuri\u0105 gav\u0117jai vertina.<\/p>\n<\/li>\n<li>\n<p data-path-to-node=\"11,3,0\"><b data-path-to-node=\"11,3,0\" data-index-in-node=\"0\">Maksimalus patvarumas (laminuota PVC):<\/b> 210T audinys su vandeniui atspariu PVC laminavimo sluoksniu. Tvirtas pasirinkimas ekstremalioms oro s\u0105lygoms.<\/p>\n<\/li>\n<\/ul>\n<h3 data-path-to-node=\"12\">Pritaikymas ir prek\u0117s \u017eenklo k\u016brimas<\/h3>\n<ul data-path-to-node=\"13\">\n<li>\n<p data-path-to-node=\"13,0,0\"><b data-path-to-node=\"13,0,0\" data-index-in-node=\"0\">Pilnas spalv\u0173 atitikimas:<\/b> Standartines med\u017eiag\u0173 spalvas galime pritaikyti prie j\u016bs\u0173 \u012fmon\u0117s \u201ePantone\u201c (PMS) atspalvio.<\/p>\n<\/li>\n<li>\n<p data-path-to-node=\"13,1,0\"><b data-path-to-node=\"13,1,0\" data-index-in-node=\"0\">Logotipo i\u0161d\u0117stymas:<\/b> Didelis spausdinimo plotas vir\u0161utiniame pavir\u0161iuje, taip pat \u0161onin\u0117s spausdinimo parinktys (i\u0161skyrus atspindin\u010dius modelius), kad b\u016bt\u0173 matomas 360 laipsni\u0173 kampu.<\/p>\n<\/li>\n<li>\n<p data-path-to-node=\"13,2,0\"><b data-path-to-node=\"13,2,0\" data-index-in-node=\"0\">Pried\u0173 stiliai:<\/b> Rinkit\u0117s standartin\u0119 juod\u0105\/balt\u0105 gumyt\u0119 arba eleganti\u0161k\u0105 \u201cnematom\u0105\u201d gumyt\u0119, kad atrodytum\u0117te tvarkingiau.<\/p>\n<\/li>\n<\/ul>\n<h3 data-path-to-node=\"14\">Specifikacijos<\/h3>\n<ul data-path-to-node=\"15\">\n<li>\n<p data-path-to-node=\"15,0,0\"><b data-path-to-node=\"15,0,0\" data-index-in-node=\"0\">Matmenys:<\/b> Ma\u017edaug 24 x 26 cm (tinka daugumai standartini\u0173 balneli\u0173).<\/p>\n<\/li>\n<li>\n<p data-path-to-node=\"15,1,0\"><b data-path-to-node=\"15,1,0\" data-index-in-node=\"0\">Med\u017eiag\u0173 svoriai:<\/b> 210D (standartinis), 210T (PVC versija), RPET variantai.<\/p>\n<\/li>\n<li>\n<p data-path-to-node=\"15,2,0\"><b data-path-to-node=\"15,2,0\" data-index-in-node=\"0\">Atsparumas vandeniui:<\/b> Vandeniui atsparios dangos ant poliesterio\/RPET; laminuota hidroizoliacija ant PVC modeli\u0173.<\/p>\n<\/li>\n<li>\n<p data-path-to-node=\"15,3,0\"><b data-path-to-node=\"15,3,0\" data-index-in-node=\"0\">Minimalus u\u017esakymo kiekis:<\/b> 250 vnt.<\/p>\n<\/li>\n<\/ul>","protected":false},"excerpt":{"rendered":"<ul>\n<li>\n<p data-path-to-node=\"7,0,0\"><b data-path-to-node=\"7,0,0\" data-index-in-node=\"0\">Didelio poveikio matomumas:<\/b> Paverskite kiekvien\u0105 dvirat\u012f mobilia reklamine lenta su viso pavir\u0161iaus individualiai pritaikyta spauda.<\/p>\n<\/li>\n<li>\n<p data-path-to-node=\"7,1,0\"><b data-path-to-node=\"7,1,0\" data-index-in-node=\"0\">Universalus med\u017eiag\u0173 pasirinkimas:<\/b> Galima rinktis i\u0161 standartinio 210D poliesterio, ekologi\u0161ko RPET, gerai matomo at\u0161vaitinio arba itin tvirto PVC.<\/p>\n<\/li>\n<li>\n<p data-path-to-node=\"7,2,0\"><b data-path-to-node=\"7,2,0\" data-index-in-node=\"0\">Universalus pritaikymas:<\/b> Standartinis 24 \u00d7 26 cm dydis su elastine juosta tinka daugumai miesto ir sportini\u0173 dvira\u010di\u0173 balneli\u0173.<\/p>\n<\/li>\n<li>\n<p data-path-to-node=\"7,3,0\"><b data-path-to-node=\"7,3,0\" data-index-in-node=\"0\">Idealiai tinka partizaninei rinkodarai:<\/b> Puikiai tinka universitet\u0173 kampanijoms, miesto renginiams, dvira\u010di\u0173 parduotuv\u0117ms ir ekologinio s\u0105moningumo skatinimo akcijoms.<\/p>\n<\/li>\n<\/ul>","protected":false},"featured_media":6850,"comment_status":"closed","ping_status":"closed","template":"","meta":[],"product_brand":[],"product_cat":[129,118],"product_tag":[],"class_list":{"0":"post-6849","1":"product","2":"type-product","3":"status-publish","4":"has-post-thumbnail","6":"product_cat-leisure-lifestyle","7":"product_cat-sports-fitness","9":"first","10":"instock","11":"shipping-taxable","12":"product-type-simple"},"_links":{"self":[{"href":"https:\/\/displayproducts.eu\/lt\/wp-json\/wp\/v2\/product\/6849","targetHints":{"allow":["GET"]}}],"collection":[{"href":"https:\/\/displayproducts.eu\/lt\/wp-json\/wp\/v2\/product"}],"about":[{"href":"https:\/\/displayproducts.eu\/lt\/wp-json\/wp\/v2\/types\/product"}],"replies":[{"embeddable":true,"href":"https:\/\/displayproducts.eu\/lt\/wp-json\/wp\/v2\/comments?post=6849"}],"wp:featuredmedia":[{"embeddable":true,"href":"https:\/\/displayproducts.eu\/lt\/wp-json\/wp\/v2\/media\/6850"}],"wp:attachment":[{"href":"https:\/\/displayproducts.eu\/lt\/wp-json\/wp\/v2\/media?parent=6849"}],"wp:term":[{"taxonomy":"product_brand","embeddable":true,"href":"https:\/\/displayproducts.eu\/lt\/wp-json\/wp\/v2\/product_brand?post=6849"},{"taxonomy":"product_cat","embeddable":true,"href":"https:\/\/displayproducts.eu\/lt\/wp-json\/wp\/v2\/product_cat?post=6849"},{"taxonomy":"product_tag","embeddable":true,"href":"https:\/\/displayproducts.eu\/lt\/wp-json\/wp\/v2\/product_tag?post=6849"}],"curies":[{"name":"wp","href":"https:\/\/api.w.org\/{rel}","templated":true}]}}