{"id":6846,"date":"2026-01-15T13:19:07","date_gmt":"2026-01-15T10:19:07","guid":{"rendered":"https:\/\/wristbandfactory.eu\/?post_type=product&#038;p=6846"},"modified":"2026-04-01T21:52:34","modified_gmt":"2026-04-01T18:52:34","slug":"custom-printed-polyester-ski-bibs-race-vests","status":"publish","type":"product","link":"https:\/\/displayproducts.eu\/lt\/p\/custom-printed-polyester-ski-bibs-race-vests\/","title":{"rendered":"Slidin\u0117jimo numeriai ir var\u017eyb\u0173 liemen\u0117s su spauda"},"content":{"rendered":"<p data-path-to-node=\"9\">Suteikite savo \u017eiemos sporto renginiui, maratonui ar slidin\u0117jimo mokyklai profesionalumo su m\u016bs\u0173 pagal u\u017esakym\u0105 spausdintais poliesterio slidin\u0117jimo mar\u0161kin\u0117liais. \u0160ios lenktyni\u0173 liemen\u0117s, specialiai sukurtos aktyviam naudojimui, yra pagrindinis var\u017eyb\u0173 atpa\u017e\u012fstamasis elementas ir suteikia puiki\u0105 viet\u0105 r\u0117m\u0117j\u0173 matomumui.<\/p>\n<p data-path-to-node=\"10\">Skirtingai nuo standartini\u0173 lipduk\u0173 ar popierini\u0173 numeri\u0173, kurie gali ply\u0161ti arba atsiklijuoti dr\u0117gnomis s\u0105lygomis, m\u016bs\u0173 poliesteriniai seilinukai yra sukurti taip, kad atlaikyt\u0173 snieg\u0105, v\u0117j\u0105 ir jud\u0117jim\u0105. 33 x 50 cm dydis yra universalus, tinkantis tiek suaugusiesiems, tiek jaunimui, lengvai u\u017emaunamas ant dideli\u0173 \u017eiemini\u0173 drabu\u017ei\u0173 ar lengvos sportin\u0117s aprangos.<\/p>\n<p data-path-to-node=\"11\"><b data-path-to-node=\"11\" data-index-in-node=\"0\">Pagrindin\u0117s savyb\u0117s<\/b><\/p>\n<ul data-path-to-node=\"12\">\n<li>\n<p data-path-to-node=\"12,0,0\"><b data-path-to-node=\"12,0,0\" data-index-in-node=\"0\">Nuoseklus numeravimas:<\/b> Supaprastinkite lenktyni\u0173 organizavim\u0105. Si\u016blome kintam\u0173j\u0173 duomen\u0173 spausdinim\u0105 (VDP), leid\u017eiant\u012f kiekvienam numeriui tur\u0117ti unikal\u0173 starto numer\u012f, dalyvio vard\u0105 arba QR kod\u0105, tiesiogiai integruot\u0105 \u012f dizain\u0105.<\/p>\n<\/li>\n<li>\n<p data-path-to-node=\"12,1,0\"><b data-path-to-node=\"12,1,0\" data-index-in-node=\"0\">Gerai matomas prek\u0117s \u017eenklas:<\/b> Pasitelkus pa\u017eangi\u0105 sublimacin\u0119 spaud\u0105, j\u016bs\u0173 logotipai ir r\u0117m\u0117jo grafika tampa audinio dalimi. Tai u\u017etikrina, kad spalvos i\u0161likt\u0173 ry\u0161kios, neskilin\u0117t\u0173 ir nesilupt\u0173 net esant \u017eemai temperat\u016brai.<\/p>\n<\/li>\n<li>\n<p data-path-to-node=\"12,2,0\"><b data-path-to-node=\"12,2,0\" data-index-in-node=\"0\">Patogumas ir mobilumas:<\/b> Atvira \u0161onin\u0117 konstrukcija su elastin\u0117mis jungiamosiomis juostomis u\u017etikrina neribot\u0105 jud\u0117jim\u0105 slidininkams ir b\u0117gikams, tuo pa\u010diu metu saugiai i\u0161laikant kelni\u0173 juostel\u0119 vietoje.<\/p>\n<\/li>\n<li>\n<p data-path-to-node=\"12,3,0\"><b data-path-to-node=\"12,3,0\" data-index-in-node=\"0\">Daugkartinio naudojimo ir skalbiamas:<\/b> Pagamintos i\u0161 100% poliesterio, \u0161ios liemen\u0117s gali b\u016bti surinktos, skalbtos ir pakartotinai panaudotos keli\u0173 dien\u0173 renginiams arba pasikartojantiems sezonams, tod\u0117l u\u017etikrinama puiki investicij\u0173 gr\u0105\u017ea.<\/p>\n<\/li>\n<\/ul>\n<p data-path-to-node=\"13\"><b data-path-to-node=\"13\" data-index-in-node=\"0\">Specifikacijos<\/b><\/p>\n<ul data-path-to-node=\"14\">\n<li>\n<p data-path-to-node=\"14,0,0\"><b data-path-to-node=\"14,0,0\" data-index-in-node=\"0\">Med\u017eiaga:<\/b> 100% patvarus poliesteris<\/p>\n<\/li>\n<li>\n<p data-path-to-node=\"14,1,0\"><b data-path-to-node=\"14,1,0\" data-index-in-node=\"0\">Matmenys:<\/b> 33 cm (plotis) x 50 cm (auk\u0161tis)<\/p>\n<\/li>\n<li>\n<p data-path-to-node=\"14,2,0\"><b data-path-to-node=\"14,2,0\" data-index-in-node=\"0\">Tvirtinimas:<\/b> Elastingi \u0161oniniai dir\u017eeliai lanks\u010diam prigludimui<\/p>\n<\/li>\n<li>\n<p data-path-to-node=\"14,3,0\"><b data-path-to-node=\"14,3,0\" data-index-in-node=\"0\">Spausdinimo b\u016bdas:<\/b> Pilnaspalv\u0117 da\u017e\u0173 sublimacija arba \u0161ilumos perdavimas<\/p>\n<\/li>\n<li>\n<p data-path-to-node=\"14,4,0\"><b data-path-to-node=\"14,4,0\" data-index-in-node=\"0\">Pritaikymas:<\/b> Logotipai, fonai, individual\u016bs numeriai (001\u2013999+)<\/p>\n<\/li>\n<\/ul>\n<p data-path-to-node=\"15\"><b data-path-to-node=\"15\" data-index-in-node=\"0\">Naudojimo atvejai<\/b><\/p>\n<ul data-path-to-node=\"16\">\n<li>\n<p data-path-to-node=\"16,0,0\"><b data-path-to-node=\"16,0,0\" data-index-in-node=\"0\">Slidin\u0117jimo ir snieglen\u010di\u0173 sporto mokyklos:<\/b> Ai\u0161kiai atpa\u017einkite instruktorius ir mokinius ant \u0161lait\u0173.<\/p>\n<\/li>\n<li>\n<p data-path-to-node=\"16,1,0\"><b data-path-to-node=\"16,1,0\" data-index-in-node=\"0\">Konkurencin\u0117s lenktyn\u0117s:<\/b> B\u016btinas biatlono, maratono ir triatlono var\u017eyboms, kurioms reikalinga ai\u0161ki dalyvi\u0173 numeracija.<\/p>\n<\/li>\n<li>\n<p data-path-to-node=\"16,2,0\"><b data-path-to-node=\"16,2,0\" data-index-in-node=\"0\">\u012emoni\u0173 renginiai:<\/b> Komandos formavimo pratimai ir \u012fmon\u0117s sporto dienos.<\/p>\n<\/li>\n<li>\n<p data-path-to-node=\"16,3,0\"><b data-path-to-node=\"16,3,0\" data-index-in-node=\"0\">Renginio personalas:<\/b> Gerai matomi identifikatoriai trasos teis\u0117jams, apsaugos darbuotojams ir medicinos komandoms.<\/p>\n<\/li>\n<\/ul>\n<p data-path-to-node=\"17\">","protected":false},"excerpt":{"rendered":"<ul data-path-to-node=\"8\">\n<li>\n<p data-path-to-node=\"8,0,0\"><b data-path-to-node=\"8,0,0\" data-index-in-node=\"0\">Universalus pritaikymas:<\/b> 33 x 50 cm matmenys su elastin\u0117mis \u0161onin\u0117mis juostel\u0117mis, sukurti patogiai d\u0117v\u0117ti ant slidin\u0117jimo striuki\u0173 ar sportin\u0117s aprangos.<\/p>\n<\/li>\n<li>\n<p data-path-to-node=\"8,1,0\"><b data-path-to-node=\"8,1,0\" data-index-in-node=\"0\">Kintam\u0173j\u0173 duomen\u0173 spausdinimas:<\/b> Ant kiekvieno numerio kartu su j\u016bs\u0173 renginio prek\u0117s \u017eenklu galime atspausdinti unikalius eil\u0117s numerius arba pavadinimus.<\/p>\n<\/li>\n<li>\n<p data-path-to-node=\"8,2,0\"><b data-path-to-node=\"8,2,0\" data-index-in-node=\"0\">Patvarus poliesteris:<\/b> Lengvas, oro s\u0105lygoms atsparus audinys, idealiai tinkantis \u017eiemos sportui ir var\u017eyboms lauke.<\/p>\n<\/li>\n<li>\n<p data-path-to-node=\"8,3,0\"><b data-path-to-node=\"8,3,0\" data-index-in-node=\"0\">Visi\u0161kas pritaikymas:<\/b> Ry\u0161ki\u0173 ir ilgai i\u0161liekan\u010di\u0173 \u012fmoni\u0173 logotip\u0173 sublimacin\u0117 spausdinimo galimyb\u0117 nuo kra\u0161to iki kra\u0161to.<\/p>\n<\/li>\n<\/ul>","protected":false},"featured_media":6847,"comment_status":"closed","ping_status":"closed","template":"","meta":[],"product_brand":[],"product_cat":[68,118],"product_tag":[],"class_list":{"0":"post-6846","1":"product","2":"type-product","3":"status-publish","4":"has-post-thumbnail","6":"product_cat-event-supplies","7":"product_cat-sports-fitness","9":"first","10":"instock","11":"shipping-taxable","12":"purchasable","13":"product-type-simple"},"_links":{"self":[{"href":"https:\/\/displayproducts.eu\/lt\/wp-json\/wp\/v2\/product\/6846","targetHints":{"allow":["GET"]}}],"collection":[{"href":"https:\/\/displayproducts.eu\/lt\/wp-json\/wp\/v2\/product"}],"about":[{"href":"https:\/\/displayproducts.eu\/lt\/wp-json\/wp\/v2\/types\/product"}],"replies":[{"embeddable":true,"href":"https:\/\/displayproducts.eu\/lt\/wp-json\/wp\/v2\/comments?post=6846"}],"wp:featuredmedia":[{"embeddable":true,"href":"https:\/\/displayproducts.eu\/lt\/wp-json\/wp\/v2\/media\/6847"}],"wp:attachment":[{"href":"https:\/\/displayproducts.eu\/lt\/wp-json\/wp\/v2\/media?parent=6846"}],"wp:term":[{"taxonomy":"product_brand","embeddable":true,"href":"https:\/\/displayproducts.eu\/lt\/wp-json\/wp\/v2\/product_brand?post=6846"},{"taxonomy":"product_cat","embeddable":true,"href":"https:\/\/displayproducts.eu\/lt\/wp-json\/wp\/v2\/product_cat?post=6846"},{"taxonomy":"product_tag","embeddable":true,"href":"https:\/\/displayproducts.eu\/lt\/wp-json\/wp\/v2\/product_tag?post=6846"}],"curies":[{"name":"wp","href":"https:\/\/api.w.org\/{rel}","templated":true}]}}