{"id":6842,"date":"2026-01-13T11:51:23","date_gmt":"2026-01-13T08:51:23","guid":{"rendered":"https:\/\/wristbandfactory.eu\/?post_type=product&#038;p=6842"},"modified":"2026-04-01T21:52:03","modified_gmt":"2026-04-01T18:52:03","slug":"numbered-fabric-wristbands","status":"publish","type":"product","link":"https:\/\/displayproducts.eu\/lt\/p\/numbered-fabric-wristbands\/","title":{"rendered":"Skai\u010diuotos audinio apyrank\u0117s"},"content":{"rendered":"<p data-path-to-node=\"10\">Kontroliuokite savo renginio saugum\u0105 ir logistik\u0105 su m\u016bs\u0173 pagal u\u017esakym\u0105 pagamintomis med\u017eiagin\u0117mis apyrank\u0117mis su nuosekliu numeravimu. Nors standartin\u0117s firmin\u0117s apyrank\u0117s u\u017etikrina vizualin\u012f identifikavim\u0105, sunumeruotos apyrank\u0117s suteikia itin svarb\u0173 naudingumo lygmen\u012f profesionaliems rengini\u0173 organizatoriams. Nesvarbu, ar organizuojate festival\u012f, \u012fmon\u0117s konferencij\u0105, ar ribotos prieigos rengini\u0173 viet\u0105, unikalus identifikatorius ant kiekvieno rie\u0161o supaprastins j\u016bs\u0173 veikl\u0105.<\/p>\n<p data-path-to-node=\"11\">\u0160ios apyrank\u0117s yra b\u016btinos renginiuose, kuriems taikomi grie\u017eti viet\u0173 skai\u010diaus apribojimai arba unikal\u016bs sve\u010di\u0173 duomenys. Numeracija gali b\u016bti atspausdinta tiesiai ant audinio arba lazeriu i\u0161graviruota ant slankiojan\u010dios spynos, u\u017etikrinant, kad ji i\u0161likt\u0173 \u012fskaitoma viso renginio metu. \u0160i funkcija standartin\u012f pried\u0105 paver\u010dia funkcionalia minios valdymo ir duomen\u0173 suderinimo priemone.<\/p>\n<h2 data-path-to-node=\"12\">Pagrindin\u0117s savyb\u0117s<\/h2>\n<ul data-path-to-node=\"13\">\n<li>\n<p data-path-to-node=\"13,0,0\"><b data-path-to-node=\"13,0,0\" data-index-in-node=\"0\">Nuosekliojo numeravimo parinktys:<\/b> Rinkit\u0117s i\u0161 atspausdint\u0173 skai\u010di\u0173 ant apyrank\u0117s pavir\u0161iaus arba lazerinio graviravimo ant plastikinio \/ metalinio u\u017esegimo.<\/p>\n<\/li>\n<li>\n<p data-path-to-node=\"13,1,0\"><b data-path-to-node=\"13,1,0\" data-index-in-node=\"0\">Didel\u0117s rai\u0161kos prek\u0117s \u017eenklo k\u016brimas:<\/b> Galima \u012fsigyti tiek sublimacijos (fotorealistin\u0117s apdailos), tiek austo (klasikinio festivalio \u012fvaizd\u017eio) stili\u0173.<\/p>\n<\/li>\n<li>\n<p data-path-to-node=\"13,2,0\"><b data-path-to-node=\"13,2,0\" data-index-in-node=\"0\">Patvarios med\u017eiagos:<\/b> Pagaminta i\u0161 auk\u0161tos kokyb\u0117s poliesterio, kuris yra patogus d\u0117v\u0117ti daugel\u012f dien\u0173 ir atsparus vandeniui bei ply\u0161imui.<\/p>\n<\/li>\n<li>\n<p data-path-to-node=\"13,3,0\"><b data-path-to-node=\"13,3,0\" data-index-in-node=\"0\">Individuali serija:<\/b> Galime pritaikyti konkre\u010dius skai\u010di\u0173 diapazonus (pvz., 0001\u20131000) arba raidinius ir skaitmeninius kodus, kad jie atitikt\u0173 j\u016bs\u0173 biliet\u0173 sistem\u0105.<\/p>\n<\/li>\n<\/ul>\n<h2 data-path-to-node=\"14\">Specifikacijos<\/h2>\n<ul data-path-to-node=\"15\">\n<li>\n<p data-path-to-node=\"15,0,0\"><b data-path-to-node=\"15,0,0\" data-index-in-node=\"0\">Med\u017eiaga:<\/b> 100% poliesteris (satino arba austo pavir\u0161iaus).<\/p>\n<\/li>\n<li>\n<p data-path-to-node=\"15,1,0\"><b data-path-to-node=\"15,1,0\" data-index-in-node=\"0\">Standartinis dydis:<\/b> 15 mm x 350 mm arba 20 mm x 350 mm (vienas dydis tinka visiems).<\/p>\n<\/li>\n<li>\n<p data-path-to-node=\"15,2,0\"><b data-path-to-node=\"15,2,0\" data-index-in-node=\"0\">Numeravimo technika:<\/b> Ra\u0161alo \u012fpur\u0161kimas arba lazerinis \u0117sdinimas.<\/p>\n<\/li>\n<li>\n<p data-path-to-node=\"15,3,0\"><b data-path-to-node=\"15,3,0\" data-index-in-node=\"0\">U\u017erakinimo parinktys:<\/b> Vienpusis plastikinis slankiojantis u\u017eraktas (saugus) arba daugkartinio naudojimo karoliukas (reklaminis).<\/p>\n<\/li>\n<li>\n<p data-path-to-node=\"15,4,0\"><b data-path-to-node=\"15,4,0\" data-index-in-node=\"0\">Minimalus u\u017esakymas:<\/b> 100 vienet\u0173.<\/p>\n<\/li>\n<\/ul>\n<h2 data-path-to-node=\"16\">Naudojimo atvejai<\/h2>\n<ul data-path-to-node=\"17\">\n<li>\n<p data-path-to-node=\"17,0,0\"><b data-path-to-node=\"17,0,0\" data-index-in-node=\"0\">Festivaliai ir koncertai:<\/b> Steb\u0117kite kasdienius lankomumo rodiklius ir priderinkite apyrankes prie parduot\u0173 biliet\u0173 skai\u010diaus.<\/p>\n<\/li>\n<li>\n<p data-path-to-node=\"17,1,0\"><b data-path-to-node=\"17,1,0\" data-index-in-node=\"0\">R\u016bbin\u0117 ir baga\u017eas:<\/b> Naudokite apyrank\u0117s numer\u012f kaip saugi\u0105 atsi\u0117mimo etiket\u0119 registruotiems daiktams.<\/p>\n<\/li>\n<li>\n<p data-path-to-node=\"17,2,0\"><b data-path-to-node=\"17,2,0\" data-index-in-node=\"0\">Loterijos ir konkursai:<\/b> Naudokite unikal\u0173 ID atsitiktiniams priz\u0173 traukimams tiesiai i\u0161 scenos.<\/p>\n<\/li>\n<li>\n<p data-path-to-node=\"17,3,0\"><b data-path-to-node=\"17,3,0\" data-index-in-node=\"0\">VIP prieigos kontrol\u0117:<\/b> Patikrinkite konkre\u010dius sve\u010dius pagal pagrindin\u012f sve\u010di\u0173 s\u0105ra\u0161\u0105, naudodami j\u0173 unikal\u0173 numer\u012f.<\/p>\n<\/li>\n<\/ul>","protected":false},"excerpt":{"rendered":"<ul>\n<li>\n<p data-path-to-node=\"8,0,0\"><b data-path-to-node=\"8,0,0\" data-index-in-node=\"0\">Patobulintas saugumas ir sekimas:<\/b> Unikali nuosekli numeracija leid\u017eia tiksliai steb\u0117ti sve\u010di\u0173 skai\u010di\u0173 ir lengvai juos identifikuoti.<\/p>\n<\/li>\n<li>\n<p data-path-to-node=\"8,1,0\"><b data-path-to-node=\"8,1,0\" data-index-in-node=\"0\">Biliet\u0173 derinimas:<\/b> Puikiai tinka susieti konkre\u010dias apyrankes su biliet\u0173 numeriais, palto \u010dekiais ar VIP loterijos dalyviais.<\/p>\n<\/li>\n<li>\n<p data-path-to-node=\"8,2,0\"><b data-path-to-node=\"8,2,0\" data-index-in-node=\"0\">Auk\u0161\u010diausios kokyb\u0117s pritaikymas:<\/b> Spalvota sublimacin\u0117 spauda arba austi dizainai kartu su ai\u0161kiai matomu, patvariu numeravimu.<\/p>\n<\/li>\n<li>\n<p data-path-to-node=\"8,3,0\"><b data-path-to-node=\"8,3,0\" data-index-in-node=\"0\">Apsauga nuo klastojimo:<\/b> \u012erengtos saugios stumdomos spynos, kad b\u016bt\u0173 i\u0161vengta neteis\u0117to perk\u0117limo ar pakartotinio naudojimo keli\u0173 dien\u0173 rengini\u0173 metu.<\/p>\n<\/li>\n<\/ul>","protected":false},"featured_media":6844,"comment_status":"closed","ping_status":"closed","template":"","meta":[],"product_brand":[],"product_cat":[47],"product_tag":[],"class_list":{"0":"post-6842","1":"product","2":"type-product","3":"status-publish","4":"has-post-thumbnail","6":"product_cat-fabric-wristbands","8":"first","9":"instock","10":"shipping-taxable","11":"purchasable","12":"product-type-simple"},"_links":{"self":[{"href":"https:\/\/displayproducts.eu\/lt\/wp-json\/wp\/v2\/product\/6842","targetHints":{"allow":["GET"]}}],"collection":[{"href":"https:\/\/displayproducts.eu\/lt\/wp-json\/wp\/v2\/product"}],"about":[{"href":"https:\/\/displayproducts.eu\/lt\/wp-json\/wp\/v2\/types\/product"}],"replies":[{"embeddable":true,"href":"https:\/\/displayproducts.eu\/lt\/wp-json\/wp\/v2\/comments?post=6842"}],"wp:featuredmedia":[{"embeddable":true,"href":"https:\/\/displayproducts.eu\/lt\/wp-json\/wp\/v2\/media\/6844"}],"wp:attachment":[{"href":"https:\/\/displayproducts.eu\/lt\/wp-json\/wp\/v2\/media?parent=6842"}],"wp:term":[{"taxonomy":"product_brand","embeddable":true,"href":"https:\/\/displayproducts.eu\/lt\/wp-json\/wp\/v2\/product_brand?post=6842"},{"taxonomy":"product_cat","embeddable":true,"href":"https:\/\/displayproducts.eu\/lt\/wp-json\/wp\/v2\/product_cat?post=6842"},{"taxonomy":"product_tag","embeddable":true,"href":"https:\/\/displayproducts.eu\/lt\/wp-json\/wp\/v2\/product_tag?post=6842"}],"curies":[{"name":"wp","href":"https:\/\/api.w.org\/{rel}","templated":true}]}}