{"id":6841,"date":"2026-01-13T11:36:59","date_gmt":"2026-01-13T08:36:59","guid":{"rendered":"https:\/\/wristbandfactory.eu\/?post_type=product&#038;p=6841"},"modified":"2026-04-01T21:52:34","modified_gmt":"2026-04-01T18:52:34","slug":"custom-hard-pvc-tags-for-wristbands-qr-barcode-rfid-ready","status":"publish","type":"product","link":"https:\/\/displayproducts.eu\/lt\/p\/custom-hard-pvc-tags-for-wristbands-qr-barcode-rfid-ready\/","title":{"rendered":"Kieto PVC kortel\u0117s tekstilin\u0117ms apyrank\u0117ms"},"content":{"rendered":"<p data-path-to-node=\"10\">Paverskite standartines rengini\u0173 apyrankes i\u0161maniomis prieigos kontrol\u0117s priemon\u0117mis su m\u016bs\u0173 specialiai pagamintomis kietomis PVC etiket\u0117mis. \u0160ios stand\u017eios slankiokl\u0117s sukurtos taip, kad b\u016bt\u0173 galima tiesiogiai sriegti ant med\u017eiagini\u0173 apyranki\u0173, u\u017etikrinant lyg\u0173, patvar\u0173 pavir\u0161i\u0173, specialiai optimizuot\u0105 nuskaitomiems duomenims. Skirtingai nuo mink\u0161t\u0173 med\u017eiagini\u0173 pavir\u0161i\u0173, kur QR kodai gali i\u0161kraipyti, kietos PVC etiket\u0117s u\u017etikrina 100% nuskaitym\u0105 mok\u0117jimams be gryn\u0173j\u0173 pinig\u0173, biliet\u0173 pardavimui ir socialin\u0117s \u017einiasklaidos integracijai.<\/p>\n<h3 data-path-to-node=\"11\">Pagrindin\u0117s savyb\u0117s<\/h3>\n<ul data-path-to-node=\"12\">\n<li>\n<p data-path-to-node=\"12,0,0\"><b data-path-to-node=\"12,0,0\" data-index-in-node=\"0\">Kintam\u0173j\u0173 duomen\u0173 spausdinimas:<\/b> Ant kiekvienos etiket\u0117s galime atspausdinti unikalius QR kodus, br\u016bk\u0161ninius kodus arba nuoseklius serijos numerius, taip u\u017etikrindami individual\u0173 sve\u010di\u0173 sekim\u0105 ir saugi\u0105 prieigos kontrol\u0119.<\/p>\n<\/li>\n<li>\n<p data-path-to-node=\"12,1,0\"><b data-path-to-node=\"12,1,0\" data-index-in-node=\"0\">Auk\u0161\u010diausios kokyb\u0117s konstrukcija:<\/b> Pagamintos i\u0161 auk\u0161tos kokyb\u0117s kieto PVC, \u0161ios etiket\u0117s yra atsparios lenkimui, vandeniui ir UV spinduli\u0173 poveikiui, tod\u0117l yra prana\u0161esn\u0117s u\u017e laminuotas popieriaus alternatyvas.<\/p>\n<\/li>\n<li>\n<p data-path-to-node=\"12,2,0\"><b data-path-to-node=\"12,2,0\" data-index-in-node=\"0\">Ry\u0161kus prek\u0117s \u017eenklas:<\/b> Lygus baltas pavir\u0161ius puikiai tinka ry\u0161kiems, spalvotiems logotipams ir r\u0117m\u0117jo \u017eenklui, kurie i\u0161siskiria i\u0161 med\u017eiaginio dir\u017eelio.<\/p>\n<\/li>\n<li>\n<p data-path-to-node=\"12,3,0\"><b data-path-to-node=\"12,3,0\" data-index-in-node=\"0\">RFID\/NFC galimyb\u0117:<\/b> Pageidaujant, galima \u012fsigyti su integruotais RFID arba NFC lustais bekontak\u010diams \u012f\u0117jimo ir mok\u0117jimo be gryn\u0173j\u0173 pinig\u0173 sistemoms.<\/p>\n<\/li>\n<\/ul>\n<h3 data-path-to-node=\"13\">Specifikacijos<\/h3>\n<ul data-path-to-node=\"14\">\n<li>\n<p data-path-to-node=\"14,0,0\"><b data-path-to-node=\"14,0,0\" data-index-in-node=\"0\">Med\u017eiaga:<\/b> Kietas kietas PVC (polivinilchloridas)<\/p>\n<\/li>\n<li>\n<p data-path-to-node=\"14,1,0\"><b data-path-to-node=\"14,1,0\" data-index-in-node=\"0\">Matmenys:<\/b> Galimi standartiniai dyd\u017eiai (pvz., 26x33 mm, 30x40 mm) arba nestandartin\u0117s formos.<\/p>\n<\/li>\n<li>\n<p data-path-to-node=\"14,2,0\"><b data-path-to-node=\"14,2,0\" data-index-in-node=\"0\">Suderinamumas:<\/b> Lizdai, skirti 15 mm arba 20 mm plo\u010dio austoms arba atlasin\u0117ms apyrank\u0117ms.<\/p>\n<\/li>\n<li>\n<p data-path-to-node=\"14,3,0\"><b data-path-to-node=\"14,3,0\" data-index-in-node=\"0\">Spausdinimo b\u016bdas:<\/b> UV skaitmenin\u0117 arba ofsetin\u0117 spauda, skirta fotografinei kokybei.<\/p>\n<\/li>\n<li>\n<p data-path-to-node=\"14,4,0\"><b data-path-to-node=\"14,4,0\" data-index-in-node=\"0\">Apdaila:<\/b> Galimas blizgus arba matinis laminavimas.<\/p>\n<\/li>\n<\/ul>\n<h3 data-path-to-node=\"15\">B2B naudojimo atvejai<\/h3>\n<ul data-path-to-node=\"16\">\n<li>\n<p data-path-to-node=\"16,0,0\"><b data-path-to-node=\"16,0,0\" data-index-in-node=\"0\">Muzikos festivaliai:<\/b> Naudokite QR kodus s\u0105skaitos papildymui be gryn\u0173j\u0173 pinig\u0173 ir \u012f\u0117jimo nuskaitymui.<\/p>\n<\/li>\n<li>\n<p data-path-to-node=\"16,1,0\"><b data-path-to-node=\"16,1,0\" data-index-in-node=\"0\">VIP prieiga:<\/b> Skirtingos, kietos etiket\u0117s, skirtos identifikuoti ypatingus sve\u010dius ar u\u017ekulisi\u0173 personal\u0105.<\/p>\n<\/li>\n<li>\n<p data-path-to-node=\"16,2,0\"><b data-path-to-node=\"16,2,0\" data-index-in-node=\"0\">R\u016bbin\u0117s valdymas:<\/b> Prie apyranki\u0173 pritvirtintos sunumeruotos etiket\u0117s saugiam daikt\u0173 atsi\u0117mimui.<\/p>\n<\/li>\n<li>\n<p data-path-to-node=\"16,3,0\"><b data-path-to-node=\"16,3,0\" data-index-in-node=\"0\">Kurortai ir vie\u0161bu\u010diai:<\/b> Patvar\u016bs kambario raktai arba rank\u0161luos\u010di\u0173 keitimo \u017eetonai, pritvirtinti prie sve\u010di\u0173 rie\u0161\u0173.<\/p>\n<\/li>\n<\/ul>","protected":false},"excerpt":{"rendered":"<ul>\n<li>\n<p data-path-to-node=\"9,0,0\"><b data-path-to-node=\"9,0,0\" data-index-in-node=\"0\">I\u0161maniojo ID sprendimas:<\/b> Puikiai tinka QR kod\u0173, br\u016bk\u0161nini\u0173 kod\u0173 ir UID numeri\u0173 integravimui ant med\u017eiagini\u0173 apyranki\u0173.<\/p>\n<\/li>\n<li>\n<p data-path-to-node=\"9,1,0\"><b data-path-to-node=\"9,1,0\" data-index-in-node=\"0\">Patvari med\u017eiaga:<\/b> Pagaminta i\u0161 tvirto, vandeniui atsparaus PVC, kuris atlaiko daugelio dien\u0173 renginius ir at\u0161iaurias s\u0105lygas.<\/p>\n<\/li>\n<li>\n<p data-path-to-node=\"9,2,0\"><b data-path-to-node=\"9,2,0\" data-index-in-node=\"0\">Visi\u0161kas pritaikymas:<\/b> Didel\u0117s rai\u0161kos UV arba ofsetin\u0117 spauda leid\u017eia i\u0161gauti ry\u0161kius logotipus ir nuskaityti sud\u0117tingus duomenis.<\/p>\n<\/li>\n<li>\n<p data-path-to-node=\"9,3,0\"><b data-path-to-node=\"9,3,0\" data-index-in-node=\"0\">Universalus pritaikymas:<\/b> Sukurtas su dviem angomis, kad b\u016bt\u0173 galima nepriekai\u0161tingai pritaikyti standartines 15 mm ir 20 mm med\u017eiagines apyrankes.<\/p>\n<\/li>\n<\/ul>","protected":false},"featured_media":6840,"comment_status":"closed","ping_status":"closed","template":"","meta":[],"product_brand":[],"product_cat":[66,124],"product_tag":[],"class_list":{"0":"post-6841","1":"product","2":"type-product","3":"status-publish","4":"has-post-thumbnail","6":"product_cat-wristbands","7":"product_cat-id-solutions","9":"first","10":"instock","11":"shipping-taxable","12":"product-type-simple"},"_links":{"self":[{"href":"https:\/\/displayproducts.eu\/lt\/wp-json\/wp\/v2\/product\/6841","targetHints":{"allow":["GET"]}}],"collection":[{"href":"https:\/\/displayproducts.eu\/lt\/wp-json\/wp\/v2\/product"}],"about":[{"href":"https:\/\/displayproducts.eu\/lt\/wp-json\/wp\/v2\/types\/product"}],"replies":[{"embeddable":true,"href":"https:\/\/displayproducts.eu\/lt\/wp-json\/wp\/v2\/comments?post=6841"}],"wp:featuredmedia":[{"embeddable":true,"href":"https:\/\/displayproducts.eu\/lt\/wp-json\/wp\/v2\/media\/6840"}],"wp:attachment":[{"href":"https:\/\/displayproducts.eu\/lt\/wp-json\/wp\/v2\/media?parent=6841"}],"wp:term":[{"taxonomy":"product_brand","embeddable":true,"href":"https:\/\/displayproducts.eu\/lt\/wp-json\/wp\/v2\/product_brand?post=6841"},{"taxonomy":"product_cat","embeddable":true,"href":"https:\/\/displayproducts.eu\/lt\/wp-json\/wp\/v2\/product_cat?post=6841"},{"taxonomy":"product_tag","embeddable":true,"href":"https:\/\/displayproducts.eu\/lt\/wp-json\/wp\/v2\/product_tag?post=6841"}],"curies":[{"name":"wp","href":"https:\/\/api.w.org\/{rel}","templated":true}]}}