{"id":6838,"date":"2026-01-13T10:28:34","date_gmt":"2026-01-13T07:28:34","guid":{"rendered":"https:\/\/wristbandfactory.eu\/?post_type=product&#038;p=6838"},"modified":"2026-04-01T21:52:03","modified_gmt":"2026-04-01T18:52:03","slug":"custom-printed-velvet-gift-bags-premium-drawstring-pouches","status":"publish","type":"product","link":"https:\/\/displayproducts.eu\/lt\/p\/custom-printed-velvet-gift-bags-premium-drawstring-pouches\/","title":{"rendered":"Aksominiai mai\u0161eliai su logotipu"},"content":{"rendered":"<p data-path-to-node=\"9\">Sukurkite nepamir\u0161tam\u0105 i\u0161pakavimo patirt\u012f su m\u016bs\u0173 <b data-path-to-node=\"9\" data-index-in-node=\"78\">Pagal u\u017esakym\u0105 spausdinti aksominiai dovan\u0173 mai\u0161eliai<\/b>. \u0160ie mink\u0161ti mai\u0161eliai, sukurti prabangos preki\u0173 ma\u017emenininkams, juvelyrikos preki\u0173 \u017eenklams ir \u012fmoni\u0173 rengini\u0173 organizatoriams, si\u016blo rafinuot\u0105 b\u016bd\u0105 supakuoti smulkius daiktus. Skirtingai nuo standartini\u0173 plastikini\u0173 ar popierini\u0173 pakuo\u010di\u0173, aksomas perteikia patvarum\u0105, elegancij\u0105 ir didel\u0119 vert\u0119.<\/p>\n<p data-path-to-node=\"10\">Nesvarbu, ar jums reikia ma\u017eo mai\u0161elio \u017eiedams, ar didesnio krep\u0161io kosmetikai ir technikos prietaisams, mes si\u016blome visi\u0161k\u0105 dyd\u017ei\u0173 ir gamybos lankstum\u0105.<\/p>\n<h2 data-path-to-node=\"11\">Pagrindin\u0117s prek\u0117s \u017eenklo savyb\u0117s<\/h2>\n<p data-path-to-node=\"12\">Si\u016blome tris skirtingus prek\u0117s \u017eenklo k\u016brimo metodus, atitinkan\u010dius j\u016bs\u0173 logotipo stili\u0173:<\/p>\n<ul data-path-to-node=\"13\">\n<li>\n<p data-path-to-node=\"13,0,0\"><b data-path-to-node=\"13,0,0\" data-index-in-node=\"0\">\u0160ilkografija:<\/b> Idealiai tinka ry\u0161kioms, vientisoms spalvoms ir ai\u0161kiam prek\u0117s \u017eenklo vaizdavimui.<\/p>\n<\/li>\n<li>\n<p data-path-to-node=\"13,1,0\"><b data-path-to-node=\"13,1,0\" data-index-in-node=\"0\">Kar\u0161tas \u0161tampavimas (folija):<\/b> Puikiai tinka prabangi\u0173 preki\u0173 \u017eenkl\u0173 gaminiams. Prid\u0117kite blizgan\u010di\u0105 aukso arba sidabro folijos apdail\u0105, kuri sugeria \u0161vies\u0105 ant tamsaus aksomo tekst\u016bros.<\/p>\n<\/li>\n<li>\n<p data-path-to-node=\"13,2,0\"><b data-path-to-node=\"13,2,0\" data-index-in-node=\"0\">\u012espaudimas \/ reljefinis \u012fspaudas:<\/b> Sukurkite subtil\u0173, ap\u010diuopiam\u0105 3D efekt\u0105, kai logotipas \u012fspaud\u017eiamas \u012f audin\u012f, kad b\u016bt\u0173 sukurtas prabangus, sant\u016brus vaizdas.<\/p>\n<\/li>\n<\/ul>\n<h2 data-path-to-node=\"14\">Specifikacijos<\/h2>\n<ul data-path-to-node=\"15\">\n<li>\n<p data-path-to-node=\"15,0,0\"><b data-path-to-node=\"15,0,0\" data-index-in-node=\"0\">Med\u017eiaga:<\/b> Auk\u0161\u010diausios kokyb\u0117s mink\u0161tas aksomas \/ veli\u016bro audinys.<\/p>\n<\/li>\n<li>\n<p data-path-to-node=\"15,1,0\"><b data-path-to-node=\"15,1,0\" data-index-in-node=\"0\">U\u017edarymo stiliai:<\/b> Vienpusis rai\u0161telis arba dvipusis rai\u0161telis (traukiamas i\u0161 abiej\u0173 gal\u0173).<\/p>\n<\/li>\n<li>\n<p data-path-to-node=\"15,2,0\"><b data-path-to-node=\"15,2,0\" data-index-in-node=\"0\">Styg\u0173 med\u017eiagos:<\/b> Satinin\u0117 juostel\u0117, PP virvel\u0117, medvilnin\u0117 virv\u0117 arba atitinkama aksomin\u0117 juostel\u0117.<\/p>\n<\/li>\n<li>\n<p data-path-to-node=\"15,3,0\"><b data-path-to-node=\"15,3,0\" data-index-in-node=\"0\">Spalvos:<\/b> Platus standartini\u0173 aksomo spalv\u0173 pasirinkimas (juoda, tamsiai m\u0117lyna, raudona, pilka, \u017ealia ir kt.).<\/p>\n<\/li>\n<li>\n<p data-path-to-node=\"15,4,0\"><b data-path-to-node=\"15,4,0\" data-index-in-node=\"0\">Dyd\u017eiai:<\/b> Visi\u0161kai pritaikoma (pvz., 5x7 cm, 8x10 cm, 10x15 cm, 15x20 cm ir didesni).<\/p>\n<\/li>\n<li>\n<p data-path-to-node=\"15,5,0\"><b data-path-to-node=\"15,5,0\" data-index-in-node=\"0\">Minimalus u\u017esakymas:<\/b> Galimi didmeniniai kiekiai.<\/p>\n<\/li>\n<\/ul>\n<h2 data-path-to-node=\"16\">Da\u017eniausiai naudojami atvejai<\/h2>\n<ul data-path-to-node=\"17\">\n<li>\n<p data-path-to-node=\"17,0,0\"><b data-path-to-node=\"17,0,0\" data-index-in-node=\"0\">Papuo\u0161al\u0173 pakuot\u0117:<\/b> \u017diedai, karoliai, auskarai ir laikrod\u017eiai.<\/p>\n<\/li>\n<li>\n<p data-path-to-node=\"17,1,0\"><b data-path-to-node=\"17,1,0\" data-index-in-node=\"0\">Dovanos \u012fmon\u0117ms:<\/b> Auk\u0161\u010diausios kokyb\u0117s pakuot\u0117 USB atmintin\u0117ms, medaliams ar monetoms.<\/p>\n<\/li>\n<li>\n<p data-path-to-node=\"17,2,0\"><b data-path-to-node=\"17,2,0\" data-index-in-node=\"0\">Renginio dovan\u0117l\u0117s:<\/b> Vestuv\u0117s, i\u0161kilm\u0117s ir reklaminiai dovan\u0173 pasi\u016blymai.<\/p>\n<\/li>\n<li>\n<p data-path-to-node=\"17,3,0\"><b data-path-to-node=\"17,3,0\" data-index-in-node=\"0\">Kosmetika:<\/b> Prabang\u016bs mai\u0161eliai gro\u017eio priemon\u0117ms ir kvepalams.<\/p>\n<\/li>\n<\/ul>","protected":false},"excerpt":{"rendered":"<ul data-path-to-node=\"8\">\n<li>\n<p data-path-to-node=\"8,0,0\"><b data-path-to-node=\"8,0,0\" data-index-in-node=\"0\">Auk\u0161\u010diausios kokyb\u0117s mink\u0161ta tekst\u016bra:<\/b> Auk\u0161tos kokyb\u0117s aksominis audinys, suteikiantis prabangos bet kokiam gaminiui ar dovanai.<\/p>\n<\/li>\n<li>\n<p data-path-to-node=\"8,1,0\"><b data-path-to-node=\"8,1,0\" data-index-in-node=\"0\">Universalus pritaikymas:<\/b> Rinkit\u0117s i\u0161 \u0161ilkografijos, metalinio kar\u0161to spaudimo (aukso\/sidabro) arba eleganti\u0161ko reljefinio \u012fspaudimo.<\/p>\n<\/li>\n<li>\n<p data-path-to-node=\"8,2,0\"><b data-path-to-node=\"8,2,0\" data-index-in-node=\"0\">Lankstus dizainas:<\/b> Galima \u012fsigyti su viengubais arba dvigubais rai\u0161teliais i\u0161 \u012fvairi\u0173 juosteli\u0173 ar virveli\u0173.<\/p>\n<\/li>\n<li>\n<p data-path-to-node=\"8,3,0\"><b data-path-to-node=\"8,3,0\" data-index-in-node=\"0\">Pagaminta pagal i\u0161matavimus:<\/b> Galimi individual\u016bs dyd\u017eiai, kad puikiai tikt\u0173 papuo\u0161alams, kosmetikai, technikos aksesuarams ar rengini\u0173 dovan\u0117l\u0117ms.<\/p>\n<\/li>\n<\/ul>","protected":false},"featured_media":6839,"comment_status":"closed","ping_status":"closed","template":"","meta":[],"product_brand":[],"product_cat":[131],"product_tag":[],"class_list":{"0":"post-6838","1":"product","2":"type-product","3":"status-publish","4":"has-post-thumbnail","6":"product_cat-custom-bags-totes","8":"first","9":"instock","10":"shipping-taxable","11":"purchasable","12":"product-type-simple"},"_links":{"self":[{"href":"https:\/\/displayproducts.eu\/lt\/wp-json\/wp\/v2\/product\/6838","targetHints":{"allow":["GET"]}}],"collection":[{"href":"https:\/\/displayproducts.eu\/lt\/wp-json\/wp\/v2\/product"}],"about":[{"href":"https:\/\/displayproducts.eu\/lt\/wp-json\/wp\/v2\/types\/product"}],"replies":[{"embeddable":true,"href":"https:\/\/displayproducts.eu\/lt\/wp-json\/wp\/v2\/comments?post=6838"}],"wp:featuredmedia":[{"embeddable":true,"href":"https:\/\/displayproducts.eu\/lt\/wp-json\/wp\/v2\/media\/6839"}],"wp:attachment":[{"href":"https:\/\/displayproducts.eu\/lt\/wp-json\/wp\/v2\/media?parent=6838"}],"wp:term":[{"taxonomy":"product_brand","embeddable":true,"href":"https:\/\/displayproducts.eu\/lt\/wp-json\/wp\/v2\/product_brand?post=6838"},{"taxonomy":"product_cat","embeddable":true,"href":"https:\/\/displayproducts.eu\/lt\/wp-json\/wp\/v2\/product_cat?post=6838"},{"taxonomy":"product_tag","embeddable":true,"href":"https:\/\/displayproducts.eu\/lt\/wp-json\/wp\/v2\/product_tag?post=6838"}],"curies":[{"name":"wp","href":"https:\/\/api.w.org\/{rel}","templated":true}]}}