{"id":6678,"date":"2026-01-09T22:38:59","date_gmt":"2026-01-09T19:38:59","guid":{"rendered":"https:\/\/wristbandfactory.eu\/?post_type=product&#038;p=6678"},"modified":"2026-04-01T21:52:34","modified_gmt":"2026-04-01T18:52:34","slug":"metal-opera-glasses-with-handle-bulk-theatre-binoculars-3x-4x","status":"publish","type":"product","link":"https:\/\/displayproducts.eu\/lt\/p\/metal-opera-glasses-with-handle-bulk-theatre-binoculars-3x-4x\/","title":{"rendered":"Metaliniai teatro \u017ei\u016bronai su ranken\u0117le"},"content":{"rendered":"<p data-path-to-node=\"9\">Pagerinkite savo lankytoj\u0173 ar klient\u0173 kult\u016brin\u0119 patirt\u012f su m\u016bs\u0173 <b data-path-to-node=\"9\" data-index-in-node=\"94\">Auk\u0161\u010diausios kokyb\u0117s metaliniai operos \u017ei\u016bronai<\/b>. \u0160ie teatro \u017ei\u016bronai, sukurti siekiant rafinuotumo ir ai\u0161kumo, yra puikus operos teatr\u0173, teatr\u0173 ir koncert\u0173 sali\u0173 aksesuaras. Skirtingai nuo plastikini\u0173 alternatyv\u0173, \u0161ie akiniai pasi\u017eymi patvaria, metaline konstrukcija su aukso apdaila, tod\u0117l tai yra labai vertingas daiktas, tinkamas perparduoti ma\u017emenin\u0117je prekyboje arba kaip i\u0161skirtin\u0117s verslo dovanos.<\/p>\n<p data-path-to-node=\"10\">Integruota sulankstoma rankena suteikia vinta\u017einio \u017eavesio ir u\u017etikrina prakti\u0161k\u0105 komfort\u0105 ilg\u0173 pasirodym\u0173 metu. Nesvarbu, ar perkate dovanas muziejaus parduotuv\u0117je, ar ie\u0161kote unikalios atminimo dovanos i\u0161kilm\u0117ms, \u0161ie operos \u017ei\u016bronai si\u016blo tobul\u0105 stiliaus ir funkcionalumo derin\u012f.<\/p>\n<h2 data-path-to-node=\"11\">Pagrindin\u0117s savyb\u0117s<\/h2>\n<ul data-path-to-node=\"12\">\n<li>\n<p data-path-to-node=\"12,0,0\"><b data-path-to-node=\"12,0,0\" data-index-in-node=\"0\">Du optiniai variantai:<\/b> Pasirinkite tarp <b data-path-to-node=\"12,0,0\" data-index-in-node=\"37\">3 kart\u0173 padidinimas<\/b> (platesnis matymo laukas, 122 m \/ 1000 m), kad b\u016bt\u0173 galima u\u017efiksuoti vis\u0105 scen\u0105, arba <b data-path-to-node=\"12,0,0\" data-index-in-node=\"122\">4 kart\u0173 padidinimas<\/b> (105 m \/ 1000 m) \u2013 veido i\u0161rai\u0161koms ir smulkioms detal\u0117ms sufokusuoti.<\/p>\n<\/li>\n<li>\n<p data-path-to-node=\"12,1,0\"><b data-path-to-node=\"12,1,0\" data-index-in-node=\"0\">Ergonomi\u0161kas dizainas:<\/b> Turi centrinio fokusavimo prizm\u0119 ir sulankstom\u0105 \/ teleskopin\u0119 ranken\u0105 (105\u2013165 mm), kad b\u016bt\u0173 lengva reguliuoti ir patogu laikyti.<\/p>\n<\/li>\n<li>\n<p data-path-to-node=\"12,2,0\"><b data-path-to-node=\"12,2,0\" data-index-in-node=\"0\">Premium versija:<\/b> Tvirtas metalinis korpusas, sveriantis 175 g, yra kompakti\u0161ko dizaino (100 \u00d7 54 mm), u\u017etikrina ilgaam\u017ei\u0161kum\u0105 ir auk\u0161\u010diausios kokyb\u0117s poj\u016bt\u012f rankoje.<\/p>\n<\/li>\n<li>\n<p data-path-to-node=\"12,3,0\"><b data-path-to-node=\"12,3,0\" data-index-in-node=\"0\">Paruo\u0161ta pristatymui:<\/b> Kiekvienas vienetas pateikiamas su eleganti\u0161ku laikymo d\u0117klu, kuris supaprastina dovan\u0173 ar ma\u017emenin\u0117s prekybos ekspozicijos pakavimo proces\u0105.<\/p>\n<\/li>\n<\/ul>\n<h2 data-path-to-node=\"13\">Specifikacijos<\/h2>\n<ul data-path-to-node=\"14\">\n<li>\n<p data-path-to-node=\"14,0,0\"><b data-path-to-node=\"14,0,0\" data-index-in-node=\"0\">Med\u017eiaga:<\/b> Pilnai metalinis lydinys su aukso apdaila<\/p>\n<\/li>\n<li>\n<p data-path-to-node=\"14,1,0\"><b data-path-to-node=\"14,1,0\" data-index-in-node=\"0\">Rankena:<\/b> Teleskopinis \/ sulankstomas (105\u2013165 mm)<\/p>\n<\/li>\n<li>\n<p data-path-to-node=\"14,2,0\"><b data-path-to-node=\"14,2,0\" data-index-in-node=\"0\">Svoris:<\/b> 175 g<\/p>\n<\/li>\n<li>\n<p data-path-to-node=\"14,3,0\"><b data-path-to-node=\"14,3,0\" data-index-in-node=\"0\">Matmenys:<\/b> 100 \u00d7 54 mm<\/p>\n<\/li>\n<li>\n<p data-path-to-node=\"14,4,0\"><b data-path-to-node=\"14,4,0\" data-index-in-node=\"0\">Prizm\u0117s tipas:<\/b> Centrinis fokusavimas<\/p>\n<\/li>\n<li>\n<p data-path-to-node=\"14,5,0\"><b data-path-to-node=\"14,5,0\" data-index-in-node=\"0\">3x modelio specifikacijos:<\/b><\/p>\n<ul data-path-to-node=\"14,5,1\">\n<li>\n<p data-path-to-node=\"14,5,1,0,0\">I\u0161\u0117jimo vyzdys: 8 mm<\/p>\n<\/li>\n<li>\n<p data-path-to-node=\"14,5,1,1,0\">Matymo laukas: 122 m \/ 1000 m<\/p>\n<\/li>\n<li>\n<p data-path-to-node=\"14,5,1,2,0\">Ry\u0161kumo indeksas: 69<\/p>\n<\/li>\n<\/ul>\n<\/li>\n<li>\n<p data-path-to-node=\"14,6,0\"><b data-path-to-node=\"14,6,0\" data-index-in-node=\"0\">4x modelio specifikacijos:<\/b><\/p>\n<ul data-path-to-node=\"14,6,1\">\n<li>\n<p data-path-to-node=\"14,6,1,0,0\">I\u0161\u0117jimo vyzdys: 6,5 mm<\/p>\n<\/li>\n<li>\n<p data-path-to-node=\"14,6,1,1,0\">Matymo laukas: 105 m \/ 1000 m<\/p>\n<\/li>\n<li>\n<p data-path-to-node=\"14,6,1,2,0\">Ry\u0161kumo indeksas: 39<\/p>\n<\/li>\n<\/ul>\n<\/li>\n<li>\n<p data-path-to-node=\"14,7,0\"><b data-path-to-node=\"14,7,0\" data-index-in-node=\"0\">Pristatymo laikas:<\/b> Ma\u017edaug 37 dienos (gaminama pagal u\u017esakym\u0105 \/ importuojama)<\/p>\n<\/li>\n<\/ul>\n<h2 data-path-to-node=\"15\">Naudojimo atvejai<\/h2>\n<ul data-path-to-node=\"16\">\n<li>\n<p data-path-to-node=\"16,0,0\"><b data-path-to-node=\"16,0,0\" data-index-in-node=\"0\">Teatro ir operos parduotuv\u0117s:<\/b> Didel\u0117s mar\u017eos prek\u0117 lankytojams, norintiems pagerinti savo \u017ei\u016br\u0117jimo patirt\u012f.<\/p>\n<\/li>\n<li>\n<p data-path-to-node=\"16,1,0\"><b data-path-to-node=\"16,1,0\" data-index-in-node=\"0\">Dovanos \u012fmon\u0117ms:<\/b> I\u0161skirtin\u0117 dovana meno ir kult\u016bros sektoriaus partneriams.<\/p>\n<\/li>\n<li>\n<p data-path-to-node=\"16,2,0\"><b data-path-to-node=\"16,2,0\" data-index-in-node=\"0\">VIP rengini\u0173 patogumai:<\/b> Suteikite auk\u0161\u010diausio lygio biliet\u0173 tur\u0117tojams firminius arba i\u0161skirtinius per\u017ei\u016bros \u012frankius.<\/p>\n<\/li>\n<\/ul>","protected":false},"excerpt":{"rendered":"<ul data-path-to-node=\"8\">\n<li>\n<p data-path-to-node=\"8,0,0\"><b data-path-to-node=\"8,0,0\" data-index-in-node=\"0\">Klasikin\u0117 elegancija:<\/b> Visi\u0161kai metalinis korpusas su prabangia auksine apdaila ir sulankstoma rankena, kad b\u016bt\u0173 patogu \u017ei\u016br\u0117ti.<\/p>\n<\/li>\n<li>\n<p data-path-to-node=\"8,1,0\"><b data-path-to-node=\"8,1,0\" data-index-in-node=\"0\">Auk\u0161\u010diausios kokyb\u0117s optika:<\/b> Galima rinktis su 3 kart\u0173 (plataus matymo kampo) arba 4 kart\u0173 (detal\u0117s fokusavimo) didinimu ir dideliu ry\u0161kumo indeksu.<\/p>\n<\/li>\n<li>\n<p data-path-to-node=\"8,2,0\"><b data-path-to-node=\"8,2,0\" data-index-in-node=\"0\">B2B pasiruo\u0161\u0119s:<\/b> Puikiai tinka teatro atributikos parduotuv\u0117ms, VIP rengini\u0173 dovanoms ir auk\u0161\u010diausios klas\u0117s \u012fmoni\u0173 apdovanojimams.<\/p>\n<\/li>\n<li>\n<p data-path-to-node=\"8,3,0\"><b data-path-to-node=\"8,3,0\" data-index-in-node=\"0\">Pilnas komplektas:<\/b> Pridedamas patvarus laikymo d\u0117klas apsaugai ir pateikimui.<\/p>\n<\/li>\n<\/ul>","protected":false},"featured_media":6679,"comment_status":"closed","ping_status":"closed","template":"","meta":[],"product_brand":[],"product_cat":[121],"product_tag":[],"class_list":{"0":"post-6678","1":"product","2":"type-product","3":"status-publish","4":"has-post-thumbnail","6":"product_cat-promotional-merchandise","8":"first","9":"instock","10":"shipping-taxable","11":"purchasable","12":"product-type-simple"},"_links":{"self":[{"href":"https:\/\/displayproducts.eu\/lt\/wp-json\/wp\/v2\/product\/6678","targetHints":{"allow":["GET"]}}],"collection":[{"href":"https:\/\/displayproducts.eu\/lt\/wp-json\/wp\/v2\/product"}],"about":[{"href":"https:\/\/displayproducts.eu\/lt\/wp-json\/wp\/v2\/types\/product"}],"replies":[{"embeddable":true,"href":"https:\/\/displayproducts.eu\/lt\/wp-json\/wp\/v2\/comments?post=6678"}],"wp:featuredmedia":[{"embeddable":true,"href":"https:\/\/displayproducts.eu\/lt\/wp-json\/wp\/v2\/media\/6679"}],"wp:attachment":[{"href":"https:\/\/displayproducts.eu\/lt\/wp-json\/wp\/v2\/media?parent=6678"}],"wp:term":[{"taxonomy":"product_brand","embeddable":true,"href":"https:\/\/displayproducts.eu\/lt\/wp-json\/wp\/v2\/product_brand?post=6678"},{"taxonomy":"product_cat","embeddable":true,"href":"https:\/\/displayproducts.eu\/lt\/wp-json\/wp\/v2\/product_cat?post=6678"},{"taxonomy":"product_tag","embeddable":true,"href":"https:\/\/displayproducts.eu\/lt\/wp-json\/wp\/v2\/product_tag?post=6678"}],"curies":[{"name":"wp","href":"https:\/\/api.w.org\/{rel}","templated":true}]}}