{"id":6671,"date":"2026-01-09T18:39:46","date_gmt":"2026-01-09T15:39:46","guid":{"rendered":"https:\/\/wristbandfactory.eu\/?post_type=product&#038;p=6671"},"modified":"2026-04-01T21:52:34","modified_gmt":"2026-04-01T18:52:34","slug":"custom-foil-holographic-event-wristbands","status":"publish","type":"product","link":"https:\/\/displayproducts.eu\/lt\/p\/custom-foil-holographic-event-wristbands\/","title":{"rendered":"Apyrank\u0117s su folijos spauda"},"content":{"rendered":"<p data-path-to-node=\"9\">Pagerinkite savo renginio prek\u0117s \u017eenklo \u012fvaizd\u012f su m\u016bs\u0173 pagal u\u017esakym\u0105 pagamintomis folijos ir holografin\u0117mis apyrank\u0117mis. \u0160ios apyrank\u0117s, pagamintos i\u0161 auk\u0161tos kokyb\u0117s YUPO sintetinio popieriaus, yra auk\u0161\u010diausios kokyb\u0117s alternatyva standartin\u0117ms \u201eTyvek\u201c pl\u0117vel\u0117ms, nes j\u0173 pieni\u0161kas baltumas u\u017etikrina ry\u0161kias ir dizaino spalvines ypatybes.<\/p>\n<p data-path-to-node=\"10\">\u0160ios apyrank\u0117s, sukurtos didelio atgarsio renginiams, klubams ir festivaliams, leid\u017eia naudoti prabangias metalines detales \u2013 \u012fskaitant aukso, sidabro ir stiklo folijos spalvas \u2013 arba visi\u0161kai holografin\u0119 apdail\u0105. Lygi tekst\u016bra kartu su didel\u0117s rai\u0161kos CMYK ofsetine spauda idealiai tinka sud\u0117tingiems dizainams ir VIP identifikavimui. Nepaisant eleganti\u0161kos i\u0161vaizdos, jos yra tvirtos konstrukcijos, atsparios vandeniui, prakaitui ir aktyviai aplinkai.<\/p>\n<h2 data-path-to-node=\"11\">Pagrindin\u0117s savyb\u0117s<\/h2>\n<ul data-path-to-node=\"12\">\n<li>\n<p data-path-to-node=\"12,0,0\"><b data-path-to-node=\"12,0,0\" data-index-in-node=\"0\">Prabangios apdailos:<\/b> Galima \u012fsigyti su kar\u0161to spaudimo aukso folija, sidabro folija, \u201cstiklo\u201d folija ir holografiniais sluoksniais, kad b\u016bt\u0173 u\u017etikrintas maksimalus matomumas.<\/p>\n<\/li>\n<li>\n<p data-path-to-node=\"12,1,0\"><b data-path-to-node=\"12,1,0\" data-index-in-node=\"0\">Med\u017eiag\u0173 meistri\u0161kumas:<\/b> YUPO sintetin\u0117 mas\u0117 suteikia lygesn\u012f pavir\u0161i\u0173 nei \u201eTyvek\u201c, tod\u0117l spausdinimo detal\u0117s yra ry\u0161kesn\u0117s, o spalvos \u2013 ry\u0161kesn\u0117s.<\/p>\n<\/li>\n<li>\n<p data-path-to-node=\"12,2,0\"><b data-path-to-node=\"12,2,0\" data-index-in-node=\"0\">Apsauga nuo klastojimo:<\/b> Tvirtas lipnus u\u017esegimas turi i\u0161pjautas apsaugines juosteles, kurios nutr\u016bksta bandant nuimti, taip u\u017etikrinant, kad apyrank\u0117s negalima naudoti pakartotinai.<\/p>\n<\/li>\n<li>\n<p data-path-to-node=\"12,3,0\"><b data-path-to-node=\"12,3,0\" data-index-in-node=\"0\">I\u0161manus duomen\u0173 paruo\u0161imas:<\/b> Visi\u0161kai suderinamas su kintam\u0173 duomen\u0173 spausdinimu, \u012fskaitant nuosekl\u0173j\u012f numeravim\u0105, br\u016bk\u0161ninius kodus ir QR kodus skaitmeninei integracijai.<\/p>\n<\/li>\n<\/ul>\n<h2 data-path-to-node=\"13\">Specifikacijos<\/h2>\n<ul data-path-to-node=\"14\">\n<li>\n<p data-path-to-node=\"14,0,0\"><b data-path-to-node=\"14,0,0\" data-index-in-node=\"0\">Med\u017eiaga:<\/b> YUPO (mi\u0161rios mas\u0117s \/ sintetinis popierius) \u2013 atsparus vandeniui ir ply\u0161imui.<\/p>\n<\/li>\n<li>\n<p data-path-to-node=\"14,1,0\"><b data-path-to-node=\"14,1,0\" data-index-in-node=\"0\">Standartiniai matmenys:<\/b><\/p>\n<ul data-path-to-node=\"14,1,1\">\n<li>\n<p data-path-to-node=\"14,1,1,0,0\">20 mm x 250 mm<\/p>\n<\/li>\n<li>\n<p data-path-to-node=\"14,1,1,1,0\">25 mm x 250 mm<\/p>\n<\/li>\n<li>\n<p data-path-to-node=\"14,1,1,2,0\"><i data-path-to-node=\"14,1,1,2,0\" data-index-in-node=\"0\">Pagal pageidavim\u0105 galimi individual\u016bs dyd\u017eiai.<\/i><\/p>\n<\/li>\n<\/ul>\n<\/li>\n<li>\n<p data-path-to-node=\"14,2,0\"><b data-path-to-node=\"14,2,0\" data-index-in-node=\"0\">Spausdinimo b\u016bdas:<\/b> Spalvota CMYK ofsetin\u0117 spauda + folijos antspaudas.<\/p>\n<\/li>\n<li>\n<p data-path-to-node=\"14,3,0\"><b data-path-to-node=\"14,3,0\" data-index-in-node=\"0\">Folijos parinktys:<\/b> Auksas, sidabras, stiklo folija, holograma.<\/p>\n<\/li>\n<li>\n<p data-path-to-node=\"14,4,0\"><b data-path-to-node=\"14,4,0\" data-index-in-node=\"0\">Kilm\u0117:<\/b> Piet\u0173 Kor\u0117ja (ANYWRISTBAND \/ Modelis TS25).<\/p>\n<\/li>\n<\/ul>\n<h2 data-path-to-node=\"15\">Naudojimo atvejai<\/h2>\n<ul data-path-to-node=\"16\">\n<li>\n<p data-path-to-node=\"16,0,0\"><b data-path-to-node=\"16,0,0\" data-index-in-node=\"0\">VIP prieigos kontrol\u0117:<\/b> D\u0117l atspindin\u010dios metalin\u0117s apdailos puikiai tinka i\u0161skirti VIP sve\u010dius koncertuose, festivaliuose ir naktiniuose klubuose.<\/p>\n<\/li>\n<li>\n<p data-path-to-node=\"16,1,0\"><b data-path-to-node=\"16,1,0\" data-index-in-node=\"0\">\u012emoni\u0173 renginiai:<\/b> Auk\u0161tos klas\u0117s prek\u0117s \u017eenklo k\u016brimas i\u0161kilmingiems renginiams ir konferencijoms, kur vizualinis pateikimas yra labai svarbus.<\/p>\n<\/li>\n<li>\n<p data-path-to-node=\"16,2,0\"><b data-path-to-node=\"16,2,0\" data-index-in-node=\"0\">Saugios vietos:<\/b> Idealiai tinka pramog\u0173 parkams ir ribotos atsakomyb\u0117s zonoms, kurioms reikalingas patikimas identifikavimas naudojant br\u016bk\u0161nini\u0173 kod\u0173 integracij\u0105.<\/p>\n<\/li>\n<\/ul>\n<p data-path-to-node=\"17\">","protected":false},"excerpt":{"rendered":"<ul>\n<li>\n<p data-path-to-node=\"7,0,0\"><b data-path-to-node=\"7,0,0\" data-index-in-node=\"0\">Auk\u0161\u010diausios kokyb\u0117s vizualinis efektas:<\/b> Pasi\u017eymi nuostabiais metaliniais akcentais (aukso, sidabro, stiklo folijos) arba holografiniais efektais ant lygaus, pieni\u0161kai balto YUPO pavir\u0161iaus.<\/p>\n<\/li>\n<li>\n<p data-path-to-node=\"7,1,0\"><b data-path-to-node=\"7,1,0\" data-index-in-node=\"0\">Puikus patvarumas:<\/b> Pagaminta i\u0161 ply\u0161imui atsparaus, vandeniui atsparaus sintetinio popieriaus (100%), kuris pranoksta standartines popierines apyrankes.<\/p>\n<\/li>\n<li>\n<p data-path-to-node=\"7,2,0\"><b data-path-to-node=\"7,2,0\" data-index-in-node=\"0\">Didelis saugumas:<\/b> Su apsauginiu lipniu u\u017edoriu, apsaugan\u010diu nuo pa\u017eeidimo, ir suformuluotomis apsaugin\u0117mis \u012fpjovomis, kad b\u016bt\u0173 i\u0161vengta perk\u0117limo.<\/p>\n<\/li>\n<li>\n<p data-path-to-node=\"7,3,0\"><b data-path-to-node=\"7,3,0\" data-index-in-node=\"0\">Visi\u0161kas pritaikymas:<\/b> Palaiko ry\u0161ki\u0105 CMYK ofsetin\u0119 spaud\u0105, br\u016bk\u0161ninius kodus, QR kodus ir kintam\u0105 numeracij\u0105 prieigos kontrolei.<\/p>\n<\/li>\n<\/ul>","protected":false},"featured_media":6677,"comment_status":"closed","ping_status":"closed","template":"","meta":[],"product_brand":[],"product_cat":[41],"product_tag":[],"class_list":{"0":"post-6671","1":"product","2":"type-product","3":"status-publish","4":"has-post-thumbnail","6":"product_cat-tyvek","8":"first","9":"instock","10":"shipping-taxable","11":"product-type-simple"},"_links":{"self":[{"href":"https:\/\/displayproducts.eu\/lt\/wp-json\/wp\/v2\/product\/6671","targetHints":{"allow":["GET"]}}],"collection":[{"href":"https:\/\/displayproducts.eu\/lt\/wp-json\/wp\/v2\/product"}],"about":[{"href":"https:\/\/displayproducts.eu\/lt\/wp-json\/wp\/v2\/types\/product"}],"replies":[{"embeddable":true,"href":"https:\/\/displayproducts.eu\/lt\/wp-json\/wp\/v2\/comments?post=6671"}],"wp:featuredmedia":[{"embeddable":true,"href":"https:\/\/displayproducts.eu\/lt\/wp-json\/wp\/v2\/media\/6677"}],"wp:attachment":[{"href":"https:\/\/displayproducts.eu\/lt\/wp-json\/wp\/v2\/media?parent=6671"}],"wp:term":[{"taxonomy":"product_brand","embeddable":true,"href":"https:\/\/displayproducts.eu\/lt\/wp-json\/wp\/v2\/product_brand?post=6671"},{"taxonomy":"product_cat","embeddable":true,"href":"https:\/\/displayproducts.eu\/lt\/wp-json\/wp\/v2\/product_cat?post=6671"},{"taxonomy":"product_tag","embeddable":true,"href":"https:\/\/displayproducts.eu\/lt\/wp-json\/wp\/v2\/product_tag?post=6671"}],"curies":[{"name":"wp","href":"https:\/\/api.w.org\/{rel}","templated":true}]}}