{"id":6618,"date":"2026-01-09T15:51:34","date_gmt":"2026-01-09T12:51:34","guid":{"rendered":"https:\/\/wristbandfactory.eu\/?post_type=product&#038;p=6618"},"modified":"2026-04-01T21:52:34","modified_gmt":"2026-04-01T18:52:34","slug":"custom-natural-cork-wristbands","status":"publish","type":"product","link":"https:\/\/displayproducts.eu\/lt\/p\/custom-natural-cork-wristbands\/","title":{"rendered":"Nat\u016bralaus kam\u0161\u010dio apyrank\u0117s"},"content":{"rendered":"<p data-path-to-node=\"10\">Dr\u0105siai pareik\u0161kite savo nuomon\u0119 apie tvarum\u0105 su m\u016bs\u0173 <b data-path-to-node=\"10\" data-index-in-node=\"77\">Nat\u016bralaus kam\u0161\u010dio apyrank\u0117s<\/b>. \u0160i med\u017eiaga, i\u0161gauta i\u0161 kam\u0161tini\u0173 \u0105\u017euol\u0173 \u017eiev\u0117s nekenkiant pa\u010diam med\u017eiui, yra vienas ekologi\u0161kiausi\u0173 i\u0161tekli\u0173. \u0160ios apyrank\u0117s yra idealus pasirinkimas aplinkosaugos konferencijoms, gamtos kurortams ir festivaliams, norintiems atsisakyti plastiko atliek\u0173 ir kartu sve\u010diams pasi\u016blyti auk\u0161\u010diausios kokyb\u0117s aksesuar\u0105.<\/p>\n<p data-path-to-node=\"11\">Skirtingai nuo sintetini\u0173 med\u017eiag\u0173, kiekviena kam\u0161tin\u0117 apyrank\u0117 turi unikal\u0173 nat\u016bral\u0173 gr\u016bdeli\u0173 ra\u0161t\u0105. Med\u017eiaga yra \u0161velni odai, lengva ir steb\u0117tinai patvari \u2013 nat\u016braliai atstumia vanden\u012f ir prakait\u0105. Norint nepriekai\u0161tingo ekologi\u0161kumo, rekomenduojame <b data-path-to-node=\"11\" data-index-in-node=\"239\">Lazerinis graviravimas<\/b> j\u016bs\u0173 logotipas, kuris sukuria tams\u0173, ry\u0161k\u0173 kontrast\u0105 su auksiniu kam\u0161tienos fonu, nenaudojant joki\u0173 chemini\u0173 da\u017e\u0173.<\/p>\n<h2 data-path-to-node=\"12\">Pagrindin\u0117s savyb\u0117s<\/h2>\n<ul data-path-to-node=\"13\">\n<li>\n<p data-path-to-node=\"13,0,0\"><b data-path-to-node=\"13,0,0\" data-index-in-node=\"0\">Atsinaujinantys i\u0161tekliai:<\/b> Kam\u0161tis yra kruop\u0161\u010diai nuimamas; medis regeneruoja savo \u017eiev\u0119, tod\u0117l tai produktas be kalt\u0117s jausmo.<\/p>\n<\/li>\n<li>\n<p data-path-to-node=\"13,1,0\"><b data-path-to-node=\"13,1,0\" data-index-in-node=\"0\">Auk\u0161\u010diausios kokyb\u0117s prek\u0117s \u017eenklas:<\/b> Rinkit\u0117s i\u0161 ry\u0161kios juodos \u0161ilkografijos arba \u012fmantraus lazerinio graviravimo, kad poj\u016btis b\u016bt\u0173 lyt\u0117jimo poj\u016btis.<\/p>\n<\/li>\n<li>\n<p data-path-to-node=\"13,2,0\"><b data-path-to-node=\"13,2,0\" data-index-in-node=\"0\">Saugus u\u017erakinimas:<\/b> Galima \u012fsigyti su tvariu <b data-path-to-node=\"13,2,0\" data-index-in-node=\"45\">Medinis slankiklis<\/b> arba bambuko karoliuku, kad u\u017ebaigtum\u0117te 100% profil\u012f be plastiko (taip pat galima \u012fsigyti standartines plastikines spynas).<\/p>\n<\/li>\n<li>\n<p data-path-to-node=\"13,3,0\"><b data-path-to-node=\"13,3,0\" data-index-in-node=\"0\">Hipoalerginis:<\/b> Idealiai tinka sve\u010diams su jautria oda, nes kam\u0161tis atsparus dulk\u0117ms ir bakterijoms.<\/p>\n<\/li>\n<\/ul>\n<h2 data-path-to-node=\"14\">Specifikacijos<\/h2>\n<ul data-path-to-node=\"15\">\n<li>\n<p data-path-to-node=\"15,0,0\"><b data-path-to-node=\"15,0,0\" data-index-in-node=\"0\">Med\u017eiaga:<\/b> Nat\u016bralaus kam\u0161\u010dio sluoksnis (sustiprintas pagrindas)<\/p>\n<\/li>\n<li>\n<p data-path-to-node=\"15,1,0\"><b data-path-to-node=\"15,1,0\" data-index-in-node=\"0\">Prek\u0117s \u017eenklo k\u016brimo metodas:<\/b> Lazerinis graviravimas (rekomenduojama) arba \u0161ilkografija<\/p>\n<\/li>\n<li>\n<p data-path-to-node=\"15,2,0\"><b data-path-to-node=\"15,2,0\" data-index-in-node=\"0\">Dydis:<\/b> 350 mm x 15 mm (reguliuojamas)<\/p>\n<\/li>\n<li>\n<p data-path-to-node=\"15,3,0\"><b data-path-to-node=\"15,3,0\" data-index-in-node=\"0\">Atsparus vandeniui:<\/b> Taip (nat\u016braliai atsparus vandeniui)<\/p>\n<\/li>\n<li>\n<p data-path-to-node=\"15,4,0\"><b data-path-to-node=\"15,4,0\" data-index-in-node=\"0\">U\u017erakinimo parinktys:<\/b> Medinis karoliukas, bambukinis slankiklis arba perdirbtas plastikas<\/p>\n<\/li>\n<li>\n<p data-path-to-node=\"15,5,0\"><b data-path-to-node=\"15,5,0\" data-index-in-node=\"0\">Minimalus kiekis:<\/b> 100 vienet\u0173<\/p>\n<\/li>\n<\/ul>\n<h2 data-path-to-node=\"16\">Naudojimo atvejai<\/h2>\n<ul data-path-to-node=\"17\">\n<li>\n<p data-path-to-node=\"17,0,0\"><b data-path-to-node=\"17,0,0\" data-index-in-node=\"0\">Tvarumo konferencijos:<\/b> Puikus atestatas renginiams, skirtiems klimatui ir aplinkai.<\/p>\n<\/li>\n<li>\n<p data-path-to-node=\"17,1,0\"><b data-path-to-node=\"17,1,0\" data-index-in-node=\"0\">Eko-kurortai ir glampingas:<\/b> Atitinka nat\u016brali\u0105 prabangi\u0173 lauko apgyvendinimo viet\u0173 estetik\u0105.<\/p>\n<\/li>\n<li>\n<p data-path-to-node=\"17,2,0\"><b data-path-to-node=\"17,2,0\" data-index-in-node=\"0\">Vyno festivaliai:<\/b> Teminis ry\u0161ys su vyno kam\u0161\u010diais paver\u010dia tai smagiu ir aktualiu prek\u0117s \u017eenklo k\u016brimo \u012frankiu.<\/p>\n<\/li>\n<li>\n<p data-path-to-node=\"17,3,0\"><b data-path-to-node=\"17,3,0\" data-index-in-node=\"0\">Labdaros vakar\u0117liai:<\/b> Rafinuotas, sant\u016brus \u012fvaizdis auk\u0161\u010diausios klas\u0117s l\u0117\u0161\u0173 rinkimo renginiams.<\/p>\n<\/li>\n<\/ul>","protected":false},"excerpt":{"rendered":"<ul>\n<li>\n<p data-path-to-node=\"9,0,0\"><b data-path-to-node=\"9,0,0\" data-index-in-node=\"0\">100% Nat\u016brali estetika:<\/b> Pagaminta i\u0161 tikros kam\u0161tin\u0117s med\u017eiagos, pasi\u017eymin\u010dios unikalia, \u012f organin\u0119 medien\u0105 pana\u0161ia tekst\u016bra.<\/p>\n<\/li>\n<li>\n<p data-path-to-node=\"9,1,0\"><b data-path-to-node=\"9,1,0\" data-index-in-node=\"0\">Ekologi\u0161kas pasirinkimas:<\/b> Atsinaujinanti, biologi\u0161kai skaidoma plastiko alternatyva, puikiai tinkanti \u201c\u017ealiesiems\u201d renginiams.<\/p>\n<\/li>\n<li>\n<p data-path-to-node=\"9,2,0\"><b data-path-to-node=\"9,2,0\" data-index-in-node=\"0\">Lazerinis graviravimas:<\/b> Prek\u0117s \u017eenklas \u012fdeginamas tiesiai \u012f kam\u0161t\u012f, kad b\u016bt\u0173 u\u017etikrintas ilgalaikis, auk\u0161tos kokyb\u0117s apdail\u0105 (taip pat galima spausdinti ra\u0161alu).<\/p>\n<\/li>\n<li>\n<p data-path-to-node=\"9,3,0\"><b data-path-to-node=\"9,3,0\" data-index-in-node=\"0\">Nat\u016braliai patvarus:<\/b> Kam\u0161tis yra nat\u016braliai atsparus vandeniui, hipoalergi\u0161kas ir patogus ilgalaikiam d\u0117v\u0117jimui.<\/p>\n<\/li>\n<\/ul>","protected":false},"featured_media":6620,"comment_status":"closed","ping_status":"closed","template":"","meta":[],"product_brand":[],"product_cat":[133,47],"product_tag":[],"class_list":{"0":"post-6618","1":"product","2":"type-product","3":"status-publish","4":"has-post-thumbnail","6":"product_cat-eco-friendly-wristbands","7":"product_cat-fabric-wristbands","9":"first","10":"instock","11":"shipping-taxable","12":"purchasable","13":"product-type-simple"},"_links":{"self":[{"href":"https:\/\/displayproducts.eu\/lt\/wp-json\/wp\/v2\/product\/6618","targetHints":{"allow":["GET"]}}],"collection":[{"href":"https:\/\/displayproducts.eu\/lt\/wp-json\/wp\/v2\/product"}],"about":[{"href":"https:\/\/displayproducts.eu\/lt\/wp-json\/wp\/v2\/types\/product"}],"replies":[{"embeddable":true,"href":"https:\/\/displayproducts.eu\/lt\/wp-json\/wp\/v2\/comments?post=6618"}],"wp:featuredmedia":[{"embeddable":true,"href":"https:\/\/displayproducts.eu\/lt\/wp-json\/wp\/v2\/media\/6620"}],"wp:attachment":[{"href":"https:\/\/displayproducts.eu\/lt\/wp-json\/wp\/v2\/media?parent=6618"}],"wp:term":[{"taxonomy":"product_brand","embeddable":true,"href":"https:\/\/displayproducts.eu\/lt\/wp-json\/wp\/v2\/product_brand?post=6618"},{"taxonomy":"product_cat","embeddable":true,"href":"https:\/\/displayproducts.eu\/lt\/wp-json\/wp\/v2\/product_cat?post=6618"},{"taxonomy":"product_tag","embeddable":true,"href":"https:\/\/displayproducts.eu\/lt\/wp-json\/wp\/v2\/product_tag?post=6618"}],"curies":[{"name":"wp","href":"https:\/\/api.w.org\/{rel}","templated":true}]}}