{"id":6615,"date":"2026-01-09T15:29:35","date_gmt":"2026-01-09T12:29:35","guid":{"rendered":"https:\/\/wristbandfactory.eu\/?post_type=product&#038;p=6615"},"modified":"2026-04-01T21:52:34","modified_gmt":"2026-04-01T18:52:34","slug":"custom-full-color-vinyl-wristbands","status":"publish","type":"product","link":"https:\/\/displayproducts.eu\/lt\/p\/custom-full-color-vinyl-wristbands\/","title":{"rendered":"Vinilin\u0117s apyrank\u0117s su spalvota spauda"},"content":{"rendered":"<p data-path-to-node=\"10\">Pagerinkite savo renginio prek\u0117s \u017eenklo \u017einomum\u0105 su m\u016bs\u0173 <b data-path-to-node=\"10\" data-index-in-node=\"62\">Vinilin\u0117s apyrank\u0117s su spalvota spauda<\/b>. Nors standartin\u0117s apyrank\u0117s apsiriboja paprastais vienspalviais logotipais, \u0161ios auk\u0161\u010diausios kokyb\u0117s apyrank\u0117s naudoja pa\u017eangias <b data-path-to-node=\"10\" data-index-in-node=\"200\">CMYK skaitmenin\u0117s spausdinimo technologija<\/b> atkurti fotografinius vaizdus, skland\u017eius spalv\u0173 per\u0117jimus ir labai detali\u0105 grafik\u0105 tiesiai ant apyrank\u0117s pavir\u0161iaus.<\/p>\n<p data-path-to-node=\"11\">Sukurta didelio atgarsio renginiams, festivaliams ir kurortams <b data-path-to-node=\"11\" data-index-in-node=\"62\">Platus veidas (L formos)<\/b> \u0160i konstrukcija maksimaliai padidina spausdinimo plot\u0105, tod\u0117l tai puikus pasirinkimas r\u0117m\u0117j\u0173 logotipams ar sud\u0117tingiems pie\u0161iniams demonstruoti. Nepaisant auk\u0161\u010diausios kokyb\u0117s apdailos, \u0161ios apyrank\u0117s i\u0161laiko pirmaujan\u010dias pramon\u0117je saugumo funkcijas, kuri\u0173 tikit\u0117s, \u012fskaitant apsaug\u0105 nuo klastojimo ir vandeniui atspari\u0105 trij\u0173 laminat\u0173 konstrukcij\u0105, kuri atlaiko maudym\u0105si, du\u0161\u0105 ir ilgalaik\u012f ne\u0161iojim\u0105.<\/p>\n<h2 data-path-to-node=\"12\">Pagrindin\u0117s savyb\u0117s<\/h2>\n<ul data-path-to-node=\"13\">\n<li>\n<p data-path-to-node=\"13,0,0\"><b data-path-to-node=\"13,0,0\" data-index-in-node=\"0\">Nuotrauk\u0173 kokyb\u0117s spaudinys:<\/b> Atkurkite bet kok\u012f dizain\u0105, \u012fskaitant nuotraukas ir gradientus, su ry\u0161kiomis didel\u0117s rai\u0161kos detal\u0117mis.<\/p>\n<\/li>\n<li>\n<p data-path-to-node=\"13,1,0\"><b data-path-to-node=\"13,1,0\" data-index-in-node=\"0\">Apsauga nuo klastojimo:<\/b> Norint nuimti apyrank\u0119, reikia sunaikinti nuolatin\u012f plastikin\u012f spaustuk\u0105, kad b\u016bt\u0173 u\u017etikrintas absoliutus saugumas.<\/p>\n<\/li>\n<li>\n<p data-path-to-node=\"13,2,0\"><b data-path-to-node=\"13,2,0\" data-index-in-node=\"0\">Atsparus vandeniui ir ply\u0161imui:<\/b> Idealiai tinka naudoti kelias dienas dr\u0117gnoje aplinkoje, pavyzd\u017eiui, vandens parkuose ir papl\u016bdimio kurortuose.<\/p>\n<\/li>\n<li>\n<p data-path-to-node=\"13,3,0\"><b data-path-to-node=\"13,3,0\" data-index-in-node=\"0\">Kintam\u0173j\u0173 duomen\u0173 paruo\u0161imas:<\/b> Galima atspausdinti unikalius QR kodus, br\u016bk\u0161ninius kodus arba serijos numerius integruotai prieigos kontrolei.<\/p>\n<\/li>\n<\/ul>\n<h2 data-path-to-node=\"14\">Specifikacijos<\/h2>\n<ul data-path-to-node=\"15\">\n<li>\n<p data-path-to-node=\"15,0,0\"><b data-path-to-node=\"15,0,0\" data-index-in-node=\"0\">Med\u017eiaga:<\/b> Trij\u0173 sluoksni\u0173 trilaminuota vinilo plok\u0161t\u0117<\/p>\n<\/li>\n<li>\n<p data-path-to-node=\"15,1,0\"><b data-path-to-node=\"15,1,0\" data-index-in-node=\"0\">Spausdinimo b\u016bdas:<\/b> CMYK skaitmenin\u0117 spauda (pilnos spalvos)<\/p>\n<\/li>\n<li>\n<p data-path-to-node=\"15,2,0\"><b data-path-to-node=\"15,2,0\" data-index-in-node=\"0\">Modelis:<\/b> Platus veidas \/ L formos<\/p>\n<\/li>\n<li>\n<p data-path-to-node=\"15,3,0\"><b data-path-to-node=\"15,3,0\" data-index-in-node=\"0\">U\u017edarymas:<\/b> Vienkartinio naudojimo plastikinis u\u017esegimas<\/p>\n<\/li>\n<li>\n<p data-path-to-node=\"15,4,0\"><b data-path-to-node=\"15,4,0\" data-index-in-node=\"0\">Atsparus vandeniui:<\/b> Taip (100%)<\/p>\n<\/li>\n<li>\n<p data-path-to-node=\"15,5,0\"><b data-path-to-node=\"15,5,0\" data-index-in-node=\"0\">Gamybos laikas:<\/b> 5\u201310 darbo dien\u0173<\/p>\n<\/li>\n<li>\n<p data-path-to-node=\"15,6,0\"><b data-path-to-node=\"15,6,0\" data-index-in-node=\"0\">Minimalus kiekis:<\/b> 100 vienet\u0173<\/p>\n<\/li>\n<\/ul>\n<h2 data-path-to-node=\"16\">Naudojimo atvejai<\/h2>\n<ul data-path-to-node=\"17\">\n<li>\n<p data-path-to-node=\"17,0,0\"><b data-path-to-node=\"17,0,0\" data-index-in-node=\"0\">Muzikos festivaliai:<\/b> Sud\u0117tingi, sunkiai kopijuojami dizainai tarnauja kaip saug\u016bs prisijungimo dokumentai, leid\u017eiantys patekti \u012f vid\u0173 kelias dienas.<\/p>\n<\/li>\n<li>\n<p data-path-to-node=\"17,1,0\"><b data-path-to-node=\"17,1,0\" data-index-in-node=\"0\">VIP ir u\u017ekulisiuose:<\/b> Auk\u0161\u010diausios kokyb\u0117s spalvota i\u0161vaizda i\u0161skiria VIP sve\u010dius i\u0161 kit\u0173.<\/p>\n<\/li>\n<li>\n<p data-path-to-node=\"17,2,0\"><b data-path-to-node=\"17,2,0\" data-index-in-node=\"0\">R\u0117mimas:<\/b> Didelis pavir\u0161iaus plotas leid\u017eia ai\u0161kiai ir spalvingai rodyti r\u0117m\u0117j\u0173 logotipus.<\/p>\n<\/li>\n<li>\n<p data-path-to-node=\"17,3,0\"><b data-path-to-node=\"17,3,0\" data-index-in-node=\"0\">Kurortai ir vie\u0161bu\u010diai:<\/b> Pakankamai patvarus, kad sve\u010dias gal\u0117t\u0173 j\u012f atpa\u017einti vis\u0105 savait\u0119, pasi\u017eymintis auk\u0161\u010diausios klas\u0117s estetika.<\/p>\n<\/li>\n<\/ul>","protected":false},"excerpt":{"rendered":"<ul>\n<li>\n<p data-path-to-node=\"9,0,0\"><b data-path-to-node=\"9,0,0\" data-index-in-node=\"0\">Neribotos spalvos:<\/b> CMYK skaitmenin\u0117 spauda leid\u017eia kurti nuotraukas, gradientus ir sud\u0117tingus dizainus be spalv\u0173 apribojim\u0173.<\/p>\n<\/li>\n<li>\n<p data-path-to-node=\"9,1,0\"><b data-path-to-node=\"9,1,0\" data-index-in-node=\"0\">Maksimali prek\u0117s \u017eenklo erdv\u0117:<\/b> \u201cWide Face\u201d dizainas suteikia didel\u0119 drob\u0119 r\u0117mimo logotipams ir rengini\u0173 grafikai.<\/p>\n<\/li>\n<li>\n<p data-path-to-node=\"9,2,0\"><b data-path-to-node=\"9,2,0\" data-index-in-node=\"0\">Didelio saugumo lygis:<\/b> Vienkartinis plastikinis u\u017esegimas neleid\u017eia perne\u0161ti ir pakartotinai naudoti tarp sve\u010di\u0173.<\/p>\n<\/li>\n<li>\n<p data-path-to-node=\"9,3,0\"><b data-path-to-node=\"9,3,0\" data-index-in-node=\"0\">Auk\u0161\u010diausios kokyb\u0117s patvarumas:<\/b> Trij\u0173 sluoksni\u0173 vinilo konstrukcija u\u017etikrina, kad apyrank\u0117 i\u0161liks nepa\u017eeista ir ry\u0161ki 7+ dienas.<\/p>\n<\/li>\n<\/ul>","protected":false},"featured_media":6616,"comment_status":"closed","ping_status":"closed","template":"","meta":[],"product_brand":[],"product_cat":[51],"product_tag":[],"class_list":{"0":"post-6615","1":"product","2":"type-product","3":"status-publish","4":"has-post-thumbnail","6":"product_cat-vinyl","8":"first","9":"instock","10":"shipping-taxable","11":"purchasable","12":"product-type-simple"},"_links":{"self":[{"href":"https:\/\/displayproducts.eu\/lt\/wp-json\/wp\/v2\/product\/6615","targetHints":{"allow":["GET"]}}],"collection":[{"href":"https:\/\/displayproducts.eu\/lt\/wp-json\/wp\/v2\/product"}],"about":[{"href":"https:\/\/displayproducts.eu\/lt\/wp-json\/wp\/v2\/types\/product"}],"replies":[{"embeddable":true,"href":"https:\/\/displayproducts.eu\/lt\/wp-json\/wp\/v2\/comments?post=6615"}],"wp:featuredmedia":[{"embeddable":true,"href":"https:\/\/displayproducts.eu\/lt\/wp-json\/wp\/v2\/media\/6616"}],"wp:attachment":[{"href":"https:\/\/displayproducts.eu\/lt\/wp-json\/wp\/v2\/media?parent=6615"}],"wp:term":[{"taxonomy":"product_brand","embeddable":true,"href":"https:\/\/displayproducts.eu\/lt\/wp-json\/wp\/v2\/product_brand?post=6615"},{"taxonomy":"product_cat","embeddable":true,"href":"https:\/\/displayproducts.eu\/lt\/wp-json\/wp\/v2\/product_cat?post=6615"},{"taxonomy":"product_tag","embeddable":true,"href":"https:\/\/displayproducts.eu\/lt\/wp-json\/wp\/v2\/product_tag?post=6615"}],"curies":[{"name":"wp","href":"https:\/\/api.w.org\/{rel}","templated":true}]}}