{"id":6609,"date":"2026-01-06T13:25:58","date_gmt":"2026-01-06T10:25:58","guid":{"rendered":"https:\/\/wristbandfactory.eu\/?post_type=product&#038;p=6609"},"modified":"2026-04-01T21:52:03","modified_gmt":"2026-04-01T18:52:03","slug":"custom-full-color-microfiber-suede-towels","status":"publish","type":"product","link":"https:\/\/displayproducts.eu\/lt\/p\/custom-full-color-microfiber-suede-towels\/","title":{"rendered":"Mikropluo\u0161to rank\u0161luos\u010diai su spauda"},"content":{"rendered":"<p data-path-to-node=\"9\">I\u0161ry\u0161kinkite savo prek\u0117s \u017eenklo \u017einomum\u0105 sporto sal\u0117je, papl\u016bdimyje ar sporto renginiuose su m\u016bs\u0173 auk\u0161\u010diausios kokyb\u0117s, pagal u\u017esakym\u0105 pagamintais mikropluo\u0161to zom\u0161os rank\u0161luos\u010diais. Skirtingai nuo tradicini\u0173 rank\u0161luos\u010di\u0173, zom\u0161os apdailos mikropluo\u0161tas suteikia lyg\u0173, nelinkstant\u012f pavir\u0161i\u0173, leid\u017eiant\u012f i\u0161gauti ne\u012ftik\u0117tinai ry\u0161ki\u0105 ir sodri\u0105 spalvot\u0105 spaud\u0105, tod\u0117l j\u016bs\u0173 logotipas ar meno k\u016brinys i\u0161siskiria fotografiniu ai\u0161kumu.<\/p>\n<h2 data-path-to-node=\"10\">Pagrindin\u0117s savyb\u0117s<\/h2>\n<ul data-path-to-node=\"11\">\n<li>\n<p data-path-to-node=\"11,0,0\"><b data-path-to-node=\"11,0,0\" data-index-in-node=\"0\">Ry\u0161ki sublimacija:<\/b> Mes naudojame pa\u017eang\u0173 \u0161ilumos perdavim\u0105, kad j\u016bs\u0173 spalvos i\u0161likt\u0173 ry\u0161kios net ir po daugelio skalbim\u0173.<\/p>\n<\/li>\n<li>\n<p data-path-to-node=\"11,1,0\"><b data-path-to-node=\"11,1,0\" data-index-in-node=\"0\">Zom\u0161os apdaila:<\/b> \u0160velni, \u0161ukuota tekst\u016bra suteikia prabangos poj\u016bt\u012f odai, tuo pa\u010diu i\u0161liekant itin funkcionali ir atspari sm\u0117liui.<\/p>\n<\/li>\n<li>\n<p data-path-to-node=\"11,2,0\"><b data-path-to-node=\"11,2,0\" data-index-in-node=\"0\">Ekologi\u0161ki ra\u0161alai:<\/b> M\u016bs\u0173 spausdinimo procese naudojami saug\u016bs, ilgai i\u0161liekantys da\u017eai, tinkami kasdieniam naudojimui.<\/p>\n<\/li>\n<li>\n<p data-path-to-node=\"11,3,0\"><b data-path-to-node=\"11,3,0\" data-index-in-node=\"0\">Universalus dyd\u017ei\u0173 pasirinkimas:<\/b> Rinkit\u0117s nuo rank\u0161luos\u010di\u0173 (50x70 cm) iki dideli\u0173 papl\u016bdimio rank\u0161luos\u010di\u0173 (80x160 cm).<\/p>\n<\/li>\n<\/ul>\n<h2 data-path-to-node=\"12\">Specifikacijos<\/h2>\n<ul data-path-to-node=\"13\">\n<li>\n<p data-path-to-node=\"13,0,0\"><b data-path-to-node=\"13,0,0\" data-index-in-node=\"0\">Med\u017eiaga:<\/b> 100% mikropluo\u0161to zom\u0161a (poliesterio ir poliamido mi\u0161inys).<\/p>\n<\/li>\n<li>\n<p data-path-to-node=\"13,1,0\"><b data-path-to-node=\"13,1,0\" data-index-in-node=\"0\">Standartiniai dyd\u017eiai:<\/b> 50x70 cm, 50x100 cm, 70x140 cm, 80x160 cm.<\/p>\n<\/li>\n<li>\n<p data-path-to-node=\"13,2,0\"><b data-path-to-node=\"13,2,0\" data-index-in-node=\"0\">Pritaikymas:<\/b> Pilno pavir\u0161iaus skaitmenin\u0117 spauda (vienpus\u0117 arba dvipus\u0117).<\/p>\n<\/li>\n<li>\n<p data-path-to-node=\"13,3,0\"><b data-path-to-node=\"13,3,0\" data-index-in-node=\"0\">Individual\u016bs variantai:<\/b> Pagal pageidavim\u0105 galimi individual\u016bs dyd\u017eiai ir formos.<\/p>\n<\/li>\n<li>\n<p data-path-to-node=\"13,4,0\"><b data-path-to-node=\"13,4,0\" data-index-in-node=\"0\">Svoris:<\/b> Lengvas ir sulankstomas, kad b\u016bt\u0173 lengva transportuoti.<\/p>\n<\/li>\n<\/ul>\n<h2 data-path-to-node=\"14\">Naudojimo atvejai<\/h2>\n<ul data-path-to-node=\"15\">\n<li>\n<p data-path-to-node=\"15,0,0\"><b data-path-to-node=\"15,0,0\" data-index-in-node=\"0\">Firminis identitetas:<\/b> Prabangios dovanos darbuotojams ir partneriams.<\/p>\n<\/li>\n<li>\n<p data-path-to-node=\"15,1,0\"><b data-path-to-node=\"15,1,0\" data-index-in-node=\"0\">Sportas ir fitnesas:<\/b> Firmin\u0117 \u012franga \u201eCrossFit\u201c treniruokliams, plaukimo klubams ir jogos studijoms.<\/p>\n<\/li>\n<li>\n<p data-path-to-node=\"15,2,0\"><b data-path-to-node=\"15,2,0\" data-index-in-node=\"0\">Renginio atributika:<\/b> \u012esimintini suvenyrai festivaliams ir lauko var\u017eyboms.<\/p>\n<\/li>\n<li>\n<p data-path-to-node=\"15,3,0\"><b data-path-to-node=\"15,3,0\" data-index-in-node=\"0\">Turizmas ir svetingumas:<\/b> Papl\u016bdimio rank\u0161luos\u010diai, pagaminti pagal u\u017esakym\u0105 vie\u0161bu\u010diams, SPA centrams ir kurortams.<\/p>\n<\/li>\n<\/ul>\n<p data-path-to-node=\"16\">","protected":false},"excerpt":{"rendered":"<p data-path-to-node=\"7\">M\u016bs\u0173 pagal u\u017esakym\u0105 pagaminti mikropluo\u0161to zom\u0161os rank\u0161luos\u010diai pasi\u017eymi auk\u0161\u010diausios kokyb\u0117s, mink\u0161tu pavir\u0161iumi, skirtu didel\u0117s rai\u0161kos, spalvotam prek\u0117s \u017eenklo \u017eenklinimui. Puikiai tinka sporto klubams, verslo dovanoms ir renginiams.<\/p>\n<ul data-path-to-node=\"8\">\n<li>\n<p data-path-to-node=\"8,0,0\"><b data-path-to-node=\"8,0,0\" data-index-in-node=\"0\">Nuotrauk\u0173 kokyb\u0117s prek\u0117s \u017eenklo k\u016brimas:<\/b> Spalvota sublimacin\u0117 spauda nuo kra\u0161to iki kra\u0161to.<\/p>\n<\/li>\n<li>\n<p data-path-to-node=\"8,1,0\"><b data-path-to-node=\"8,1,0\" data-index-in-node=\"0\">Greito d\u017eiovinimo technologija:<\/b> Auk\u0161tos kokyb\u0117s mikropluo\u0161to zom\u0161os med\u017eiaga, kuri d\u017ei\u016bsta \u017eymiai grei\u010diau nei medviln\u0117.<\/p>\n<\/li>\n<li>\n<p data-path-to-node=\"8,2,0\"><b data-path-to-node=\"8,2,0\" data-index-in-node=\"0\">Visi\u0161kai pritaikoma:<\/b> Galima rinktis i\u0161 keturi\u0173 standartini\u0173 dyd\u017ei\u0173 arba pagal individualius poreikius, kad atitikt\u0173 j\u016bs\u0173 prek\u0117s \u017eenklo poreikius.<\/p>\n<\/li>\n<li>\n<p data-path-to-node=\"8,3,0\"><b data-path-to-node=\"8,3,0\" data-index-in-node=\"0\">Kompakti\u0161kas ir lengvas:<\/b> Idealiai tinka kelion\u0117ms, sporto salei ar reklamin\u0117ms dovanoms.<\/p>\n<\/li>\n<\/ul>","protected":false},"featured_media":6610,"comment_status":"closed","ping_status":"closed","template":"","meta":[],"product_brand":[],"product_cat":[129,118],"product_tag":[],"class_list":{"0":"post-6609","1":"product","2":"type-product","3":"status-publish","4":"has-post-thumbnail","6":"product_cat-leisure-lifestyle","7":"product_cat-sports-fitness","9":"first","10":"instock","11":"shipping-taxable","12":"purchasable","13":"product-type-simple"},"_links":{"self":[{"href":"https:\/\/displayproducts.eu\/lt\/wp-json\/wp\/v2\/product\/6609","targetHints":{"allow":["GET"]}}],"collection":[{"href":"https:\/\/displayproducts.eu\/lt\/wp-json\/wp\/v2\/product"}],"about":[{"href":"https:\/\/displayproducts.eu\/lt\/wp-json\/wp\/v2\/types\/product"}],"replies":[{"embeddable":true,"href":"https:\/\/displayproducts.eu\/lt\/wp-json\/wp\/v2\/comments?post=6609"}],"wp:featuredmedia":[{"embeddable":true,"href":"https:\/\/displayproducts.eu\/lt\/wp-json\/wp\/v2\/media\/6610"}],"wp:attachment":[{"href":"https:\/\/displayproducts.eu\/lt\/wp-json\/wp\/v2\/media?parent=6609"}],"wp:term":[{"taxonomy":"product_brand","embeddable":true,"href":"https:\/\/displayproducts.eu\/lt\/wp-json\/wp\/v2\/product_brand?post=6609"},{"taxonomy":"product_cat","embeddable":true,"href":"https:\/\/displayproducts.eu\/lt\/wp-json\/wp\/v2\/product_cat?post=6609"},{"taxonomy":"product_tag","embeddable":true,"href":"https:\/\/displayproducts.eu\/lt\/wp-json\/wp\/v2\/product_tag?post=6609"}],"curies":[{"name":"wp","href":"https:\/\/api.w.org\/{rel}","templated":true}]}}