{"id":6607,"date":"2026-01-06T12:55:23","date_gmt":"2026-01-06T09:55:23","guid":{"rendered":"https:\/\/wristbandfactory.eu\/?post_type=product&#038;p=6607"},"modified":"2026-04-01T21:52:34","modified_gmt":"2026-04-01T18:52:34","slug":"custom-round-cord-lanyards-with-printable-badge-slider","status":"publish","type":"product","link":"https:\/\/displayproducts.eu\/lt\/p\/custom-round-cord-lanyards-with-printable-badge-slider\/","title":{"rendered":"Virvelin\u0117s kaklajuost\u0117s su spausdinamu laikikliu"},"content":{"rendered":"<p data-path-to-node=\"8\">M\u016bs\u0173 pagal u\u017esakym\u0105 pagaminti apval\u016bs virveliniai kaklajuost\u0117s su spausdinamais slankikliais si\u016blo moderni\u0105, minimalistin\u0119 alternatyv\u0105 tradiciniams plok\u0161\u010diiems juosteliniams kaklajuost\u0117ms. \u0160io dizaino centrinis elementas yra apvalus plastikinis tvirtinimo elementas, kur\u012f galima visi\u0161kai pritaikyti su j\u016bs\u0173 \u012fmon\u0117s logotipu. \u0160is slankiklis ne tik sustiprina j\u016bs\u0173 prek\u0117s \u017eenklo identitet\u0105 aki\u0173 lygyje, bet ir suteikia stabil\u0173 pagrind\u0105 identifikavimo \u017eenkliukams, u\u017etikrinant, kad jie i\u0161likt\u0173 nukreipti \u012f priek\u012f viso renginio metu.<\/p>\n<h2 data-path-to-node=\"9\">Pagrindin\u0117s savyb\u0117s<\/h2>\n<ul data-path-to-node=\"10\">\n<li>\n<p data-path-to-node=\"10,0,0\"><b data-path-to-node=\"10,0,0\" data-index-in-node=\"0\">Spausdinama plastikin\u0117 jungtis:<\/b> Patvarus plastikinis slankiklis yra optimizuotas ilgalaikiam logotipo u\u017ed\u0117jimui, kuris nei\u0161bluks.<\/p>\n<\/li>\n<li>\n<p data-path-to-node=\"10,1,0\"><b data-path-to-node=\"10,1,0\" data-index-in-node=\"0\">Auk\u0161\u010diausios kokyb\u0117s laido tekst\u016bra:<\/b> Didelio tankio pynimo virvel\u0117, i\u0161laikanti form\u0105 ir profesionali\u0105 i\u0161vaizd\u0105.<\/p>\n<\/li>\n<li>\n<p data-path-to-node=\"10,2,0\"><b data-path-to-node=\"10,2,0\" data-index-in-node=\"0\">Optimizuota \u017eenkleliams:<\/b> Integruota kilpa puikiai tinka standartiniams \u017eenkleli\u0173 segtukams ir korteli\u0173 laikikliams.<\/p>\n<\/li>\n<li>\n<p data-path-to-node=\"10,3,0\"><b data-path-to-node=\"10,3,0\" data-index-in-node=\"0\">Universalus pritaikymas:<\/b> Galima \u012fsigyti \u012fvairi\u0173 spalv\u0173 laid\u0173, kad puikiai der\u0117t\u0173 prie j\u016bs\u0173 \u012fmon\u0117s stiliaus.<\/p>\n<\/li>\n<\/ul>\n<h2 data-path-to-node=\"11\">Specifikacijos<\/h2>\n<ul data-path-to-node=\"12\">\n<li>\n<p data-path-to-node=\"12,0,0\"><b data-path-to-node=\"12,0,0\" data-index-in-node=\"0\">Laido skersmuo:<\/b> 5 mm arba 6 mm storio didelio stiprumo poliesterio virvel\u0117.<\/p>\n<\/li>\n<li>\n<p data-path-to-node=\"12,1,0\"><b data-path-to-node=\"12,1,0\" data-index-in-node=\"0\">Slankiklio med\u017eiaga:<\/b> Sustiprintas ABS plastikas su lygiu pavir\u0161iumi, skirtas spausdinimui.<\/p>\n<\/li>\n<li>\n<p data-path-to-node=\"12,2,0\"><b data-path-to-node=\"12,2,0\" data-index-in-node=\"0\">Slankiklio matmenys:<\/b> 25\u201330 mm skersmens apvali prek\u0117s \u017eenklo sritis.<\/p>\n<\/li>\n<li>\n<p data-path-to-node=\"12,3,0\"><b data-path-to-node=\"12,3,0\" data-index-in-node=\"0\">Priedo tipas:<\/b> Integruota kaklajuost\u0117s kilpa \u017eenkleli\u0173 laikikliams.<\/p>\n<\/li>\n<\/ul>\n<h2 data-path-to-node=\"13\">Naudojimo atvejai<\/h2>\n<ul data-path-to-node=\"14\">\n<li>\n<p data-path-to-node=\"14,0,0\"><b data-path-to-node=\"14,0,0\" data-index-in-node=\"0\">Auk\u0161to lygio susitikimai:<\/b> Puikiai tinka presti\u017einiams renginiams, tokiems kaip Davosas, ar tarptautiniams forumams, kur prek\u0117s \u017eenklo \u012fvaizdis turi b\u016bti subtilus, ta\u010diau profesionalus.<\/p>\n<\/li>\n<li>\n<p data-path-to-node=\"14,1,0\"><b data-path-to-node=\"14,1,0\" data-index-in-node=\"0\">\u012emon\u0117s identifikavimas:<\/b> Idealus kasdienio d\u0117v\u0117jimo sprendimas darbuotojams, kuriems reikalinga matoma asmens tapatyb\u0117s kortel\u0117.<\/p>\n<\/li>\n<li>\n<p data-path-to-node=\"14,2,0\"><b data-path-to-node=\"14,2,0\" data-index-in-node=\"0\">Parodos dalyvio prek\u0117s \u017eenklas:<\/b> Suteikite savo parodos darbuotojams auk\u0161\u010diausios kokyb\u0117s i\u0161vaizd\u0105, kuri i\u0161siskirt\u0173 i\u0161 standartini\u0173 plok\u0161\u010di\u0173 kaklajuos\u010di\u0173.<\/p>\n<\/li>\n<\/ul>","protected":false},"excerpt":{"rendered":"<p data-path-to-node=\"6\">Profesionalus apvalaus kaklajuost\u0117s sprendimas su specializuotu spausdinamu apskritu slankikliu. \u0160is priedas tarnauja kaip gerai matomas prek\u0117s \u017eenklo akcentas, tuo pa\u010diu saugiai laikantis asmens tapatyb\u0117s korteles ir rengini\u0173 leidimus.<\/p>\n<ul data-path-to-node=\"7\">\n<li>\n<p data-path-to-node=\"7,0,0\"><b data-path-to-node=\"7,0,0\" data-index-in-node=\"0\">Didelio poveikio prek\u0117s \u017eenklo k\u016brimas:<\/b> Centrinis plastikinis slankiklis suteikia lyg\u0173, stabil\u0173 pavir\u0161i\u0173 didel\u0117s rai\u0161kos logotipo spausdinimui.<\/p>\n<\/li>\n<li>\n<p data-path-to-node=\"7,1,0\"><b data-path-to-node=\"7,1,0\" data-index-in-node=\"0\">Ergonomi\u0161kas dizainas:<\/b> Patogi apvali virvel\u0117 suma\u017eina kaklo dirginim\u0105 ilg\u0173 korporacini\u0173 rengini\u0173 metu.<\/p>\n<\/li>\n<li>\n<p data-path-to-node=\"7,2,0\"><b data-path-to-node=\"7,2,0\" data-index-in-node=\"0\">Integruotas ID sprendimas:<\/b> Specialiai sukurtas s\u0105sajai su plastikiniais \u017eenkleli\u0173 laikikliais ir arti kortel\u0117mis be papildomos \u012frangos.<\/p>\n<\/li>\n<\/ul>","protected":false},"featured_media":6608,"comment_status":"closed","ping_status":"closed","template":"","meta":[],"product_brand":[],"product_cat":[125,105],"product_tag":[],"class_list":{"0":"post-6607","1":"product","2":"type-product","3":"status-publish","4":"has-post-thumbnail","6":"product_cat-cord-lanyards","7":"product_cat-badge-holder-lanyards","9":"first","10":"instock","11":"shipping-taxable","12":"purchasable","13":"product-type-simple"},"_links":{"self":[{"href":"https:\/\/displayproducts.eu\/lt\/wp-json\/wp\/v2\/product\/6607","targetHints":{"allow":["GET"]}}],"collection":[{"href":"https:\/\/displayproducts.eu\/lt\/wp-json\/wp\/v2\/product"}],"about":[{"href":"https:\/\/displayproducts.eu\/lt\/wp-json\/wp\/v2\/types\/product"}],"replies":[{"embeddable":true,"href":"https:\/\/displayproducts.eu\/lt\/wp-json\/wp\/v2\/comments?post=6607"}],"wp:featuredmedia":[{"embeddable":true,"href":"https:\/\/displayproducts.eu\/lt\/wp-json\/wp\/v2\/media\/6608"}],"wp:attachment":[{"href":"https:\/\/displayproducts.eu\/lt\/wp-json\/wp\/v2\/media?parent=6607"}],"wp:term":[{"taxonomy":"product_brand","embeddable":true,"href":"https:\/\/displayproducts.eu\/lt\/wp-json\/wp\/v2\/product_brand?post=6607"},{"taxonomy":"product_cat","embeddable":true,"href":"https:\/\/displayproducts.eu\/lt\/wp-json\/wp\/v2\/product_cat?post=6607"},{"taxonomy":"product_tag","embeddable":true,"href":"https:\/\/displayproducts.eu\/lt\/wp-json\/wp\/v2\/product_tag?post=6607"}],"curies":[{"name":"wp","href":"https:\/\/api.w.org\/{rel}","templated":true}]}}