{"id":6604,"date":"2026-01-06T01:05:42","date_gmt":"2026-01-05T22:05:42","guid":{"rendered":"https:\/\/wristbandfactory.eu\/?post_type=product&#038;p=6604"},"modified":"2026-04-01T21:52:03","modified_gmt":"2026-04-01T18:52:03","slug":"custom-rpet-sublimation-yoyo-keyring","status":"publish","type":"product","link":"https:\/\/displayproducts.eu\/lt\/p\/custom-rpet-sublimation-yoyo-keyring\/","title":{"rendered":"Jojo tipo rakt\u0173 pakabukai su spauda RPET"},"content":{"rendered":"<p data-path-to-node=\"10\">\u201eSubiner YoYo RPET\u201c rakt\u0173 pakabukas yra universalus aksesuaras \u0161iuolaikiniam verslui. \u0160is i\u0161traukiamas rakt\u0173 pakabukas, skirtas darbuotojams, kuriems reikia greitos prieigos prie asmens tapatyb\u0117s korteli\u0173, rakt\u0173 ar apsaugos pakabuk\u0173, u\u017etikrina skland\u017ei\u0105 naudotojo patirt\u012f ir tuo pa\u010diu metu ry\u0161kiai atspindi j\u016bs\u0173 prek\u0117s \u017eenkl\u0105 pilnomis spalvomis.<\/p>\n<h2 data-path-to-node=\"11\">Pagrindin\u0117s savyb\u0117s<\/h2>\n<p data-path-to-node=\"12\">Kiekvienas \u201eSubiner YoYo\u201c elementas sukurtas patvarumui ir matomumui u\u017etikrinti. Perdirbto poliesterio dir\u017eelis suteikia mink\u0161t\u0105, bet tvirt\u0105 pagrind\u0105 didel\u0117s rai\u0161kos sublimacinei spaudai. Skirtingai nuo standartin\u0117s \u0161ilkografijos, sublimacija \u012fsiskverbia \u012f pluo\u0161tus, u\u017etikrindama, kad j\u016bs\u0173 logotipas nei\u0161bluks, nesutr\u016bkin\u0117s ir nenusilups net ir intensyviai naudojant kasdien. Integruotas teleskopinis mechanizmas yra patikrintas d\u0117l ilgaam\u017ei\u0161kumo, tod\u0117l kaskart traukimas yra sklandus.<\/p>\n<h2 data-path-to-node=\"13\">Specifikacijos<\/h2>\n<ul data-path-to-node=\"14\">\n<li>\n<p data-path-to-node=\"14,0,0\"><b data-path-to-node=\"14,0,0\" data-index-in-node=\"0\">Med\u017eiaga:<\/b> Perdirbtas RPET poliesteris (dir\u017eelis ir etiket\u0117), aliuminis (karabinas), metalas (rakt\u0173 pakabukas).<\/p>\n<\/li>\n<li>\n<p data-path-to-node=\"14,1,0\"><b data-path-to-node=\"14,1,0\" data-index-in-node=\"0\">Spausdinimas:<\/b> Dvipus\u0117 piln\u0173 spalv\u0173 sublimacija.<\/p>\n<\/li>\n<li>\n<p data-path-to-node=\"14,2,0\"><b data-path-to-node=\"14,2,0\" data-index-in-node=\"0\">Priedai:<\/b> Teleskopinis \u017eenkleli\u0173 laikiklis, karabinas ir \u017eiedas.<\/p>\n<\/li>\n<li>\n<p data-path-to-node=\"14,3,0\"><b data-path-to-node=\"14,3,0\" data-index-in-node=\"0\">Tvarumas:<\/b> Viduje yra RPET etiket\u0117, patvirtinanti ekologi\u0161k\u0173 med\u017eiag\u0173 naudojim\u0105.<\/p>\n<\/li>\n<li>\n<p data-path-to-node=\"14,4,0\"><b data-path-to-node=\"14,4,0\" data-index-in-node=\"0\">Minimalus u\u017esakymo kiekis:<\/b> 100 vienet\u0173.<\/p>\n<\/li>\n<\/ul>\n<h2 data-path-to-node=\"15\">Naudojimo atvejai<\/h2>\n<p data-path-to-node=\"16\">\u0160ie \u201eYoYo\u201c rakt\u0173 pakabukai idealiai tinka \u012fmoni\u0173 aplinkai, kur da\u017enai nuskaitomi asmens tapatyb\u0117s \u017eenkleliai. Jie puikiai tinka kaip reklaminiai suvenyrai parodose, saug\u016bs tvirtinimai rengini\u0173 darbuotojams arba kaip tvaraus pasveikinimo rinkinio dalis naujiems darbuotojams. Karabinas leid\u017eia lengvai pritvirtinti raktus prie dir\u017eo kilp\u0173, kuprini\u0173 ar virveli\u0173, tod\u0117l jie yra m\u0117gstami aktyvioje profesionalioje aplinkoje.<\/p>","protected":false},"excerpt":{"rendered":"<p data-path-to-node=\"8\">\u0160is ekologi\u0161kas teleskopinis rakt\u0173 pakabukas sujungia funkcionalum\u0105 ir ry\u0161k\u0173 prek\u0117s \u017eenklo dizain\u0105. Pagamintas i\u0161 perdirbto PET plastiko, turi i\u0161traukiam\u0105 virvel\u0119 ir tvirt\u0105 karabin\u0105 kasdieniam profesionaliam naudojimui.<\/p>\n<ul data-path-to-node=\"9\">\n<li>\n<p data-path-to-node=\"9,0,0\"><b data-path-to-node=\"9,0,0\" data-index-in-node=\"0\">Ekologi\u0161kas prek\u0117s \u017eenklas:<\/b> Pagaminta i\u0161 auk\u0161tos kokyb\u0117s perdirbto RPET poliesterio, siekiant palaikyti \u012fmon\u0117s tvarumo tikslus.<\/p>\n<\/li>\n<li>\n<p data-path-to-node=\"9,1,0\"><b data-path-to-node=\"9,1,0\" data-index-in-node=\"0\">Pilnos spalvos pritaikymas:<\/b> Dvipus\u0117 sublimacin\u0117 spauda leid\u017eia kurti sud\u0117tingus, nuo kra\u0161to iki kra\u0161to fotografijos dizainus.<\/p>\n<\/li>\n<li>\n<p data-path-to-node=\"9,2,0\"><b data-path-to-node=\"9,2,0\" data-index-in-node=\"0\">Universalus 3 viename dizainas:<\/b> Turi teleskopin\u012f \u017eenklelio traukimo \u012ftais\u0105, tvirt\u0105 aliuminio karabin\u0105 ir metalin\u012f rakt\u0173 pakabuk\u0105.<\/p>\n<\/li>\n<li>\n<p data-path-to-node=\"9,3,0\"><b data-path-to-node=\"9,3,0\" data-index-in-node=\"0\">Ma\u017eos B2B minimalios i\u0161laidos:<\/b> Profesionali individuali gamyba nuo 100 vienet\u0173.<\/p>\n<\/li>\n<\/ul>","protected":false},"featured_media":6606,"comment_status":"closed","ping_status":"closed","template":"","meta":[],"product_brand":[],"product_cat":[105,94],"product_tag":[],"class_list":{"0":"post-6604","1":"product","2":"type-product","3":"status-publish","4":"has-post-thumbnail","6":"product_cat-badge-holder-lanyards","7":"product_cat-keychains","9":"first","10":"instock","11":"shipping-taxable","12":"purchasable","13":"product-type-simple"},"_links":{"self":[{"href":"https:\/\/displayproducts.eu\/lt\/wp-json\/wp\/v2\/product\/6604","targetHints":{"allow":["GET"]}}],"collection":[{"href":"https:\/\/displayproducts.eu\/lt\/wp-json\/wp\/v2\/product"}],"about":[{"href":"https:\/\/displayproducts.eu\/lt\/wp-json\/wp\/v2\/types\/product"}],"replies":[{"embeddable":true,"href":"https:\/\/displayproducts.eu\/lt\/wp-json\/wp\/v2\/comments?post=6604"}],"wp:featuredmedia":[{"embeddable":true,"href":"https:\/\/displayproducts.eu\/lt\/wp-json\/wp\/v2\/media\/6606"}],"wp:attachment":[{"href":"https:\/\/displayproducts.eu\/lt\/wp-json\/wp\/v2\/media?parent=6604"}],"wp:term":[{"taxonomy":"product_brand","embeddable":true,"href":"https:\/\/displayproducts.eu\/lt\/wp-json\/wp\/v2\/product_brand?post=6604"},{"taxonomy":"product_cat","embeddable":true,"href":"https:\/\/displayproducts.eu\/lt\/wp-json\/wp\/v2\/product_cat?post=6604"},{"taxonomy":"product_tag","embeddable":true,"href":"https:\/\/displayproducts.eu\/lt\/wp-json\/wp\/v2\/product_tag?post=6604"}],"curies":[{"name":"wp","href":"https:\/\/api.w.org\/{rel}","templated":true}]}}