{"id":6599,"date":"2026-01-06T00:43:04","date_gmt":"2026-01-05T21:43:04","guid":{"rendered":"https:\/\/wristbandfactory.eu\/?post_type=product&#038;p=6599"},"modified":"2026-04-01T21:52:34","modified_gmt":"2026-04-01T18:52:34","slug":"premium-fabric-wristbands-with-gold-thread","status":"publish","type":"product","link":"https:\/\/displayproducts.eu\/lt\/p\/premium-fabric-wristbands-with-gold-thread\/","title":{"rendered":"Tekstilin\u0117s apyrank\u0117s su auksiniu si\u016blu"},"content":{"rendered":"<p data-path-to-node=\"8\">M\u016bs\u0173 auk\u0161\u010diausios kokyb\u0117s auksini\u0173 si\u016bl\u0173 audinio apyrank\u0117s yra rengini\u0173 identifikavimo vir\u0161\u016bn\u0117. Sumai\u0161ydami tradicinius auk\u0161tos kokyb\u0117s poliesterio pluo\u0161tus su metaliniais liurekso si\u016blais, sukuriame apyrank\u0119, kuri ne tik identifikuoja sve\u010di\u0105, bet ir pagerina vis\u0105 renginio patirt\u012f. \u0160ios apyrank\u0117s skirtos organizatoriams, kurie atsisako daryti kompromisus d\u0117l saugumo ar stiliaus.<\/p>\n<h2 data-path-to-node=\"9\">Pagrindin\u0117s savyb\u0117s<\/h2>\n<ul data-path-to-node=\"10\">\n<li>\n<p data-path-to-node=\"10,0,0\"><b data-path-to-node=\"10,0,0\" data-index-in-node=\"0\">Metalinis lurekso audimas:<\/b> Autenti\u0161ki aukso spalvos si\u016blai, \u012fausti tiesiai \u012f audin\u012f, suteikia ilgalaik\u012f, blizgant\u012f vaizd\u0105.<\/p>\n<\/li>\n<li>\n<p data-path-to-node=\"10,1,0\"><b data-path-to-node=\"10,1,0\" data-index-in-node=\"0\">Apsauginiai nuo klastojimo u\u017edarymai:<\/b> Rinkit\u0117s i\u0161 vienpusi\u0173 plastikini\u0173 slydim\u0173, metalini\u0173 \u017eied\u0173 arba ekologi\u0161k\u0173 bambuko spyn\u0173.<\/p>\n<\/li>\n<li>\n<p data-path-to-node=\"10,2,0\"><b data-path-to-node=\"10,2,0\" data-index-in-node=\"0\">Patogus dizainas:<\/b> Mink\u0161ti kra\u0161tai u\u017etikrina, kad apyrank\u0117 i\u0161likt\u0173 patogi net ir ilg\u0173, kelias dienas trunkan\u010di\u0173 rengini\u0173 metu.<\/p>\n<\/li>\n<li>\n<p data-path-to-node=\"10,3,0\"><b data-path-to-node=\"10,3,0\" data-index-in-node=\"0\">Atsparus vandeniui ir ply\u0161imui:<\/b> Sukurtas atlaikyti liet\u0173, prakait\u0105 ir intensyv\u0173 aktyvum\u0105 neprarandant spalvos ar konstrukcijos vientisumo.<\/p>\n<\/li>\n<\/ul>\n<h2 data-path-to-node=\"11\">Specifikacijos<\/h2>\n<ul data-path-to-node=\"12\">\n<li>\n<p data-path-to-node=\"12,0,0\"><b data-path-to-node=\"12,0,0\" data-index-in-node=\"0\">Med\u017eiaga:<\/b> Auk\u0161tos kokyb\u0117s poliesteris + metalinis aukso spalvos lureksas.<\/p>\n<\/li>\n<li>\n<p data-path-to-node=\"12,1,0\"><b data-path-to-node=\"12,1,0\" data-index-in-node=\"0\">Matmenys:<\/b> Standartinis 15 mm x 350 mm (nestandartinis plotis galimi pagal pageidavim\u0105).<\/p>\n<\/li>\n<li>\n<p data-path-to-node=\"12,2,0\"><b data-path-to-node=\"12,2,0\" data-index-in-node=\"0\">Spausdinimas:<\/b> Iki 8 aust\u0173 spalv\u0173, \u012fskaitant metalin\u012f pagrind\u0105.<\/p>\n<\/li>\n<li>\n<p data-path-to-node=\"12,3,0\"><b data-path-to-node=\"12,3,0\" data-index-in-node=\"0\">U\u017erakinimo parinktys:<\/b> Vienkartinio naudojimo slankiojanti spyna (plastikin\u0117\/metalin\u0117) arba daugkartinio naudojimo karoliukas.<\/p>\n<\/li>\n<li>\n<p data-path-to-node=\"12,4,0\"><b data-path-to-node=\"12,4,0\" data-index-in-node=\"0\">Minimalus u\u017esakymo kiekis:<\/b> 100 vienet\u0173.<\/p>\n<\/li>\n<\/ul>\n<h2 data-path-to-node=\"13\">Naudojimo atvejai<\/h2>\n<ul data-path-to-node=\"14\">\n<li>\n<p data-path-to-node=\"14,0,0\"><b data-path-to-node=\"14,0,0\" data-index-in-node=\"0\">Muzikos festivaliai:<\/b> VIP, u\u017ekulisi\u0173 arba atlik\u0117j\u0173 zon\u0173 \u017eym\u0117jimas matomu auk\u0161\u010diausios klas\u0117s \u017eymekliu.<\/p>\n<\/li>\n<li>\n<p data-path-to-node=\"14,1,0\"><b data-path-to-node=\"14,1,0\" data-index-in-node=\"0\">\u012emoni\u0173 i\u0161kilm\u0117s:<\/b> Rafinuota alternatyva standartin\u0117ms plastikin\u0117ms ar popierin\u0117ms apyrank\u0117ms, skirtoms renginiams su oficialaus logotipo simbolika.<\/p>\n<\/li>\n<li>\n<p data-path-to-node=\"14,2,0\"><b data-path-to-node=\"14,2,0\" data-index-in-node=\"0\">Prabang\u016bs vie\u0161bu\u010diai ir kurortai:<\/b> Stilingai i\u0161skiriame \u201cViskas \u012fskai\u010diuota\u201d arba \u201cKlubo lygio\u201d sve\u010dius.<\/p>\n<\/li>\n<li>\n<p data-path-to-node=\"14,3,0\"><b data-path-to-node=\"14,3,0\" data-index-in-node=\"0\">Atminimo renginiai:<\/b> Sukak\u010di\u0173 \u0161vent\u0117s, kuriose apyrank\u0117 tarnauja kaip vertinga atminimo dovan\u0117l\u0117.<\/p>\n<\/li>\n<\/ul>\n<p data-path-to-node=\"15\">","protected":false},"excerpt":{"rendered":"<ul>\n<li>\n<p data-path-to-node=\"7,0,0\"><b data-path-to-node=\"7,0,0\" data-index-in-node=\"0\">Auk\u0161\u010diausios kokyb\u0117s VIP estetika:<\/b> Austas metalinis aukso si\u016blas suteikia i\u0161skirtin\u0119, prabangi\u0105 i\u0161vaizd\u0105, kuri i\u0161skiria VIP sve\u010dius.<\/p>\n<\/li>\n<li>\n<p data-path-to-node=\"7,1,0\"><b data-path-to-node=\"7,1,0\" data-index-in-node=\"0\">Did\u017eiausias saugumas:<\/b> Turi neperleid\u017eiam\u0105 u\u017erakinimo mechanizm\u0105, apsaugant\u012f nuo neteis\u0117to bendrinimo ir patekimo.<\/p>\n<\/li>\n<li>\n<p data-path-to-node=\"7,2,0\"><b data-path-to-node=\"7,2,0\" data-index-in-node=\"0\">Ilgalaikis prek\u0117s \u017eenklo \u012fvaizdis:<\/b> Pagaminta i\u0161 auk\u0161tos kokyb\u0117s poliesterio, kuris atlaiko keli\u0173 dien\u0173 festivalius ir tarnauja kaip suvenyras.<\/p>\n<\/li>\n<li>\n<p data-path-to-node=\"7,3,0\"><b data-path-to-node=\"7,3,0\" data-index-in-node=\"0\">Visi\u0161kas pritaikymas:<\/b> Spalvotas audimas leid\u017eia integruoti sud\u0117tingus logotipus su spindin\u010diais aukso akcentais.<\/p>\n<\/li>\n<\/ul>","protected":false},"featured_media":6603,"comment_status":"closed","ping_status":"closed","template":"","meta":[],"product_brand":[],"product_cat":[47],"product_tag":[],"class_list":{"0":"post-6599","1":"product","2":"type-product","3":"status-publish","4":"has-post-thumbnail","6":"product_cat-fabric-wristbands","8":"first","9":"instock","10":"shipping-taxable","11":"purchasable","12":"product-type-simple"},"_links":{"self":[{"href":"https:\/\/displayproducts.eu\/lt\/wp-json\/wp\/v2\/product\/6599","targetHints":{"allow":["GET"]}}],"collection":[{"href":"https:\/\/displayproducts.eu\/lt\/wp-json\/wp\/v2\/product"}],"about":[{"href":"https:\/\/displayproducts.eu\/lt\/wp-json\/wp\/v2\/types\/product"}],"replies":[{"embeddable":true,"href":"https:\/\/displayproducts.eu\/lt\/wp-json\/wp\/v2\/comments?post=6599"}],"wp:featuredmedia":[{"embeddable":true,"href":"https:\/\/displayproducts.eu\/lt\/wp-json\/wp\/v2\/media\/6603"}],"wp:attachment":[{"href":"https:\/\/displayproducts.eu\/lt\/wp-json\/wp\/v2\/media?parent=6599"}],"wp:term":[{"taxonomy":"product_brand","embeddable":true,"href":"https:\/\/displayproducts.eu\/lt\/wp-json\/wp\/v2\/product_brand?post=6599"},{"taxonomy":"product_cat","embeddable":true,"href":"https:\/\/displayproducts.eu\/lt\/wp-json\/wp\/v2\/product_cat?post=6599"},{"taxonomy":"product_tag","embeddable":true,"href":"https:\/\/displayproducts.eu\/lt\/wp-json\/wp\/v2\/product_tag?post=6599"}],"curies":[{"name":"wp","href":"https:\/\/api.w.org\/{rel}","templated":true}]}}