{"id":6514,"date":"2026-01-03T00:15:17","date_gmt":"2026-01-02T21:15:17","guid":{"rendered":"https:\/\/wristbandfactory.eu\/?post_type=product&#038;p=6514"},"modified":"2026-04-01T21:52:34","modified_gmt":"2026-04-01T18:52:34","slug":"event-watch-led-wristband-with-custom-logo","status":"publish","type":"product","link":"https:\/\/displayproducts.eu\/lt\/p\/event-watch-led-wristband-with-custom-logo\/","title":{"rendered":"Laikrod\u017eio tipo LED apyrank\u0117s su logotipu"},"content":{"rendered":"<p data-path-to-node=\"10\">Suteikite savo \u012fmon\u0117s \u012fvaizd\u017eiui i\u0161skirtinumo su \u201cEvent Watch\u201d LED apyranke. \u0160is modelis pasi\u017eymi i\u0161skirtiniu korpusu, imituojan\u010diu modern\u0173 laikrod\u012f, specialiai sukurtas maksimaliam prek\u0117s \u017eenklo matomumui. Plok\u0161\u010dias, didelis LED modulio pavir\u0161ius u\u017etikrina, kad net ir detal\u016bs logotipai b\u016bt\u0173 ai\u0161kiai perteikiami ir i\u0161likt\u0173 d\u0117mesio centre visoje renginio vietoje. Pagamintas i\u0161 sm\u016bgiams atsparaus ABS ir medicinin\u0117s klas\u0117s silikono, \u0161is 30 g sveriantis ne\u0161iojamas \u012frenginys suteikia tvirtumo ir prabangos poj\u016bt\u012f, kur\u012f sve\u010diai \u012fvertins kaip auk\u0161t\u0173j\u0173 technologij\u0173 suvenyr\u0105.<\/p>\n<h2 data-path-to-node=\"11\">Pagrindin\u0117s savyb\u0117s<\/h2>\n<ul data-path-to-node=\"12\">\n<li>\n<p data-path-to-node=\"12,0,0\"><b data-path-to-node=\"12,0,0\" data-index-in-node=\"0\">Auk\u0161\u010diausios kokyb\u0117s laikrod\u017ei\u0173 stiliaus estetika:<\/b> Pa\u017e\u012fstamas laikrod\u017eio dizainas daro j\u012f profesionaliausiu pasirinkimu auk\u0161\u010diausios klas\u0117s i\u0161kilm\u0117ms ir \u012fmoni\u0173 konferencijoms.<\/p>\n<\/li>\n<li>\n<p data-path-to-node=\"12,1,0\"><b data-path-to-node=\"12,1,0\" data-index-in-node=\"0\">Profesionali radijo da\u017eni\u0173 integracija:<\/b> Skland\u017eiai sinchronizuojasi su j\u016bs\u0173 ap\u0161vietimo stalu, kad pulsuot\u0173 ir mirks\u0117t\u0173 tobulai darniai su renginio scenos programa.<\/p>\n<\/li>\n<li>\n<p data-path-to-node=\"12,2,0\"><b data-path-to-node=\"12,2,0\" data-index-in-node=\"0\">Patvarus ir daugkartinio naudojimo:<\/b> D\u0117l auk\u0161tos kokyb\u0117s med\u017eiag\u0173 ir kei\u010diam\u0173 baterij\u0173 sistemos \u0161ios apyrank\u0117s tinka naudoti kelias dienas arba i\u0161 eil\u0117s vykstantiems \u017eygiams.<\/p>\n<\/li>\n<li>\n<p data-path-to-node=\"12,3,0\"><b data-path-to-node=\"12,3,0\" data-index-in-node=\"0\">Didelio intensyvumo \u0161viesos diodai:<\/b> Pasi\u017eymi galingu \u0161viesos srautu, galin\u010diu rodyti 15 skirting\u0173 spalv\u0173, kad idealiai atitikt\u0173 j\u016bs\u0173 prek\u0117s \u017eenklo konkre\u010di\u0105 palet\u0119.<\/p>\n<\/li>\n<\/ul>\n<h2 data-path-to-node=\"13\">Specifikacijos<\/h2>\n<ul data-path-to-node=\"14\">\n<li>\n<p data-path-to-node=\"14,0,0\"><b data-path-to-node=\"14,0,0\" data-index-in-node=\"0\">Med\u017eiaga:<\/b> Sustiprintas ABS korpusas ir auk\u0161\u010diausios kokyb\u0117s silikoninis dir\u017eelis<\/p>\n<\/li>\n<li>\n<p data-path-to-node=\"14,1,0\"><b data-path-to-node=\"14,1,0\" data-index-in-node=\"0\">Svoris:<\/b> 30 g<\/p>\n<\/li>\n<li>\n<p data-path-to-node=\"14,2,0\"><b data-path-to-node=\"14,2,0\" data-index-in-node=\"0\">Vieneto dydis:<\/b> 6,7 x 7,5 cm<\/p>\n<\/li>\n<li>\n<p data-path-to-node=\"14,3,0\"><b data-path-to-node=\"14,3,0\" data-index-in-node=\"0\">Bendravimas:<\/b> RF 433MHz \/ Nuotolinio valdymo pultas \/ DMX512<\/p>\n<\/li>\n<li>\n<p data-path-to-node=\"14,4,0\"><b data-path-to-node=\"14,4,0\" data-index-in-node=\"0\">Baterija:<\/b> 2x CR2032 (kei\u010diamos)<\/p>\n<\/li>\n<li>\n<p data-path-to-node=\"14,5,0\"><b data-path-to-node=\"14,5,0\" data-index-in-node=\"0\">Darbo laikas:<\/b> Iki 12 valand\u0173<\/p>\n<\/li>\n<li>\n<p data-path-to-node=\"14,6,0\"><b data-path-to-node=\"14,6,0\" data-index-in-node=\"0\">LED spalvos:<\/b> 15 daugiaspalvi\u0173 re\u017eim\u0173<\/p>\n<\/li>\n<\/ul>\n<h2 data-path-to-node=\"15\">Naudojimo atvejai<\/h2>\n<ul data-path-to-node=\"16\">\n<li>\n<p data-path-to-node=\"16,0,0\"><b data-path-to-node=\"16,0,0\" data-index-in-node=\"0\">\u012emoni\u0173 i\u0161kilmingi renginiai:<\/b> Profesionalus ne\u0161iojamas \u012frenginys, kuris veikia ir kaip interaktyvus aksesuaras, ir kaip vertinga firmin\u0117 dovana.<\/p>\n<\/li>\n<li>\n<p data-path-to-node=\"16,1,0\"><b data-path-to-node=\"16,1,0\" data-index-in-node=\"0\">Didelio masto konferencijos:<\/b> Visos auditorijos pavertimas sinchronizuota \u0161viesos drobe pagrindini\u0173 prane\u0161im\u0173 ir pristatym\u0173 metu.<\/p>\n<\/li>\n<li>\n<p data-path-to-node=\"16,2,0\"><b data-path-to-node=\"16,2,0\" data-index-in-node=\"0\">VIP r\u0117m\u0117jo prek\u0117s \u017eenklas:<\/b> Naudojant per didel\u012f veid\u0105 pagrindiniams renginio r\u0117m\u0117jams pristatyti i\u0161skirtini\u0173 vakarini\u0173 susib\u016brim\u0173 metu.<\/p>\n<\/li>\n<li>\n<p data-path-to-node=\"16,3,0\"><b data-path-to-node=\"16,3,0\" data-index-in-node=\"0\">Produkt\u0173 pristatymai:<\/b> Prek\u0117s \u017eenklo tapatyb\u0117s i\u0161ry\u0161kinimas t\u016bkstan\u010diams dalyvi\u0173 vienu metu naudojant centrin\u012f ap\u0161vietimo valdym\u0105.<\/p>\n<\/li>\n<\/ul>\n<p data-path-to-node=\"17\">","protected":false},"excerpt":{"rendered":"<ul>\n<li>\n<p data-path-to-node=\"9,0,0\"><b data-path-to-node=\"9,0,0\" data-index-in-node=\"0\">Modernus laikrod\u017ei\u0173 dizainas:<\/b> Pasi\u017eymi ry\u0161kiu sta\u010diakampiu korpusu ant patogaus silikoninio dir\u017eelio, imituojan\u010dio profesionalaus i\u0161maniojo laikrod\u017eio i\u0161vaizd\u0105.<\/p>\n<\/li>\n<li>\n<p data-path-to-node=\"9,1,0\"><b data-path-to-node=\"9,1,0\" data-index-in-node=\"0\">Maksimalus prek\u0117s \u017eenklo plotas:<\/b> Didelis plok\u0161\u010dias \u201claikrod\u017eio ciferblatas\u201d suteikia did\u017eiausi\u0105 spausdinimo plot\u0105 m\u016bs\u0173 kataloge, skirt\u0105 \u012fsp\u016bdingiems, individualiems logotipams.<\/p>\n<\/li>\n<li>\n<p data-path-to-node=\"9,2,0\"><b data-path-to-node=\"9,2,0\" data-index-in-node=\"0\">Ilgalaik\u0117 galia:<\/b> \u012erengtos 2 kei\u010diamos CR2032 baterijos, u\u017etikrinan\u010dios patikim\u0105 12 valand\u0173 \u0161vies\u0173 \u0161ou ilgesniems renginiams.<\/p>\n<\/li>\n<li>\n<p data-path-to-node=\"9,3,0\"><b data-path-to-node=\"9,3,0\" data-index-in-node=\"0\">Visi\u0161kai sinchronizuotas valdymas:<\/b> Akimirksniu reaguoja \u012f centrinius RF ir DMX512 valdiklius, kad vienu metu valdyt\u0173 15 ry\u0161ki\u0173 LED spalv\u0173.<\/p>\n<\/li>\n<\/ul>","protected":false},"featured_media":6515,"comment_status":"closed","ping_status":"closed","template":"","meta":[],"product_brand":[],"product_cat":[80],"product_tag":[],"class_list":{"0":"post-6514","1":"product","2":"type-product","3":"status-publish","4":"has-post-thumbnail","6":"product_cat-led-wristbands","8":"first","9":"instock","10":"shipping-taxable","11":"purchasable","12":"product-type-simple"},"_links":{"self":[{"href":"https:\/\/displayproducts.eu\/lt\/wp-json\/wp\/v2\/product\/6514","targetHints":{"allow":["GET"]}}],"collection":[{"href":"https:\/\/displayproducts.eu\/lt\/wp-json\/wp\/v2\/product"}],"about":[{"href":"https:\/\/displayproducts.eu\/lt\/wp-json\/wp\/v2\/types\/product"}],"replies":[{"embeddable":true,"href":"https:\/\/displayproducts.eu\/lt\/wp-json\/wp\/v2\/comments?post=6514"}],"wp:featuredmedia":[{"embeddable":true,"href":"https:\/\/displayproducts.eu\/lt\/wp-json\/wp\/v2\/media\/6515"}],"wp:attachment":[{"href":"https:\/\/displayproducts.eu\/lt\/wp-json\/wp\/v2\/media?parent=6514"}],"wp:term":[{"taxonomy":"product_brand","embeddable":true,"href":"https:\/\/displayproducts.eu\/lt\/wp-json\/wp\/v2\/product_brand?post=6514"},{"taxonomy":"product_cat","embeddable":true,"href":"https:\/\/displayproducts.eu\/lt\/wp-json\/wp\/v2\/product_cat?post=6514"},{"taxonomy":"product_tag","embeddable":true,"href":"https:\/\/displayproducts.eu\/lt\/wp-json\/wp\/v2\/product_tag?post=6514"}],"curies":[{"name":"wp","href":"https:\/\/api.w.org\/{rel}","templated":true}]}}