{"id":6513,"date":"2026-01-02T23:41:25","date_gmt":"2026-01-02T20:41:25","guid":{"rendered":"https:\/\/wristbandfactory.eu\/?post_type=product&#038;p=6513"},"modified":"2026-04-01T21:52:34","modified_gmt":"2026-04-01T18:52:34","slug":"nylon-cord-remote-controlled-led-wristbands-with-custom-logo","status":"publish","type":"product","link":"https:\/\/displayproducts.eu\/lt\/p\/nylon-cord-remote-controlled-led-wristbands-with-custom-logo\/","title":{"rendered":"LED apyrank\u0117s su nailonine virvele ja logotipu"},"content":{"rendered":"<p data-path-to-node=\"9\">Padidinkite savo renginio vizualin\u012f \u012fsp\u016bd\u012f su \u201cNylon Cord\u201d LED apyranke. \u0160is modelis pasi\u017eymi unikalia, kasdieni\u0161ka festivalio estetika ir profesionalia nuotoliniu b\u016bdu valdoma ap\u0161vietimo technologija. Reguliuojamas nailono laidas u\u017etikrina saug\u0173 ir patog\u0173 prigludim\u0105 visiems dalyviams, tod\u0117l tai populiarus pasirinkimas didelio masto lauko festivaliuose, naktiniuose b\u0117gimuose ir muzikos renginiuose, kur lengvi ne\u0161iojami akiniai yra labiau pageidaujami nei tradiciniai silikoniniai.<\/p>\n<h2 data-path-to-node=\"10\">Pagrindin\u0117s savyb\u0117s<\/h2>\n<ul data-path-to-node=\"11\">\n<li>\n<p data-path-to-node=\"11,0,0\"><b data-path-to-node=\"11,0,0\" data-index-in-node=\"0\">15 dinamini\u0173 LED spalv\u0173:<\/b> Realiuoju laiku perjunkite vien\u0105 i\u0161 15 ry\u0161ki\u0173 daugiaspalvi\u0173 re\u017eim\u0173, kad jie atitikt\u0173 j\u016bs\u0173 renginio tem\u0105 ar muzikos u\u017euominas.<\/p>\n<\/li>\n<li>\n<p data-path-to-node=\"11,1,0\"><b data-path-to-node=\"11,1,0\" data-index-in-node=\"0\">Saugus tvirtinimas:<\/b> Suri\u0161to nailono kaklajuost\u0117s dizainas yra patvarus ir sve\u010diams lengvai reguliuojamas, tod\u0117l tai universalus sprendimas.<\/p>\n<\/li>\n<li>\n<p data-path-to-node=\"11,2,0\"><b data-path-to-node=\"11,2,0\" data-index-in-node=\"0\">Efektyvus energijos valdymas:<\/b> Naudodami traukimo skirtuk\u0173 sistem\u0105 vietoj rankinio jungiklio, galite paskirstyti apyrankes i\u0161 anksto keliomis dienomis, nerizikuodami i\u0161sikrauti baterija.<\/p>\n<\/li>\n<li>\n<p data-path-to-node=\"11,3,0\"><b data-path-to-node=\"11,3,0\" data-index-in-node=\"0\">Profesionalus B2B prek\u0117s \u017eenklo k\u016brimas:<\/b> Plok\u0161\u010dias LED korpuso pavir\u0161ius optimizuotas auk\u0161tos kokyb\u0117s j\u016bs\u0173 \u012fmon\u0117s logotipo tamponiniam spausdinimui.<\/p>\n<\/li>\n<\/ul>\n<h2 data-path-to-node=\"12\">Specifikacijos<\/h2>\n<ul data-path-to-node=\"13\">\n<li>\n<p data-path-to-node=\"13,0,0\"><b data-path-to-node=\"13,0,0\" data-index-in-node=\"0\">Med\u017eiaga:<\/b> ABS korpusas su didelio stiprumo nailono virve.<\/p>\n<\/li>\n<li>\n<p data-path-to-node=\"13,1,0\"><b data-path-to-node=\"13,1,0\" data-index-in-node=\"0\">Svoris:<\/b> 20 g.<\/p>\n<\/li>\n<li>\n<p data-path-to-node=\"13,2,0\"><b data-path-to-node=\"13,2,0\" data-index-in-node=\"0\">Vieneto dydis:<\/b> 6,7 x 7,5 cm.<\/p>\n<\/li>\n<li>\n<p data-path-to-node=\"13,3,0\"><b data-path-to-node=\"13,3,0\" data-index-in-node=\"0\">LED re\u017eimai:<\/b> 15 \u012fvairi\u0173 spalv\u0173 variant\u0173.<\/p>\n<\/li>\n<li>\n<p data-path-to-node=\"13,4,0\"><b data-path-to-node=\"13,4,0\" data-index-in-node=\"0\">Bendravimas:<\/b> RF 433MHz \/ Nuotolinio valdymo pultas.<\/p>\n<\/li>\n<li>\n<p data-path-to-node=\"13,5,0\"><b data-path-to-node=\"13,5,0\" data-index-in-node=\"0\">Baterija:<\/b> 2x CR2032 (kei\u010diamos).<\/p>\n<\/li>\n<li>\n<p data-path-to-node=\"13,6,0\"><b data-path-to-node=\"13,6,0\" data-index-in-node=\"0\">Darbo laikas:<\/b> 12 valand\u0173.<\/p>\n<\/li>\n<\/ul>\n<h2 data-path-to-node=\"14\">Naudojimo atvejai<\/h2>\n<ul data-path-to-node=\"15\">\n<li>\n<p data-path-to-node=\"15,0,0\"><b data-path-to-node=\"15,0,0\" data-index-in-node=\"0\">Muzikos festivaliai:<\/b> Atitinka klasikin\u0119 austos juostos estetik\u0105, bet prideda sinchronizuot\u0105 auk\u0161t\u0173j\u0173 technologij\u0173 \u0161vies\u0173 \u0161ou.<\/p>\n<\/li>\n<li>\n<p data-path-to-node=\"15,1,0\"><b data-path-to-node=\"15,1,0\" data-index-in-node=\"0\">Labdaros naktiniai b\u0117gimai:<\/b> Itin lengvas priedas, padidinantis matomum\u0105 ir dalyvi\u0173 vienyb\u0119.<\/p>\n<\/li>\n<li>\n<p data-path-to-node=\"15,2,0\"><b data-path-to-node=\"15,2,0\" data-index-in-node=\"0\">Papl\u016bdimio vakar\u0117liai ir vasaros renginiai:<\/b> Kv\u0117puojantis nailono kordas yra patogus \u0161iltu oru ir energingoje aplinkoje.<\/p>\n<\/li>\n<li>\n<p data-path-to-node=\"15,3,0\"><b data-path-to-node=\"15,3,0\" data-index-in-node=\"0\">R\u0117m\u0117j\u0173 aktyvacijos:<\/b> Ekonomi\u0161kas, firminis ne\u0161iojamas \u012frenginys, sukuriantis \u012fsimintin\u0105 \u201cvau\u201d efekt\u0105 didel\u0117ms minioms.<\/p>\n<\/li>\n<\/ul>\n<p data-path-to-node=\"16\">","protected":false},"excerpt":{"rendered":"<ul>\n<li>\n<p data-path-to-node=\"8,0,0\"><b data-path-to-node=\"8,0,0\" data-index-in-node=\"0\">Itin lengvas komfortas:<\/b> Minimalistinis dizainas su mink\u0161tu nailono laidu ir kompakti\u0161ku ABS korpusu, sveriantis tik 20 g.<\/p>\n<\/li>\n<li>\n<p data-path-to-node=\"8,1,0\"><b data-path-to-node=\"8,1,0\" data-index-in-node=\"0\">Sinchronizuotas nuotolinio valdymo pultas:<\/b> Visi\u0161kai suderinamas su centriniais valdikliais, leid\u017eian\u010diais vienu metu valdyti 15 skirting\u0173 LED spalv\u0173 visoje erdv\u0117je.<\/p>\n<\/li>\n<li>\n<p data-path-to-node=\"8,2,0\"><b data-path-to-node=\"8,2,0\" data-index-in-node=\"0\">Ilgesnis baterijos veikimo laikas:<\/b> \u012erengtos 2 kei\u010diamos CR2032 baterijos, u\u017etikrinan\u010dios 12 valand\u0173 aktyvaus \u0161viesos \u0161ou.<\/p>\n<\/li>\n<li>\n<p data-path-to-node=\"8,3,0\"><b data-path-to-node=\"8,3,0\" data-index-in-node=\"0\">Apsauga nuo traukimo skirtuko:<\/b> Baterijos apsaugos skirtukas u\u017etikrina, kad \u012frenginiai i\u0161likt\u0173 100% maitinami iki pat \u012fvykio momento.<\/p>\n<\/li>\n<\/ul>","protected":false},"featured_media":5983,"comment_status":"closed","ping_status":"closed","template":"","meta":[],"product_brand":[],"product_cat":[80],"product_tag":[],"class_list":{"0":"post-6513","1":"product","2":"type-product","3":"status-publish","4":"has-post-thumbnail","6":"product_cat-led-wristbands","8":"first","9":"instock","10":"shipping-taxable","11":"product-type-simple"},"_links":{"self":[{"href":"https:\/\/displayproducts.eu\/lt\/wp-json\/wp\/v2\/product\/6513","targetHints":{"allow":["GET"]}}],"collection":[{"href":"https:\/\/displayproducts.eu\/lt\/wp-json\/wp\/v2\/product"}],"about":[{"href":"https:\/\/displayproducts.eu\/lt\/wp-json\/wp\/v2\/types\/product"}],"replies":[{"embeddable":true,"href":"https:\/\/displayproducts.eu\/lt\/wp-json\/wp\/v2\/comments?post=6513"}],"wp:featuredmedia":[{"embeddable":true,"href":"https:\/\/displayproducts.eu\/lt\/wp-json\/wp\/v2\/media\/5983"}],"wp:attachment":[{"href":"https:\/\/displayproducts.eu\/lt\/wp-json\/wp\/v2\/media?parent=6513"}],"wp:term":[{"taxonomy":"product_brand","embeddable":true,"href":"https:\/\/displayproducts.eu\/lt\/wp-json\/wp\/v2\/product_brand?post=6513"},{"taxonomy":"product_cat","embeddable":true,"href":"https:\/\/displayproducts.eu\/lt\/wp-json\/wp\/v2\/product_cat?post=6513"},{"taxonomy":"product_tag","embeddable":true,"href":"https:\/\/displayproducts.eu\/lt\/wp-json\/wp\/v2\/product_tag?post=6513"}],"curies":[{"name":"wp","href":"https:\/\/api.w.org\/{rel}","templated":true}]}}