{"id":6512,"date":"2026-01-02T23:35:13","date_gmt":"2026-01-02T20:35:13","guid":{"rendered":"https:\/\/wristbandfactory.eu\/?post_type=product&#038;p=6512"},"modified":"2026-04-01T21:52:34","modified_gmt":"2026-04-01T18:52:34","slug":"curved-ergonomic-led-wristband-with-custom-logo","status":"publish","type":"product","link":"https:\/\/displayproducts.eu\/lt\/p\/curved-ergonomic-led-wristband-with-custom-logo\/","title":{"rendered":"Ergonomin\u0117s LED apyrank\u0117s su logotipu"},"content":{"rendered":"<p data-path-to-node=\"9\">Pakelkite savo prek\u0117s \u017eenklo patirt\u012f \u012f auk\u0161tesn\u012f lyg\u012f su \u201ci\u0161lenkta\u201d ergonomi\u0161ka LED apyranke. \u0160is modelis (Catalog LED 7) pasi\u017eymi i\u0161skirtine stand\u017eia PVC konstrukcija, kuri, palyginti su standartin\u0117mis silikonin\u0117mis alternatyvomis, suteikia auk\u0161\u010diausios kokyb\u0117s i\u0161vaizd\u0105 ir poj\u016bt\u012f. Permatoma med\u017eiaga leid\u017eia \u0161viesai eleganti\u0161kai sklisti per vis\u0105 apyrank\u0119, o unikalus u\u017esegimas u\u017etikrina, kad ji i\u0161likt\u0173 patogi ir laikyt\u0173si vietoje viso renginio metu. Tai puikus pasirinkimas \u012fmoni\u0173 VIP zonoms ir didelio poveikio produkt\u0173 pristatymams, kur svarbiausia yra moderni estetika.<\/p>\n<h2 data-path-to-node=\"10\">Pagrindin\u0117s savyb\u0117s<\/h2>\n<ul data-path-to-node=\"11\">\n<li>\n<p data-path-to-node=\"11,0,0\"><b data-path-to-node=\"11,0,0\" data-index-in-node=\"0\">Pasirenkama LED galia:<\/b> Rinkit\u0117s i\u0161 2 LED versijos subtiliai atmosferai arba 4 LED versijos maksimaliam ry\u0161kumui didel\u0117se erdv\u0117se.<\/p>\n<\/li>\n<li>\n<p data-path-to-node=\"11,1,0\"><b data-path-to-node=\"11,1,0\" data-index-in-node=\"0\">Patvari PVC med\u017eiaga:<\/b> Pagamintas i\u0161 sm\u016bgiams atsparaus ABS ir profesionalios klas\u0117s PVC derinio, kad b\u016bt\u0173 u\u017etikrintas didesnis patvarumas.<\/p>\n<\/li>\n<li>\n<p data-path-to-node=\"11,2,0\"><b data-path-to-node=\"11,2,0\" data-index-in-node=\"0\">Sklandi radijo da\u017eni\u0173 integracija:<\/b> Prisijungia prie centrini\u0173 ap\u0161vietimo pult\u0173, kad b\u016bt\u0173 galima realiuoju laiku keisti spalvas ir dinami\u0161kai mirks\u0117ti.<\/p>\n<\/li>\n<li>\n<p data-path-to-node=\"11,3,0\"><b data-path-to-node=\"11,3,0\" data-index-in-node=\"0\">Anatominis pritaikymas:<\/b> I\u0161 anksto i\u0161lenkta forma yra \u017eemiau ant rie\u0161o, tod\u0117l suma\u017eina apimtis ir suteikia eleganti\u0161k\u0105, \u012f laikrod\u012f pana\u0161\u0173 profil\u012f.<\/p>\n<\/li>\n<\/ul>\n<h2 data-path-to-node=\"12\">Specifikacijos<\/h2>\n<ul data-path-to-node=\"13\">\n<li>\n<p data-path-to-node=\"13,0,0\"><b data-path-to-node=\"13,0,0\" data-index-in-node=\"0\">Med\u017eiaga:<\/b> Didelio sm\u016bgio ABS korpusas ir auk\u0161\u010diausios kokyb\u0117s PVC dir\u017eelis.<\/p>\n<\/li>\n<li>\n<p data-path-to-node=\"13,1,0\"><b data-path-to-node=\"13,1,0\" data-index-in-node=\"0\">Vieneto dydis:<\/b> Skersmuo 6,9 x 6,4 cm.<\/p>\n<\/li>\n<li>\n<p data-path-to-node=\"13,2,0\"><b data-path-to-node=\"13,2,0\" data-index-in-node=\"0\">Svoris:<\/b> 30 g.<\/p>\n<\/li>\n<li>\n<p data-path-to-node=\"13,3,0\"><b data-path-to-node=\"13,3,0\" data-index-in-node=\"0\">Bendravimas:<\/b> RF 433MHz \/ Nuotolinio valdymo pultas \/ DMX512.<\/p>\n<\/li>\n<li>\n<p data-path-to-node=\"13,4,0\"><b data-path-to-node=\"13,4,0\" data-index-in-node=\"0\">Baterija:<\/b> 2x CR2032 (kei\u010diamos).<\/p>\n<\/li>\n<li>\n<p data-path-to-node=\"13,5,0\"><b data-path-to-node=\"13,5,0\" data-index-in-node=\"0\">Baterijos veikimo laikas:<\/b> Ma\u017edaug 8 valandos aktyvi\u0173 \u0161vies\u0173 \u0161ou.<\/p>\n<\/li>\n<li>\n<p data-path-to-node=\"13,6,0\"><b data-path-to-node=\"13,6,0\" data-index-in-node=\"0\">LED re\u017eimai:<\/b> 15+ daugiaspalvi\u0173 sinchronizavimo re\u017eim\u0173.<\/p>\n<\/li>\n<\/ul>\n<h2 data-path-to-node=\"14\">Naudojimo atvejai<\/h2>\n<ul data-path-to-node=\"15\">\n<li>\n<p data-path-to-node=\"15,0,0\"><b data-path-to-node=\"15,0,0\" data-index-in-node=\"0\">\u012emoni\u0173 i\u0161kilmingi renginiai:<\/b> Si\u016blome stiling\u0105 ir technologi\u0161kai pa\u017eang\u0173 drabu\u017e\u012f, kuris pagerina oficiali\u0105 atmosfer\u0105.<\/p>\n<\/li>\n<li>\n<p data-path-to-node=\"15,1,0\"><b data-path-to-node=\"15,1,0\" data-index-in-node=\"0\">Produkto pristatymai:<\/b> Naudojant sinchronizuotus spalv\u0173 ra\u0161tus, siekiant sukelti susidom\u0117jim\u0105 nauj\u0173 produkt\u0173 pristatymo metu.<\/p>\n<\/li>\n<li>\n<p data-path-to-node=\"15,2,0\"><b data-path-to-node=\"15,2,0\" data-index-in-node=\"0\">VIP prieigos kontrol\u0117:<\/b> I\u0161skirti auk\u0161\u010diausios klas\u0117s sve\u010dius su tvirtu, gerai matomu LED modeliu.<\/p>\n<\/li>\n<li>\n<p data-path-to-node=\"15,3,0\"><b data-path-to-node=\"15,3,0\" data-index-in-node=\"0\">Teminiai vakar\u0117liai:<\/b> Naudojant daugiaspalves galimybes, kad jos atitikt\u0173 j\u016bs\u0173 renginio konkre\u010di\u0105 spalv\u0173 palet\u0119.<\/p>\n<\/li>\n<\/ul>\n<p data-path-to-node=\"16\">","protected":false},"excerpt":{"rendered":"<ul>\n<li>\n<p data-path-to-node=\"8,0,0\"><b data-path-to-node=\"8,0,0\" data-index-in-node=\"0\">Anatomi\u0161kai tvirtas dizainas:<\/b> Kont\u016bruota PVC konstrukcija atkartoja nat\u016brali\u0105 rie\u0161o form\u0105, kad b\u016bt\u0173 u\u017etikrintas profesionalus ergonominis komfortas rengini\u0173 metu.<\/p>\n<\/li>\n<li>\n<p data-path-to-node=\"8,1,0\"><b data-path-to-node=\"8,1,0\" data-index-in-node=\"0\">Saugus blokuojantis u\u017edarymas:<\/b> Turi unikal\u0173 d\u0117lion\u0117s stiliaus sujungiam\u0105 lizd\u0105, u\u017etikrinant\u012f, kad juosta i\u0161likt\u0173 saugi net atliekant didelius judesius.<\/p>\n<\/li>\n<li>\n<p data-path-to-node=\"8,2,0\"><b data-path-to-node=\"8,2,0\" data-index-in-node=\"0\">Nuotoliniu b\u016bdu valdomas sinchronizavimas:<\/b> Visi\u0161kai suderinamas su profesionaliais RF ir DMX512 valdikliais, kad b\u016bt\u0173 galima sinchronizuoti \u0161viesos efektus visoje sal\u0117je.<\/p>\n<\/li>\n<li>\n<p data-path-to-node=\"8,3,0\"><b data-path-to-node=\"8,3,0\" data-index-in-node=\"0\">Gerai matomas prek\u0117s \u017eenklas:<\/b> Tvirtas PVC pavir\u0161ius suteikia stabil\u0173 ir matom\u0105 plot\u0105 didelio tikslumo individualiam logotipo spausdinimui.<\/p>\n<\/li>\n<\/ul>","protected":false},"featured_media":6687,"comment_status":"closed","ping_status":"closed","template":"","meta":[],"product_brand":[],"product_cat":[80],"product_tag":[],"class_list":{"0":"post-6512","1":"product","2":"type-product","3":"status-publish","4":"has-post-thumbnail","6":"product_cat-led-wristbands","8":"first","9":"instock","10":"shipping-taxable","11":"product-type-simple"},"_links":{"self":[{"href":"https:\/\/displayproducts.eu\/lt\/wp-json\/wp\/v2\/product\/6512","targetHints":{"allow":["GET"]}}],"collection":[{"href":"https:\/\/displayproducts.eu\/lt\/wp-json\/wp\/v2\/product"}],"about":[{"href":"https:\/\/displayproducts.eu\/lt\/wp-json\/wp\/v2\/types\/product"}],"replies":[{"embeddable":true,"href":"https:\/\/displayproducts.eu\/lt\/wp-json\/wp\/v2\/comments?post=6512"}],"wp:featuredmedia":[{"embeddable":true,"href":"https:\/\/displayproducts.eu\/lt\/wp-json\/wp\/v2\/media\/6687"}],"wp:attachment":[{"href":"https:\/\/displayproducts.eu\/lt\/wp-json\/wp\/v2\/media?parent=6512"}],"wp:term":[{"taxonomy":"product_brand","embeddable":true,"href":"https:\/\/displayproducts.eu\/lt\/wp-json\/wp\/v2\/product_brand?post=6512"},{"taxonomy":"product_cat","embeddable":true,"href":"https:\/\/displayproducts.eu\/lt\/wp-json\/wp\/v2\/product_cat?post=6512"},{"taxonomy":"product_tag","embeddable":true,"href":"https:\/\/displayproducts.eu\/lt\/wp-json\/wp\/v2\/product_tag?post=6512"}],"curies":[{"name":"wp","href":"https:\/\/api.w.org\/{rel}","templated":true}]}}