{"id":6248,"date":"2025-12-20T19:03:55","date_gmt":"2025-12-20T16:03:55","guid":{"rendered":"https:\/\/wristbandfactory.eu\/?post_type=product&#038;p=6248"},"modified":"2026-04-01T21:52:03","modified_gmt":"2026-04-01T18:52:03","slug":"custom-printed-nail-files-made-in-europe-full-color-uv-print","status":"publish","type":"product","link":"https:\/\/displayproducts.eu\/lt\/p\/custom-printed-nail-files-made-in-europe-full-color-uv-print\/","title":{"rendered":"Nag\u0173 dild\u0117s su logotipu"},"content":{"rendered":"<p data-path-to-node=\"10\">Pakelkite savo gro\u017eio prek\u0117s \u017eenklo ar verslo dovan\u0173 pasirinkim\u0105 \u012f auk\u0161tesn\u012f lyg\u012f su m\u016bs\u0173... <b data-path-to-node=\"10\" data-index-in-node=\"88\">Nag\u0173 dild\u0117s su spausdintomis etiket\u0117mis<\/b>, i\u0161did\u017eiai <b data-path-to-node=\"10\" data-index-in-node=\"123\">Pagaminta Europoje<\/b>. Kitaip nei \u012fprasti reklaminiai gaminiai, \u0161ios auk\u0161tos kokyb\u0117s \u0161vitrin\u0117s lentel\u0117s yra sukurtos realiam funkcionalumui, tod\u0117l yra vertingas aksesuaras profesionaliems salonams, SPA centrams ir kelioni\u0173 rinkiniams.<\/p>\n<p data-path-to-node=\"11\">Mes naudojame pa\u017eangiausias <b data-path-to-node=\"11\" data-index-in-node=\"20\">UV skaitmenin\u0117 spauda<\/b> padengti fail\u0105 j\u016bs\u0173 pasirinktu dizainu, logotipu ar ra\u0161tu. \u0160i technologija leid\u017eia i\u0161gauti fotorealistines detales ir ry\u0161kias spalvas naudojant saugius, netoksi\u0161kus da\u017eus, kurie atlaiko kasdien\u012f naudojim\u0105. Nesvarbu, ar esate vie\u0161bu\u010di\u0173 tinklas, ie\u0161kantis auk\u0161\u010diausios kokyb\u0117s kambari\u0173 patogum\u0173, ar gro\u017eio prek\u0117s \u017eenklas, ie\u0161kantis preki\u0173, \u0161ie failai puikiai derina stili\u0173 ir prakti\u0161kum\u0105.<\/p>\n<h2 data-path-to-node=\"12\">Pagrindin\u0117s savyb\u0117s<\/h2>\n<ul data-path-to-node=\"13\">\n<li>\n<p data-path-to-node=\"13,0,0\"><b data-path-to-node=\"13,0,0\" data-index-in-node=\"0\">Ry\u0161kus pritaikymas:<\/b> Viso pavir\u0161iaus UV spauda paprast\u0105 \u012frank\u012f paver\u010dia madingu aksesuaru. Puikiai tinka sud\u0117tingiems logotipams ar ra\u0161t\u0173 dizainui.<\/p>\n<\/li>\n<li>\n<p data-path-to-node=\"13,1,0\"><b data-path-to-node=\"13,1,0\" data-index-in-node=\"0\">Saugumas pirmiausia:<\/b> Naudojame tik netoksi\u0161kus, saugius spausdinimo da\u017eus, tod\u0117l jie tinkami pla\u010diai paskirstyti ir da\u017enai liestis su oda.<\/p>\n<\/li>\n<li>\n<p data-path-to-node=\"13,2,0\"><b data-path-to-node=\"13,2,0\" data-index-in-node=\"0\">Patvari konstrukcija:<\/b> Sukurtas ilgaam\u017ei\u0161kumui su auk\u0161tos kokyb\u0117s \u0161vitriniu popieriumi, kuris efektyviai formuoja nat\u016bralius ir priaugintus nagus j\u0173 nelupin\u0117jant.<\/p>\n<\/li>\n<li>\n<p data-path-to-node=\"13,3,0\"><b data-path-to-node=\"13,3,0\" data-index-in-node=\"0\">Rinkodaros poveikis:<\/b> Labai funkcionalus daiktas, kuris lieka j\u016bs\u0173 kliento rankin\u0117je ar vonios kambaryje ir u\u017etikrina nuolatin\u012f prek\u0117s \u017eenklo matomum\u0105.<\/p>\n<\/li>\n<\/ul>\n<h2 data-path-to-node=\"14\">Specifikacijos<\/h2>\n<ul data-path-to-node=\"15\">\n<li>\n<p data-path-to-node=\"15,0,0\"><b data-path-to-node=\"15,0,0\" data-index-in-node=\"0\">Kilm\u0117:<\/b> Pagaminta Europoje.<\/p>\n<\/li>\n<li>\n<p data-path-to-node=\"15,1,0\"><b data-path-to-node=\"15,1,0\" data-index-in-node=\"0\">Spausdinimo b\u016bdas:<\/b> Pilnaspalv\u0117 UV skaitmenin\u0117 spauda.<\/p>\n<\/li>\n<li>\n<p data-path-to-node=\"15,2,0\"><b data-path-to-node=\"15,2,0\" data-index-in-node=\"0\">Med\u017eiaga:<\/b> Auk\u0161tos kokyb\u0117s \u0161vitrinio popieriaus \u0161erdis.<\/p>\n<\/li>\n<li>\n<p data-path-to-node=\"15,3,0\"><b data-path-to-node=\"15,3,0\" data-index-in-node=\"0\">Galimi dyd\u017eiai:<\/b><\/p>\n<ul data-path-to-node=\"15,3,1\">\n<li>\n<p data-path-to-node=\"15,3,1,0,0\"><b data-path-to-node=\"15,3,1,0,0\" data-index-in-node=\"0\">Profesionalus (18 cm \u00d7 1,85 cm):<\/b> Salon\u0173 ir nam\u0173 maniki\u016bro standartas. Ilgas pavir\u0161iaus plotas sklandiems judesiams.<\/p>\n<\/li>\n<li>\n<p data-path-to-node=\"15,3,1,1,0\"><b data-path-to-node=\"15,3,1,1,0\" data-index-in-node=\"0\">Universalus (12 cm \u00d7 1,6 cm):<\/b> Puikus komforto ir ne\u0161iojamumo balansas.<\/p>\n<\/li>\n<li>\n<p data-path-to-node=\"15,3,1,2,0\"><b data-path-to-node=\"15,3,1,2,0\" data-index-in-node=\"0\">Kelion\u0117s ilgis (8,7 cm \u00d7 1,6 cm):<\/b> Kompakti\u0161kas dydis, idealiai tinka kosmetikos krep\u0161eliams, kelioniniams rinkiniams ir greitiems daiktams kelyje.<\/p>\n<\/li>\n<\/ul>\n<\/li>\n<\/ul>\n<h2 data-path-to-node=\"16\">Naudojimo atvejai<\/h2>\n<ul data-path-to-node=\"17\">\n<li>\n<p data-path-to-node=\"17,0,0\"><b data-path-to-node=\"17,0,0\" data-index-in-node=\"0\">Gro\u017eio salonai ir SPA centrai:<\/b> Firminiai \u012frankiai technikams arba ma\u017emenin\u0117s prekybos prek\u0117s klientams, kurias jie gali pasiimti namo.<\/p>\n<\/li>\n<li>\n<p data-path-to-node=\"17,1,0\"><b data-path-to-node=\"17,1,0\" data-index-in-node=\"0\">Vie\u0161bu\u010dio patogumai:<\/b> Apgalvotas vonios kambario praustuvo komplekt\u0173 papildymas prabangiuose vie\u0161bu\u010diuose ir kurortuose.<\/p>\n<\/li>\n<li>\n<p data-path-to-node=\"17,2,0\"><b data-path-to-node=\"17,2,0\" data-index-in-node=\"0\">Dovanos \u012fmon\u0117ms:<\/b> Kompakti\u0161ka, nebrangi, ta\u010diau labai naudinga dovan\u0117l\u0117 moter\u0173 konferencijoms, mados renginiams ar sveikatingumo kampanijoms.<\/p>\n<\/li>\n<\/ul>","protected":false},"excerpt":{"rendered":"<ul>\n<li>\n<p data-path-to-node=\"9,0,0\"><b data-path-to-node=\"9,0,0\" data-index-in-node=\"0\">Europos produkcija:<\/b> Did\u017eiuojam\u0117s gal\u0117dami pagaminti Europoje, u\u017etikrinant auk\u0161\u010diausi\u0105 meistri\u0161kum\u0105, saugum\u0105 ir ilgaam\u017ei\u0161kum\u0105, palyginti su standartiniais importuotais gaminiais.<\/p>\n<\/li>\n<li>\n<p data-path-to-node=\"9,1,0\"><b data-path-to-node=\"9,1,0\" data-index-in-node=\"0\">Spalvotas prek\u0117s \u017eenklas:<\/b> Naudojama pa\u017eangi UV spausdinimo technologija su netoksi\u0161kais da\u017eais, kad b\u016bt\u0173 sukurti ry\u0161k\u016bs, \u012fbr\u0117\u017eimams atspar\u016bs logotipai ir ra\u0161tai.<\/p>\n<\/li>\n<li>\n<p data-path-to-node=\"9,2,0\"><b data-path-to-node=\"9,2,0\" data-index-in-node=\"0\">Trys universal\u016bs dyd\u017eiai:<\/b> Galima \u012fsigyti dideli\u0173 (profesionali\u0173), vidutini\u0173 (universali\u0173) ir ma\u017e\u0173 (kelionini\u0173) dyd\u017ei\u0173, kad tikt\u0173 bet kokiai tikslinei auditorijai.<\/p>\n<\/li>\n<li>\n<p data-path-to-node=\"9,3,0\"><b data-path-to-node=\"9,3,0\" data-index-in-node=\"0\">Profesionali kokyb\u0117:<\/b> Tinka tiek nat\u016braliems, tiek dirbtiniams nagams, u\u017etikrina efektyv\u0173 dildym\u0105 auk\u0161tos kokyb\u0117s abrazyvin\u0117mis med\u017eiagomis.<\/p>\n<\/li>\n<\/ul>","protected":false},"featured_media":6249,"comment_status":"closed","ping_status":"closed","template":"","meta":[],"product_brand":[],"product_cat":[132],"product_tag":[],"class_list":{"0":"post-6248","1":"product","2":"type-product","3":"status-publish","4":"has-post-thumbnail","6":"product_cat-hotel-spa-amenities","8":"first","9":"instock","10":"shipping-taxable","11":"product-type-simple"},"_links":{"self":[{"href":"https:\/\/displayproducts.eu\/lt\/wp-json\/wp\/v2\/product\/6248","targetHints":{"allow":["GET"]}}],"collection":[{"href":"https:\/\/displayproducts.eu\/lt\/wp-json\/wp\/v2\/product"}],"about":[{"href":"https:\/\/displayproducts.eu\/lt\/wp-json\/wp\/v2\/types\/product"}],"replies":[{"embeddable":true,"href":"https:\/\/displayproducts.eu\/lt\/wp-json\/wp\/v2\/comments?post=6248"}],"wp:featuredmedia":[{"embeddable":true,"href":"https:\/\/displayproducts.eu\/lt\/wp-json\/wp\/v2\/media\/6249"}],"wp:attachment":[{"href":"https:\/\/displayproducts.eu\/lt\/wp-json\/wp\/v2\/media?parent=6248"}],"wp:term":[{"taxonomy":"product_brand","embeddable":true,"href":"https:\/\/displayproducts.eu\/lt\/wp-json\/wp\/v2\/product_brand?post=6248"},{"taxonomy":"product_cat","embeddable":true,"href":"https:\/\/displayproducts.eu\/lt\/wp-json\/wp\/v2\/product_cat?post=6248"},{"taxonomy":"product_tag","embeddable":true,"href":"https:\/\/displayproducts.eu\/lt\/wp-json\/wp\/v2\/product_tag?post=6248"}],"curies":[{"name":"wp","href":"https:\/\/api.w.org\/{rel}","templated":true}]}}