{"id":6245,"date":"2025-12-20T18:56:31","date_gmt":"2025-12-20T15:56:31","guid":{"rendered":"https:\/\/wristbandfactory.eu\/?post_type=product&#038;p=6245"},"modified":"2026-04-01T21:52:03","modified_gmt":"2026-04-01T18:52:03","slug":"bio-based-reusable-coffee-cups","status":"publish","type":"product","link":"https:\/\/displayproducts.eu\/lt\/p\/bio-based-reusable-coffee-cups\/","title":{"rendered":"Daugkartiniai puodeliai su logotipu (Bio)"},"content":{"rendered":"<p data-path-to-node=\"10\">Padarykite tvar\u0173 parei\u0161kim\u0105 su m\u016bs\u0173 <b data-path-to-node=\"10\" data-index-in-node=\"63\">Individual\u016bs daugkartinio naudojimo kavos puodeliai i\u0161 biologin\u0117s kilm\u0117s produkt\u0173<\/b>. Sukurtas kaip tobula ekologi\u0161ka alternatyva vienkartiniams popieriniams puodeliams, \u0161is 200 ml talpos indas sujungia voki\u0161k\u0105 in\u017einerij\u0105 su atsinaujinan\u010diomis med\u017eiagomis. Tai idealus reklaminis elementas aplinkai nekenksmingiems biurams, kavin\u0117ms ir \u012fmoni\u0173 renginiams.<\/p>\n<p data-path-to-node=\"11\">Puodelis pagamintas i\u0161 auk\u0161tos kokyb\u0117s <b data-path-to-node=\"11\" data-index-in-node=\"37\">i\u0161 atsinaujinan\u010di\u0173 \u0161altini\u0173 gautas biologin\u0117s kilm\u0117s plastikas<\/b>, u\u017etikrinant ma\u017eesn\u012f anglies dioksido p\u0117dsak\u0105 nepakenkiant patvarumui. Jo prakti\u0161kas dizainas apima saug\u0173 dangtel\u012f, kuris ilgiau i\u0161laiko g\u0117rimus kar\u0161tus ir apsaugo nuo i\u0161siliejimo va\u017eiuojant \u012f darb\u0105 ir atgal.<\/p>\n<h2 data-path-to-node=\"12\">Pagrindin\u0117s savyb\u0117s<\/h2>\n<ul data-path-to-node=\"13\">\n<li>\n<p data-path-to-node=\"13,0,0\"><b data-path-to-node=\"13,0,0\" data-index-in-node=\"0\">Atsinaujinanti sud\u0117tis:<\/b> Pagaminta i\u0161 biologin\u0117s kilm\u0117s polimer\u0173 \u2013 tai atsakinga alternatyva i\u0161kastinio kuro pagrindu pagamintam plastikui.<\/p>\n<\/li>\n<li>\n<p data-path-to-node=\"13,1,0\"><b data-path-to-node=\"13,1,0\" data-index-in-node=\"0\">Draugi\u0161ka biurui:<\/b> Sukurtas taip, kad puikiai tilpt\u0173 po standartiniais kavos aparat\u0173 snapeliais, tod\u0117l tai yra tobulas aksesuaras \u201cnuo stalo iki pos\u0117d\u017eio\u201d.<\/p>\n<\/li>\n<li>\n<p data-path-to-node=\"13,2,0\"><b data-path-to-node=\"13,2,0\" data-index-in-node=\"0\">Higiena ir saugumas:<\/b> Visi\u0161kai be BPA ir saugus maistui. Med\u017eiaga yra tvirta ir pasibaigus jos gyvavimo ciklui, j\u0105 galima perdirbti.<\/p>\n<\/li>\n<li>\n<p data-path-to-node=\"13,3,0\"><b data-path-to-node=\"13,3,0\" data-index-in-node=\"0\">Universalus prek\u0117s \u017eenklo k\u016brimas:<\/b> Pritaikykite savo logotip\u0105 \u0161ilkografija, tampografija arba auk\u0161\u010diausios kokyb\u0117s lazeriniu graviravimu, kad jis b\u016bt\u0173 rodomas visam laikui.<\/p>\n<\/li>\n<\/ul>\n<h2 data-path-to-node=\"14\">Specifikacijos<\/h2>\n<ul data-path-to-node=\"15\">\n<li>\n<p data-path-to-node=\"15,0,0\"><b data-path-to-node=\"15,0,0\" data-index-in-node=\"0\">Talpa:<\/b> 200 ml.<\/p>\n<\/li>\n<li>\n<p data-path-to-node=\"15,1,0\"><b data-path-to-node=\"15,1,0\" data-index-in-node=\"0\">Med\u017eiaga:<\/b> Biologin\u0117s kilm\u0117s plastikas (atsinaujinantys \u0161altiniai).<\/p>\n<\/li>\n<li>\n<p data-path-to-node=\"15,2,0\"><b data-path-to-node=\"15,2,0\" data-index-in-node=\"0\">Kilm\u0117:<\/b> Pagaminta Vokietijoje.<\/p>\n<\/li>\n<li>\n<p data-path-to-node=\"15,3,0\"><b data-path-to-node=\"15,3,0\" data-index-in-node=\"0\">Savyb\u0117s:<\/b> Be BPA, 100% perdirbamas, galima plauti indaplov\u0117je.<\/p>\n<\/li>\n<li>\n<p data-path-to-node=\"15,4,0\"><b data-path-to-node=\"15,4,0\" data-index-in-node=\"0\">Dangtis:<\/b> \u012etraukta (biologin\u0117s kilm\u0117s, \u0161ilum\u0105 i\u0161laikanti).<\/p>\n<\/li>\n<li>\n<p data-path-to-node=\"15,5,0\"><b data-path-to-node=\"15,5,0\" data-index-in-node=\"0\">Prek\u0117s \u017eenklo parinktys:<\/b> \u0160ilkografija, tamponografija, lazerinis graviravimas.<\/p>\n<\/li>\n<\/ul>\n<h2 data-path-to-node=\"16\">Naudojimo atvejai<\/h2>\n<ul data-path-to-node=\"17\">\n<li>\n<p data-path-to-node=\"17,0,0\"><b data-path-to-node=\"17,0,0\" data-index-in-node=\"0\">Biuro tvarumas:<\/b> Pakeiskite vienkartinius puodelius biuro virtuv\u0117l\u0117je, kad suma\u017eintum\u0117te atliekas ir i\u0161laidas.<\/p>\n<\/li>\n<li>\n<p data-path-to-node=\"17,1,0\"><b data-path-to-node=\"17,1,0\" data-index-in-node=\"0\">Dovanos \u012fmon\u0117ms:<\/b> Prakti\u0161ka, auk\u0161tos kokyb\u0117s dovana darbuotojams ir klientams, atitinkanti KVS tikslus.<\/p>\n<\/li>\n<li>\n<p data-path-to-node=\"17,2,0\"><b data-path-to-node=\"17,2,0\" data-index-in-node=\"0\">Kavin\u0117s ir renginiai:<\/b> Patvarus serviravimo sprendimas konferencijoms ir valgykloms, kurioms reikalingi sudedami, plaunami g\u0117rim\u0173 indai.<\/p>\n<\/li>\n<\/ul>","protected":false},"excerpt":{"rendered":"<ul>\n<li>\n<p data-path-to-node=\"9,0,0\"><b data-path-to-node=\"9,0,0\" data-index-in-node=\"0\">Ekologin\u0117s inovacijos:<\/b> Pagaminta Vokietijoje i\u0161 atsinaujinan\u010di\u0173 biologin\u0117s kilm\u0117s med\u017eiag\u0173, skatinan\u010di\u0173 ekologi\u0161kesn\u012f gyvenimo b\u016bd\u0105.<\/p>\n<\/li>\n<li>\n<p data-path-to-node=\"9,1,0\"><b data-path-to-node=\"9,1,0\" data-index-in-node=\"0\">Puikus dydis ne\u0161iotis:<\/b> 200 ml talpa tinka daugumai standartini\u0173 kavos aparat\u0173; idealiai tinka naudoti biure ir namuose.<\/p>\n<\/li>\n<li>\n<p data-path-to-node=\"9,2,0\"><b data-path-to-node=\"9,2,0\" data-index-in-node=\"0\">I\u0161manus dizainas:<\/b> Turi \u0161ilum\u0105 i\u0161laikant\u012f, nuot\u0117k\u012f ma\u017einant\u012f biologin\u012f dangtel\u012f ir sudedam\u0105 form\u0105, kad b\u016bt\u0173 lengva laikyti.<\/p>\n<\/li>\n<li>\n<p data-path-to-node=\"9,3,0\"><b data-path-to-node=\"9,3,0\" data-index-in-node=\"0\">Saugus ir patvarus:<\/b> Be BPA, 100% perdirbamas ir tinkamas plauti indaplov\u0117je (spausdintus logotipus rekomenduojama plauti rankomis).<\/p>\n<\/li>\n<\/ul>","protected":false},"featured_media":6246,"comment_status":"closed","ping_status":"closed","template":"","meta":[],"product_brand":[],"product_cat":[111],"product_tag":[],"class_list":{"0":"post-6245","1":"product","2":"type-product","3":"status-publish","4":"has-post-thumbnail","6":"product_cat-reusable-event-cups","8":"first","9":"instock","10":"shipping-taxable","11":"purchasable","12":"product-type-simple"},"_links":{"self":[{"href":"https:\/\/displayproducts.eu\/lt\/wp-json\/wp\/v2\/product\/6245","targetHints":{"allow":["GET"]}}],"collection":[{"href":"https:\/\/displayproducts.eu\/lt\/wp-json\/wp\/v2\/product"}],"about":[{"href":"https:\/\/displayproducts.eu\/lt\/wp-json\/wp\/v2\/types\/product"}],"replies":[{"embeddable":true,"href":"https:\/\/displayproducts.eu\/lt\/wp-json\/wp\/v2\/comments?post=6245"}],"wp:featuredmedia":[{"embeddable":true,"href":"https:\/\/displayproducts.eu\/lt\/wp-json\/wp\/v2\/media\/6246"}],"wp:attachment":[{"href":"https:\/\/displayproducts.eu\/lt\/wp-json\/wp\/v2\/media?parent=6245"}],"wp:term":[{"taxonomy":"product_brand","embeddable":true,"href":"https:\/\/displayproducts.eu\/lt\/wp-json\/wp\/v2\/product_brand?post=6245"},{"taxonomy":"product_cat","embeddable":true,"href":"https:\/\/displayproducts.eu\/lt\/wp-json\/wp\/v2\/product_cat?post=6245"},{"taxonomy":"product_tag","embeddable":true,"href":"https:\/\/displayproducts.eu\/lt\/wp-json\/wp\/v2\/product_tag?post=6245"}],"curies":[{"name":"wp","href":"https:\/\/api.w.org\/{rel}","templated":true}]}}