{"id":6242,"date":"2025-12-20T18:48:57","date_gmt":"2025-12-20T15:48:57","guid":{"rendered":"https:\/\/wristbandfactory.eu\/?post_type=product&#038;p=6242"},"modified":"2026-04-01T21:52:34","modified_gmt":"2026-04-01T18:52:34","slug":"custom-made-hooded-wearable-blankets-bespoke-design","status":"publish","type":"product","link":"https:\/\/displayproducts.eu\/lt\/p\/custom-made-hooded-wearable-blankets-bespoke-design\/","title":{"rendered":"Pagal u\u017esakym\u0105 gaminami pledai su gobtuvu"},"content":{"rendered":"<p data-path-to-node=\"10\">Sukurkite i\u0161ties unikali\u0105 \u012fmon\u0117s dovan\u0105 ar ma\u017emenin\u0117s prekybos produkt\u0105 su m\u016bs\u0173 <b data-path-to-node=\"10\" data-index-in-node=\"89\">Pagal u\u017esakym\u0105 pagamintos gobtuvin\u0117s antklod\u0117s<\/b>. \u0160i paslauga leid\u017eia jums per\u017eengti standartini\u0173 sand\u0117lyje esan\u010di\u0173 preki\u0173 apribojimus. Mes si\u016blome visapusi\u0161k\u0105 <b data-path-to-node=\"10\" data-index-in-node=\"226\">\u201cI\u0161kirpk ir susi\u016bk\u201d gamybos sprendimas<\/b>, suteikdami jums visi\u0161k\u0105 galutinio produkto i\u0161vaizdos, poj\u016b\u010dio ir savybi\u0173 kontrol\u0119.<\/p>\n<p data-path-to-node=\"11\">Nesvarbu, ar norite mil\u017eini\u0161ko, didelio d\u017eemperio su gobtuvu \u017eiemos kampanijai, lengvo poncho vasaros festivaliams, ar prabangios \u0161erp\u0173 pamu\u0161alu dekoruotos antklod\u0117s VIP dovanoms, mes pagaminsime visk\u0105 pagal j\u016bs\u0173 specifikacijas. J\u016bs\u0173 dizainas atspausdinamas ant audinio ritin\u0117li\u0173 prie\u0161 pjaustant, u\u017etikrinant vientis\u0105 dizain\u0105. <b data-path-to-node=\"11\" data-index-in-node=\"274\">360 laipsni\u0173 prek\u0117s \u017eenklo patirtis<\/b> be nespausdint\u0173 para\u0161\u010di\u0173.<\/p>\n<h2 data-path-to-node=\"12\">Pagrindin\u0117s savyb\u0117s<\/h2>\n<ul data-path-to-node=\"13\">\n<li>\n<p data-path-to-node=\"13,0,0\"><b data-path-to-node=\"13,0,0\" data-index-in-node=\"0\">Neribota dizaino laisv\u0117:<\/b> M\u016bs\u0173 viso pavir\u0161iaus sublimacin\u0117 spauda rei\u0161kia, kad j\u016bs\u0173 meno k\u016brinys padengia kiekvien\u0105 audinio centimetr\u0105. Puikiai tinka sud\u0117tingiems ra\u0161tams, prek\u0117s \u017eenkl\u0173 talismanams ar fotografij\u0173 dizainui.<\/p>\n<\/li>\n<li>\n<p data-path-to-node=\"13,1,0\"><b data-path-to-node=\"13,1,0\" data-index-in-node=\"0\">Med\u017eiag\u0173 pasirinkimas:<\/b><\/p>\n<ul data-path-to-node=\"13,1,1\">\n<li>\n<p data-path-to-node=\"13,1,1,0,0\"><i data-path-to-node=\"13,1,1,0,0\" data-index-in-node=\"0\">I\u0161orinis sluoksnis:<\/i> Lygus flanelinis flisas (puikiai tinka spausdinimui) arba veli\u016bras.<\/p>\n<\/li>\n<li>\n<p data-path-to-node=\"13,1,1,1,0\"><i data-path-to-node=\"13,1,1,1,0\" data-index-in-node=\"0\">Vidinis pamu\u0161alas:<\/i> Storas baltas \u0161erpas (klasikinis \u0161ilumas), pilkas \u0161erpas arba mikroflisas (lengvesnis).<\/p>\n<\/li>\n<li>\n<p data-path-to-node=\"13,1,1,2,0\"><i data-path-to-node=\"13,1,1,2,0\" data-index-in-node=\"0\">Ekologinis variantas:<\/i> Papra\u0161ius galima \u012fsigyti i\u0161 100% GRS sertifikuoto perdirbto poliesterio.<\/p>\n<\/li>\n<\/ul>\n<\/li>\n<li>\n<p data-path-to-node=\"13,2,0\"><b data-path-to-node=\"13,2,0\" data-index-in-node=\"0\">Individualus dydis:<\/b> Galime pagaminti vaikams, suaugusiems skirtus standartinius ir suaugusiems skirtus didelius (didelius) matmenis.<\/p>\n<\/li>\n<li>\n<p data-path-to-node=\"13,3,0\"><b data-path-to-node=\"13,3,0\" data-index-in-node=\"0\">Paruo\u0161ta priva\u010diai etiketei:<\/b> Galime prisi\u016bti j\u016bs\u0173 firmines kaklo etiketes, prie\u017ei\u016bros etiketes ir netgi suasmeninti u\u017etrauktuk\u0173 ranken\u0117les ar sagas.<\/p>\n<\/li>\n<\/ul>\n<h2 data-path-to-node=\"14\">Specifikacijos<\/h2>\n<ul data-path-to-node=\"15\">\n<li>\n<p data-path-to-node=\"15,0,0\"><b data-path-to-node=\"15,0,0\" data-index-in-node=\"0\">Gamybos tipas:<\/b> Gaminama pagal u\u017esakym\u0105 (OEM\/ODM).<\/p>\n<\/li>\n<li>\n<p data-path-to-node=\"15,1,0\"><b data-path-to-node=\"15,1,0\" data-index-in-node=\"0\">Standartinis audinio svoris:<\/b> 200 g\/m\u00b2 flanelinis + 230 g\/m\u00b2 \u0161erp\u0173 audinys (pritaikomas).<\/p>\n<\/li>\n<li>\n<p data-path-to-node=\"15,2,0\"><b data-path-to-node=\"15,2,0\" data-index-in-node=\"0\">Spausdinimo b\u016bdas:<\/b> Pilnaspalv\u0117 da\u017e\u0173 sublimacija (CMYK).<\/p>\n<\/li>\n<li>\n<p data-path-to-node=\"15,3,0\"><b data-path-to-node=\"15,3,0\" data-index-in-node=\"0\">Standartinis dydis:<\/b> 100 x 80 cm (d\u0117vimo d\u017eemperio su gobtuvu stilius) \u2013 <i data-path-to-node=\"15,3,0\" data-index-in-node=\"53\">Galimi individual\u016bs dyd\u017eiai.<\/i><\/p>\n<\/li>\n<li>\n<p data-path-to-node=\"15,4,0\"><b data-path-to-node=\"15,4,0\" data-index-in-node=\"0\">Savyb\u0117s:<\/b> Gobtuvas, keng\u016bros ki\u0161en\u0117, elastingi rankogaliai.<\/p>\n<\/li>\n<li>\n<p data-path-to-node=\"15,5,0\"><b data-path-to-node=\"15,5,0\" data-index-in-node=\"0\">Pakuot\u0117:<\/b> Vakuumin\u0117 pakuot\u0117 efektyviam siuntimui arba individualioms dovan\u0173 d\u0117\u017eut\u0117ms.<\/p>\n<\/li>\n<\/ul>","protected":false},"excerpt":{"rendered":"<ul>\n<li>\n<p data-path-to-node=\"9,0,0\"><b data-path-to-node=\"9,0,0\" data-index-in-node=\"0\">100% Pilnai pritaikomas:<\/b> Skirtingai nuo sand\u0117lyje esan\u010di\u0173 preki\u0173, \u0161is produktas gaminamas nuo nulio, tod\u0117l galima spausdinti nuo kra\u0161to iki kra\u0161to ir pritaikyti individual\u0173 \u201ePantone\u201c spalv\u0173 derin\u012f.<\/p>\n<\/li>\n<li>\n<p data-path-to-node=\"9,1,0\"><b data-path-to-node=\"9,1,0\" data-index-in-node=\"0\">Auk\u0161\u010diausios kokyb\u0117s med\u017eiag\u0173 parinktys:<\/b> Rinkit\u0117s i\u0161 puraus \u0161erp\u0173 pamu\u0161alo, mink\u0161tos mikrofliso arba ekologi\u0161ko GRS perdirbto poliesterio derinio.<\/p>\n<\/li>\n<li>\n<p data-path-to-node=\"9,2,0\"><b data-path-to-node=\"9,2,0\" data-index-in-node=\"0\">Visapusi\u0161kas prek\u0117s \u017eenklo k\u016brimas:<\/b> Ry\u0161kiai fotorealistinei sublimacinei spaudai i\u0161naudokite vis\u0105 antklod\u0117s pavir\u0161i\u0173 \u2013 priek\u012f, nugar\u0105, gobtuv\u0105 ir rankoves.<\/p>\n<\/li>\n<li>\n<p data-path-to-node=\"9,3,0\"><b data-path-to-node=\"9,3,0\" data-index-in-node=\"0\">Pritaikytos funkcijos:<\/b> Tinkinkite tokias detales kaip ki\u0161eni\u0173 forma, rankogali\u0173 spalvos ir prid\u0117kite priva\u010di\u0173 etike\u010di\u0173 ar siuvin\u0117t\u0173 lop\u0173.<\/p>\n<\/li>\n<\/ul>","protected":false},"featured_media":6244,"comment_status":"closed","ping_status":"closed","template":"","meta":[],"product_brand":[],"product_cat":[129],"product_tag":[],"class_list":{"0":"post-6242","1":"product","2":"type-product","3":"status-publish","4":"has-post-thumbnail","6":"product_cat-leisure-lifestyle","8":"first","9":"instock","10":"shipping-taxable","11":"product-type-simple"},"_links":{"self":[{"href":"https:\/\/displayproducts.eu\/lt\/wp-json\/wp\/v2\/product\/6242","targetHints":{"allow":["GET"]}}],"collection":[{"href":"https:\/\/displayproducts.eu\/lt\/wp-json\/wp\/v2\/product"}],"about":[{"href":"https:\/\/displayproducts.eu\/lt\/wp-json\/wp\/v2\/types\/product"}],"replies":[{"embeddable":true,"href":"https:\/\/displayproducts.eu\/lt\/wp-json\/wp\/v2\/comments?post=6242"}],"wp:featuredmedia":[{"embeddable":true,"href":"https:\/\/displayproducts.eu\/lt\/wp-json\/wp\/v2\/media\/6244"}],"wp:attachment":[{"href":"https:\/\/displayproducts.eu\/lt\/wp-json\/wp\/v2\/media?parent=6242"}],"wp:term":[{"taxonomy":"product_brand","embeddable":true,"href":"https:\/\/displayproducts.eu\/lt\/wp-json\/wp\/v2\/product_brand?post=6242"},{"taxonomy":"product_cat","embeddable":true,"href":"https:\/\/displayproducts.eu\/lt\/wp-json\/wp\/v2\/product_cat?post=6242"},{"taxonomy":"product_tag","embeddable":true,"href":"https:\/\/displayproducts.eu\/lt\/wp-json\/wp\/v2\/product_tag?post=6242"}],"curies":[{"name":"wp","href":"https:\/\/api.w.org\/{rel}","templated":true}]}}