{"id":6239,"date":"2025-12-20T18:40:33","date_gmt":"2025-12-20T15:40:33","guid":{"rendered":"https:\/\/wristbandfactory.eu\/?post_type=product&#038;p=6239"},"modified":"2026-04-01T21:52:34","modified_gmt":"2026-04-01T18:52:34","slug":"custom-laser-engraved-portable-ashtrays-zinc-alloy-with-carabiner","status":"publish","type":"product","link":"https:\/\/displayproducts.eu\/lt\/p\/custom-laser-engraved-portable-ashtrays-zinc-alloy-with-carabiner\/","title":{"rendered":"Ki\u0161enin\u0117s pelenin\u0117s su logotipu"},"content":{"rendered":"<p data-path-to-node=\"10\">Sujunkite stili\u0173, funkcionalum\u0105 ir aplinkosaugin\u0119 atsakomyb\u0119 su m\u016bs\u0173 <b data-path-to-node=\"10\" data-index-in-node=\"97\">Ne\u0161iojamos pelenin\u0117s su lazeriu graviravimu pagal u\u017esakym\u0105<\/b>. Sukurtas \u0161iuolaikiniam profesionalui, \u0161is aksesuaras si\u016blo diskreti\u0161k\u0105 ir eleganti\u0161k\u0105 b\u016bd\u0105 susitvarkyti su pelenais ir cigare\u010di\u0173 nuor\u016bkomis kelyje. Nesvarbu, ar tai verslo vadovas, ar lauko pramog\u0173 entuziastas, ar kaip apgalvota \u012fmon\u0117s dovana, \u0161i cinko lydinio pelenin\u0117 yra kokyb\u0117s \u012frodymas.<\/p>\n<p data-path-to-node=\"11\">Eleganti\u0161kas <b data-path-to-node=\"11\" data-index-in-node=\"10\">Cinko lydinio konstrukcija<\/b> ne tik suteikia modern\u0173, blizgant\u012f sidabrin\u012f estetin\u012f vaizd\u0105, bet ir u\u017etikrina ilgaam\u017ei\u0161kum\u0105. Jis atsparus r\u016bdims ir dilimui, laikui b\u0117gant i\u0161laikant savo poliruot\u0105 i\u0161vaizd\u0105. Kompakti\u0161kas sta\u010diakampis dizainas turi saug\u0173 u\u017edarymo mechanizm\u0105, kuris sulaiko kvapus ir pelenus viduje, tod\u0117l j\u012f saugu ne\u0161iotis ki\u0161en\u0117je ar krep\u0161yje.<\/p>\n<h2 data-path-to-node=\"12\">Pagrindin\u0117s savyb\u0117s<\/h2>\n<ul data-path-to-node=\"13\">\n<li>\n<p data-path-to-node=\"13,0,0\"><b data-path-to-node=\"13,0,0\" data-index-in-node=\"0\">Sukurtas ilgam laikui:<\/b> Cinko lydinys yra \u017eymiai patvaresnis nei plastiko ar aliuminio alternatyvos, tod\u0117l gaminys yra lengvesnis ir atrodo prabangiau.<\/p>\n<\/li>\n<li>\n<p data-path-to-node=\"13,1,0\"><b data-path-to-node=\"13,1,0\" data-index-in-node=\"0\">Lazerio tikslumas:<\/b> J\u016bs\u0173 logotip\u0105 ant metalinio pavir\u0161iaus i\u0161graviruojame lazeriniu graviravimu. \u0160i technika sukuria ai\u0161k\u0173, ilgalaik\u012f \u017eym\u0117jim\u0105, kuris nenusitrins kaip spausdintas ra\u0161alas.<\/p>\n<\/li>\n<li>\n<p data-path-to-node=\"13,2,0\"><b data-path-to-node=\"13,2,0\" data-index-in-node=\"0\">Ne\u0161iojamas patogumas:<\/b> \u012erengtas karabinas (kablys), leid\u017eiantis vartotojams pritvirtinti j\u012f prie dir\u017eo kilp\u0173, kuprini\u0173 ar rakt\u0173 pakabuk\u0173, kad b\u016bt\u0173 lengva pasiekti.<\/p>\n<\/li>\n<li>\n<p data-path-to-node=\"13,3,0\"><b data-path-to-node=\"13,3,0\" data-index-in-node=\"0\">Higiena ir saugumas:<\/b> Sandariai u\u017esandarinantis dangtis neleid\u017eia pelenams i\u0161silieti ir sulaiko kvapus, tod\u0117l ki\u0161en\u0117s ir krep\u0161iai i\u0161lieka \u0161var\u016bs.<\/p>\n<\/li>\n<\/ul>\n<h2 data-path-to-node=\"14\">Specifikacijos<\/h2>\n<ul data-path-to-node=\"15\">\n<li>\n<p data-path-to-node=\"15,0,0\"><b data-path-to-node=\"15,0,0\" data-index-in-node=\"0\">Med\u017eiaga:<\/b> Auk\u0161tos kokyb\u0117s cinko lydinys.<\/p>\n<\/li>\n<li>\n<p data-path-to-node=\"15,1,0\"><b data-path-to-node=\"15,1,0\" data-index-in-node=\"0\">Apdaila:<\/b> Blizgantis sidabras \/ poliruotas.<\/p>\n<\/li>\n<li>\n<p data-path-to-node=\"15,2,0\"><b data-path-to-node=\"15,2,0\" data-index-in-node=\"0\">Matmenys:<\/b> 85 \u00d7 32 \u00d7 17 mm.<\/p>\n<\/li>\n<li>\n<p data-path-to-node=\"15,3,0\"><b data-path-to-node=\"15,3,0\" data-index-in-node=\"0\">Prek\u0117s \u017eenklo k\u016brimo metodas:<\/b> Lazerinis graviravimas (viena pus\u0117).<\/p>\n<\/li>\n<li>\n<p data-path-to-node=\"15,4,0\"><b data-path-to-node=\"15,4,0\" data-index-in-node=\"0\">Pakuot\u0117:<\/b> Pristatoma apsauginiame mai\u0161elyje\/mai\u0161elyje, paruo\u0161ta dovanoti.<\/p>\n<\/li>\n<li>\n<p data-path-to-node=\"15,5,0\"><b data-path-to-node=\"15,5,0\" data-index-in-node=\"0\">Savyb\u0117s:<\/b> Integruotas karabino segtukas.<\/p>\n<\/li>\n<\/ul>\n<h2 data-path-to-node=\"16\">Naudojimo atvejai<\/h2>\n<ul data-path-to-node=\"17\">\n<li>\n<p data-path-to-node=\"17,0,0\"><b data-path-to-node=\"17,0,0\" data-index-in-node=\"0\">Dovanos \u012fmon\u0117ms:<\/b> Eleganti\u0161ka dovana klientams ir partneriams, vertinantiems prakti\u0161kus, prabangius aksesuarus.<\/p>\n<\/li>\n<li>\n<p data-path-to-node=\"17,1,0\"><b data-path-to-node=\"17,1,0\" data-index-in-node=\"0\">Lauko renginiai:<\/b> B\u016btinas festivaliams, golfo turnyrams ir lauko rengini\u0173 vietoms, kad teritorija b\u016bt\u0173 \u0161vari.<\/p>\n<\/li>\n<li>\n<p data-path-to-node=\"17,2,0\"><b data-path-to-node=\"17,2,0\" data-index-in-node=\"0\">Svetingumas:<\/b> R\u016bkomosiose zonose vie\u0161bu\u010dio sve\u010diams ar restorano lankytojams si\u016blykite firmines ne\u0161iojamas pelenines.<\/p>\n<\/li>\n<\/ul>\n<p data-path-to-node=\"18\">","protected":false},"excerpt":{"rendered":"<ul>\n<li>\n<p data-path-to-node=\"9,0,0\"><b data-path-to-node=\"9,0,0\" data-index-in-node=\"0\">Auk\u0161\u010diausios kokyb\u0117s med\u017eiaga:<\/b> Pagaminta i\u0161 auk\u0161tos kokyb\u0117s cinko lydinio su blizgia sidabro apdaila, pasi\u017eymin\u010dia atsparumu r\u016bdijimui ir dilimui.<\/p>\n<\/li>\n<li>\n<p data-path-to-node=\"9,1,0\"><b data-path-to-node=\"9,1,0\" data-index-in-node=\"0\">Kompakti\u0161kas ir ne\u0161iojamas:<\/b> 85 \u00d7 32 \u00d7 17 mm dyd\u017eio, jis lengvai telpa ki\u0161en\u0117se ar krep\u0161iuose arba karabinu prisegamas prie \u012frangos.<\/p>\n<\/li>\n<li>\n<p data-path-to-node=\"9,2,0\"><b data-path-to-node=\"9,2,0\" data-index-in-node=\"0\">Sud\u0117tingas prek\u0117s \u017eenklo k\u016brimas:<\/b> J\u016bs\u0173 logotipas yra graviruojamas lazeriu \u0161one, kad b\u016bt\u0173 ilgalaikis, subtilus ir profesionalus.<\/p>\n<\/li>\n<li>\n<p data-path-to-node=\"9,3,0\"><b data-path-to-node=\"9,3,0\" data-index-in-node=\"0\">Ekologi\u0161kas sprendimas:<\/b> Skatina atsaking\u0105 cigare\u010di\u0173 atliek\u0173 \u0161alinim\u0105, puikiai tinka lauko renginiams ir ekologi\u0161koms iniciatyvoms.<\/p>\n<\/li>\n<\/ul>","protected":false},"featured_media":6240,"comment_status":"closed","ping_status":"closed","template":"","meta":[],"product_brand":[],"product_cat":[68,121],"product_tag":[],"class_list":{"0":"post-6239","1":"product","2":"type-product","3":"status-publish","4":"has-post-thumbnail","6":"product_cat-event-supplies","7":"product_cat-promotional-merchandise","9":"first","10":"instock","11":"shipping-taxable","12":"purchasable","13":"product-type-simple"},"_links":{"self":[{"href":"https:\/\/displayproducts.eu\/lt\/wp-json\/wp\/v2\/product\/6239","targetHints":{"allow":["GET"]}}],"collection":[{"href":"https:\/\/displayproducts.eu\/lt\/wp-json\/wp\/v2\/product"}],"about":[{"href":"https:\/\/displayproducts.eu\/lt\/wp-json\/wp\/v2\/types\/product"}],"replies":[{"embeddable":true,"href":"https:\/\/displayproducts.eu\/lt\/wp-json\/wp\/v2\/comments?post=6239"}],"wp:featuredmedia":[{"embeddable":true,"href":"https:\/\/displayproducts.eu\/lt\/wp-json\/wp\/v2\/media\/6240"}],"wp:attachment":[{"href":"https:\/\/displayproducts.eu\/lt\/wp-json\/wp\/v2\/media?parent=6239"}],"wp:term":[{"taxonomy":"product_brand","embeddable":true,"href":"https:\/\/displayproducts.eu\/lt\/wp-json\/wp\/v2\/product_brand?post=6239"},{"taxonomy":"product_cat","embeddable":true,"href":"https:\/\/displayproducts.eu\/lt\/wp-json\/wp\/v2\/product_cat?post=6239"},{"taxonomy":"product_tag","embeddable":true,"href":"https:\/\/displayproducts.eu\/lt\/wp-json\/wp\/v2\/product_tag?post=6239"}],"curies":[{"name":"wp","href":"https:\/\/api.w.org\/{rel}","templated":true}]}}