{"id":6237,"date":"2025-12-20T18:34:37","date_gmt":"2025-12-20T15:34:37","guid":{"rendered":"https:\/\/wristbandfactory.eu\/?post_type=product&#038;p=6237"},"modified":"2026-04-01T21:52:03","modified_gmt":"2026-04-01T18:52:03","slug":"velvet-presentation-boxes-for-badges-jewelry-custom-printable","status":"publish","type":"product","link":"https:\/\/displayproducts.eu\/lt\/p\/velvet-presentation-boxes-for-badges-jewelry-custom-printable\/","title":{"rendered":"Aksomin\u0117s d\u0117\u017eut\u0117s \u017eenkliukams ir papuo\u0161alams"},"content":{"rendered":"<p data-path-to-node=\"10\">Paprast\u0105 reklamin\u012f daikt\u0105 paverskite branginamu suvenyru su m\u016bs\u0173... <b data-path-to-node=\"10\" data-index-in-node=\"96\">Aksomin\u0117s pristatymo d\u0117\u017eut\u0117s<\/b>. \u0160ios d\u0117\u017eut\u0117s, skirtos ma\u017emenininkams, juvelyrini\u0173 dirbini\u0173 parduotuv\u0117ms ir \u012fmoni\u0173 rengini\u0173 organizatoriams, u\u017etikrina geriausi\u0105 apsaug\u0105 ir puiki\u0105 \u017eenkliuk\u0173, atlapo segtuk\u0173 ir smulki\u0173 aksesuar\u0173 pateikim\u0105.<\/p>\n<p data-path-to-node=\"11\">Skirtingai nuo standartini\u0173 plastikini\u0173 ar popierini\u0173 pakuo\u010di\u0173, sodri aksomo tekst\u016bra i\u0161 karto perteikia prabang\u0105 ir presti\u017e\u0105. Nesvarbu, ar \u012fteikiate apdovanojim\u0105 u\u017e paslaugas, parduodate prabangias s\u0105sagas, ar dalijate atminimo \u017eenkliukus, m\u016bs\u0173 dyd\u017ei\u0173 ir spalv\u0173 asortimentas u\u017etikrina, kad j\u016bs\u0173 konkre\u010diam daiktui puikiai tiks.<\/p>\n<h2 data-path-to-node=\"12\">Pagrindin\u0117s savyb\u0117s<\/h2>\n<ul data-path-to-node=\"13\">\n<li>\n<p data-path-to-node=\"13,0,0\"><b data-path-to-node=\"13,0,0\" data-index-in-node=\"0\">Prabangi estetika:<\/b> Klasikinis aksominis i\u0161orinis pavir\u0161ius (raudonos, m\u0117lynos, \u017ealios, juodos ir bordo spalv\u0173) pakei\u010dia vienkartines pakuotes daugkartinio naudojimo, demonstravimui tinkama d\u0117\u017eute.<\/p>\n<\/li>\n<li>\n<p data-path-to-node=\"13,1,0\"><b data-path-to-node=\"13,1,0\" data-index-in-node=\"0\">Individualiai pritaikyta apsauga:<\/b> Kiekvieno tipo d\u0117\u017eut\u0117je yra \u012fd\u0117klas, skirtas konkretiems daiktams \u2013 nuo <b data-path-to-node=\"13,1,0\" data-index-in-node=\"87\">auskar\u0173 v\u0117rimo pagalv\u0117l\u0117s<\/b> auskarams su \u012fsmeig\u0117mis ir segtukams <b data-path-to-node=\"13,1,0\" data-index-in-node=\"131\">auksiniai kabliukai<\/b> u\u017e medali\u0173 kabinim\u0105.<\/p>\n<\/li>\n<li>\n<p data-path-to-node=\"13,2,0\"><b data-path-to-node=\"13,2,0\" data-index-in-node=\"0\">Paruo\u0161ta ma\u017emeninei prekybai ir renginiams:<\/b> Idealiai tinka prek\u0117ms eksponuoti juvelyrikos ekspozicijose arba oficialiems apdovanojimams \u012fteikti ceremonij\u0173 metu.<\/p>\n<\/li>\n<li>\n<p data-path-to-node=\"13,3,0\"><b data-path-to-node=\"13,3,0\" data-index-in-node=\"0\">Pritaikymas:<\/b> Galime pritaikyti individuali\u0105 spaud\u0105 ant pasirinkt\u0173 modeli\u0173 dangteli\u0173, paversdami pakuot\u0119 firmine rinkodaros priemone.<\/p>\n<\/li>\n<\/ul>\n<h2 data-path-to-node=\"14\">Specifikacijos<\/h2>\n<table data-path-to-node=\"15\">\n<thead>\n<tr>\n<td><strong>Modelio tipas<\/strong><\/td>\n<td><strong>Matmenys<\/strong><\/td>\n<td><strong>Galimos spalvos<\/strong><\/td>\n<td><strong>Vidinis pamu\u0161alas<\/strong><\/td>\n<\/tr>\n<\/thead>\n<tbody>\n<tr>\n<td><span data-path-to-node=\"15,1,0,0\"><b data-path-to-node=\"15,1,0,0\" data-index-in-node=\"0\">Standartin\u0117 \u017eenkleli\u0173 d\u0117\u017eut\u0117<\/b><\/span><\/td>\n<td><span data-path-to-node=\"15,1,1,0\">54 \u00d7 57 \u00d7 34 mm<\/span><\/td>\n<td><span data-path-to-node=\"15,1,2,0\">Raudona, tamsiai m\u0117lyna, \u017ealia, juoda<\/span><\/td>\n<td><span data-path-to-node=\"15,1,3,0\">Aksominis padas + auksinis kabliukas<\/span><\/td>\n<\/tr>\n<tr>\n<td><span data-path-to-node=\"15,2,0,0\"><b data-path-to-node=\"15,2,0,0\" data-index-in-node=\"0\">Ma\u017ea \u017eenkleli\u0173 d\u0117\u017eut\u0117<\/b><\/span><\/td>\n<td><span data-path-to-node=\"15,2,1,0\">45 \u00d7 51 \u00d7 24 mm<\/span><\/td>\n<td><span data-path-to-node=\"15,2,2,0\">Raudona, tamsiai m\u0117lyna<\/span><\/td>\n<td><span data-path-to-node=\"15,2,3,0\">Kartoninis auskar\u0173 v\u0117rimo padas<\/span><\/td>\n<\/tr>\n<tr>\n<td><span data-path-to-node=\"15,3,0,0\"><b data-path-to-node=\"15,3,0,0\" data-index-in-node=\"0\">Vidutinio dyd\u017eio \u017eenkleli\u0173 d\u0117\u017eut\u0117<\/b><\/span><\/td>\n<td><span data-path-to-node=\"15,3,1,0\">60 \u00d7 75 \u00d7 31 mm<\/span><\/td>\n<td><span data-path-to-node=\"15,3,2,0\">Raudona, \u017ealia, tamsiai m\u0117lyna, bordo<\/span><\/td>\n<td><span data-path-to-node=\"15,3,3,0\">Aksominis auskar\u0173 v\u0117rimo pagalv\u0117l\u0117<\/span><\/td>\n<\/tr>\n<tr>\n<td><span data-path-to-node=\"15,4,0,0\"><b data-path-to-node=\"15,4,0,0\" data-index-in-node=\"0\">Apvali papuo\u0161al\u0173 d\u0117\u017eut\u0117<\/b><\/span><\/td>\n<td><span data-path-to-node=\"15,4,1,0\">57 \u00d7 51 \u00d7 39 mm<\/span><\/td>\n<td><span data-path-to-node=\"15,4,2,0\">Raudona, tamsiai m\u0117lyna, \u017ealia, juoda<\/span><\/td>\n<td><span data-path-to-node=\"15,4,3,0\">Aksominis padas su ply\u0161iu<\/span><\/td>\n<\/tr>\n<tr>\n<td><span data-path-to-node=\"15,5,0,0\"><b data-path-to-node=\"15,5,0,0\" data-index-in-node=\"0\">Kaklarai\u0161\u010di\u0173 segtuk\u0173 d\u0117\u017eut\u0117<\/b><\/span><\/td>\n<td><span data-path-to-node=\"15,5,1,0\">89 \u00d7 41 \u00d7 29 mm<\/span><\/td>\n<td><span data-path-to-node=\"15,5,2,0\">Raudona, \u017ealia, tamsiai m\u0117lyna<\/span><\/td>\n<td><span data-path-to-node=\"15,5,3,0\">Aksominis padas su ply\u0161iu<\/span><\/td>\n<\/tr>\n<tr>\n<td><span data-path-to-node=\"15,6,0,0\"><b data-path-to-node=\"15,6,0,0\" data-index-in-node=\"0\">Skaidri dang\u010dio d\u0117\u017eut\u0117<\/b><\/span><\/td>\n<td><span data-path-to-node=\"15,6,1,0\">74 \u00d7 50 \u00d7 38 mm<\/span><\/td>\n<td><span data-path-to-node=\"15,6,2,0\">Raudona<\/span><\/td>\n<td><span data-path-to-node=\"15,6,3,0\">Aksominis padas su ply\u0161iu<\/span><\/td>\n<\/tr>\n<\/tbody>\n<\/table>\n<h2 data-path-to-node=\"16\">Naudojimo atvejai<\/h2>\n<ul data-path-to-node=\"17\">\n<li>\n<p data-path-to-node=\"17,0,0\"><b data-path-to-node=\"17,0,0\" data-index-in-node=\"0\">\u012emoni\u0173 apdovanojimai:<\/b> Standartas, pagal kur\u012f darbuotojams \u012fteikiami \u201cTarnybos met\u0173\u201d \u017eenkleliai arba nuopeln\u0173 \u017eenkleliai.<\/p>\n<\/li>\n<li>\n<p data-path-to-node=\"17,1,0\"><b data-path-to-node=\"17,1,0\" data-index-in-node=\"0\">Papuo\u0161al\u0173 ma\u017emenin\u0117 prekyba:<\/b> Pagerinkite \u017eied\u0173, auskar\u0173 ir kaklarai\u0161\u010di\u0173 segtuk\u0173 i\u0161pakavimo patirt\u012f.<\/p>\n<\/li>\n<li>\n<p data-path-to-node=\"17,2,0\"><b data-path-to-node=\"17,2,0\" data-index-in-node=\"0\">Kariuomen\u0117 ir vyriausyb\u0117:<\/b> Oficiali\u0173 skiriam\u0173j\u0173 \u017eenkl\u0173 ir medali\u0173 \u012fteikimo d\u0117klai.<\/p>\n<\/li>\n<\/ul>","protected":false},"excerpt":{"rendered":"<ul>\n<li>\n<p data-path-to-node=\"9,0,0\"><b data-path-to-node=\"9,0,0\" data-index-in-node=\"0\">Auk\u0161\u010diausios kokyb\u0117s aksomin\u0117 apdaila:<\/b> Mink\u0161tas i\u0161orinis pavir\u0161ius, kuris padidina bet kokio apdovanojimo, \u017eenkliuko ar papuo\u0161alo suvokiam\u0105 vert\u0119.<\/p>\n<\/li>\n<li>\n<p data-path-to-node=\"9,1,0\"><b data-path-to-node=\"9,1,0\" data-index-in-node=\"0\">Saug\u016bs \u012fd\u0117klai:<\/b> Turi specialius pamu\u0161alus, \u012fskaitant auskar\u0173 v\u0117rimo pagalv\u0117les segtukams ir auksinius kabliukus medaliams.<\/p>\n<\/li>\n<li>\n<p data-path-to-node=\"9,2,0\"><b data-path-to-node=\"9,2,0\" data-index-in-node=\"0\">Universalus asortimentas:<\/b> Special\u016bs modeliai skirti atlapo segtukams, kaklarai\u0161\u010di\u0173 segtukams, s\u0105sagoms ir \u017eiedams.<\/p>\n<\/li>\n<li>\n<p data-path-to-node=\"9,3,0\"><b data-path-to-node=\"9,3,0\" data-index-in-node=\"0\">Individualus prek\u0117s \u017eenklo k\u016brimas:<\/b> Pasirinktuose modeliuose galima atspausdinti logotip\u0105 tiesiai ant dangtelio, kad b\u016bt\u0173 sukurtas visas \u012fmon\u0117s identitetas.<\/p>\n<\/li>\n<\/ul>","protected":false},"featured_media":6238,"comment_status":"closed","ping_status":"closed","template":"","meta":[],"product_brand":[],"product_cat":[79,121],"product_tag":[],"class_list":{"0":"post-6237","1":"product","2":"type-product","3":"status-publish","4":"has-post-thumbnail","6":"product_cat-awards","7":"product_cat-promotional-merchandise","9":"first","10":"instock","11":"shipping-taxable","12":"purchasable","13":"product-type-simple"},"_links":{"self":[{"href":"https:\/\/displayproducts.eu\/lt\/wp-json\/wp\/v2\/product\/6237","targetHints":{"allow":["GET"]}}],"collection":[{"href":"https:\/\/displayproducts.eu\/lt\/wp-json\/wp\/v2\/product"}],"about":[{"href":"https:\/\/displayproducts.eu\/lt\/wp-json\/wp\/v2\/types\/product"}],"replies":[{"embeddable":true,"href":"https:\/\/displayproducts.eu\/lt\/wp-json\/wp\/v2\/comments?post=6237"}],"wp:featuredmedia":[{"embeddable":true,"href":"https:\/\/displayproducts.eu\/lt\/wp-json\/wp\/v2\/media\/6238"}],"wp:attachment":[{"href":"https:\/\/displayproducts.eu\/lt\/wp-json\/wp\/v2\/media?parent=6237"}],"wp:term":[{"taxonomy":"product_brand","embeddable":true,"href":"https:\/\/displayproducts.eu\/lt\/wp-json\/wp\/v2\/product_brand?post=6237"},{"taxonomy":"product_cat","embeddable":true,"href":"https:\/\/displayproducts.eu\/lt\/wp-json\/wp\/v2\/product_cat?post=6237"},{"taxonomy":"product_tag","embeddable":true,"href":"https:\/\/displayproducts.eu\/lt\/wp-json\/wp\/v2\/product_tag?post=6237"}],"curies":[{"name":"wp","href":"https:\/\/api.w.org\/{rel}","templated":true}]}}