{"id":6234,"date":"2025-12-20T18:28:29","date_gmt":"2025-12-20T15:28:29","guid":{"rendered":"https:\/\/wristbandfactory.eu\/?post_type=product&#038;p=6234"},"modified":"2026-04-01T21:52:34","modified_gmt":"2026-04-01T18:52:34","slug":"custom-3d-printed-cookie-cutters-gingerbread-molds-logo-shape","status":"publish","type":"product","link":"https:\/\/displayproducts.eu\/lt\/p\/custom-3d-printed-cookie-cutters-gingerbread-molds-logo-shape\/","title":{"rendered":"Sausaini\u0173 formel\u0117s su logotipu (3D)"},"content":{"rendered":"<p data-path-to-node=\"10\">\u012ene\u0161kite savo prek\u0117s \u017eenklo skon\u012f \u012f kiekvieno kliento virtuv\u0119 su m\u016bs\u0173 <b data-path-to-node=\"10\" data-index-in-node=\"88\">Individual\u016bs 3D spausdinti sausaini\u0173 formeliai<\/b>. Nesvarbu, ar tai kal\u0117diniai meduoliai, sviestiniai sausainiai ar cukriniai sausainiai, \u0161ios pagal u\u017esakym\u0105 pagamintos formel\u0117s kepimo sesij\u0105 paver\u010dia prek\u0117s \u017eenklo patirtimi. Skirtingai nuo standartini\u0173 metalini\u0173 pjaustytuv\u0173, m\u016bs\u0173 3D spausdinimo technologija leid\u017eia mums sukurti <b data-path-to-node=\"10\" data-index-in-node=\"332\">bet kokia \u012fsivaizduojama forma<\/b>\u2013 nuo tikslaus j\u016bs\u0173 \u012fmon\u0117s logotipo iki konkretaus produkto silueto.<\/p>\n<p data-path-to-node=\"11\">\u0160ie pjaustytuvai, pagaminti naudojant didel\u0117s rai\u0161kos 3D spausdinimo technologij\u0105, yra tvirti ir tiksl\u016bs. Ypating\u0105 d\u0117mes\u012f skiriame pjovimo briaunai, u\u017etikrindami, kad ji b\u016bt\u0173 pakankamai a\u0161tri, kad b\u016bt\u0173 galima \u0161variai pjaustyti te\u0161l\u0105, o vir\u0161utinis kra\u0161tas b\u016bt\u0173 saugus ir patogus. Galima \u012fsigyti \u0161ventini\u0173 spalv\u0173, toki\u0173 kaip raudona, \u017ealia ir m\u0117lyna, kad atitikt\u0173 \u0161ventin\u0119 dvasi\u0105 ar j\u016bs\u0173 \u012fmon\u0117s stili\u0173.<\/p>\n<h2 data-path-to-node=\"12\">Pagrindin\u0117s savyb\u0117s<\/h2>\n<ul data-path-to-node=\"13\">\n<li>\n<p data-path-to-node=\"13,0,0\"><b data-path-to-node=\"13,0,0\" data-index-in-node=\"0\">Prek\u0117s \u017eenklui tinkamas dizainas:<\/b> \u010cia n\u0117ra joki\u0173 \u201cstandartini\u0173 form\u0173\u201d. Kiekvienas pjaustytuvas yra specialiai jums modeliuojamas, kad atitikt\u0173 j\u016bs\u0173 logotip\u0105 ar kampanijos tem\u0105.<\/p>\n<\/li>\n<li>\n<p data-path-to-node=\"13,1,0\"><b data-path-to-node=\"13,1,0\" data-index-in-node=\"0\">Biologin\u0117s kilm\u0117s med\u017eiaga:<\/b> Pagaminta i\u0161 <b data-path-to-node=\"13,1,0\" data-index-in-node=\"30\">Maistui saugus PLA<\/b> (Polilaktin\u0117 r\u016bg\u0161tis) \u2013 i\u0161 kukur\u016bz\u0173 krakmolo arba cukranendri\u0173 gaunamas bioplastikas, tod\u0117l tai yra aplinkai nekenksmingas pasirinkimas.<\/p>\n<\/li>\n<li>\n<p data-path-to-node=\"13,2,0\"><b data-path-to-node=\"13,2,0\" data-index-in-node=\"0\">Optimizuota geometrija:<\/b> Turi sustiprint\u0105 kra\u0161t\u0105 patvarumui ir siaur\u0117jant\u012f pjovimo kra\u0161t\u0105, kad te\u0161la b\u016bt\u0173 lengvai i\u0161imama.<\/p>\n<\/li>\n<li>\n<p data-path-to-node=\"13,3,0\"><b data-path-to-node=\"13,3,0\" data-index-in-node=\"0\">Ry\u0161kios spalvos:<\/b> Galima rinktis i\u0161 \u012fvairi\u0173 spalv\u0173, kad \u012frankis b\u016bt\u0173 vizualiai patrauklus kaip dovana.<\/p>\n<\/li>\n<\/ul>\n<h2 data-path-to-node=\"14\">Specifikacijos<\/h2>\n<ul data-path-to-node=\"15\">\n<li>\n<p data-path-to-node=\"15,0,0\"><b data-path-to-node=\"15,0,0\" data-index-in-node=\"0\">Med\u017eiaga:<\/b> Maistui saugus PLA plastikas (biologi\u0161kai skaidus).<\/p>\n<\/li>\n<li>\n<p data-path-to-node=\"15,1,0\"><b data-path-to-node=\"15,1,0\" data-index-in-node=\"0\">Gamybos b\u016bdas:<\/b> Didel\u0117s rai\u0161kos FDM 3D spausdinimas (70\u2013200 mikron\u0173).<\/p>\n<\/li>\n<li>\n<p data-path-to-node=\"15,2,0\"><b data-path-to-node=\"15,2,0\" data-index-in-node=\"0\">Standartinis gylis:<\/b> 1,27 cm (0,5 colio) \u2013 idealiai tinka standartinei i\u0161ko\u010diotai te\u0161lai. <i data-path-to-node=\"15,2,0\" data-index-in-node=\"72\">Galimi pasirinktiniai gyliai.<\/i><\/p>\n<\/li>\n<li>\n<p data-path-to-node=\"15,3,0\"><b data-path-to-node=\"15,3,0\" data-index-in-node=\"0\">Dydis:<\/b> Pasirinktinis (pritaikytas dizainui). <i data-path-to-node=\"15,3,0\" data-index-in-node=\"33\">Nuotraukose naudojamas 2,54 cm tinklelis.<\/i><\/p>\n<\/li>\n<li>\n<p data-path-to-node=\"15,4,0\"><b data-path-to-node=\"15,4,0\" data-index-in-node=\"0\">Prie\u017ei\u016bros instrukcijos:<\/b> <b data-path-to-node=\"15,4,0\" data-index-in-node=\"19\">Tik skalbti rankomis<\/b> drungnu vandeniu. Netinka plauti indaplov\u0117je (didel\u0117 temperat\u016bra gali deformuoti PLA). Venkite ilgalaikio tiesiogini\u0173 saul\u0117s spinduli\u0173 poveikio.<\/p>\n<\/li>\n<\/ul>\n<h2 data-path-to-node=\"16\">Naudojimo atvejai<\/h2>\n<ul data-path-to-node=\"17\">\n<li>\n<p data-path-to-node=\"17,0,0\"><b data-path-to-node=\"17,0,0\" data-index-in-node=\"0\">Kal\u0117din\u0117s dovanos \u012fmon\u0117ms:<\/b> \u012e partneriams ir darbuotojams skirtus \u0161ventinius dovan\u0173 krep\u0161elius \u012ftraukite firmin\u012f sausaini\u0173 formel\u0119.<\/p>\n<\/li>\n<li>\n<p data-path-to-node=\"17,1,0\"><b data-path-to-node=\"17,1,0\" data-index-in-node=\"0\">Rengini\u0173 maitinimas:<\/b> Pristatymo vakar\u0117liuose ar parodose patiekite sausainius, kuri\u0173 forma primena j\u016bs\u0173 nauj\u0105 produkt\u0105.<\/p>\n<\/li>\n<li>\n<p data-path-to-node=\"17,2,0\"><b data-path-to-node=\"17,2,0\" data-index-in-node=\"0\">Preki\u0173 pardavimas:<\/b> Unikalus, nebrangus daiktas, kur\u012f gali parduoti ar dovanoti maisto gaminimo mokyklos, kepyklos ar \u0161eimai skirti preki\u0173 \u017eenklai.<\/p>\n<\/li>\n<\/ul>","protected":false},"excerpt":{"rendered":"<ul>\n<li>\n<p data-path-to-node=\"9,0,0\"><b data-path-to-node=\"9,0,0\" data-index-in-node=\"0\">Individualus formos modeliavimas:<\/b> J\u016bs\u0173 2D logotip\u0105 ar talisman\u0105 paver\u010diame pilnai funkcionalia 3D sausaini\u0173 formele.<\/p>\n<\/li>\n<li>\n<p data-path-to-node=\"9,1,0\"><b data-path-to-node=\"9,1,0\" data-index-in-node=\"0\">Saugus maistui ir ekologi\u0161kas:<\/b> Pagaminta i\u0161 PLA plastiko \u2013 biologi\u0161kai skaid\u017eios med\u017eiagos, gaunamos i\u0161 atsinaujinan\u010di\u0173 i\u0161tekli\u0173.<\/p>\n<\/li>\n<li>\n<p data-path-to-node=\"9,2,0\"><b data-path-to-node=\"9,2,0\" data-index-in-node=\"0\">Tikslus pjovimas:<\/b> Didel\u0117s rai\u0161kos 3D spausdinimas (70\u2013200 mikron\u0173) sukuria a\u0161trius kra\u0161tus, kad pj\u016bviai b\u016bt\u0173 \u0161var\u016bs net ir sudingai suprojektuoti.<\/p>\n<\/li>\n<li>\n<p data-path-to-node=\"9,3,0\"><b data-path-to-node=\"9,3,0\" data-index-in-node=\"0\">Sezoninis prek\u0117s \u017eenklo k\u016brimas:<\/b> Geriausia interaktyvi \u012fmon\u0117s dovana, kuri perkels j\u016bs\u0173 prek\u0117s \u017eenkl\u0105 ant \u0161ventinio stalo.<\/p>\n<\/li>\n<\/ul>","protected":false},"featured_media":6235,"comment_status":"closed","ping_status":"closed","template":"","meta":[],"product_brand":[],"product_cat":[122],"product_tag":[],"class_list":{"0":"post-6234","1":"product","2":"type-product","3":"status-publish","4":"has-post-thumbnail","6":"product_cat-promotional-accessories","8":"first","9":"instock","10":"shipping-taxable","11":"purchasable","12":"product-type-simple"},"_links":{"self":[{"href":"https:\/\/displayproducts.eu\/lt\/wp-json\/wp\/v2\/product\/6234","targetHints":{"allow":["GET"]}}],"collection":[{"href":"https:\/\/displayproducts.eu\/lt\/wp-json\/wp\/v2\/product"}],"about":[{"href":"https:\/\/displayproducts.eu\/lt\/wp-json\/wp\/v2\/types\/product"}],"replies":[{"embeddable":true,"href":"https:\/\/displayproducts.eu\/lt\/wp-json\/wp\/v2\/comments?post=6234"}],"wp:featuredmedia":[{"embeddable":true,"href":"https:\/\/displayproducts.eu\/lt\/wp-json\/wp\/v2\/media\/6235"}],"wp:attachment":[{"href":"https:\/\/displayproducts.eu\/lt\/wp-json\/wp\/v2\/media?parent=6234"}],"wp:term":[{"taxonomy":"product_brand","embeddable":true,"href":"https:\/\/displayproducts.eu\/lt\/wp-json\/wp\/v2\/product_brand?post=6234"},{"taxonomy":"product_cat","embeddable":true,"href":"https:\/\/displayproducts.eu\/lt\/wp-json\/wp\/v2\/product_cat?post=6234"},{"taxonomy":"product_tag","embeddable":true,"href":"https:\/\/displayproducts.eu\/lt\/wp-json\/wp\/v2\/product_tag?post=6234"}],"curies":[{"name":"wp","href":"https:\/\/api.w.org\/{rel}","templated":true}]}}