{"id":6232,"date":"2025-12-20T18:21:12","date_gmt":"2025-12-20T15:21:12","guid":{"rendered":"https:\/\/wristbandfactory.eu\/?post_type=product&#038;p=6232"},"modified":"2026-04-01T21:52:03","modified_gmt":"2026-04-01T18:52:03","slug":"custom-printed-beer-coasters-drink-mats-absorbent-pulpboard","status":"publish","type":"product","link":"https:\/\/displayproducts.eu\/lt\/p\/custom-printed-beer-coasters-drink-mats-absorbent-pulpboard\/","title":{"rendered":"Alaus pad\u0117kliukai su logotipu"},"content":{"rendered":"<p data-path-to-node=\"10\">Paverskite kiekvien\u0105 stal\u0105 reklaminiu stendu su m\u016bs\u0173 <b data-path-to-node=\"10\" data-index-in-node=\"68\">Pagal u\u017esakym\u0105 spausdinti alaus pad\u0117kliukai<\/b>. \u0160ie g\u0117rim\u0173 kilim\u0117liai yra ne tik prakti\u0161ka priemon\u0117 baldams apsaugoti nuo i\u0161siliejimo ir kondensato, bet ir galinga, da\u017enai naudojama rinkodaros priemon\u0117. Nesvarbu, ar vadovaujate alaus daryklai, barui, ar rengiate didel\u012f \u012fmon\u0117s rengin\u012f, pagal u\u017esakym\u0105 pagaminti pad\u0117kliukai tiesiogine prasme perkelia j\u016bs\u0173 prek\u0117s \u017eenkl\u0105 \u012f auditorijos rankas.<\/p>\n<p data-path-to-node=\"11\">Raginame jus <b data-path-to-node=\"11\" data-index-in-node=\"20\">pasitelkite savo vaizduot\u0119<\/b>. Kadangi \u0161ie pad\u0117kliukai spausdinami spalvotai, jums nereikia spausdinti vien tik logotipo. Pasinaudokite dvipusio spausdinimo galimybe, kad gal\u0117tum\u0117te rengti konkursus, dalytis kokteili\u0173 receptais arba rodyti QR kodus, kurie skatina skaitmenin\u012f \u012fsitraukim\u0105.<\/p>\n<h2 data-path-to-node=\"12\">Pagrindin\u0117s savyb\u0117s<\/h2>\n<ul data-path-to-node=\"13\">\n<li>\n<p data-path-to-node=\"13,0,0\"><b data-path-to-node=\"13,0,0\" data-index-in-node=\"0\">Puikus sugeriamumas:<\/b> Pagaminta i\u0161 specializuoto pad\u0117kliuk\u0173 kartono (plau\u0161ienos kartono), skirto sulaikyti dr\u0117gm\u0119 nesuirstant ir i\u0161laikant pavir\u0161ius sausus.<\/p>\n<\/li>\n<li>\n<p data-path-to-node=\"13,1,0\"><b data-path-to-node=\"13,1,0\" data-index-in-node=\"0\">Dvipusis prek\u0117s \u017eenklo u\u017era\u0161as:<\/b> Maksimaliai sustiprinkite savo \u017einut\u0119 atspausdindami skirtingus dizainus priekyje ir gale \u2013 idealiai tinka kry\u017emin\u0117ms reklamoms arba \u201cstaigmen\u0173\u201d \u017einut\u0117ms.<\/p>\n<\/li>\n<li>\n<p data-path-to-node=\"13,2,0\"><b data-path-to-node=\"13,2,0\" data-index-in-node=\"0\">Formos \u012fvairov\u0117:<\/b> Galima \u012fsigyti klasikinio stiliaus <b data-path-to-node=\"13,2,0\" data-index-in-node=\"36\">Apvalus<\/b> arba <b data-path-to-node=\"13,2,0\" data-index-in-node=\"45\">Kvadratas<\/b> formatai suapvalintais kampais, kad atitikt\u0173 j\u016bs\u0173 estetik\u0105.<\/p>\n<\/li>\n<li>\n<p data-path-to-node=\"13,3,0\"><b data-path-to-node=\"13,3,0\" data-index-in-node=\"0\">Nuotrauk\u0173 kokyb\u0117s spaudinys:<\/b> M\u016bs\u0173 ofsetin\u0117s spaudos procesas u\u017etikrina ry\u0161kias spalvas ir detales, tod\u0117l j\u016bs\u0173 dizainas taps i\u0161skirtinis.<\/p>\n<\/li>\n<\/ul>\n<h2 data-path-to-node=\"14\">Specifikacijos<\/h2>\n<ul data-path-to-node=\"15\">\n<li>\n<p data-path-to-node=\"15,0,0\"><b data-path-to-node=\"15,0,0\" data-index-in-node=\"0\">Med\u017eiaga:<\/b> Didelio tankio sugerianti celiulioz\u0117s plok\u0161t\u0117 (\u201eBeermat Board\u201c).<\/p>\n<\/li>\n<li>\n<p data-path-to-node=\"15,1,0\"><b data-path-to-node=\"15,1,0\" data-index-in-node=\"0\">Standartin\u0117s formos:<\/b><\/p>\n<ul data-path-to-node=\"15,1,1\">\n<li>\n<p data-path-to-node=\"15,1,1,0,0\">Apvalus (\u00d8 107 mm arba \u00d8 93 mm).<\/p>\n<\/li>\n<li>\n<p data-path-to-node=\"15,1,1,1,0\">Kvadratinis (93 \u00d7 93 mm arba 107 \u00d7 107 mm) su u\u017eapvalintais kampais.<\/p>\n<\/li>\n<\/ul>\n<\/li>\n<li>\n<p data-path-to-node=\"15,2,0\"><b data-path-to-node=\"15,2,0\" data-index-in-node=\"0\">Storio parinktys:<\/b> Standartinis 1,2 mm, auk\u0161\u010diausios kokyb\u0117s 1,6 mm arba itin tvirtas 2,0 mm.<\/p>\n<\/li>\n<li>\n<p data-path-to-node=\"15,3,0\"><b data-path-to-node=\"15,3,0\" data-index-in-node=\"0\">Spausdinimas:<\/b> Pilnaspalvis ofsetinis spausdinimas (CMYK) i\u0161 abiej\u0173 pusi\u0173.<\/p>\n<\/li>\n<\/ul>\n<h2 data-path-to-node=\"16\">Naudojimo atvejai<\/h2>\n<ul data-path-to-node=\"17\">\n<li>\n<p data-path-to-node=\"17,0,0\"><b data-path-to-node=\"17,0,0\" data-index-in-node=\"0\">Alaus daryklos ir barai:<\/b> B\u016btinas patiekiant al\u0173 i\u0161 \u010diaupo ir stiprinant prek\u0117s \u017eenklo tapatyb\u0119.<\/p>\n<\/li>\n<li>\n<p data-path-to-node=\"17,1,0\"><b data-path-to-node=\"17,1,0\" data-index-in-node=\"0\">Vestuv\u0117s ir vakar\u0117liai:<\/b> Personalizuoti pad\u0117kliukai suteikia stalo serviravimui unikalumo ir tarnauja kaip prisiminimai.<\/p>\n<\/li>\n<li>\n<p data-path-to-node=\"17,2,0\"><b data-path-to-node=\"17,2,0\" data-index-in-node=\"0\">Partizanin\u0117 rinkodara:<\/b> Platinkite juos partneri\u0173 vietose, kad reklamuotum\u0117te program\u0117l\u0117s pristatym\u0105, festival\u012f ar taksi paslaugas.<\/p>\n<\/li>\n<\/ul>","protected":false},"excerpt":{"rendered":"<ul>\n<li>\n<p data-path-to-node=\"9,0,0\"><b data-path-to-node=\"9,0,0\" data-index-in-node=\"0\">Labai gerai sugeriantis:<\/b> Pagaminta i\u0161 auk\u0161\u010diausios kokyb\u0117s medienos plau\u0161\u0173 plok\u0161t\u0117s, kuri efektyviai sugeria kondensat\u0105, apsaugodama stalus ir baldus.<\/p>\n<\/li>\n<li>\n<p data-path-to-node=\"9,1,0\"><b data-path-to-node=\"9,1,0\" data-index-in-node=\"0\">Maksimali ekspozicija:<\/b> Pad\u0117tas tiesiai prie\u0161ais klient\u0105, u\u017etikrinant, kad j\u016bs\u0173 prek\u0117s \u017eenklas b\u016bt\u0173 matomas su kiekvienu gurk\u0161niu.<\/p>\n<\/li>\n<li>\n<p data-path-to-node=\"9,2,0\"><b data-path-to-node=\"9,2,0\" data-index-in-node=\"0\">K\u016brybin\u0117 rinkodara:<\/b> Puikiai tinka QR kodams, viktorin\u0173 \u017eaidimams ar kolekcini\u0173 daikt\u0173 serijoms, skirtoms interaktyviai bendrauti su klientais.<\/p>\n<\/li>\n<li>\n<p data-path-to-node=\"9,3,0\"><b data-path-to-node=\"9,3,0\" data-index-in-node=\"0\">Ekonomi\u0161kas:<\/b> \u012eperkama, didel\u0117s apimties reklamos priemon\u0117, u\u017etikrinanti didel\u0119 investicij\u0173 gr\u0105\u017e\u0105.<\/p>\n<\/li>\n<\/ul>","protected":false},"featured_media":6233,"comment_status":"closed","ping_status":"closed","template":"","meta":[],"product_brand":[],"product_cat":[119],"product_tag":[],"class_list":{"0":"post-6232","1":"product","2":"type-product","3":"status-publish","4":"has-post-thumbnail","6":"product_cat-drinkware-accessories","8":"first","9":"instock","10":"shipping-taxable","11":"purchasable","12":"product-type-simple"},"_links":{"self":[{"href":"https:\/\/displayproducts.eu\/lt\/wp-json\/wp\/v2\/product\/6232","targetHints":{"allow":["GET"]}}],"collection":[{"href":"https:\/\/displayproducts.eu\/lt\/wp-json\/wp\/v2\/product"}],"about":[{"href":"https:\/\/displayproducts.eu\/lt\/wp-json\/wp\/v2\/types\/product"}],"replies":[{"embeddable":true,"href":"https:\/\/displayproducts.eu\/lt\/wp-json\/wp\/v2\/comments?post=6232"}],"wp:featuredmedia":[{"embeddable":true,"href":"https:\/\/displayproducts.eu\/lt\/wp-json\/wp\/v2\/media\/6233"}],"wp:attachment":[{"href":"https:\/\/displayproducts.eu\/lt\/wp-json\/wp\/v2\/media?parent=6232"}],"wp:term":[{"taxonomy":"product_brand","embeddable":true,"href":"https:\/\/displayproducts.eu\/lt\/wp-json\/wp\/v2\/product_brand?post=6232"},{"taxonomy":"product_cat","embeddable":true,"href":"https:\/\/displayproducts.eu\/lt\/wp-json\/wp\/v2\/product_cat?post=6232"},{"taxonomy":"product_tag","embeddable":true,"href":"https:\/\/displayproducts.eu\/lt\/wp-json\/wp\/v2\/product_tag?post=6232"}],"curies":[{"name":"wp","href":"https:\/\/api.w.org\/{rel}","templated":true}]}}